{"id":22025,"date":"2025-02-18T15:23:22","date_gmt":"2025-02-18T13:23:22","guid":{"rendered":"https:\/\/superstore.ee\/?post_type=product&#038;p=22025"},"modified":"2026-01-22T19:23:20","modified_gmt":"2026-01-22T17:23:20","slug":"victorias-secret-bare-vanilla-candied-fragrance-lotion","status":"publish","type":"product","link":"https:\/\/superstore.ee\/index.php\/toode\/victorias-secret-bare-vanilla-candied-fragrance-lotion\/","title":{"rendered":"Victoria\u2019s Secret Bare Vanilla Candied Fragrance Lotion"},"content":{"rendered":"","protected":false},"excerpt":{"rendered":"<p><span style=\"font-weight: 400;\">Victoria\u2019s Secret l\u00f5hnastatud Kehalosjoon <em><strong>Bare Vanilla Candied <\/strong><\/em>(236ml)<\/span><\/p>\n<p><em><strong>Bare Vanilla Candied<\/strong><\/em> \u2013 T\u00fc\u00fcp: Puuviljane, h\u00f5rk. Noodid: Maasikapuru, vahukommilill, soe vanilje.<\/p>\n<details>\n<summary>Details<\/summary>\n<div translate=\"no\">\n<p>Victoria\u2019s Secret Bate Vanilla Candied Fragrance Lotion (236ml) Candied Fragrance Lotion<\/p>\n<p><em><strong>Bare Vanilla Candied<\/strong><\/em> \u2013 Type: fruity, sweet. Notes: strawberry crumble, marshmallow flower, warm vanilla.<\/p>\n<p><em>Pair with matching body mist for a long-lasting fragrance experience.<\/em><\/p>\n<p>Ingredients:\u00a0Water (Aqua, Eau), Mineral Oil (Paraffinum Liquidum, Huile min\u00e9rale), Glycerin, Fragrance (Parfum), Cetyl Alcohol, Glyceryl Stearate, PEG-100 Stearate, Palmitic Acid, Stearic Acid, Phenoxyethanol, Dimethicone, Hexamethylindanopyran, Acrylates\/C10-30 Alkyl Acrylate Crosspolymer, Chlorphenesin, Xanthan Gum, Potassium Sorbate, Sodium Hydroxide, Vanillin, Ethylhexylglycerin, Tetramethyl acetyloctahydronaphthalenes, Disodium EDTA, Hexadecanolactone, Linalyl acetate, Limonene, Linalool, Pinene, Citrus Aurantium Peel Oil, Benzyl Alcohol, Tocopheryl Acetate, Aloe Barbadensis Leaf Juice<br \/>\nIngredients are subject to change. For an accurate list of ingredients, please refer to the product packaging.<\/p>\n<\/div>\n<p>Victoria\u2019s Secret \u041a\u0440\u0435\u043c \u0434\u043b\u044f \u0442\u0435\u043b\u0430 Bare Vanilla Candied \u043b\u043e\u0441\u044c\u043e\u043d<\/p>\n<\/details>\n","protected":false},"featured_media":14638,"template":"","meta":{"jetpack_publicize_message":"","jetpack_publicize_feature_enabled":true,"jetpack_social_post_already_shared":true,"jetpack_social_options":{"image_generator_settings":{"template":"highway","default_image_id":0,"font":"","enabled":false},"version":2}},"product_brand":[],"product_cat":[926,912,341],"product_tag":[],"class_list":{"0":"post-22025","1":"product","2":"type-product","3":"status-publish","4":"has-post-thumbnail","6":"product_cat-victorias-secret-body-lotions","7":"product_cat-nahahooldus","8":"product_cat-victorias-secret","9":"pa_lohn-bare-vanilla-candied","10":"pa_lohn-love-spell-candied","11":"pa_lohn-pure-seduction-candied-2","12":"pa_lohn-velvet-petals-candied","14":"first","15":"outofstock","16":"sale","17":"shipping-taxable","18":"purchasable","19":"product-type-simple"},"jetpack_publicize_connections":[],"jetpack_sharing_enabled":true,"jetpack_likes_enabled":true,"_links":{"self":[{"href":"https:\/\/superstore.ee\/index.php\/wp-json\/wp\/v2\/product\/22025","targetHints":{"allow":["GET"]}}],"collection":[{"href":"https:\/\/superstore.ee\/index.php\/wp-json\/wp\/v2\/product"}],"about":[{"href":"https:\/\/superstore.ee\/index.php\/wp-json\/wp\/v2\/types\/product"}],"wp:featuredmedia":[{"embeddable":true,"href":"https:\/\/superstore.ee\/index.php\/wp-json\/wp\/v2\/media\/14638"}],"wp:attachment":[{"href":"https:\/\/superstore.ee\/index.php\/wp-json\/wp\/v2\/media?parent=22025"}],"wp:term":[{"taxonomy":"product_brand","embeddable":true,"href":"https:\/\/superstore.ee\/index.php\/wp-json\/wp\/v2\/product_brand?post=22025"},{"taxonomy":"product_cat","embeddable":true,"href":"https:\/\/superstore.ee\/index.php\/wp-json\/wp\/v2\/product_cat?post=22025"},{"taxonomy":"product_tag","embeddable":true,"href":"https:\/\/superstore.ee\/index.php\/wp-json\/wp\/v2\/product_tag?post=22025"}],"curies":[{"name":"wp","href":"https:\/\/api.w.org\/{rel}","templated":true}]}}