{"id":22038,"date":"2025-02-18T16:57:49","date_gmt":"2025-02-18T14:57:49","guid":{"rendered":"https:\/\/superstore.ee\/?post_type=product&#038;p=22038"},"modified":"2025-08-18T15:17:55","modified_gmt":"2025-08-18T12:17:55","slug":"victorias-secret-beach-chill-body-mist","status":"publish","type":"product","link":"https:\/\/superstore.ee\/index.php\/toode\/victorias-secret-beach-chill-body-mist\/","title":{"rendered":"Victoria\u2019s Secret Beach Chill Body Mist"},"content":{"rendered":"","protected":false},"excerpt":{"rendered":"<p>Victoria\u2019s Secret Kehasprei Beach Chill (250ml)<\/p>\n<p data-start=\"51\" data-end=\"382\">See kerge ja v\u00e4rskendav kehasprei loob l\u00f5\u00f5gastava rannapuhkuse meeleolu, kus soolane meretuul kohtub sooja p\u00e4ikesepaistega. Aroom avaneb s\u00e4rtsaka tsitruselise v\u00e4rskusega, millele j\u00e4rgnevad troopilised puuviljad ja kookos, lisades l\u00f5hnale eksootilise ja suvise puudutuse \u2013 justkui naudiksid rannaliival jahutavat puuviljakokteili.<\/p>\n<p data-start=\"384\" data-end=\"476\"><strong data-start=\"384\" data-end=\"400\">L\u00f5hnanoodid:<\/strong> tsitruselised viljad, troopilised puuviljad, kookos, meretuul, soe p\u00e4ike.<\/p>\n<details>\n<summary>Details<\/summary>\n<div translate=\"no\">\n<p>Victoria\u2019s Secret Beach Chill Body Mist (250ml)This delightful mist embodies the soothing ambiance of a beach getaway, where the salty sea breeze meets the warm touch of the sun. The fragrance opens with a burst of refreshing citrus, creating an instant sense of freshness. As it unfolds, hints of tropical fruits a coconut add a touch of sweetness, evoking the feeling of sipping a fruity cocktail on the sand.<\/p>\n<p>Ingredients: Alcohol Denat., Water (Aqua, Eau), Fragrance (Parfum), Propylene Glycol, Glycerin, PPG-26-Buteth-26, PEG-40 Hydrogenated Castor Oil, Ethylhexyl Methoxycinnamate, Ethylhexyl Salicylate, Butyl Methoxydibenzoylmethane, Limonene, Alpha-Isomethyl Ionone<br \/>\nIngredients are subject to change. For an accurate list of ingredients, please refer to the product packaging.<\/p>\n<\/div>\n<p>Victoria\u2019s Secret \u0421\u043f\u0440\u0435\u0439 \u0434\u043b\u044f \u0442\u0435\u043b\u0430 Beach Chill \u041c\u0438\u0441\u0442<\/p>\n<\/details>\n","protected":false},"featured_media":22043,"template":"","meta":{"jetpack_publicize_message":"","jetpack_publicize_feature_enabled":true,"jetpack_social_post_already_shared":true,"jetpack_social_options":{"image_generator_settings":{"template":"highway","default_image_id":0,"font":"","enabled":false},"version":2}},"product_brand":[],"product_cat":[910,927,341],"product_tag":[],"class_list":{"0":"post-22038","1":"product","2":"type-product","3":"status-publish","4":"has-post-thumbnail","6":"product_cat-kehaspreid","7":"product_cat-victorias-secret-body-mists","8":"product_cat-victorias-secret","10":"first","11":"outofstock","12":"sale","13":"shipping-taxable","14":"purchasable","15":"product-type-simple"},"jetpack_publicize_connections":[],"jetpack_sharing_enabled":true,"jetpack_likes_enabled":true,"_links":{"self":[{"href":"https:\/\/superstore.ee\/index.php\/wp-json\/wp\/v2\/product\/22038","targetHints":{"allow":["GET"]}}],"collection":[{"href":"https:\/\/superstore.ee\/index.php\/wp-json\/wp\/v2\/product"}],"about":[{"href":"https:\/\/superstore.ee\/index.php\/wp-json\/wp\/v2\/types\/product"}],"wp:featuredmedia":[{"embeddable":true,"href":"https:\/\/superstore.ee\/index.php\/wp-json\/wp\/v2\/media\/22043"}],"wp:attachment":[{"href":"https:\/\/superstore.ee\/index.php\/wp-json\/wp\/v2\/media?parent=22038"}],"wp:term":[{"taxonomy":"product_brand","embeddable":true,"href":"https:\/\/superstore.ee\/index.php\/wp-json\/wp\/v2\/product_brand?post=22038"},{"taxonomy":"product_cat","embeddable":true,"href":"https:\/\/superstore.ee\/index.php\/wp-json\/wp\/v2\/product_cat?post=22038"},{"taxonomy":"product_tag","embeddable":true,"href":"https:\/\/superstore.ee\/index.php\/wp-json\/wp\/v2\/product_tag?post=22038"}],"curies":[{"name":"wp","href":"https:\/\/api.w.org\/{rel}","templated":true}]}}