{"id":22039,"date":"2026-02-03T16:57:57","date_gmt":"2026-02-03T14:57:57","guid":{"rendered":"https:\/\/superstore.ee\/?post_type=product&#038;p=22039"},"modified":"2026-03-17T11:40:50","modified_gmt":"2026-03-17T09:40:50","slug":"gift-wrap-love","status":"publish","type":"product","link":"https:\/\/superstore.ee\/index.php\/toode\/gift-wrap-love\/","title":{"rendered":"Gift Wrap \u2764\ufe0f Love"},"content":{"rendered":"","protected":false},"excerpt":{"rendered":"<p>Muuda oma kingitus veelgi erilisemaks! Pakume kaunist kinkepakendit, mis lisab sinu kingitusele armsa ja stiilse puudutuse. Vali tooted, mida soovid kinkida, ning meie hoolitseme kauni pakendi eest.<\/p>\n<p>Meie kinkekarbid on kaunistatud elegantse lindiga, s\u00fcdametega ja kaardiga, et luua soe ja s\u00fcdamlik meeleolu. Soovi korral saad lisada ka isikliku s\u00f5numi \u2013 kaunis kaart teeb kingituse veelgi erilisemaks! Pakume eri suuruses kinkepakendeid \u2013 v\u00e4iksematest toodetest kuni suuremate komplektideni, mis sisaldavad kehahooldustooteid, kosmeetikat, kreeme ja parf\u00fc\u00fcme.<\/p>\n<p>\ud83d\udc9d Kuidas tellida?<br \/>\nLisa soovitud tooted ostukorvi ja kirjuta tellimuse kommentaaridesse, millised tooted soovid kinkepakendisse ja millised eraldi saadetuna.<\/p>\n<p>\ud83d\udce6 Saada kingitus otse saajale!<br \/>\nSoovi korral v\u00f5ime saata kingituse otse kingisaajale \u2013 lihtsalt sisesta tema aadress tellimuse andmetesse ning lisa vajadusel tervituss\u00f5num.<\/p>\n<p>\ud83c\udf81 Tellimustele alates 25\u20ac \u2013 kingitus kaasa!<br \/>\nLisame tellimusele v\u00e4ikese \u00fcllatuse (midagi KIKO Milano v\u00f5i Victoria\u2019s Secreti kosmeetikast). Anna teada, kas soovid selle panna kinkekarpi v\u00f5i j\u00e4tta endale.<\/p>\n<p>\ud83d\ude9a Tasuta tarne alates 60\u20ac.<\/p>\n<details>\n<summary>Details<\/summary>\n<div translate=\"no\">\n<p>Make your gift even more special! \ud83c\udf81We offer beautiful gift wrapping that adds a stylish and thoughtful finishing touch to your present. Simply choose the products you\u2019d like to gift, and we\u2019ll take care of the elegant packaging.<\/p>\n<p>Our gift boxes are decorated with a delicate ribbon, and upon request, we can also add hearts and gift card to create a warm and heartfelt atmosphere. You can also include a personal message \u2013 a beautiful card makes your gift even more special! We offer gift packaging in various sizes, from small items to larger sets, including body care products, cosmetics, creams, and perfumes.<\/p>\n<p>\ud83d\udc9d How to order?<br \/>\nAdd the desired products to your cart and write in the order comments which items you\u2019d like in the gift box and which should be sent separately.<\/p>\n<p>\ud83d\udce6 Send your gift directly to the recipient!<br \/>\nIf you wish, we can send the gift directly to the recipient \u2013 simply enter their address in the order details and include a greeting message if needed.<\/p>\n<p>\ud83c\udf81 A special gift for orders over \u20ac25!<br \/>\nWe\u2019ll add a little surprise (something from KIKO Milano or Victoria\u2019s Secret cosmetics). Let us know if you\u2019d like it included in the gift box or kept separate for yourself.<\/p>\n<p>\ud83d\ude9a Free shipping on orders over \u20ac60.<\/p>\n<\/div>\n<p>\u0421\u0434\u0435\u043b\u0430\u0439\u0442\u0435 \u0432\u0430\u0448 \u043f\u043e\u0434\u0430\u0440\u043e\u043a \u0435\u0449\u0435 \u043e\u0441\u043e\u0431\u0435\u043d\u043d\u044b\u043c! \ud83c\udf81<\/p>\n<p>\u041c\u044b \u043f\u0440\u0435\u0434\u043b\u0430\u0433\u0430\u0435\u043c \u043a\u0440\u0430\u0441\u0438\u0432\u0443\u044e \u043f\u043e\u0434\u0430\u0440\u043e\u0447\u043d\u0443\u044e \u0443\u043f\u0430\u043a\u043e\u0432\u043a\u0443, \u043a\u043e\u0442\u043e\u0440\u0430\u044f \u043f\u0440\u0438\u0434\u0430\u0441\u0442 \u0432\u0430\u0448\u0435\u043c\u0443 \u043f\u043e\u0434\u0430\u0440\u043a\u0443 \u0441\u0442\u0438\u043b\u044c\u043d\u044b\u0439 \u0438 \u043f\u0440\u043e\u0434\u0443\u043c\u0430\u043d\u043d\u044b\u0439 \u0432\u0438\u0434. \u041f\u0440\u043e\u0441\u0442\u043e \u0432\u044b\u0431\u0435\u0440\u0438\u0442\u0435 \u0442\u043e\u0432\u0430\u0440\u044b, \u043a\u043e\u0442\u043e\u0440\u044b\u0435 \u0445\u043e\u0442\u0438\u0442\u0435 \u043f\u043e\u0434\u0430\u0440\u0438\u0442\u044c, \u0430 \u043c\u044b \u043f\u043e\u0437\u0430\u0431\u043e\u0442\u0438\u043c\u0441\u044f \u043e \u043a\u0440\u0430\u0441\u0438\u0432\u043e\u0439 \u0443\u043f\u0430\u043a\u043e\u0432\u043a\u0435.<\/p>\n<\/details>\n","protected":false},"featured_media":26837,"template":"","meta":{"jetpack_publicize_message":"","jetpack_publicize_feature_enabled":true,"jetpack_social_post_already_shared":true,"jetpack_social_options":{"image_generator_settings":{"template":"highway","default_image_id":0,"font":"","enabled":false},"version":2}},"product_brand":[],"product_cat":[340,830,342,341],"product_tag":[],"class_list":{"0":"post-22039","1":"product","2":"type-product","3":"status-publish","4":"has-post-thumbnail","6":"product_cat-kiko-milano","7":"product_cat-kingitused","8":"product_cat-komplektid-victorias-secret","9":"product_cat-victorias-secret","11":"first","12":"instock","13":"shipping-taxable","14":"purchasable","15":"product-type-simple"},"jetpack_publicize_connections":[],"jetpack_sharing_enabled":true,"jetpack_likes_enabled":true,"_links":{"self":[{"href":"https:\/\/superstore.ee\/index.php\/wp-json\/wp\/v2\/product\/22039","targetHints":{"allow":["GET"]}}],"collection":[{"href":"https:\/\/superstore.ee\/index.php\/wp-json\/wp\/v2\/product"}],"about":[{"href":"https:\/\/superstore.ee\/index.php\/wp-json\/wp\/v2\/types\/product"}],"wp:featuredmedia":[{"embeddable":true,"href":"https:\/\/superstore.ee\/index.php\/wp-json\/wp\/v2\/media\/26837"}],"wp:attachment":[{"href":"https:\/\/superstore.ee\/index.php\/wp-json\/wp\/v2\/media?parent=22039"}],"wp:term":[{"taxonomy":"product_brand","embeddable":true,"href":"https:\/\/superstore.ee\/index.php\/wp-json\/wp\/v2\/product_brand?post=22039"},{"taxonomy":"product_cat","embeddable":true,"href":"https:\/\/superstore.ee\/index.php\/wp-json\/wp\/v2\/product_cat?post=22039"},{"taxonomy":"product_tag","embeddable":true,"href":"https:\/\/superstore.ee\/index.php\/wp-json\/wp\/v2\/product_tag?post=22039"}],"curies":[{"name":"wp","href":"https:\/\/api.w.org\/{rel}","templated":true}]}}