{"id":22056,"date":"2025-02-19T15:51:22","date_gmt":"2025-02-19T13:51:22","guid":{"rendered":"https:\/\/superstore.ee\/?post_type=product&#038;p=22056"},"modified":"2026-02-02T21:27:30","modified_gmt":"2026-02-02T19:27:30","slug":"victorias-secret-bestseller-mist-75ml-kehasprei","status":"publish","type":"product","link":"https:\/\/superstore.ee\/index.php\/toode\/victorias-secret-bestseller-mist-75ml-kehasprei\/","title":{"rendered":"Victoria&#8217;s Secret Bestseller Mist (75ml)"},"content":{"rendered":"","protected":false},"excerpt":{"rendered":"<p>Victoria\u2019s Secret Kehasprei (75ml) Bestseller<\/p>\n<ul>\n<li><strong>Love Spell<\/strong> \u2014 T\u00fc\u00fcp: Puuvilja-lilleline, Noodid: kirsi\u00f5ied, v\u00e4rske virsik. V\u00f5imatu vastu panna.<\/li>\n<li><strong>Pure Seduction<\/strong> \u2014 T\u00fc\u00fcp: puuviljane, Noodid: mahlane ploom, \u00f5rn freesia. S\u00e4ra kogu \u00f6\u00f6.<\/li>\n<li><strong>Bare Vanilla<\/strong> \u2014 T\u00fc\u00fcp: magus, Noodid: vahustatud vanilje, pehme ka\u0161miir. Nahk nahale.<\/li>\n<li><strong>Velvet Petals<\/strong> \u2014 T\u00fc\u00fcp: H\u00f5rkjalt puuviljane \u2022 Magus, puuvilja-lilleline, kreemjas l\u00f5hn \u00f5itseva gardeenia ja mandliglasuuri nootidega.<\/li>\n<\/ul>\n<details>\n<summary>Details<\/summary>\n<div translate=\"no\">\n<p>Victoria\u2019s Secret <span style=\"font-weight: 400;\">Fragrance Mist<\/span> (75ml) Bestseller<\/p>\n<ul>\n<li><strong>Love Spell<\/strong> \u2014 Type: <span style=\"font-weight: 400;\">Fruity Floral<\/span>, Notes: Cherry blossom, Fresh peach. Impossible to resist.<\/li>\n<li><strong>Pure Seduction \u2014 <\/strong>Type: <span style=\"font-weight: 400;\">Fruity<\/span>, Notes: Juiced plum, Crushed freesia. All night long.<\/li>\n<li><strong>Bare Vanilla<\/strong> \u2014 Type: <span style=\"font-weight: 400;\">Gourmand<\/span>, Notes: Whipped vanilla, Soft cashmere. Skin to skin.<\/li>\n<li><strong>Velvet Petals <\/strong>\u2014 Type: <span style=\"font-weight: 400;\">Fruit Gourmand<\/span>, Notes: Lush blooms, Almond glaze. Made you blush.<\/li>\n<\/ul>\n<p>Ingredients: Alcohol Denat., Water (Aqua, Eau), Fragrance (Parfum), Hexamethylindanopyran, Propylene Glycol, Glycerin, Vanillin, Tetramethyl acetyloctahydronaphthalenes, Linalyl acetate, Limonene, Linalool, Pinene, Citrus Aurantium Peel Oil, Benzyl Alcohol, Beta-Caryophyllene, PPG-26-Buteth-26, PEG-40 Hydrogenated Castor Oil, Ethylhexyl Methoxycinnamate, Ethylhexyl Salicylate, Butyl Methoxydibenzoylmethane<br \/>\nIngredients are subject to change. For an accurate list of ingredients, please refer to the product packaging.<\/p>\n<\/div>\n<p>Victoria\u2019s Secret \u0441\u043f\u0440\u0435\u0439 \u0434\u043b\u044f \u0442\u0435\u043b\u0430 (75ml) Bestseller \u043c\u0438\u0441\u0442<\/p>\n<\/details>\n","protected":false},"featured_media":25480,"template":"","meta":{"jetpack_publicize_message":"","jetpack_publicize_feature_enabled":true,"jetpack_social_post_already_shared":true,"jetpack_social_options":{"image_generator_settings":{"template":"highway","default_image_id":0,"font":"","enabled":false},"version":2}},"product_brand":[],"product_cat":[910,927,341],"product_tag":[900,901],"class_list":{"0":"post-22056","1":"product","2":"type-product","3":"status-publish","4":"has-post-thumbnail","6":"product_cat-kehaspreid","7":"product_cat-victorias-secret-body-mists","8":"product_cat-victorias-secret","9":"product_tag-kehasprei","10":"product_tag-mist","11":"pa_lohn-bare-vanilla","12":"pa_lohn-love-spell","13":"pa_lohn-pure-seduction","14":"pa_lohn-velvet-petals","16":"first","17":"instock","18":"shipping-taxable","19":"purchasable","20":"product-type-variable"},"jetpack_publicize_connections":[],"jetpack_sharing_enabled":true,"jetpack_likes_enabled":true,"_links":{"self":[{"href":"https:\/\/superstore.ee\/index.php\/wp-json\/wp\/v2\/product\/22056","targetHints":{"allow":["GET"]}}],"collection":[{"href":"https:\/\/superstore.ee\/index.php\/wp-json\/wp\/v2\/product"}],"about":[{"href":"https:\/\/superstore.ee\/index.php\/wp-json\/wp\/v2\/types\/product"}],"wp:featuredmedia":[{"embeddable":true,"href":"https:\/\/superstore.ee\/index.php\/wp-json\/wp\/v2\/media\/25480"}],"wp:attachment":[{"href":"https:\/\/superstore.ee\/index.php\/wp-json\/wp\/v2\/media?parent=22056"}],"wp:term":[{"taxonomy":"product_brand","embeddable":true,"href":"https:\/\/superstore.ee\/index.php\/wp-json\/wp\/v2\/product_brand?post=22056"},{"taxonomy":"product_cat","embeddable":true,"href":"https:\/\/superstore.ee\/index.php\/wp-json\/wp\/v2\/product_cat?post=22056"},{"taxonomy":"product_tag","embeddable":true,"href":"https:\/\/superstore.ee\/index.php\/wp-json\/wp\/v2\/product_tag?post=22056"}],"curies":[{"name":"wp","href":"https:\/\/api.w.org\/{rel}","templated":true}]}}