{"id":22127,"date":"2025-02-21T12:28:05","date_gmt":"2025-02-21T10:28:05","guid":{"rendered":"https:\/\/superstore.ee\/?post_type=product&#038;p=22127"},"modified":"2025-03-11T22:29:18","modified_gmt":"2025-03-11T20:29:18","slug":"victorias-secret-pure-seduction-duo-gift-set","status":"publish","type":"product","link":"https:\/\/superstore.ee\/index.php\/toode\/victorias-secret-pure-seduction-duo-gift-set\/","title":{"rendered":"Victoria\u2019s Secret Pure Seduction Duo Gift Set"},"content":{"rendered":"","protected":false},"excerpt":{"rendered":"<p><span style=\"font-weight: 400;\">Victoria\u2019s Secret <\/span><span style=\"font-weight: 400;\">Pure Seduction Mini Mist &amp; Lotion Duo<\/span><\/p>\n<p><span style=\"font-weight: 400;\">Komplektis on kehasprei 75ml ja\u00a0 parf\u00fcmeeritud kehalosjoon 75ml<\/span><\/p>\n<p><strong>Pure Seduction<\/strong> \u2022T\u00fc\u00fcp: Puuviljane \u2022Mahlane ploom. \u00d5rn freesia. S\u00e4ra kogu \u00f6\u00f6.<\/p>\n","protected":false},"featured_media":22138,"template":"","meta":{"jetpack_publicize_message":"","jetpack_publicize_feature_enabled":true,"jetpack_social_post_already_shared":true,"jetpack_social_options":{"image_generator_settings":{"template":"highway","default_image_id":0,"font":"","enabled":false},"version":2}},"product_brand":[],"product_cat":[926,927,910,830,342,912,341],"product_tag":[],"class_list":{"0":"post-22127","1":"product","2":"type-product","3":"status-publish","4":"has-post-thumbnail","6":"product_cat-victorias-secret-body-lotions","7":"product_cat-victorias-secret-body-mists","8":"product_cat-kehaspreid","9":"product_cat-kingitused","10":"product_cat-komplektid-victorias-secret","11":"product_cat-nahahooldus","12":"product_cat-victorias-secret","13":"pa_lohn-velvet-petals","15":"first","16":"outofstock","17":"sale","18":"shipping-taxable","19":"purchasable","20":"product-type-simple"},"jetpack_publicize_connections":[],"jetpack_sharing_enabled":true,"jetpack_likes_enabled":true,"_links":{"self":[{"href":"https:\/\/superstore.ee\/index.php\/wp-json\/wp\/v2\/product\/22127","targetHints":{"allow":["GET"]}}],"collection":[{"href":"https:\/\/superstore.ee\/index.php\/wp-json\/wp\/v2\/product"}],"about":[{"href":"https:\/\/superstore.ee\/index.php\/wp-json\/wp\/v2\/types\/product"}],"wp:featuredmedia":[{"embeddable":true,"href":"https:\/\/superstore.ee\/index.php\/wp-json\/wp\/v2\/media\/22138"}],"wp:attachment":[{"href":"https:\/\/superstore.ee\/index.php\/wp-json\/wp\/v2\/media?parent=22127"}],"wp:term":[{"taxonomy":"product_brand","embeddable":true,"href":"https:\/\/superstore.ee\/index.php\/wp-json\/wp\/v2\/product_brand?post=22127"},{"taxonomy":"product_cat","embeddable":true,"href":"https:\/\/superstore.ee\/index.php\/wp-json\/wp\/v2\/product_cat?post=22127"},{"taxonomy":"product_tag","embeddable":true,"href":"https:\/\/superstore.ee\/index.php\/wp-json\/wp\/v2\/product_tag?post=22127"}],"curies":[{"name":"wp","href":"https:\/\/api.w.org\/{rel}","templated":true}]}}