{"id":22132,"date":"2025-02-21T21:09:34","date_gmt":"2025-02-21T19:09:34","guid":{"rendered":"https:\/\/superstore.ee\/?post_type=product&#038;p=22132"},"modified":"2026-02-01T15:46:18","modified_gmt":"2026-02-01T13:46:18","slug":"victorias-secret-love-spell-duo-gift-set","status":"publish","type":"product","link":"https:\/\/superstore.ee\/index.php\/toode\/victorias-secret-love-spell-duo-gift-set\/","title":{"rendered":"Victoria\u2019s Secret Love Spell Duo Gift Set"},"content":{"rendered":"","protected":false},"excerpt":{"rendered":"<p><span style=\"font-weight: 400;\">Victoria\u2019s Secret Love Spell<\/span><span style=\"font-weight: 400;\"> Mini Mist &amp; Lotion Duo<\/span><br \/>\n<span style=\"font-weight: 400;\">Komplektis on kehasprei 75ml ja parf\u00fcmeeritud kehalosjoon 75ml<\/span><\/p>\n<p>Love Spell: Elav ja veetlev. Lummavalt romantiline l\u00f5hn.<\/p>\n<p><em>L\u00f5hnat\u00fc\u00fcp: Puuviljane Lilleline<\/em><\/p>\n<p><em>Tipunoodid: Punane \u00f5un, kirsipuu\u00f5is<\/em><\/p>\n<p><em>S\u00fcdamenoodid: Liilia, v\u00e4rske virsik<\/em><\/p>\n<p><em>P\u00f5hjanoodid: Muskus, heledad puidunoodid<\/em><\/p>\n","protected":false},"featured_media":22135,"template":"","meta":{"jetpack_publicize_message":"","jetpack_publicize_feature_enabled":true,"jetpack_social_post_already_shared":true,"jetpack_social_options":{"image_generator_settings":{"template":"highway","default_image_id":0,"font":"","enabled":false},"version":2}},"product_brand":[],"product_cat":[926,910,927,830,342,912,341],"product_tag":[],"class_list":{"0":"post-22132","1":"product","2":"type-product","3":"status-publish","4":"has-post-thumbnail","6":"product_cat-victorias-secret-body-lotions","7":"product_cat-kehaspreid","8":"product_cat-victorias-secret-body-mists","9":"product_cat-kingitused","10":"product_cat-komplektid-victorias-secret","11":"product_cat-nahahooldus","12":"product_cat-victorias-secret","13":"pa_lohn-velvet-petals","15":"first","16":"outofstock","17":"sale","18":"shipping-taxable","19":"purchasable","20":"product-type-simple"},"jetpack_publicize_connections":[],"jetpack_sharing_enabled":true,"jetpack_likes_enabled":true,"_links":{"self":[{"href":"https:\/\/superstore.ee\/index.php\/wp-json\/wp\/v2\/product\/22132","targetHints":{"allow":["GET"]}}],"collection":[{"href":"https:\/\/superstore.ee\/index.php\/wp-json\/wp\/v2\/product"}],"about":[{"href":"https:\/\/superstore.ee\/index.php\/wp-json\/wp\/v2\/types\/product"}],"wp:featuredmedia":[{"embeddable":true,"href":"https:\/\/superstore.ee\/index.php\/wp-json\/wp\/v2\/media\/22135"}],"wp:attachment":[{"href":"https:\/\/superstore.ee\/index.php\/wp-json\/wp\/v2\/media?parent=22132"}],"wp:term":[{"taxonomy":"product_brand","embeddable":true,"href":"https:\/\/superstore.ee\/index.php\/wp-json\/wp\/v2\/product_brand?post=22132"},{"taxonomy":"product_cat","embeddable":true,"href":"https:\/\/superstore.ee\/index.php\/wp-json\/wp\/v2\/product_cat?post=22132"},{"taxonomy":"product_tag","embeddable":true,"href":"https:\/\/superstore.ee\/index.php\/wp-json\/wp\/v2\/product_tag?post=22132"}],"curies":[{"name":"wp","href":"https:\/\/api.w.org\/{rel}","templated":true}]}}