{"id":22204,"date":"2025-03-02T22:27:28","date_gmt":"2025-03-02T20:27:28","guid":{"rendered":"https:\/\/superstore.ee\/?post_type=product&#038;p=22204"},"modified":"2025-05-11T11:57:45","modified_gmt":"2025-05-11T08:57:45","slug":"body-wash-aurodhea-citrus-and-patchouli-fragrance-250-ml","status":"publish","type":"product","link":"https:\/\/superstore.ee\/index.php\/toode\/body-wash-aurodhea-citrus-and-patchouli-fragrance-250-ml\/","title":{"rendered":"Body Wash Aurodhea &#8211; Citrus and Patchouli Fragrance (250 ml)"},"content":{"rendered":"","protected":false},"excerpt":{"rendered":"<h4>Aurodhea du\u0161igeel &#8220;Citrus &amp; Patchouli&#8221;<\/h4>\n<p>Aurodhea <strong>&#8220;Citrus &amp; Patchouli&#8221;<\/strong> du\u0161igeel moodustab pehme vahu ja \u00f5rna koostisega, sobides ka tundlikule nahale. Selle v\u00e4rskendav aroom \u00fchendab s\u00e4rtsakad tsitrusenoodid sensuaalse pat\u0161uliga, luues samaaegselt ergutava ja l\u00f5\u00f5gastava efekti.<\/p>\n<p><strong>Eelised:<\/strong><\/p>\n<ul>\n<li>Puhastab \u00f5rnalt, nahka kuivatamata<\/li>\n<li>Aaloe niisutab ja rahustab<\/li>\n<li>Gl\u00fctseriin aitab s\u00e4ilitada naha loomuliku niiskustasakaalu<\/li>\n<li>E-vitamiin kaitseb nahka v\u00e4lism\u00f5jude eest<\/li>\n<li>Kookos\u00f5li baasil puhastusained puhastavad \u00f5rnalt<\/li>\n<li>Ei sisalda agressiivseid sulfaate (SLS, SLES), sobib tundlikule nahale<\/li>\n<li>Vegan, SCIC sertifitseeritud, pakend on taaskasutatav<\/li>\n<\/ul>\n<p><strong>Tootekood:<\/strong> BS08<br \/>\n<strong>Maht:<\/strong> 250 ml<br \/>\n<strong>PAO (k\u00f5lblikkusaeg p\u00e4rast avamist):<\/strong> 6 kuud<br \/>\n<strong>P\u00e4ritoluriik:<\/strong> Itaalia<\/p>\n<details>\n<div translate=\"no\">Body Wash Aurodhea &#8211; Citrus and Patchouli fragrance &#8211; 250 ml<br \/>\nThe Aurodhea body wash, with its soft foam and gentle formula, is ideal for the daily hygiene of even the most sensitive skin.<br \/>\nIts delicious oriental fragrance combines the sparkling and refreshing notes of citrus with sensual and irresistible notes of Patchouli, enveloping you in a gentle regenerating caress.Code BS08<\/p>\n<p>PAO DEADLINE 6 Months<\/p>\n<p>INGREDIENTS:Aqua, cocamidopropyl betaine, aloe barbadensis leaf juice, ammonium lauryl sulfate, caprylyl\/caprylglucoside, glycerin, acrylates\/C10-30 alkyl acrylate crosspolymer, sodium benzoate, potassium sorbate,benzyl alcohol, benzoic acid, dehydroacetic acid, tocopherol, citric acid, parfum, limonene, citral, linalool,coumarin.<\/p>\n<\/div>\n<p>\u0413\u0435\u043b\u044c \u0434\u043b\u044f \u0434\u0443\u0448\u0430 Aurodhea &#8220;Citrus &amp; Patchouli&#8221; \u0441 \u043c\u044f\u0433\u043a\u043e\u0439 \u043f\u0435\u043d\u043e\u0439 \u0438 \u0434\u0435\u043b\u0438\u043a\u0430\u0442\u043d\u043e\u0439 \u0444\u043e\u0440\u043c\u0443\u043b\u043e\u0439 \u043f\u043e\u0434\u0445\u043e\u0434\u0438\u0442 \u0434\u0430\u0436\u0435 \u0434\u043b\u044f \u0447\u0443\u0432\u0441\u0442\u0432\u0438\u0442\u0435\u043b\u044c\u043d\u043e\u0439 \u043a\u043e\u0436\u0438. \u0415\u0433\u043e \u043e\u0441\u0432\u0435\u0436\u0430\u044e\u0449\u0438\u0439 \u0430\u0440\u043e\u043c\u0430\u0442 \u0441\u043e\u0447\u0435\u0442\u0430\u0435\u0442 \u0438\u0441\u043a\u0440\u044f\u0449\u0438\u0435\u0441\u044f \u0446\u0438\u0442\u0440\u0443\u0441\u043e\u0432\u044b\u0435 \u043d\u043e\u0442\u044b \u0441 \u0447\u0443\u0432\u0441\u0442\u0432\u0435\u043d\u043d\u044b\u043c \u043f\u0430\u0447\u0443\u043b\u0438, \u0441\u043e\u0437\u0434\u0430\u0432\u0430\u044f \u0431\u043e\u0434\u0440\u044f\u0449\u0438\u0439 \u0438 \u043e\u0434\u043d\u043e\u0432\u0440\u0435\u043c\u0435\u043d\u043d\u043e \u0440\u0430\u0441\u0441\u043b\u0430\u0431\u043b\u044f\u044e\u0449\u0438\u0439 \u044d\u0444\u0444\u0435\u043a\u0442.<\/p>\n<\/details>\n","protected":false},"featured_media":22205,"template":"","meta":{"jetpack_publicize_message":"","jetpack_publicize_feature_enabled":true,"jetpack_social_post_already_shared":true,"jetpack_social_options":{"image_generator_settings":{"template":"highway","default_image_id":0,"font":"","enabled":false},"version":2}},"product_brand":[],"product_cat":[918,920,912],"product_tag":[],"class_list":{"0":"post-22204","1":"product","2":"type-product","3":"status-publish","4":"has-post-thumbnail","6":"product_cat-chogan","7":"product_cat-chogan-body-wash","8":"product_cat-nahahooldus","10":"first","11":"instock","12":"shipping-taxable","13":"purchasable","14":"product-type-simple"},"jetpack_publicize_connections":[],"jetpack_sharing_enabled":true,"jetpack_likes_enabled":true,"_links":{"self":[{"href":"https:\/\/superstore.ee\/index.php\/wp-json\/wp\/v2\/product\/22204","targetHints":{"allow":["GET"]}}],"collection":[{"href":"https:\/\/superstore.ee\/index.php\/wp-json\/wp\/v2\/product"}],"about":[{"href":"https:\/\/superstore.ee\/index.php\/wp-json\/wp\/v2\/types\/product"}],"wp:featuredmedia":[{"embeddable":true,"href":"https:\/\/superstore.ee\/index.php\/wp-json\/wp\/v2\/media\/22205"}],"wp:attachment":[{"href":"https:\/\/superstore.ee\/index.php\/wp-json\/wp\/v2\/media?parent=22204"}],"wp:term":[{"taxonomy":"product_brand","embeddable":true,"href":"https:\/\/superstore.ee\/index.php\/wp-json\/wp\/v2\/product_brand?post=22204"},{"taxonomy":"product_cat","embeddable":true,"href":"https:\/\/superstore.ee\/index.php\/wp-json\/wp\/v2\/product_cat?post=22204"},{"taxonomy":"product_tag","embeddable":true,"href":"https:\/\/superstore.ee\/index.php\/wp-json\/wp\/v2\/product_tag?post=22204"}],"curies":[{"name":"wp","href":"https:\/\/api.w.org\/{rel}","templated":true}]}}