{"id":22206,"date":"2025-03-02T22:36:07","date_gmt":"2025-03-02T20:36:07","guid":{"rendered":"https:\/\/superstore.ee\/?post_type=product&#038;p=22206"},"modified":"2025-08-29T21:38:16","modified_gmt":"2025-08-29T18:38:16","slug":"body-wash-aurodhea-vanilla-and-ginger-fragrance-250-ml","status":"publish","type":"product","link":"https:\/\/superstore.ee\/index.php\/toode\/body-wash-aurodhea-vanilla-and-ginger-fragrance-250-ml\/","title":{"rendered":"Body Wash Aurodhea &#8211; Vanilla and Ginger Fragrance (250 ml)"},"content":{"rendered":"","protected":false},"excerpt":{"rendered":"<h4>Aurodhea du\u0161igeel &#8220;Vanilla &amp; Ginger&#8221;<\/h4>\n<p>Aurodhea <strong>&#8220;Vanilla &amp; Ginger&#8221;<\/strong> du\u0161igeel moodustab pehme vahu ja \u00f5rna koostisega, sobides ka tundlikule nahale. Selle soe idamaine aroom \u00fchendab pehme vanilli ja ergutava ingveri noodid, j\u00e4ttes naha siidiselt pehmeks ja meeldivalt l\u00f5hnavaks.<\/p>\n<p><strong>Eelised:<\/strong><\/p>\n<ul>\n<li>Puhastab \u00f5rnalt, nahka kuivatamata<\/li>\n<li>Aaloe niisutab ja rahustab<\/li>\n<li>Gl\u00fctseriin aitab s\u00e4ilitada naha loomuliku niiskustasakaalu<\/li>\n<li>E-vitamiin kaitseb nahka v\u00e4lism\u00f5jude eest<\/li>\n<li>Kookos\u00f5li baasil puhastusained puhastavad \u00f5rnalt<\/li>\n<li>Ei sisalda agressiivseid sulfaate (SLS, SLES), sobib tundlikule nahale<\/li>\n<li>Vegan, SCIC sertifitseeritud, pakend on taaskasutatav<\/li>\n<\/ul>\n<p><strong>Tootekood:<\/strong> BS09<br \/>\n<strong>Maht:<\/strong> 250 ml<br \/>\n<strong>PAO (k\u00f5lblikkusaeg p\u00e4rast avamist):<\/strong> 6 kuud<br \/>\n<strong>P\u00e4ritoluriik:<\/strong> Itaalia<\/p>\n<details>\n<div translate=\"no\">\n<p>Body Wash Aurodhea &#8211; Vanilla and Ginger fragrance &#8211; 250 ml<\/p>\n<p>The Aurodhea Body Wash, with its soft foam and gentle formula, is ideal for the daily hygiene of even the most sensitive skin.<br \/>\nIts warm oriental fragrance Vanilla and Ginger combines soft notes of Vanilla with sparkling, spicy notes of Ginger, giving you soft and wonderfully scented skin.<\/p>\n<p>Code BS09 DEADLINE 6 Months<\/p>\n<p>INGREDIENTS:Aqua, cocamidopropyl betaine, aloe barbadensis leaf juice, ammonium lauryl sulfate, caprylyl\/caprylglucoside, glycerin, acrylates\/C10-30 alkyl acrylate crosspolymer, sodium benzoate, potassium sorbate,benzyl alcohol, benzoic acid, dehydroacetic acid, tocopherol, citric acid, parfum, hexyl cinnamal, linalool.<\/p>\n<\/div>\n<p>\u0413\u0435\u043b\u044c \u0434\u043b\u044f \u0434\u0443\u0448\u0430 Aurodhea &#8220;Vanilla &amp; Ginger&#8221; \u0441 \u043c\u044f\u0433\u043a\u043e\u0439 \u043f\u0435\u043d\u043e\u0439 \u0438 \u0434\u0435\u043b\u0438\u043a\u0430\u0442\u043d\u043e\u0439 \u0444\u043e\u0440\u043c\u0443\u043b\u043e\u0439 \u043f\u043e\u0434\u0445\u043e\u0434\u0438\u0442 \u0434\u0430\u0436\u0435 \u0434\u043b\u044f \u0447\u0443\u0432\u0441\u0442\u0432\u0438\u0442\u0435\u043b\u044c\u043d\u043e\u0439 \u043a\u043e\u0436\u0438. \u0415\u0433\u043e \u0442\u0451\u043f\u043b\u044b\u0439 \u0432\u043e\u0441\u0442\u043e\u0447\u043d\u044b\u0439 \u0430\u0440\u043e\u043c\u0430\u0442 \u0441\u043e\u0447\u0435\u0442\u0430\u0435\u0442 \u043d\u0435\u0436\u043d\u044b\u0435 \u0432\u0430\u043d\u0438\u043b\u044c\u043d\u044b\u0435 \u043d\u043e\u0442\u044b \u0441 \u0431\u043e\u0434\u0440\u044f\u0449\u0435\u0439 \u043e\u0441\u0442\u0440\u043e\u0442\u043e\u0439 \u0438\u043c\u0431\u0438\u0440\u044f, \u043e\u0441\u0442\u0430\u0432\u043b\u044f\u044f \u043a\u043e\u0436\u0443 \u043c\u044f\u0433\u043a\u043e\u0439 \u0438 \u043f\u0440\u0438\u044f\u0442\u043d\u043e \u043f\u0430\u0445\u043d\u0443\u0449\u0435\u0439.<\/p>\n<\/details>\n","protected":false},"featured_media":22207,"template":"","meta":{"jetpack_publicize_message":"","jetpack_publicize_feature_enabled":true,"jetpack_social_post_already_shared":true,"jetpack_social_options":{"image_generator_settings":{"template":"highway","default_image_id":0,"font":"","enabled":false},"version":2}},"product_brand":[],"product_cat":[918,920,912],"product_tag":[],"class_list":{"0":"post-22206","1":"product","2":"type-product","3":"status-publish","4":"has-post-thumbnail","6":"product_cat-chogan","7":"product_cat-chogan-body-wash","8":"product_cat-nahahooldus","10":"first","11":"instock","12":"shipping-taxable","13":"purchasable","14":"product-type-simple"},"jetpack_publicize_connections":[],"jetpack_sharing_enabled":true,"jetpack_likes_enabled":true,"_links":{"self":[{"href":"https:\/\/superstore.ee\/index.php\/wp-json\/wp\/v2\/product\/22206","targetHints":{"allow":["GET"]}}],"collection":[{"href":"https:\/\/superstore.ee\/index.php\/wp-json\/wp\/v2\/product"}],"about":[{"href":"https:\/\/superstore.ee\/index.php\/wp-json\/wp\/v2\/types\/product"}],"wp:featuredmedia":[{"embeddable":true,"href":"https:\/\/superstore.ee\/index.php\/wp-json\/wp\/v2\/media\/22207"}],"wp:attachment":[{"href":"https:\/\/superstore.ee\/index.php\/wp-json\/wp\/v2\/media?parent=22206"}],"wp:term":[{"taxonomy":"product_brand","embeddable":true,"href":"https:\/\/superstore.ee\/index.php\/wp-json\/wp\/v2\/product_brand?post=22206"},{"taxonomy":"product_cat","embeddable":true,"href":"https:\/\/superstore.ee\/index.php\/wp-json\/wp\/v2\/product_cat?post=22206"},{"taxonomy":"product_tag","embeddable":true,"href":"https:\/\/superstore.ee\/index.php\/wp-json\/wp\/v2\/product_tag?post=22206"}],"curies":[{"name":"wp","href":"https:\/\/api.w.org\/{rel}","templated":true}]}}