{"id":22208,"date":"2025-03-02T23:23:44","date_gmt":"2025-03-02T21:23:44","guid":{"rendered":"https:\/\/superstore.ee\/?post_type=product&#038;p=22208"},"modified":"2025-10-20T05:37:52","modified_gmt":"2025-10-20T02:37:52","slug":"victorias-secret-bombshell-midnight-eau-de-parfum-travel-spray","status":"publish","type":"product","link":"https:\/\/superstore.ee\/index.php\/toode\/victorias-secret-bombshell-midnight-eau-de-parfum-travel-spray\/","title":{"rendered":"Victoria\u2019s Secret Bombshell Midnight Eau de Parfum Travel Spray"},"content":{"rendered":"","protected":false},"excerpt":{"rendered":"<p><strong>Victoria\u2019s Secret Bombshell Midnight Travel Spray<\/strong> \u2013\u00a0lummav ja salap\u00e4rane aroom mugavas reisiformaadis. Musta kirsi ja vanilli magus rikkus p\u00f5imub valge pojengi \u00f5rnuse ning s\u00fcgavate puidunootidega, luues elegantse ja sensuaalse l\u00f5hna. T\u00e4iuslik valik erilisteks hetkedeks ja \u00f5htusteks v\u00e4ljaminekuteks.<\/p>\n<ul>\n<li><strong>T\u00fc\u00fcp<\/strong>: parf\u00fc\u00fcm (Eau de Parfum) reisiformaadis (Travel Spray)<\/li>\n<li><strong>Maht<\/strong>: 7 ml<\/li>\n<li><strong>Tootja<\/strong>: Victoria\u2019s Secret<\/li>\n<li><strong>Br\u00e4ndi p\u00e4ritoluriik<\/strong>: USA<\/li>\n<li><strong>Eelised<\/strong>: kompaktne suurus, mugav kaasas kanda, kauap\u00fcsiv ja luksuslik aroom.<\/li>\n<\/ul>\n<details>\n<summary>Details<\/summary>\n<div translate=\"no\">Victoria\u2019s Secret Bombshell Midnight Travel Spray \u2013 an enchanting and mysterious fragrance in a convenient travel-size format. The rich and sweet notes of black cherry and vanilla blend with the softness of white peony and the depth of woody accords, creating an elegant and sensual scent. A perfect choice for special moments and evening outings.<br \/>\nTSA-friendly<br \/>\nsize, perfect for travel<br \/>\n7 ml\/.23 fl oz.<br \/>\nDomesticINGREDIENTS: Alcohol Denat., Water (Aqua, Eau), Fragrance (Parfum), Ethylhexyl Methoxycinnamate, BHT, Ethylhexyl Salicylate, Butyl Methoxydibenzoylmethane, Hexamethylindanopyran, Tetramethyl acetyloctahydronaphthalenes, Benzyl Salicylate, Hydroxycitronellal, Limonene, Citrus Aurantium Peel Oil, Linalyl acetate, Vanillin, Citrus Aurantium Bergamia Peel Oil, Geranyl acetate, Linalool, Pinene, Terpineol, Benzyl Alcohol, Citral, Rose Ketones, Trimethylcyclopentenyl Methylisopentenol, Citronellol, Coumarin, Pogostemon Cablin Oil, Beta-Caryophyllene, Terpinolene, Geraniol, Alpha-Terpinene<br \/>\nIngredients are subject to change. For an accurate list of ingredients, please refer to the product packaging.<\/div>\n<div>\u0427\u0430\u0440\u0443\u044e\u0449\u0438\u0439 \u0438 \u0437\u0430\u0433\u0430\u0434\u043e\u0447\u043d\u044b\u0439 \u0430\u0440\u043e\u043c\u0430\u0442 \u0432 \u0443\u0434\u043e\u0431\u043d\u043e\u043c \u0434\u043e\u0440\u043e\u0436\u043d\u043e\u043c \u0444\u043e\u0440\u043c\u0430\u0442\u0435. \u0411\u043e\u0433\u0430\u0442\u044b\u0435 \u0438 \u0441\u043b\u0430\u0434\u043a\u0438\u0435 \u043d\u043e\u0442\u044b \u0447\u0435\u0440\u043d\u043e\u0439 \u0432\u0438\u0448\u043d\u0438 \u0438 \u0432\u0430\u043d\u0438\u043b\u0438 \u043f\u0435\u0440\u0435\u043f\u043b\u0435\u0442\u0430\u044e\u0442\u0441\u044f \u0441 \u043d\u0435\u0436\u043d\u043e\u0441\u0442\u044c\u044e \u0431\u0435\u043b\u043e\u0433\u043e \u043f\u0438\u043e\u043d\u0430 \u0438 \u0433\u043b\u0443\u0431\u0438\u043d\u043e\u0439 \u0434\u0440\u0435\u0432\u0435\u0441\u043d\u044b\u0445 \u0430\u043a\u043a\u043e\u0440\u0434\u043e\u0432, \u0441\u043e\u0437\u0434\u0430\u0432\u0430\u044f \u044d\u043b\u0435\u0433\u0430\u043d\u0442\u043d\u044b\u0439 \u0438 \u0447\u0443\u0432\u0441\u0442\u0432\u0435\u043d\u043d\u044b\u0439 \u0448\u043b\u0435\u0439\u0444. \u0418\u0434\u0435\u0430\u043b\u044c\u043d\u044b\u0439 \u0432\u044b\u0431\u043e\u0440 \u0434\u043b\u044f \u043e\u0441\u043e\u0431\u0435\u043d\u043d\u044b\u0445 \u043c\u043e\u043c\u0435\u043d\u0442\u043e\u0432 \u0438 \u0432\u0435\u0447\u0435\u0440\u043d\u0438\u0445 \u0432\u044b\u0445\u043e\u0434\u043e\u0432.\u0424\u043e\u0440\u043c\u0430\u0442: \u0434\u0443\u0445\u0438 (Eau de Parfum) \u0432 \u0434\u043e\u0440\u043e\u0436\u043d\u043e\u043c \u0444\u043e\u0440\u043c\u0430\u0442\u0435 (Travel Spray)<br \/>\n\u041d\u043e\u0442\u044b: \u0432\u0438\u0448\u043d\u044f, \u0431\u0435\u043b\u044b\u0439 \u043f\u0438\u043e\u043d, \u0432\u0430\u043d\u0438\u043b\u044c, \u0434\u0435\u0440\u0435\u0432\u043e<\/div>\n<\/details>\n","protected":false},"featured_media":22213,"template":"","meta":{"jetpack_publicize_message":"","jetpack_publicize_feature_enabled":true,"jetpack_social_post_already_shared":true,"jetpack_social_options":{"image_generator_settings":{"template":"highway","default_image_id":0,"font":"","enabled":false},"version":2}},"product_brand":[],"product_cat":[932,341],"product_tag":[],"class_list":{"0":"post-22208","1":"product","2":"type-product","3":"status-publish","4":"has-post-thumbnail","6":"product_cat-victorias-secret-parfumes","7":"product_cat-victorias-secret","8":"pa_lohn-flower-sorbet","9":"pa_lohn-sparkling-creme","11":"first","12":"outofstock","13":"sale","14":"shipping-taxable","15":"purchasable","16":"product-type-simple"},"jetpack_publicize_connections":[],"jetpack_sharing_enabled":true,"jetpack_likes_enabled":true,"_links":{"self":[{"href":"https:\/\/superstore.ee\/index.php\/wp-json\/wp\/v2\/product\/22208","targetHints":{"allow":["GET"]}}],"collection":[{"href":"https:\/\/superstore.ee\/index.php\/wp-json\/wp\/v2\/product"}],"about":[{"href":"https:\/\/superstore.ee\/index.php\/wp-json\/wp\/v2\/types\/product"}],"wp:featuredmedia":[{"embeddable":true,"href":"https:\/\/superstore.ee\/index.php\/wp-json\/wp\/v2\/media\/22213"}],"wp:attachment":[{"href":"https:\/\/superstore.ee\/index.php\/wp-json\/wp\/v2\/media?parent=22208"}],"wp:term":[{"taxonomy":"product_brand","embeddable":true,"href":"https:\/\/superstore.ee\/index.php\/wp-json\/wp\/v2\/product_brand?post=22208"},{"taxonomy":"product_cat","embeddable":true,"href":"https:\/\/superstore.ee\/index.php\/wp-json\/wp\/v2\/product_cat?post=22208"},{"taxonomy":"product_tag","embeddable":true,"href":"https:\/\/superstore.ee\/index.php\/wp-json\/wp\/v2\/product_tag?post=22208"}],"curies":[{"name":"wp","href":"https:\/\/api.w.org\/{rel}","templated":true}]}}