{"id":22228,"date":"2025-03-04T11:29:01","date_gmt":"2025-03-04T09:29:01","guid":{"rendered":"https:\/\/superstore.ee\/?post_type=product&#038;p=22228"},"modified":"2025-03-11T22:13:00","modified_gmt":"2025-03-11T20:13:00","slug":"victorias-secret-pink-vanilla-body-lotion","status":"publish","type":"product","link":"https:\/\/superstore.ee\/index.php\/toode\/victorias-secret-pink-vanilla-body-lotion\/","title":{"rendered":"Victoria\u2019s Secret PINK Vanilla Body Lotion"},"content":{"rendered":"","protected":false},"excerpt":{"rendered":"<p><span style=\"font-weight: 400;\">Victoria\u2019s Secret PINK Vanilje kehalosjoon (355ml)\u00a0<\/span><\/p>\n<p data-pm-slice=\"0 0 []\">Kas armastate vanilje l\u00f5hna? See kehakreem on kui soe ja \u00f5rn kallistus.<\/p>\n<p>Kerge igap\u00e4evane kehakreem, mis p\u00f5hineb vaniljeekstraktil ja pehmendaval kookos\u00f5lil, niisutab koheselt ja muudab naha uskumatult pehmeks. Kreem imendub kiiresti, j\u00e4tmata nahka kleepuvaks, j\u00e4ttes vaid \u00f5rna ja meeldiva vaniljel\u00f5hna, mis p\u00fcsib nahal.<\/p>\n<p><strong>P\u00f5hilised eelised:<\/strong><\/p>\n<ul>\n<li>Looduslik kookos\u00f5li toidab nahka s\u00fcgavuti, muutes selle siidiselt pehmeks.<\/li>\n<li>Vaniljeekstrakt lisab nahale sensuaalse, magusa l\u00f5hna, mis kingib p\u00e4eva jooksul mugavustunde.<\/li>\n<li>Ei sisalda sulfaate, parabeene, ftalaate ega kunstlikke v\u00e4rvaineid \u2014 ainult t\u00f5eline hoolitsus teie naha eest.<\/li>\n<li>Dermatoloogide poolt heaks kiidetud, loomade peal mitte testitud ja t\u00e4iesti vegan.<\/li>\n<li>Kasutatud taaskasutatud plastikut, mis muudab toote keskkonnas\u00f5bralikuks valikuks.<\/li>\n<\/ul>\n<p>&nbsp;<\/p>\n<details>\n<summary>Details<\/summary>\n<div translate=\"no\">Victoria\u2019s Secret PINK Vanilla Body Lotion (355ml)<br \/>\nLove vanilla? This is a sweet, comforting hug for your body.A lightweight daily body lotion made with Vanilla Bean Extract and mega-softening Coconut Oil. The formula couldn\u2019t be easier to use\u2014it absorbs quickly and hydrates immediately. All that\u2019s left behind is a light, vanilla scent.<\/p>\n<p>75 mL\/ 2.5 fl. oz<br \/>\nFORMULATED WITHOUT SULFATES, PARABENS, PHTHALATES OR ARTIFICIAL DYES<br \/>\nDERMATOLOGIST APPROVED<br \/>\nAGAINST ANIMAL TESTING<br \/>\nVEGAN<br \/>\n50% RECYCLED PLASTIC BOTTLE<\/p>\n<p>INGREDIENTS:<br \/>\nWater (Aqua, Eau), Mineral Oil (Paraffinum Liquidum, Huile min\u00e9rale), Glycerin, Fragrance (Parfum), Cocos Nucifera (Coconut) Oil, Glyceryl Stearate, PEG-100 Stearate, Dimethicone, Phenoxyethanol, Stearyl Alcohol, Cetyl Alcohol, Palmitic Acid, Stearic Acid, Carbomer, Chlorphenesin, Sodium Polyacrylate Starch, Vanilla Planifolia Fruit Extract, Ethylhexylglycerin, Sodium Hydroxide, Sodium Stearoyl Lactylate, Tetrasodium EDTA, Benzoic Acid, Xanthan Gum, Benzyl Salicylate, Coumarin, Linalool, Limonene<br \/>\nIngredients are subject to change. For an accurate list of ingredients, please refer to the product packaging.<\/p>\n<\/div>\n<p>Victoria\u2019s Secret PINK \u0412\u0430\u043d\u0438\u043b\u044c\u043d\u044b\u0439 \u043b\u043e\u0441\u044c\u043e\u043d \u0434\u043b\u044f \u0442\u0435\u043b\u0430.<\/p>\n<p>\u041b\u044e\u0431\u0438\u0442\u0435 \u0432\u0430\u043d\u0438\u043b\u044c? \u042d\u0442\u043e\u0442 \u043b\u043e\u0441\u044c\u043e\u043d \u2014 \u043a\u0430\u043a \u0442\u0451\u043f\u043b\u043e\u0435 \u043e\u0431\u044a\u044f\u0442\u0438\u0435, \u043f\u043e\u043b\u043d\u043e\u0435 \u043d\u0435\u0436\u043d\u043e\u0441\u0442\u0438.<\/p>\n<p>\u041b\u0451\u0433\u043a\u0438\u0439 \u0435\u0436\u0435\u0434\u043d\u0435\u0432\u043d\u044b\u0439 \u043b\u043e\u0441\u044c\u043e\u043d \u0434\u043b\u044f \u0442\u0435\u043b\u0430, \u043d\u0430 \u043e\u0441\u043d\u043e\u0432\u0435 \u044d\u043a\u0441\u0442\u0440\u0430\u043a\u0442\u0430 \u0432\u0430\u043d\u0438\u043b\u0438 \u0438 \u0441\u043c\u044f\u0433\u0447\u0430\u044e\u0449\u0435\u0433\u043e \u043a\u043e\u043a\u043e\u0441\u043e\u0432\u043e\u0433\u043e \u043c\u0430\u0441\u043b\u0430, \u043c\u0433\u043d\u043e\u0432\u0435\u043d\u043d\u043e \u0443\u0432\u043b\u0430\u0436\u043d\u044f\u0435\u0442 \u0438 \u0434\u0435\u043b\u0430\u0435\u0442 \u043a\u043e\u0436\u0443 \u043d\u0435\u0432\u0435\u0440\u043e\u044f\u0442\u043d\u043e \u043c\u044f\u0433\u043a\u043e\u0439. \u0424\u043e\u0440\u043c\u0443\u043b\u0430 \u0431\u044b\u0441\u0442\u0440\u043e \u0432\u043f\u0438\u0442\u044b\u0432\u0430\u0435\u0442\u0441\u044f, \u043d\u0435 \u043e\u0441\u0442\u0430\u0432\u043b\u044f\u044f \u043b\u0438\u043f\u043a\u043e\u0441\u0442\u0438, \u0430 \u043b\u0438\u0448\u044c \u0442\u043e\u043d\u043a\u0438\u0439, \u043f\u0440\u0438\u044f\u0442\u043d\u044b\u0439 \u0430\u0440\u043e\u043c\u0430\u0442 \u0432\u0430\u043d\u0438\u043b\u0438, \u043a\u043e\u0442\u043e\u0440\u044b\u0439 \u043e\u0441\u0442\u0430\u0451\u0442\u0441\u044f \u043d\u0430 \u043a\u043e\u0436\u0435.<\/p>\n<\/details>\n","protected":false},"featured_media":22232,"template":"","meta":{"jetpack_publicize_message":"","jetpack_publicize_feature_enabled":true,"jetpack_social_post_already_shared":true,"jetpack_social_options":{"image_generator_settings":{"template":"highway","default_image_id":0,"font":"","enabled":false},"version":2}},"product_brand":[],"product_cat":[926,912,341],"product_tag":[],"class_list":{"0":"post-22228","1":"product","2":"type-product","3":"status-publish","4":"has-post-thumbnail","6":"product_cat-victorias-secret-body-lotions","7":"product_cat-nahahooldus","8":"product_cat-victorias-secret","10":"first","11":"outofstock","12":"sale","13":"shipping-taxable","14":"purchasable","15":"product-type-simple"},"jetpack_publicize_connections":[],"jetpack_sharing_enabled":true,"jetpack_likes_enabled":true,"_links":{"self":[{"href":"https:\/\/superstore.ee\/index.php\/wp-json\/wp\/v2\/product\/22228","targetHints":{"allow":["GET"]}}],"collection":[{"href":"https:\/\/superstore.ee\/index.php\/wp-json\/wp\/v2\/product"}],"about":[{"href":"https:\/\/superstore.ee\/index.php\/wp-json\/wp\/v2\/types\/product"}],"wp:featuredmedia":[{"embeddable":true,"href":"https:\/\/superstore.ee\/index.php\/wp-json\/wp\/v2\/media\/22232"}],"wp:attachment":[{"href":"https:\/\/superstore.ee\/index.php\/wp-json\/wp\/v2\/media?parent=22228"}],"wp:term":[{"taxonomy":"product_brand","embeddable":true,"href":"https:\/\/superstore.ee\/index.php\/wp-json\/wp\/v2\/product_brand?post=22228"},{"taxonomy":"product_cat","embeddable":true,"href":"https:\/\/superstore.ee\/index.php\/wp-json\/wp\/v2\/product_cat?post=22228"},{"taxonomy":"product_tag","embeddable":true,"href":"https:\/\/superstore.ee\/index.php\/wp-json\/wp\/v2\/product_tag?post=22228"}],"curies":[{"name":"wp","href":"https:\/\/api.w.org\/{rel}","templated":true}]}}