{"id":22262,"date":"2025-03-05T22:59:34","date_gmt":"2025-03-05T20:59:34","guid":{"rendered":"https:\/\/superstore.ee\/?post_type=product&#038;p=22262"},"modified":"2025-10-15T17:39:20","modified_gmt":"2025-10-15T14:39:20","slug":"victorias-secret-flavor-favorites-gloss-gift-set","status":"publish","type":"product","link":"https:\/\/superstore.ee\/index.php\/toode\/victorias-secret-flavor-favorites-gloss-gift-set\/","title":{"rendered":"Victoria&#8217;s Secret Flavor Favorites Gloss Gift Set"},"content":{"rendered":"","protected":false},"excerpt":{"rendered":"<p>Lisa oma huultele s\u00e4ra ja niisutust. See komplekt sisaldab 5 maitsestatud huulel\u00e4iget, millel on kerge ja mittekleepuv koostis. S\u00e4ra, niisutus ja vastupandamatu l\u00f5hn \u2013 ideaalne valik igaks p\u00e4evaks!<\/p>\n<ul>\n<li><strong>Komplekt sisaldab:<\/strong>\n<ul>\n<li><strong>Sparkling Pear<\/strong> \u2013 v\u00e4rske pirniaroom \u00f5rna s\u00e4raga<\/li>\n<li><strong>Dazzling Fig<\/strong> \u2013 s\u00fcgav marjatoon elegantse l\u00e4ikega<\/li>\n<li><strong>Candied Apple<\/strong> \u2013 magus \u00f5unamaitse mahlaka l\u00e4ikega<\/li>\n<li><strong>Radiant Toffee<\/strong> \u2013 karamelline v\u00f5lu sooja kumaga<\/li>\n<li><strong>Lustrous Mint<\/strong> \u2013 v\u00e4rskendav piparm\u00fcnt kristallselge s\u00e4raga<\/li>\n<\/ul>\n<\/li>\n<\/ul>\n<p>Made in USA<\/p>\n<details>\n<summary>Details<\/summary>\n<div translate=\"no\">\n<p>Delicious flavor, lustrous shine. Discover five of your new favorite flavored glosses for a beautifully radiant pout. Wear alone or on top of your favorite lip color for a megawatt finish.Key Ingredients, Claims &amp; Benefits<\/p>\n<p>Dermatologist tested<br \/>\nNot tested on animals<br \/>\nTip: Wear alone or layer on top of your favorite lip color for a megawatt finish<\/p>\n<p>Details<\/p>\n<p>13g\/0.46 oz. each<br \/>\nMade in USA<\/p>\n<p>INGREDIENTS:<br \/>\nMineral Oil (Paraffinum Liquidum, Huile min\u00e9rale), Hydrogenated Polyisobutene, Pentaerythrityl Tetraethylhexanoate, Triisostearyl Citrate, Ethylene\/Propylene\/Styrene Copolymer, Octyldodecanol, Flavor (Aroma), Mica, Iron Oxides (CI 77491), Titanium Dioxide (CI 77891), Butylene\/Ethylene\/Styrene Copolymer, Red 33 Lake (CI 17200), Sodium Saccharin, Linalyl acetate, Amyl Cinnamal, Hydroxycitronellal, Geranyl acetate, Iron Oxides (CI 77499), Linalool, Vanillin, Rose Ketones, Cinnamal, Sorbitan Oleate<br \/>\nIngredients are subject to change. For an accurate list of ingredients, please refer to the product packaging.<\/p>\n<\/div>\n<p>\u041a\u043e\u043c\u043f\u043b\u0435\u043a\u0442 \u0431\u043b\u0435\u0441\u043a\u043e\u0432 \u043e\u0442 Victoria\u2019s Secret. \u0412 \u043d\u0430\u0431\u043e\u0440 \u0432\u0445\u043e\u0434\u044f\u0442 5 \u0430\u0440\u043e\u043c\u0430\u0442\u043d\u044b\u0445 \u0431\u043b\u0435\u0441\u043a\u043e\u0432 \u0434\u043b\u044f \u0433\u0443\u0431 \u0441 \u0443\u0432\u043b\u0430\u0436\u043d\u044f\u044e\u0449\u0435\u0439 \u0444\u043e\u0440\u043c\u0443\u043b\u043e\u0439 \u0438 \u043d\u0435\u0436\u043d\u044b\u043c \u043c\u0435\u0440\u0446\u0430\u043d\u0438\u0435\u043c. \u041b\u0435\u0433\u043a\u0430\u044f \u0442\u0435\u043a\u0441\u0442\u0443\u0440\u0430, \u043f\u0440\u0438\u044f\u0442\u043d\u044b\u0435 \u0432\u043a\u0443\u0441\u043e\u0432\u044b\u0435 \u043d\u043e\u0442\u043a\u0438 \u0438 \u0433\u043b\u044f\u043d\u0446\u0435\u0432\u044b\u0439 \u0444\u0438\u043d\u0438\u0448 \u0434\u0435\u043b\u0430\u044e\u0442 \u0438\u0445 \u0438\u0434\u0435\u0430\u043b\u044c\u043d\u044b\u043c \u0432\u044b\u0431\u043e\u0440\u043e\u043c \u0434\u043b\u044f \u043b\u044e\u0431\u043e\u0433\u043e \u0441\u043b\u0443\u0447\u0430\u044f.<\/p>\n<\/details>\n","protected":false},"featured_media":22510,"template":"","meta":{"jetpack_publicize_message":"","jetpack_publicize_feature_enabled":true,"jetpack_social_post_already_shared":true,"jetpack_social_options":{"image_generator_settings":{"template":"highway","default_image_id":0,"font":"","enabled":false},"version":2}},"product_brand":[],"product_cat":[911,933,830,342,341],"product_tag":[],"class_list":{"0":"post-22262","1":"product","2":"type-product","3":"status-publish","4":"has-post-thumbnail","6":"product_cat-huuled","7":"product_cat-victorias-secret-lip-glosses","8":"product_cat-kingitused","9":"product_cat-komplektid-victorias-secret","10":"product_cat-victorias-secret","12":"first","13":"outofstock","14":"sale","15":"shipping-taxable","16":"purchasable","17":"product-type-simple"},"jetpack_publicize_connections":[],"jetpack_sharing_enabled":true,"jetpack_likes_enabled":true,"_links":{"self":[{"href":"https:\/\/superstore.ee\/index.php\/wp-json\/wp\/v2\/product\/22262","targetHints":{"allow":["GET"]}}],"collection":[{"href":"https:\/\/superstore.ee\/index.php\/wp-json\/wp\/v2\/product"}],"about":[{"href":"https:\/\/superstore.ee\/index.php\/wp-json\/wp\/v2\/types\/product"}],"wp:featuredmedia":[{"embeddable":true,"href":"https:\/\/superstore.ee\/index.php\/wp-json\/wp\/v2\/media\/22510"}],"wp:attachment":[{"href":"https:\/\/superstore.ee\/index.php\/wp-json\/wp\/v2\/media?parent=22262"}],"wp:term":[{"taxonomy":"product_brand","embeddable":true,"href":"https:\/\/superstore.ee\/index.php\/wp-json\/wp\/v2\/product_brand?post=22262"},{"taxonomy":"product_cat","embeddable":true,"href":"https:\/\/superstore.ee\/index.php\/wp-json\/wp\/v2\/product_cat?post=22262"},{"taxonomy":"product_tag","embeddable":true,"href":"https:\/\/superstore.ee\/index.php\/wp-json\/wp\/v2\/product_tag?post=22262"}],"curies":[{"name":"wp","href":"https:\/\/api.w.org\/{rel}","templated":true}]}}