{"id":22301,"date":"2025-03-10T13:34:51","date_gmt":"2025-03-10T11:34:51","guid":{"rendered":"https:\/\/superstore.ee\/?post_type=product&#038;p=22301"},"modified":"2025-08-22T15:11:19","modified_gmt":"2025-08-22T12:11:19","slug":"victorias-secret-love-spell-parfumeeritud-dusigeel-300-ml","status":"publish","type":"product","link":"https:\/\/superstore.ee\/index.php\/toode\/victorias-secret-love-spell-parfumeeritud-dusigeel-300-ml\/","title":{"rendered":"Victoria&#8217;s Secret Love Spell Refreshing Gel Body Wash (300 ml)"},"content":{"rendered":"","protected":false},"excerpt":{"rendered":"<p><strong>Victoria\u2019s Secret Love Spell l\u00f5hnastatud du\u0161igeel, 300 ml<\/strong><\/p>\n<p><strong>Looduslikud hooldavad koostisosad<\/strong> muudavad selle du\u0161igeeli luksuslikuks ja nahas\u00f5bralikuks. <strong>Aaloemahl ja sheav\u00f5i<\/strong> niisutavad ja toidavad s\u00fcgavuti, samal ajal kui <strong>E-vitamiin<\/strong> kaitseb kuivuse eest, j\u00e4ttes naha pehmeks ja siidiseks.<\/p>\n<p><strong>Love Spell aroom<\/strong> on ikooniline segu mahlastest virsikutest ja v\u00e4rsketest kirsi\u00f5itest. Kerge, s\u00e4rtsakas ja naiselik l\u00f5hn loob v\u00f5rgutava ja energilise meeleolu, mida armastatakse \u00fcle kogu maailma.<\/p>\n<p>Love Spell: Elav ja veetlev. Lummavalt romantiline l\u00f5hn.<\/p>\n<p><em>L\u00f5hnat\u00fc\u00fcp: Puuviljane Lilleline<\/em><\/p>\n<p><em>Tipunoodid: Punane \u00f5un, kirsipuu\u00f5is<\/em><\/p>\n<p><em>S\u00fcdamenoodid: Liilia, v\u00e4rske virsik<\/em><\/p>\n<p><em>P\u00f5hjanoodid: Muskus, heledad puidunoodid<\/em><\/p>\n<h4>Miks seda armastatakse?<\/h4>\n<p>\u2714 <strong>Looduslikud hooldavad koostisosad<\/strong> \u2013 s\u00fcgavniisutus, toitev hooldus ja kaitse kuivuse eest<\/p>\n<p>\u2714 <strong>M\u00f5nusalt v\u00e4rske ja puuviljane aroom<\/strong>, mis p\u00fcsib nahal terve p\u00e4eva<\/p>\n<p>\u2714 <strong>\u00d5rn kreemjas tekstuur<\/strong> \u2013 erakordselt meeldiv nahale kanda<\/p>\n<p>\u2714 <strong>T\u00e4iendab Love Spell l\u00f5hnakollektsiooni<\/strong>, et aroom kestaks veelgi kauem<\/p>\n<p>\u2714 <strong>Stiilne pudel<\/strong> \u2013 ideaalne kingitus v\u00f5i kaunis detail vannitoas<\/p>\n<details>\n<summary>Details<\/summary>\n<div>\n<p>A new way to wear your favorite scent, our new body wash creates a fresh lather for all-over, gentle cleansing. Refreshing gel formula with skin-loving Aloe. For the most lasting fragrance experience, follow with matching lotion and mist.<\/p>\n<p>LOVE SPELL<\/p>\n<p>Cherry Blossom. Fresh Peach. Impossible to resist.<\/p>\n<p>FRAGRANCE STYLE: Fruity Floral<\/p>\n<p>300 ml\/10 oz<\/p>\n<p>Domestic<\/p>\n<p>INGREDIENTS:<\/p>\n<p>Water (Aqua, Eau), Sodium Lauryl Sulfate, TEA-Lauryl Sulfate, Oleth-10, Fragrance (Parfum), Sodium Laureth Sulfate, Lauramidopropyl Betaine, Lauramide MIPA, Lauramide MEA, Dipropylene Glycol, Sodium PCA, Polysorbate 20, Limonene, Aloe Barbadensis Leaf Juice, Citric Acid, Triethanolamine, Hydroxypropyl Methylcellulose, Linalool, Polyquaternium-7, Triethylene Glycol, Tetrasodium EDTA, Benzyl Alcohol, Propylene Glycol, Butyrospermum Parkii (Shea) Butter, Tocopheryl Acetate, Methylchloroisothiazolinone, Methylisothiazolinone, PPG-12-Buteth-16, BHT, Ext. Violet 2 (CI 60730), PEG-150 Pentaerythrityl Tetrastearate, PPG-26-Buteth-26, Red 40 (CI 16035), PEG-6 Caprylic\/Capric Glycerides, PEG-40 Hydrogenated Castor Oil, Ethylhexyl Methoxycinnamate, Red 33 (CI 17200), Blue 1 (CI 42090), Butyl Methoxydibenzoylmethane, Ethylhexyl Salicylate<\/p>\n<p>Ingredients are subject to change. For an accurate list of ingredients, please refer to the product packaging.<\/p>\n<\/div>\n<p>Victoria\u2019s Secret Love Spell \u043f\u0430\u0440\u0444\u044e\u043c\u0438\u0440\u043e\u0432\u0430\u043d\u043d\u044b\u0439 \u0433\u0435\u043b\u044c \u0434\u043b\u044f \u0434\u0443\u0448\u0430, 300 \u043c\u043b<\/p>\n<p>\u041d\u0430\u0442\u0443\u0440\u0430\u043b\u044c\u043d\u044b\u0435 \u0443\u0445\u0430\u0436\u0438\u0432\u0430\u044e\u0449\u0438\u0435 \u043a\u043e\u043c\u043f\u043e\u043d\u0435\u043d\u0442\u044b \u0434\u0435\u043b\u0430\u044e\u0442 \u044d\u0442\u043e\u0442 \u0433\u0435\u043b\u044c \u0434\u043b\u044f \u0434\u0443\u0448\u0430 \u043d\u0435 \u0442\u043e\u043b\u044c\u043a\u043e \u0440\u043e\u0441\u043a\u043e\u0448\u043d\u044b\u043c, \u043d\u043e \u0438 \u043f\u043e\u043b\u0435\u0437\u043d\u044b\u043c \u0434\u043b\u044f \u043a\u043e\u0436\u0438. \u0421\u043e\u043a \u0430\u043b\u043e\u044d \u0432\u0435\u0440\u0430 \u0438 \u043c\u0430\u0441\u043b\u043e \u0448\u0438 \u0438\u043d\u0442\u0435\u043d\u0441\u0438\u0432\u043d\u043e \u0443\u0432\u043b\u0430\u0436\u043d\u044f\u044e\u0442 \u0438 \u043f\u0438\u0442\u0430\u044e\u0442, \u0430 \u0432\u0438\u0442\u0430\u043c\u0438\u043d \u0415 \u0437\u0430\u0449\u0438\u0449\u0430\u0435\u0442 \u043e\u0442 \u0441\u0443\u0445\u043e\u0441\u0442\u0438, \u043e\u0441\u0442\u0430\u0432\u043b\u044f\u044f \u043a\u043e\u0436\u0443 \u043c\u044f\u0433\u043a\u043e\u0439 \u0438 \u0433\u043b\u0430\u0434\u043a\u043e\u0439.<\/p>\n<p>\u0410\u0440\u043e\u043c\u0430\u0442 Love Spell \u2013 \u044d\u0442\u043e \u043a\u0443\u043b\u044c\u0442\u043e\u0432\u043e\u0435 \u0441\u043e\u0447\u0435\u0442\u0430\u043d\u0438\u0435 \u0441\u043e\u0447\u043d\u043e\u0433\u043e \u043f\u0435\u0440\u0441\u0438\u043a\u0430 \u0438 \u0441\u0432\u0435\u0436\u0435\u0433\u043e \u0446\u0432\u0435\u0442\u0435\u043d\u0438\u044f \u0432\u0438\u0448\u043d\u0438. \u041b\u0451\u0433\u043a\u0438\u0439, \u044f\u0440\u043a\u0438\u0439 \u0438 \u0436\u0435\u043d\u0441\u0442\u0432\u0435\u043d\u043d\u044b\u0439, \u043e\u043d \u0441\u043e\u0437\u0434\u0430\u0451\u0442 \u0441\u043e\u0431\u043b\u0430\u0437\u043d\u0438\u0442\u0435\u043b\u044c\u043d\u043e\u0435 \u0438 \u044d\u043d\u0435\u0440\u0433\u0438\u0447\u043d\u043e\u0435 \u043d\u0430\u0441\u0442\u0440\u043e\u0435\u043d\u0438\u0435, \u043b\u044e\u0431\u0438\u043c\u043e\u0435 \u043c\u0438\u043b\u043b\u0438\u043e\u043d\u0430\u043c\u0438 \u043f\u043e \u0432\u0441\u0435\u043c\u0443 \u043c\u0438\u0440\u0443.<\/p>\n<\/details>\n","protected":false},"featured_media":22304,"template":"","meta":{"jetpack_publicize_message":"","jetpack_publicize_feature_enabled":true,"jetpack_social_post_already_shared":true,"jetpack_social_options":{"image_generator_settings":{"template":"highway","default_image_id":0,"font":"","enabled":false},"version":2}},"product_brand":[],"product_cat":[930,912,341],"product_tag":[],"class_list":{"0":"post-22301","1":"product","2":"type-product","3":"status-publish","4":"has-post-thumbnail","6":"product_cat-victorias-secret-body-washes","7":"product_cat-nahahooldus","8":"product_cat-victorias-secret","10":"first","11":"outofstock","12":"sale","13":"shipping-taxable","14":"purchasable","15":"product-type-simple"},"jetpack_publicize_connections":[],"jetpack_sharing_enabled":true,"jetpack_likes_enabled":true,"_links":{"self":[{"href":"https:\/\/superstore.ee\/index.php\/wp-json\/wp\/v2\/product\/22301","targetHints":{"allow":["GET"]}}],"collection":[{"href":"https:\/\/superstore.ee\/index.php\/wp-json\/wp\/v2\/product"}],"about":[{"href":"https:\/\/superstore.ee\/index.php\/wp-json\/wp\/v2\/types\/product"}],"wp:featuredmedia":[{"embeddable":true,"href":"https:\/\/superstore.ee\/index.php\/wp-json\/wp\/v2\/media\/22304"}],"wp:attachment":[{"href":"https:\/\/superstore.ee\/index.php\/wp-json\/wp\/v2\/media?parent=22301"}],"wp:term":[{"taxonomy":"product_brand","embeddable":true,"href":"https:\/\/superstore.ee\/index.php\/wp-json\/wp\/v2\/product_brand?post=22301"},{"taxonomy":"product_cat","embeddable":true,"href":"https:\/\/superstore.ee\/index.php\/wp-json\/wp\/v2\/product_cat?post=22301"},{"taxonomy":"product_tag","embeddable":true,"href":"https:\/\/superstore.ee\/index.php\/wp-json\/wp\/v2\/product_tag?post=22301"}],"curies":[{"name":"wp","href":"https:\/\/api.w.org\/{rel}","templated":true}]}}