{"id":22313,"date":"2025-03-10T17:09:02","date_gmt":"2025-03-10T15:09:02","guid":{"rendered":"https:\/\/superstore.ee\/?post_type=product&#038;p=22313"},"modified":"2026-01-22T19:20:53","modified_gmt":"2026-01-22T17:20:53","slug":"victorias-secret-kehalosjoon-sadelusega-236ml-shimmer-top-kollektsioon","status":"publish","type":"product","link":"https:\/\/superstore.ee\/index.php\/toode\/victorias-secret-kehalosjoon-sadelusega-236ml-shimmer-top-kollektsioon\/","title":{"rendered":"Victoria\u2019s Secret Shimmer Fragrance Lotion BESTSELLER \u2b50"},"content":{"rendered":"","protected":false},"excerpt":{"rendered":"<p><span style=\"font-weight: 400;\">Victoria\u2019s Secret l\u00f5hnastatud kehalosjoon s\u00e4delusega (236ml)<\/span><\/p>\n<p>See on k\u00f5ige populaarsem kollektsioon isu\u00e4ratavate aroomidega! Niisutavad nahka 24h, annab kauap\u00fcsiva magusa l\u00f5hna ning s\u00e4rava naha kogu p\u00e4evaks.<\/p>\n<ul>\n<li><em><strong>Pure Seduction<\/strong><\/em> \u2022 T\u00fc\u00fcp: Puuviljane \u2022Mahlane ploom. \u00d5rn freesia. S\u00e4ra kogu \u00f6\u00f6.<\/li>\n<li><em><strong>Velvet Petals<\/strong><\/em> \u2022 T\u00fc\u00fcp: H\u00f5rkjalt puuviljane, magus, puuvilja-lilleline, kreemjas l\u00f5hn \u00f5itseva gardeenia ja mandliglasuuri nootidega.<\/li>\n<li><em><strong>Bare Vanilla<\/strong><\/em> \u2022 T\u00fc\u00fcp: Magus \u2022Vahustatud vanilje. Pehme ka\u0161miir. Nahk nahale.<\/li>\n<li><em><strong>Love Spell<\/strong><\/em> \u2022T\u00fc\u00fcp: Puuvilja-lilleline \u2022Kirsi\u00f5ied. V\u00e4rske virsik. V\u00f5imatu vastu panna<\/li>\n<\/ul>\n<p>Kauakestva l\u00f5hnaelamuse saamiseks \u00fchendage sobiva kehaspreiga.<\/p>\n<details>\n<summary>Details<\/summary>\n<div translate=\"no\">\n<p>Victoria\u2019s Secret Shimmer Body Lotion Body FragranceCelebrate the collection that celebrates you. For every moment and every shimmering side of you, discover unique scents that embrace it all.<\/p>\n<p>Fragrance Description<\/p>\n<ul>\n<li><em><strong>Pure Seduction<\/strong><\/em> \u2022 Type: Fruity \u2022Juiced plum. Crushed freesia. All night long.<\/li>\n<li><em><strong>Velvet Petals<\/strong><\/em> \u2022 Type: Fruity Gourmand \u2022Lush blooms. Almond glaze. Made you blush.<\/li>\n<li><em><strong>Bare Vanilla<\/strong><\/em> \u2022 Type: Gourmand \u2022Whipped vanilla. Soft cashmere. Skin to skin.<\/li>\n<li><em><strong>Love Spell<\/strong><\/em> \u2022 Type: Fruity Floral \u2022Cherry blossom. Fresh peach. Impossible to resist.<\/li>\n<\/ul>\n<p>Pair with matching Fragrance Mist for a long-lasting fragrance experience.<br \/>\nDetails<\/p>\n<p>236 ml\/8 oz.<br \/>\nDomestic<\/p>\n<p>INGREDIENTS:<br \/>\nWater (Aqua, Eau), Mineral Oil (Paraffinum Liquidum, Huile min\u00e9rale), Glycerin, Fragrance (Parfum), Cetyl Alcohol, Glyceryl Stearate, PEG-100 Stearate, Palmitic Acid, Stearic Acid, Phenoxyethanol, Synthetic Fluorphlogopite, Dimethicone, Acrylates\/C10-30 Alkyl Acrylate Crosspolymer, Chlorphenesin, Xanthan Gum, Potassium Sorbate, Sodium Hydroxide, Ethylhexylglycerin, Disodium EDTA, Aloe Barbadensis Leaf Juice, Tocopheryl Acetate, Hexamethylindanopyran, Vanillin, Tetramethyl acetyloctahydronaphthalenes, Linalyl acetate, Limonene, Linalool, Pinene, Citrus Aurantium Peel Oil, Benzyl Alcohol, Titanium Dioxide (CI 77891)<br \/>\nIngredients are subject to change. For an accurate list of ingredients, please refer to the product packaging.<\/p>\n<\/div>\n<p>Victoria\u2019s Secret \u043f\u0430\u0440\u0444\u044e\u043c\u0438\u0440\u043e\u0432\u0430\u043d\u043d\u044b\u0439 \u043b\u043e\u0441\u044c\u043e\u043d \u0441 \u0431\u043b\u0435\u0441\u0442\u043a\u0430\u043c\u0438 \u0434\u043b\u044f \u0442\u0435\u043b\u0430 &#8211; \u043a\u0440\u0435\u043c \u0448\u0438\u043c\u043c\u0435\u0440(236ml )<\/p>\n<ul>\n<li><em><strong>Pure Seduction<\/strong><\/em> \u2022 \u0422\u0438\u043f: \u0424\u0440\u0443\u043a\u0442\u043e\u0432\u044b\u0439 \u2022\u0421\u043e\u0447\u043d\u0430\u044f \u0441\u043b\u0438\u0432\u0430. \u041d\u0435\u0436\u043d\u0430\u044f \u0444\u0440\u0435\u0437\u0438\u044f. \u0421\u0438\u044f\u0439 \u0432\u0441\u044e \u043d\u043e\u0447\u044c.<\/li>\n<li><em><strong>Velvet Petals<\/strong><\/em> \u2022 \u0422\u0438\u043f: \u0424\u0440\u0443\u043a\u0442\u043e\u0432\u044b\u0439 \u0433\u0443\u0440\u043c\u0430\u043d\u0441\u043a\u0438\u0439, \u0441\u043b\u0430\u0434\u043a\u0438\u0439, \u0444\u0440\u0443\u043a\u0442\u043e\u0432\u043e-\u0446\u0432\u0435\u0442\u043e\u0447\u043d\u044b\u0439, \u043a\u0440\u0435\u043c\u043e\u0432\u044b\u0439 \u0430\u0440\u043e\u043c\u0430\u0442 \u0441 \u043d\u043e\u0442\u043a\u0430\u043c\u0438 \u0446\u0432\u0435\u0442\u0443\u0449\u0435\u0439 \u0433\u0430\u0440\u0434\u0435\u043d\u0438\u0438 \u0438 \u043c\u0438\u043d\u0434\u0430\u043b\u044c\u043d\u043e\u0439 \u0433\u043b\u0430\u0437\u0443\u0440\u0438.<\/li>\n<li><em><strong>Bare Vanilla<\/strong><\/em> \u2022 \u0422\u0438\u043f: \u0441\u043b\u0430\u0434\u043a\u0438\u0439, \u0433\u0443\u0440\u043c\u0430\u043d\u0441\u043a\u0438\u0439 \u2022\u0412\u0437\u0431\u0438\u0442\u0430\u044f \u0432\u0430\u043d\u0438\u043b\u044c. \u041c\u044f\u0433\u043a\u0438\u0439 \u043a\u0430\u0448\u0435\u043c\u0438\u0440. \u041a\u043e\u0436\u0430 \u043a \u043a\u043e\u0436\u0435.<\/li>\n<li><em><strong>Love Spell<\/strong><\/em> \u2022 \u0422\u0438\u043f: \u0424\u0440\u0443\u043a\u0442\u043e\u0432\u043e-\u0446\u0432\u0435\u0442\u043e\u0447\u043d\u044b\u0439 \u2022\u0412\u0438\u0448\u043d\u0435\u0432\u044b\u0439 \u0446\u0432\u0435\u0442. \u0421\u0432\u0435\u0436\u0438\u0439 \u043f\u0435\u0440\u0441\u0438\u043a. \u041d\u0435\u0432\u043e\u0437\u043c\u043e\u0436\u043d\u043e \u0443\u0441\u0442\u043e\u044f\u0442\u044c.<\/li>\n<\/ul>\n<\/details>\n","protected":false},"featured_media":19363,"template":"","meta":{"jetpack_publicize_message":"","jetpack_publicize_feature_enabled":true,"jetpack_social_post_already_shared":true,"jetpack_social_options":{"image_generator_settings":{"template":"highway","default_image_id":0,"font":"","enabled":false},"version":2}},"product_brand":[],"product_cat":[926,912,341],"product_tag":[],"class_list":{"0":"post-22313","1":"product","2":"type-product","3":"status-publish","4":"has-post-thumbnail","6":"product_cat-victorias-secret-body-lotions","7":"product_cat-nahahooldus","8":"product_cat-victorias-secret","9":"pa_lohn-bare-vanilla","10":"pa_lohn-love-spell","11":"pa_lohn-pure-seduction","12":"pa_lohn-velvet-petals","14":"first","15":"outofstock","16":"sale","17":"shipping-taxable","18":"product-type-variable"},"jetpack_publicize_connections":[],"jetpack_sharing_enabled":true,"jetpack_likes_enabled":true,"_links":{"self":[{"href":"https:\/\/superstore.ee\/index.php\/wp-json\/wp\/v2\/product\/22313","targetHints":{"allow":["GET"]}}],"collection":[{"href":"https:\/\/superstore.ee\/index.php\/wp-json\/wp\/v2\/product"}],"about":[{"href":"https:\/\/superstore.ee\/index.php\/wp-json\/wp\/v2\/types\/product"}],"wp:featuredmedia":[{"embeddable":true,"href":"https:\/\/superstore.ee\/index.php\/wp-json\/wp\/v2\/media\/19363"}],"wp:attachment":[{"href":"https:\/\/superstore.ee\/index.php\/wp-json\/wp\/v2\/media?parent=22313"}],"wp:term":[{"taxonomy":"product_brand","embeddable":true,"href":"https:\/\/superstore.ee\/index.php\/wp-json\/wp\/v2\/product_brand?post=22313"},{"taxonomy":"product_cat","embeddable":true,"href":"https:\/\/superstore.ee\/index.php\/wp-json\/wp\/v2\/product_cat?post=22313"},{"taxonomy":"product_tag","embeddable":true,"href":"https:\/\/superstore.ee\/index.php\/wp-json\/wp\/v2\/product_tag?post=22313"}],"curies":[{"name":"wp","href":"https:\/\/api.w.org\/{rel}","templated":true}]}}