{"id":22336,"date":"2025-03-10T20:12:42","date_gmt":"2025-03-10T18:12:42","guid":{"rendered":"https:\/\/superstore.ee\/?post_type=product&#038;p=22336"},"modified":"2025-12-23T17:24:02","modified_gmt":"2025-12-23T15:24:02","slug":"victorias-secret-flavor-gloss","status":"publish","type":"product","link":"https:\/\/superstore.ee\/index.php\/toode\/victorias-secret-flavor-gloss\/","title":{"rendered":"Victoria&#8217;s Secret Flavor Gloss"},"content":{"rendered":"","protected":false},"excerpt":{"rendered":"<p>Lisa oma huultele s\u00e4ra ja niisutust! Maitsestatud huulel\u00e4iked kerge ja mittekleepuva koostisega. S\u00e4ra, niisutus ja vastupandamatu aroom \u2013 ideaalne valik igaks p\u00e4evaks!<\/p>\n<ul>\n<li style=\"list-style-type: none;\">\n<ul>\n<li><strong>Sparkling Pear<\/strong> \u2013 v\u00e4rske pirniaroom \u00f5rna s\u00e4raga<\/li>\n<li><strong>Dazzling Fig<\/strong> \u2013 s\u00fcgav marjatoon elegantse l\u00e4ikega<\/li>\n<li><strong>Candied Apple<\/strong> \u2013 magus \u00f5unamaitse mahlaka l\u00e4ikega<\/li>\n<li><strong>Radiant Toffee<\/strong> \u2013 karamelline v\u00f5lu sooja kumaga<\/li>\n<li><strong>Lustrous Mint<\/strong> \u2013 v\u00e4rskendav piparm\u00fcnt kristallselge s\u00e4raga<\/li>\n<\/ul>\n<\/li>\n<\/ul>\n<details>\n<summary>Details<\/summary>\n<div translate=\"no\">\n<p>Swipe on, shine on. The glosses you love, now with a whole new look.Our high-shine formula is available in a variety of sheer colors. Expressive, unique, and full of flavor\u2014just like you.<\/p>\n<ul>\n<li>Dermatologist tested<\/li>\n<li>Not tested on animals<\/li>\n<\/ul>\n<p>Tip:\u00a0Wear alone or layer on top of your favorite lip color for a megawatt finish<\/p>\n<ul>\n<li>.46 oz.<\/li>\n<li>Made in USA<\/li>\n<\/ul>\n<p>INGREDIENTS:<br \/>\nMineral Oil (Paraffinum Liquidum, Huile min\u00e9rale), Hydrogenated Polyisobutene, Pentaerythrityl Tetraethylhexanoate, Triisostearyl Citrate, Ethylene\/Propylene\/Styrene Copolymer, Octyldodecanol, Flavor (Aroma), Mica, Iron Oxides (CI 77491), Titanium Dioxide (CI 77891), Butylene\/Ethylene\/Styrene Copolymer, Red 33 Lake (CI 17200), Sodium Saccharin, Linalyl acetate, Amyl Cinnamal, Hydroxycitronellal, Geranyl acetate, Iron Oxides (CI 77499), Linalool, Vanillin, Rose Ketones, Cinnamal, Sorbitan Oleate<br \/>\nIngredients are subject to change. For an accurate list of ingredients, please refer to the product packaging.<\/p>\n<\/div>\n<p>\u0411\u043b\u0435\u0441\u043a \u043e\u0442 Victoria\u2019s Secret. \u0410\u0440\u043e\u043c\u0430\u0442\u043d\u044b\u0435 \u0431\u043b\u0435\u0441\u043a\u0438 \u0434\u043b\u044f \u0433\u0443\u0431 \u0441 \u0443\u0432\u043b\u0430\u0436\u043d\u044f\u044e\u0449\u0435\u0439 \u0444\u043e\u0440\u043c\u0443\u043b\u043e\u0439 \u0438 \u043d\u0435\u0436\u043d\u044b\u043c \u043c\u0435\u0440\u0446\u0430\u043d\u0438\u0435\u043c. \u041b\u0435\u0433\u043a\u0430\u044f \u0442\u0435\u043a\u0441\u0442\u0443\u0440\u0430, \u043f\u0440\u0438\u044f\u0442\u043d\u044b\u0435 \u0432\u043a\u0443\u0441\u043e\u0432\u044b\u0435 \u043d\u043e\u0442\u043a\u0438 \u0438 \u0433\u043b\u044f\u043d\u0446\u0435\u0432\u044b\u0439 \u0444\u0438\u043d\u0438\u0448 \u0434\u0435\u043b\u0430\u044e\u0442 \u0438\u0445 \u0438\u0434\u0435\u0430\u043b\u044c\u043d\u044b\u043c \u0432\u044b\u0431\u043e\u0440\u043e\u043c \u0434\u043b\u044f \u043b\u044e\u0431\u043e\u0433\u043e \u0441\u043b\u0443\u0447\u0430\u044f.<\/p>\n<\/details>\n","protected":false},"featured_media":22349,"template":"","meta":{"jetpack_publicize_message":"","jetpack_publicize_feature_enabled":true,"jetpack_social_post_already_shared":true,"jetpack_social_options":{"image_generator_settings":{"template":"highway","default_image_id":0,"font":"","enabled":false},"version":2}},"product_brand":[],"product_cat":[911,933,341],"product_tag":[],"class_list":{"0":"post-22336","1":"product","2":"type-product","3":"status-publish","4":"has-post-thumbnail","6":"product_cat-huuled","7":"product_cat-victorias-secret-lip-glosses","8":"product_cat-victorias-secret","9":"pa_varv-candied-apple","10":"pa_varv-dazzling-fig","11":"pa_varv-lustrous-mint","12":"pa_varv-radiant-toffee","13":"pa_varv-sparkling-pear","15":"first","16":"outofstock","17":"sale","18":"shipping-taxable","19":"product-type-variable"},"jetpack_publicize_connections":[],"jetpack_sharing_enabled":true,"jetpack_likes_enabled":true,"_links":{"self":[{"href":"https:\/\/superstore.ee\/index.php\/wp-json\/wp\/v2\/product\/22336","targetHints":{"allow":["GET"]}}],"collection":[{"href":"https:\/\/superstore.ee\/index.php\/wp-json\/wp\/v2\/product"}],"about":[{"href":"https:\/\/superstore.ee\/index.php\/wp-json\/wp\/v2\/types\/product"}],"wp:featuredmedia":[{"embeddable":true,"href":"https:\/\/superstore.ee\/index.php\/wp-json\/wp\/v2\/media\/22349"}],"wp:attachment":[{"href":"https:\/\/superstore.ee\/index.php\/wp-json\/wp\/v2\/media?parent=22336"}],"wp:term":[{"taxonomy":"product_brand","embeddable":true,"href":"https:\/\/superstore.ee\/index.php\/wp-json\/wp\/v2\/product_brand?post=22336"},{"taxonomy":"product_cat","embeddable":true,"href":"https:\/\/superstore.ee\/index.php\/wp-json\/wp\/v2\/product_cat?post=22336"},{"taxonomy":"product_tag","embeddable":true,"href":"https:\/\/superstore.ee\/index.php\/wp-json\/wp\/v2\/product_tag?post=22336"}],"curies":[{"name":"wp","href":"https:\/\/api.w.org\/{rel}","templated":true}]}}