{"id":22378,"date":"2025-03-11T11:46:14","date_gmt":"2025-03-11T09:46:14","guid":{"rendered":"https:\/\/superstore.ee\/?post_type=product&#038;p=22378"},"modified":"2026-01-22T19:19:37","modified_gmt":"2026-01-22T17:19:37","slug":"victorias-secret-parfumeeritud-kehalosjoon-236ml-bestseller","status":"publish","type":"product","link":"https:\/\/superstore.ee\/index.php\/toode\/victorias-secret-parfumeeritud-kehalosjoon-236ml-bestseller\/","title":{"rendered":"Victoria\u2019s Secret Fragrance Lotion BESTSELLER \u2b50"},"content":{"rendered":"","protected":false},"excerpt":{"rendered":"<p><span style=\"font-weight: 400;\">Victoria\u2019s Secret l\u00f5hnastatud kehalosjoon (236ml) BESTSELLER<\/span><span style=\"font-weight: 400;\">\u00a0<\/span><\/p>\n<p><span style=\"font-weight: 400;\">Kas teadsite, et Victoria&#8217;s Secret&#8217;i k\u00f5ige populaarsem ja traditsioonilisem kehaspreide ja -losjoonide sari ilmus 1990. aastal?!<\/span><\/p>\n<p><span style=\"font-weight: 400;\">N\u00fc\u00fcd on m\u00f6\u00f6dunud juba 24 aastat ja just see kollektsioon on endiselt ikooniline ning j\u00e4tkuvalt k\u00f5ige populaarsem ja enim ostetud. Victoria&#8217;s Secret Fantasies (varem tuntud kui Secret Garden). Kokku on selles 10 erinevat l\u00f5hna. Tahame teile tutvustada neist 4, mis on bestsellerid:<\/span><\/p>\n<ol>\n<li><span style=\"font-weight: 400;\"><strong>Love Spell<\/strong> \u2014 kirsipuu \u00f5ite ja v\u00e4rske virsiku nootidega, see on \u00fcks br\u00e4ndi k\u00f5ige \u00e4ratuntavamaid ja armastatumaid l\u00f5hnu.<\/span><\/li>\n<li><span style=\"font-weight: 400;\"><strong>Pure Seduction<\/strong> \u2014 punase ploomi ja freesia kombinatsioon teeb selle l\u00f5hna populaarseks valikuks.<\/span><\/li>\n<li><strong>Bare Vanilla<\/strong> \u2014 pehme ja soe l\u00f5hn vanilli ja ka\u0161miiri nootidega.<\/li>\n<li><span style=\"font-weight: 400;\"><strong>Velvet Petals<\/strong> \u2014 h\u00f5rkjalt puuviljane, magus, puuvilja-lilleline, kreemjas l\u00f5hn \u00f5itseva gardeenia ja mandliglasuuri nootidega.<\/span><\/li>\n<\/ol>\n<p><span style=\"font-weight: 400;\">See kollektsioon on tuntud oma p\u00fcsivate ja meeldivate l\u00f5hnade poolest, mida saab kasutada kogu p\u00e4eva v\u00e4ltel kerge ja v\u00e4rskendava efekti loomiseks.<\/span><\/p>\n<details>\n<summary>Details<\/summary>\n<div translate=\"no\">\n<p><span style=\"font-weight: 400;\">Victoria\u2019s Secret Body Fragrance Lotion (236ml) <\/span>BESTSELLERDid you know that Victoria&#8217;s Secret&#8217;s most popular and traditional series of body sprays and lotions was released in 1990?!<\/p>\n<p>And now, 24 years later, this collection remains iconic and the most popular and purchased. Victoria&#8217;s Secret Fantasies (formerly known as Secret Garden). It features a total of 10 different fragrances. We want to present to you 4 of them, which are bestsellers:<\/p>\n<ol>\n<li><strong>Love Spell<\/strong> \u2014 with notes of cherry blossom and fresh peach, this is one of the brand&#8217;s most recognizable and beloved fragrances.<\/li>\n<li><strong>Pure Seduction<\/strong> \u2014 a combination of red plum and freesia makes this a popular choice.<\/li>\n<li><strong>Bare Vanilla<\/strong> \u2014 a soft and warm fragrance with notes of vanilla and cashmere.<\/li>\n<li><strong>Velvet Petals<\/strong> \u2014 with notes of juicy pomegranate and vanilla flowers, this fragrance is also very popular.<\/li>\n<\/ol>\n<p>This collection is known for its long-lasting and pleasant scents, which can be used throughout the day to create a light and refreshing effect.<\/p>\n<p>INGREDIENTS:<br \/>\nStearic Acid, Phenoxyethanol, Dimethicone, Hexamethylindanopyran, Acrylates\/C10-30 Alkyl Acrylate Crosspolymer, Chlorphenesin, Potassium Sorbate, Xanthan Gum, Sodium Hydroxide, Vanillin, Ethylhexylglycerin, Tetramethyl acetyloctahydronaphthalenes, Disodium EDTA, Hexadecanolactone, Linalyl acetate, Limonene, Linalool, Pinene, Citrus Aurantium Peel Oil, Benzyl Alcohol, Tocopheryl Acetate, Aloe Barbadensis Leaf Juice, Water (Aqua, Eau), Mineral Oil (Paraffinum Liquidum, Huile min\u00e9rale), Glycerin, Fragrance (Parfum), Cetyl Alcohol, Glyceryl Stearate, PEG-100 Stearate, Palmitic Acid<br \/>\nIngredients are subject to change. For an accurate list of ingredients, please refer to the product packaging.<\/p>\n<\/div>\n<p>Victoria\u2019s Secret \u043f\u0430\u0440\u0444\u044e\u043c\u0438\u0440\u043e\u0432\u0430\u043d\u043d\u044b\u0439 \u043b\u043e\u0441\u044c\u043e\u043d \u0434\u043b\u044f \u0442\u0435\u043b\u0430 (\u043a\u0440\u0435\u043c \u0434\u043b\u044f \u0442\u0435\u043b\u0430)<\/p>\n<ol>\n<li><strong>Love Spell<\/strong> \u2014 \u0441 \u043d\u043e\u0442\u0430\u043c\u0438 \u0446\u0432\u0435\u0442\u043a\u0430 \u0432\u0438\u0448\u043d\u0438 \u0438 \u0441\u0432\u0435\u0436\u0435\u0433\u043e \u043f\u0435\u0440\u0441\u0438\u043a\u0430, \u044d\u0442\u043e \u043e\u0434\u0438\u043d \u0438\u0437 \u0441\u0430\u043c\u044b\u0445 \u0443\u0437\u043d\u0430\u0432\u0430\u0435\u043c\u044b\u0445 \u0438 \u043b\u044e\u0431\u0438\u043c\u044b\u0445 \u0430\u0440\u043e\u043c\u0430\u0442\u043e\u0432 \u0431\u0440\u0435\u043d\u0434\u0430.<\/li>\n<li><span style=\"font-weight: 400;\"><strong>Pure Seduction<\/strong> \u2014 \u0441\u043e\u0447\u0435\u0442\u0430\u043d\u0438\u0435 \u043a\u0440\u0430\u0441\u043d\u043e\u0439 \u0441\u043b\u0438\u0432\u044b \u0438 \u0444\u0440\u0435\u0437\u0438\u0438 \u0434\u0435\u043b\u0430\u0435\u0442 \u044d\u0442\u043e\u0442 \u0430\u0440\u043e\u043c\u0430\u0442 \u043f\u043e\u043f\u0443\u043b\u044f\u0440\u043d\u044b\u043c \u0432\u044b\u0431\u043e\u0440\u043e\u043c.<\/span><\/li>\n<li><span style=\"font-weight: 400;\"><strong>Bare Vanilla<\/strong> \u2014 \u043c\u044f\u0433\u043a\u0438\u0439 \u0438 \u0442\u0435\u043f\u043b\u044b\u0439 \u0430\u0440\u043e\u043c\u0430\u0442 \u0441 \u043d\u043e\u0442\u0430\u043c\u0438 \u0432\u0430\u043d\u0438\u043b\u0438 \u0438 \u043a\u0430\u0448\u043c\u0438\u0440\u0430.<\/span><\/li>\n<li><span style=\"font-weight: 400;\"><strong>Velvet Petals<\/strong> \u2014 \u0444\u0440\u0443\u043a\u0442\u043e\u0432\u044b\u0439 \u0433\u0443\u0440\u043c\u0430\u043d\u0441\u043a\u0438\u0439, \u0441\u043b\u0430\u0434\u043a\u0438\u0439, \u0444\u0440\u0443\u043a\u0442\u043e\u0432\u043e-\u0446\u0432\u0435\u0442\u043e\u0447\u043d\u044b\u0439, \u043a\u0440\u0435\u043c\u043e\u0432\u044b\u0439 \u0430\u0440\u043e\u043c\u0430\u0442 \u0441 \u043d\u043e\u0442\u043a\u0430\u043c\u0438 \u0446\u0432\u0435\u0442\u0443\u0449\u0435\u0439 \u0433\u0430\u0440\u0434\u0435\u043d\u0438\u0438 \u0438 \u043c\u0438\u043d\u0434\u0430\u043b\u044c\u043d\u043e\u0439 \u0433\u043b\u0430\u0437\u0443\u0440\u0438.<\/span><\/li>\n<\/ol>\n<\/details>\n","protected":false},"featured_media":16172,"template":"","meta":{"jetpack_publicize_message":"","jetpack_publicize_feature_enabled":true,"jetpack_social_post_already_shared":true,"jetpack_social_options":{"image_generator_settings":{"template":"highway","default_image_id":0,"font":"","enabled":false},"version":2}},"product_brand":[],"product_cat":[926,912,341],"product_tag":[],"class_list":{"0":"post-22378","1":"product","2":"type-product","3":"status-publish","4":"has-post-thumbnail","6":"product_cat-victorias-secret-body-lotions","7":"product_cat-nahahooldus","8":"product_cat-victorias-secret","9":"pa_lohn-amber-romance","10":"pa_lohn-aqua-kiss","11":"pa_lohn-bare-vanilla","12":"pa_lohn-coconut-passion","13":"pa_lohn-love-spell","14":"pa_lohn-midnight-bloom","15":"pa_lohn-pear-glace","16":"pa_lohn-pure-seduction","17":"pa_lohn-strawberries-champagne","18":"pa_lohn-velvet-petals","20":"first","21":"outofstock","22":"sale","23":"shipping-taxable","24":"product-type-variable"},"jetpack_publicize_connections":[],"jetpack_sharing_enabled":true,"jetpack_likes_enabled":true,"_links":{"self":[{"href":"https:\/\/superstore.ee\/index.php\/wp-json\/wp\/v2\/product\/22378","targetHints":{"allow":["GET"]}}],"collection":[{"href":"https:\/\/superstore.ee\/index.php\/wp-json\/wp\/v2\/product"}],"about":[{"href":"https:\/\/superstore.ee\/index.php\/wp-json\/wp\/v2\/types\/product"}],"wp:featuredmedia":[{"embeddable":true,"href":"https:\/\/superstore.ee\/index.php\/wp-json\/wp\/v2\/media\/16172"}],"wp:attachment":[{"href":"https:\/\/superstore.ee\/index.php\/wp-json\/wp\/v2\/media?parent=22378"}],"wp:term":[{"taxonomy":"product_brand","embeddable":true,"href":"https:\/\/superstore.ee\/index.php\/wp-json\/wp\/v2\/product_brand?post=22378"},{"taxonomy":"product_cat","embeddable":true,"href":"https:\/\/superstore.ee\/index.php\/wp-json\/wp\/v2\/product_cat?post=22378"},{"taxonomy":"product_tag","embeddable":true,"href":"https:\/\/superstore.ee\/index.php\/wp-json\/wp\/v2\/product_tag?post=22378"}],"curies":[{"name":"wp","href":"https:\/\/api.w.org\/{rel}","templated":true}]}}