{"id":22383,"date":"2025-03-11T11:46:17","date_gmt":"2025-03-11T09:46:17","guid":{"rendered":"https:\/\/superstore.ee\/?post_type=product&#038;p=22383"},"modified":"2026-02-01T17:51:02","modified_gmt":"2026-02-01T15:51:02","slug":"victorias-secret-kehasprei-fragrance-mist-250ml-bestseller","status":"publish","type":"product","link":"https:\/\/superstore.ee\/index.php\/toode\/victorias-secret-kehasprei-fragrance-mist-250ml-bestseller\/","title":{"rendered":"Victoria\u2019s Secret kehasprei Fragrance Mist (250ml) BESTSELLER \u2b50"},"content":{"rendered":"","protected":false},"excerpt":{"rendered":"<p><span style=\"font-weight: 400;\">Victoria\u2019s Secret parf\u00fcmeeritud kehasprei (250ml) BESTSELLER<\/span><span style=\"font-weight: 400;\">\u00a0<\/span><\/p>\n<p><span style=\"font-weight: 400;\">Kas teadsite, et Victoria&#8217;s Secret&#8217;i k\u00f5ige populaarsem ja traditsioonilisem kehaspreide ja -losjoonide sari ilmus 1990. aastal?!<\/span><\/p>\n<p><span style=\"font-weight: 400;\">N\u00fc\u00fcd on m\u00f6\u00f6dunud juba 24 aastat ja just see kollektsioon on endiselt ikooniline ning j\u00e4tkuvalt k\u00f5ige populaarsem ja enim ostetud. Victoria&#8217;s Secret Fantasies (varem tuntud kui Secret Garden). Kokku on selles 10 erinevat l\u00f5hna. Tahame teile tutvustada neist 4, mis on bestsellerid:<\/span><\/p>\n<ol>\n<li><span style=\"font-weight: 400;\"><strong>Love Spell<\/strong> \u2014 kirsipuu \u00f5ite ja v\u00e4rske virsiku nootidega, see on \u00fcks br\u00e4ndi k\u00f5ige \u00e4ratuntavamaid ja armastatumaid l\u00f5hnu.<\/span><\/li>\n<li><span style=\"font-weight: 400;\"><strong>Pure Seduction<\/strong> \u2014 punase ploomi ja freesia kombinatsioon teeb selle l\u00f5hna populaarseks valikuks.<\/span><\/li>\n<li><strong>Bare Vanilla<\/strong> \u2014 pehme ja soe l\u00f5hn vanilli ja ka\u0161miiri nootidega.<\/li>\n<li><span style=\"font-weight: 400;\"><strong>Velvet Petals<\/strong> \u2014 h\u00f5rkjalt puuviljane, magus, puuvilja-lilleline, kreemjas l\u00f5hn \u00f5itseva gardeenia ja mandliglasuuri nootidega.<\/span><\/li>\n<\/ol>\n<p><span style=\"font-weight: 400;\">See kollektsioon on tuntud oma p\u00fcsivate ja meeldivate l\u00f5hnade poolest, mida saab kasutada kogu p\u00e4eva v\u00e4ltel kerge ja v\u00e4rskendava efekti loomiseks.<\/span><\/p>\n<details>\n<summary>Details<\/summary>\n<div translate=\"no\">\n<p>Victoria\u2019s Secret Body Fragrance Mist (250ml) BESTSELLERDid you know that Victoria&#8217;s Secret&#8217;s most popular and traditional series of body sprays and lotions was released in 1990?!<\/p>\n<p>And now, 24 years later, this collection remains iconic and the most popular and purchased. Victoria&#8217;s Secret Fantasies (formerly known as Secret Garden). It features a total of 10 different fragrances. We want to present to you 4 of them, which are bestsellers:<\/p>\n<p>Love Spell \u2014 with notes of cherry blossom and fresh peach, this is one of the brand&#8217;s most recognizable and beloved fragrances.<br \/>\nPure Seduction \u2014 a combination of red plum and freesia makes this a popular choice.<br \/>\nBare Vanilla \u2014 a soft and warm fragrance with notes of vanilla and cashmere.<br \/>\nVelvet Petals \u2014 with notes of juicy pomegranate and vanilla flowers, this fragrance is also very popular.<\/p>\n<p>This collection is known for its long-lasting and pleasant scents, which can be used throughout the day to create a light and refreshing effect.<\/p>\n<p>INGREDIENTS:<br \/>\nAlcohol Denat., Water (Aqua, Eau), Fragrance (Parfum), Propylene Glycol, Glycerin, Vanillin, Limonene, Tetramethyl acetyloctahydronaphthalenes, Linalool, Linalyl acetate, Citrus Aurantium Bergamia Peel Oil, Pinene, Citronellol, Hexyl Cinnamal, PPG-26-Buteth-26, PEG-40 Hydrogenated Castor Oil, Ethylhexyl Methoxycinnamate, Ethylhexyl Salicylate, Butyl Methoxydibenzoylmethane<br \/>\nIngredients are subject to change. For an accurate list of ingredients, please refer to the product packaging.<\/p>\n<\/div>\n<p>Victoria\u2019s Secret \u043f\u0430\u0440\u0444\u044e\u043c\u0438\u0440\u043e\u0432\u0430\u043d\u043d\u044b\u0439 \u0441\u043f\u0440\u0435\u0439 \u0434\u043b\u044f \u0442\u0435\u043b\u0430 (250ml) BESTSELLER<\/p>\n<p>\u0410 \u0432\u044b \u0437\u043d\u0430\u043b\u0438, \u0447\u0442\u043e \u0441\u0430\u043c\u0430\u044f \u043f\u043e\u043f\u0443\u043b\u044f\u0440\u043d\u0430\u044f \u0438 \u0442\u0440\u0430\u0434\u0438\u0446\u0438\u043e\u043d\u043d\u0430\u044f \u0441\u0435\u0440\u0438\u044f \u0441\u043f\u0440\u0435\u0435\u0432 \u0438 \u043b\u043e\u0441\u044c\u043e\u043d\u043e\u0432 \u0434\u043b\u044f \u0442\u0435\u043b\u0430 \u043e\u0442 Victoria&#8217;s Secret \u0431\u044b\u043b\u0430 \u0432\u044b\u043f\u0443\u0449\u0435\u043d\u0430 \u0432 1990 \u0433\u043e\u0434\u0443?!<\/p>\n<p>\u0418 \u0432\u043e\u0442 \u043f\u0440\u043e\u0448\u043b\u043e \u0443\u0436\u0435 24 \u0433\u043e\u0434\u0430, \u0430 \u0438\u043c\u0435\u043d\u043d\u043e \u044d\u0442\u0430 \u043a\u043e\u043b\u043b\u0435\u043a\u0446\u0438\u044f \u043a\u0443\u043b\u044c\u0442\u043e\u0432\u0430\u044f \u0438 \u043f\u0440\u043e\u0434\u043e\u043b\u0436\u0430\u0435\u0442 \u0431\u044b\u0442\u044c \u0441\u0430\u043c\u043e\u0439 \u043f\u043e\u043f\u0443\u043b\u044f\u0440\u043d\u043e\u0439 \u0438 \u043f\u043e\u043a\u0443\u043f\u0430\u0435\u043c\u043e\u0439. Victoria&#8217;s Secret Fantasies (\u0440\u0430\u043d\u0435\u0435 \u0438\u0437\u0432\u0435\u0441\u0442\u043d\u0430\u044f \u043a\u0430\u043a Secret Garden). \u0412\u0441\u0435\u0433\u043e \u0432 \u043d\u0435\u0439 10 \u0432\u0438\u0434\u043e\u0432 \u0440\u0430\u0437\u043b\u0438\u0447\u043d\u044b\u0445 \u0430\u0440\u043e\u043c\u0430\u0442\u043e\u0432. \u041c\u044b \u0445\u043e\u0442\u0438\u043c \u0432\u0430\u043c \u043f\u0440\u0435\u0434\u0441\u0442\u0430\u0432\u0438\u0442\u044c 4 \u0438\u0437 \u043d\u0438\u0445, \u043a\u043e\u0442\u043e\u0440\u044b\u0435 \u044f\u0432\u043b\u044f\u044e\u0442\u0441\u044f \u0431\u0435\u0441\u0442\u0441\u0435\u043b\u043b\u0435\u0440\u0430\u043c\u0438:<\/p>\n<p>Love Spell \u2014 \u0441 \u043d\u043e\u0442\u0430\u043c\u0438 \u0446\u0432\u0435\u0442\u043a\u0430 \u0432\u0438\u0448\u043d\u0438 \u0438 \u0441\u0432\u0435\u0436\u0435\u0433\u043e \u043f\u0435\u0440\u0441\u0438\u043a\u0430, \u044d\u0442\u043e \u043e\u0434\u0438\u043d \u0438\u0437 \u0441\u0430\u043c\u044b\u0445 \u0443\u0437\u043d\u0430\u0432\u0430\u0435\u043c\u044b\u0445 \u0438 \u043b\u044e\u0431\u0438\u043c\u044b\u0445 \u0430\u0440\u043e\u043c\u0430\u0442\u043e\u0432 \u0431\u0440\u0435\u043d\u0434\u0430.<br \/>\nPure Seduction \u2014 \u0441\u043e\u0447\u0435\u0442\u0430\u043d\u0438\u0435 \u043a\u0440\u0430\u0441\u043d\u043e\u0439 \u0441\u043b\u0438\u0432\u044b \u0438 \u0444\u0440\u0435\u0437\u0438\u0438 \u0434\u0435\u043b\u0430\u0435\u0442 \u044d\u0442\u043e\u0442 \u0430\u0440\u043e\u043c\u0430\u0442 \u043f\u043e\u043f\u0443\u043b\u044f\u0440\u043d\u044b\u043c \u0432\u044b\u0431\u043e\u0440\u043e\u043c.<br \/>\nBare Vanilla \u2014 \u043c\u044f\u0433\u043a\u0438\u0439 \u0438 \u0442\u0435\u043f\u043b\u044b\u0439 \u0430\u0440\u043e\u043c\u0430\u0442 \u0441 \u043d\u043e\u0442\u0430\u043c\u0438 \u0432\u0430\u043d\u0438\u043b\u0438 \u0438 \u043a\u0430\u0448\u043c\u0438\u0440\u0430.<br \/>\nVelvet Petals \u2014 \u0444\u0440\u0443\u043a\u0442\u043e\u0432\u044b\u0439 \u0433\u0443\u0440\u043c\u0430\u043d\u0441\u043a\u0438\u0439, \u0441\u043b\u0430\u0434\u043a\u0438\u0439, \u0444\u0440\u0443\u043a\u0442\u043e\u0432\u043e-\u0446\u0432\u0435\u0442\u043e\u0447\u043d\u044b\u0439, \u043a\u0440\u0435\u043c\u043e\u0432\u044b\u0439 \u0430\u0440\u043e\u043c\u0430\u0442 \u0441 \u043d\u043e\u0442\u043a\u0430\u043c\u0438 \u0446\u0432\u0435\u0442\u0443\u0449\u0435\u0439 \u0433\u0430\u0440\u0434\u0435\u043d\u0438\u0438 \u0438 \u043c\u0438\u043d\u0434\u0430\u043b\u044c\u043d\u043e\u0439 \u0433\u043b\u0430\u0437\u0443\u0440\u0438.<\/p>\n<p>\u042d\u0442\u0430 \u043a\u043e\u043b\u043b\u0435\u043a\u0446\u0438\u044f \u0438\u0437\u0432\u0435\u0441\u0442\u043d\u0430 \u0441\u0432\u043e\u0438\u043c\u0438 \u0441\u0442\u043e\u0439\u043a\u0438\u043c\u0438 \u0438 \u043f\u0440\u0438\u044f\u0442\u043d\u044b\u043c\u0438 \u0430\u0440\u043e\u043c\u0430\u0442\u0430\u043c\u0438, \u043a\u043e\u0442\u043e\u0440\u044b\u0435 \u043c\u043e\u0436\u043d\u043e \u0438\u0441\u043f\u043e\u043b\u044c\u0437\u043e\u0432\u0430\u0442\u044c \u0432 \u0442\u0435\u0447\u0435\u043d\u0438\u0435 \u0432\u0441\u0435\u0433\u043e \u0434\u043d\u044f \u0434\u043b\u044f \u0441\u043e\u0437\u0434\u0430\u043d\u0438\u044f \u043b\u0435\u0433\u043a\u043e\u0433\u043e \u0438 \u043e\u0441\u0432\u0435\u0436\u0430\u044e\u0449\u0435\u0433\u043e \u044d\u0444\u0444\u0435\u043a\u0442\u0430.<\/p>\n<\/details>\n","protected":false},"featured_media":16182,"template":"","meta":{"jetpack_publicize_message":"","jetpack_publicize_feature_enabled":true,"jetpack_social_post_already_shared":true,"jetpack_social_options":{"image_generator_settings":{"template":"highway","default_image_id":0,"font":"","enabled":false},"version":2}},"product_brand":[],"product_cat":[927,910,341],"product_tag":[],"class_list":{"0":"post-22383","1":"product","2":"type-product","3":"status-publish","4":"has-post-thumbnail","6":"product_cat-victorias-secret-body-mists","7":"product_cat-kehaspreid","8":"product_cat-victorias-secret","9":"pa_lohn-bare-vanilla","10":"pa_lohn-love-spell","11":"pa_lohn-pure-seduction","12":"pa_lohn-velvet-petals","14":"first","15":"outofstock","16":"sale","17":"shipping-taxable","18":"product-type-variable"},"jetpack_publicize_connections":[],"jetpack_sharing_enabled":true,"jetpack_likes_enabled":true,"_links":{"self":[{"href":"https:\/\/superstore.ee\/index.php\/wp-json\/wp\/v2\/product\/22383","targetHints":{"allow":["GET"]}}],"collection":[{"href":"https:\/\/superstore.ee\/index.php\/wp-json\/wp\/v2\/product"}],"about":[{"href":"https:\/\/superstore.ee\/index.php\/wp-json\/wp\/v2\/types\/product"}],"wp:featuredmedia":[{"embeddable":true,"href":"https:\/\/superstore.ee\/index.php\/wp-json\/wp\/v2\/media\/16182"}],"wp:attachment":[{"href":"https:\/\/superstore.ee\/index.php\/wp-json\/wp\/v2\/media?parent=22383"}],"wp:term":[{"taxonomy":"product_brand","embeddable":true,"href":"https:\/\/superstore.ee\/index.php\/wp-json\/wp\/v2\/product_brand?post=22383"},{"taxonomy":"product_cat","embeddable":true,"href":"https:\/\/superstore.ee\/index.php\/wp-json\/wp\/v2\/product_cat?post=22383"},{"taxonomy":"product_tag","embeddable":true,"href":"https:\/\/superstore.ee\/index.php\/wp-json\/wp\/v2\/product_tag?post=22383"}],"curies":[{"name":"wp","href":"https:\/\/api.w.org\/{rel}","templated":true}]}}