{"id":22411,"date":"2025-03-12T12:57:14","date_gmt":"2025-03-12T10:57:14","guid":{"rendered":"https:\/\/superstore.ee\/?post_type=product&#038;p=22411"},"modified":"2026-01-19T06:03:13","modified_gmt":"2026-01-19T04:03:13","slug":"palsam-ja-kulmupliiats-2-in-1-kiko-milano","status":"publish","type":"product","link":"https:\/\/superstore.ee\/index.php\/toode\/palsam-ja-kulmupliiats-2-in-1-kiko-milano\/","title":{"rendered":"KIKO Milano Balm And Pencil Eyebrow Duo 2-In-1 Perfecting Eyebrow Pencil"},"content":{"rendered":"","protected":false},"excerpt":{"rendered":"<div class=\"woocommerce-product-details__short-description\">\nPalsam ja Kulmupliiats 2-in-1 KIKO Milano<\/p>\n<ul>\n<li>Palsam sisaldab sheav\u00f5id ja \u00f5una seemne\u00f5li, kreemjas niisutav tekstuur<\/li>\n<li>V\u00e4rviline pliiats on rikastatud orgaanilise mastika\u00f5liga<\/li>\n<li>Mugav stick-formaat v\u00f5imaldab toodet kulmudele kergesti ja \u00fchtlaselt kanda<\/li>\n<\/ul>\n<p>Kandke palsam kulmudele \u00fchtlaselt \u00f5rnade liigutustega alt \u00fclespoole. Kandke pliiats peente joontena kogu kulmude pikkuses, alustades algusest. J\u00e4rgides kulmude kuju, t\u00e4itke h\u00f5reasjalised piirkonnad.\n<\/p><\/div>\n<details>\n<summary>Details<\/summary>\n<div translate=\"no\">\nKIKO Milano Balm and pencil eyebrow duo Blue Me 2-In-1 Perfecting Eyebrow Pencil<\/p>\n<ul>\n<li>the balm contains shea butter and recovered apple seed oil and has a creamy, emollient texture<\/li>\n<li>the coloured pencil, enriched with organic mastic oil<\/li>\n<li>the handy stick format of the balm allows the product to be applied to the eyebrows easily and evenly<\/li>\n<\/ul>\n<\/div>\n<p>\u0411\u0430\u043b\u044c\u0437\u0430\u043c \u0438 \u041a\u0430\u0440\u0430\u043d\u0434\u0430\u0448 \u0434\u043b\u044f \u00a0\u0431\u0440\u043e\u0432\u0435\u0439 KIKO Milano 2-\u0432-1<\/p>\n<ul>\n<li>\u0431\u0430\u043b\u044c\u0437\u0430\u043c \u0441\u043e\u0434\u0435\u0440\u0436\u0438\u0442 \u043c\u0430\u0441\u043b\u043e \u0448\u0438 \u0438 \u043c\u0430\u0441\u043b\u043e \u044f\u0431\u043b\u043e\u0447\u043d\u044b\u0445 \u0441\u0435\u043c\u044f\u043d, \u043e\u0431\u043b\u0430\u0434\u0430\u0435\u0442 \u043a\u0440\u0435\u043c\u043e\u0432\u043e\u0439, \u0443\u0432\u043b\u0430\u0436\u043d\u044f\u044e\u0449\u0435\u0439 \u0442\u0435\u043a\u0441\u0442\u0443\u0440\u043e\u0439<\/li>\n<li>\u0446\u0432\u0435\u0442\u043d\u043e\u0439 \u043a\u0430\u0440\u0430\u043d\u0434\u0430\u0448, \u043e\u0431\u043e\u0433\u0430\u0449\u0435\u043d \u043e\u0440\u0433\u0430\u043d\u0438\u0447\u0435\u0441\u043a\u0438\u043c \u043c\u0430\u0441\u043b\u043e\u043c \u043c\u0430\u0441\u0442\u0438\u043a\u0438<\/li>\n<li>\u0443\u0434\u043e\u0431\u043d\u044b\u0439 \u0441\u0442\u0438\u043a-\u0444\u043e\u0440\u043c\u0430\u0442 \u043f\u043e\u0437\u0432\u043e\u043b\u044f\u0435\u0442 \u043b\u0435\u0433\u043a\u043e \u0438 \u0440\u0430\u0432\u043d\u043e\u043c\u0435\u0440\u043d\u043e \u043d\u0430\u043d\u043e\u0441\u0438\u0442\u044c \u043f\u0440\u043e\u0434\u0443\u043a\u0442 \u043d\u0430 \u0431\u0440\u043e\u0432\u0438<\/li>\n<\/ul>\n<p>\u0420\u0430\u0432\u043d\u043e\u043c\u0435\u0440\u043d\u043e \u043d\u0430\u043d\u0435\u0441\u0438\u0442\u0435 \u0411\u0430\u043b\u044c\u0437\u0430\u043c \u043d\u0430 \u0431\u0440\u043e\u0432\u0438 \u043d\u0435\u0436\u043d\u044b\u043c\u0438 \u0434\u0432\u0438\u0436\u0435\u043d\u0438\u044f\u043c\u0438 \u0441\u043d\u0438\u0437\u0443 \u0432\u0432\u0435\u0440\u0445. \u041d\u0430\u043d\u0435\u0441\u0438\u0442\u0435 \u043a\u0430\u0440\u0430\u043d\u0434\u0430\u0448 \u043c\u0435\u043b\u043a\u0438\u043c\u0438 \u043b\u0438\u043d\u0438\u044f\u043c\u0438 \u043d\u0430 \u0432\u0441\u044e \u0434\u043b\u0438\u043d\u0443 \u0431\u0440\u043e\u0432\u0435\u0439, \u043d\u0430\u0447\u0438\u043d\u0430\u044f \u043e\u0442 \u043d\u0430\u0447\u0430\u043b\u0430. \u0421\u043b\u0435\u0434\u0443\u044f \u0437\u0430 \u0444\u043e\u0440\u043c\u043e\u0439 \u0431\u0440\u043e\u0432\u0435\u0439, \u0437\u0430\u043f\u043e\u043b\u043d\u0438\u0442\u0435 \u043e\u0431\u043b\u0430\u0441\u0442\u0438 \u0441 \u0440\u0435\u0434\u043a\u0438\u043c\u0438 \u0432\u043e\u043b\u043e\u0441\u0430\u043c\u0438.<br \/>\n<\/details>\n","protected":false},"featured_media":12116,"template":"","meta":{"jetpack_publicize_message":"","jetpack_publicize_feature_enabled":true,"jetpack_social_post_already_shared":true,"jetpack_social_options":{"image_generator_settings":{"template":"highway","default_image_id":0,"font":"","enabled":false},"version":2}},"product_brand":[],"product_cat":[973,340,981,631],"product_tag":[],"class_list":{"0":"post-22411","1":"product","2":"type-product","3":"status-publish","4":"has-post-thumbnail","6":"product_cat-makeup","7":"product_cat-kiko-milano","8":"product_cat-brows","9":"product_cat-sale","10":"pa_varv-02-auburn","11":"pa_varv-03-medium-brown","12":"pa_varv-04-granite","14":"first","15":"outofstock","16":"sale","17":"shipping-taxable","18":"product-type-variable"},"jetpack_publicize_connections":[],"jetpack_sharing_enabled":true,"jetpack_likes_enabled":true,"_links":{"self":[{"href":"https:\/\/superstore.ee\/index.php\/wp-json\/wp\/v2\/product\/22411","targetHints":{"allow":["GET"]}}],"collection":[{"href":"https:\/\/superstore.ee\/index.php\/wp-json\/wp\/v2\/product"}],"about":[{"href":"https:\/\/superstore.ee\/index.php\/wp-json\/wp\/v2\/types\/product"}],"wp:featuredmedia":[{"embeddable":true,"href":"https:\/\/superstore.ee\/index.php\/wp-json\/wp\/v2\/media\/12116"}],"wp:attachment":[{"href":"https:\/\/superstore.ee\/index.php\/wp-json\/wp\/v2\/media?parent=22411"}],"wp:term":[{"taxonomy":"product_brand","embeddable":true,"href":"https:\/\/superstore.ee\/index.php\/wp-json\/wp\/v2\/product_brand?post=22411"},{"taxonomy":"product_cat","embeddable":true,"href":"https:\/\/superstore.ee\/index.php\/wp-json\/wp\/v2\/product_cat?post=22411"},{"taxonomy":"product_tag","embeddable":true,"href":"https:\/\/superstore.ee\/index.php\/wp-json\/wp\/v2\/product_tag?post=22411"}],"curies":[{"name":"wp","href":"https:\/\/api.w.org\/{rel}","templated":true}]}}