{"id":22417,"date":"2025-03-12T13:03:50","date_gmt":"2025-03-12T11:03:50","guid":{"rendered":"https:\/\/superstore.ee\/?post_type=product&#038;p=22417"},"modified":"2025-04-12T14:52:54","modified_gmt":"2025-04-12T11:52:54","slug":"kiko-milano-jumestuskreem-spf15-skin-tone-foundation","status":"publish","type":"product","link":"https:\/\/superstore.ee\/index.php\/toode\/kiko-milano-jumestuskreem-spf15-skin-tone-foundation\/","title":{"rendered":"KKIKO Milano Skin Tone Foundation SPF15 (05 Cool Rose)"},"content":{"rendered":"","protected":false},"excerpt":{"rendered":"<p>KIKO Milano Jumestuskreem SPF15<\/p>\n<ul>\n<li>Esilet\u00f5stev vedel, kerge jumestuskreem sileda ja loomulikult s\u00e4deleva l\u00f5pptulemusega;<\/li>\n<li>Innovatiivne koostis sisaldab h\u00fcaluroonhapet ja niisutab nahka kuni 8 tundi;<\/li>\n<li>Tekstuur on \u00e4\u00e4rmiselt kerge ning tekitab mulje, nagu te ei kannaks meiki;<\/li>\n<li>Pakub keskmist, kuid \u00fclesehitatavat katvust, tundub meeldivalt jahedana ja kantakse kergesti peale;<\/li>\n<li>Sisaldab p\u00e4ikesekaitset, mis aitab kaitsta epidermist;<\/li>\n<li>Sobib k\u00f5igile nahat\u00fc\u00fcpidele;<\/li>\n<li>Mittekomedogeenne.<\/li>\n<\/ul>\n<p><strong>N\u00f5uanne:<\/strong> Alati raputage enne kasutamist. P\u00e4rast oma lemmik KIKO nahahooldustoodetega naha niisutamist kandke kreem peale Skin Foundation Brush\u2019iga, hajutades seda \u00fcle n\u00e4o ja kaela.<\/p>\n<details>\n<summary>Details<\/summary>\n<div translate=\"no\">KIKO Milano Skin Tone Foundation SPF15<\/p>\n<ul>\n<li>Highlighting liquid foundation with a smooth and naturally radiant finish;<\/li>\n<li>The innovative formula contains hyaluronic acid and hydrates the skin for up to eight hours;<\/li>\n<li>The texture is ultra-lightweight and makes it look as if you aren\u2019t wearing make-up;<\/li>\n<li>It provides medium yet buildable coverage, feels pleasantly cool and applies with ease;<\/li>\n<li>Contains sunscreen which helps to protect the epidermis;<\/li>\n<li>Suitable for all skin types;<\/li>\n<li>Non-comedogenic.<\/li>\n<\/ul>\n<p><strong>Advice: <\/strong>Always shake before use. After moisturizing your skin with your favorite KIKO skin care products, apply with the Skin Foundation Brush, blending over the face and neck.<\/p>\n<p>INGREDIENTS:<br \/>\nKIKO MILANO is dedicated to maintaining the accuracy of the ingredient lists on this website. However, because ingredients are subject to change, we cannot guarantee that these lists are complete and\/or up-to-date. For an accurate listing of ingredients in each product, please refer to your product packaging.<\/p>\n<p>AQUA (WATER\/EAU), DIMETHICONE, TALC, ETHYLHEXYL METHOXYCINNAMATE, PEG-10 DIMETHICONE, GLYCERIN, ZINC OXIDE, SORBITOL, PHENOXYETHANOL, ISODODECANE, BIS-PEG\/PPG-14\/14 DIMETHICONE, SODIUM CHLORIDE, DIMETHICONE\/VINYL DIMETHICONE CROSSPOLYMER, MAGNESIUM SULFATE, HYDROGEN DIMETHICONE, ETHYLENE BRASSYLATE, SODIUM DEHYDROACETATE, POTASSIUM SORBATE, ALUMINUM HYDROXIDE, BENZOIC ACID, DISTEARDIMONIUM HECTORITE, TRIETHOXYCAPRYLYLSILANE, DEHYDROACETIC ACID, PROPYLENE CARBONATE, ETHYLHEXYLGLYCERIN, SODIUM HYALURONATE, BHT. +\/- (MAY CONTAIN): CI 77891 (TITANIUM DIOXIDE), CI 77492 &#8211; CI 77491 &#8211; CI 77499 (IRON OXIDES).<\/p>\n<\/div>\n<p>KIKO Milano \u0422\u043e\u043d\u0430\u043b\u044c\u043d\u044b\u0439 \u043a\u0440\u0435\u043c Skin Tone Foundation SPF15<\/p>\n<ul>\n<li>\u041e\u0447\u0435\u043d\u044c \u0436\u0438\u0434\u043a\u0438\u0439, \u043b\u0451\u0433\u043a\u0438\u0439 \u0442\u043e\u043d\u0430\u043b\u044c\u043d\u044b\u0439 \u043a\u0440\u0435\u043c \u0441 \u0445\u0430\u0439\u043b\u0430\u0439\u0442\u0435\u0440\u043e\u043c, \u0434\u0430\u044e\u0449\u0438\u0439 \u0433\u043b\u0430\u0434\u043a\u043e\u0435 \u0438 \u0435\u0441\u0442\u0435\u0441\u0442\u0432\u0435\u043d\u043d\u043e \u0441\u0438\u044f\u044e\u0449\u0435\u0435 \u043f\u043e\u043a\u0440\u044b\u0442\u0438\u0435;<\/li>\n<li>\u0418\u043d\u043d\u043e\u0432\u0430\u0446\u0438\u043e\u043d\u043d\u0430\u044f \u0444\u043e\u0440\u043c\u0443\u043b\u0430 \u0441\u043e\u0434\u0435\u0440\u0436\u0438\u0442 \u0433\u0438\u0430\u043b\u0443\u0440\u043e\u043d\u043e\u0432\u0443\u044e \u043a\u0438\u0441\u043b\u043e\u0442\u0443. \u0423\u0432\u043b\u0430\u0436\u043d\u0435\u043d\u043d\u043e\u0441\u0442\u044c \u043a\u043e\u0436\u0438 \u0441\u043e\u0445\u0440\u0430\u043d\u044f\u0435\u0442\u0441\u044f \u0434\u043e 8 \u0447\u0430\u0441\u043e\u0432;<\/li>\n<li>\u041b\u0435\u0433\u043a\u0430\u044f, \u0441\u043a\u043e\u043b\u044c\u0437\u044f\u0449\u0430\u044f \u0442\u0435\u043a\u0441\u0442\u0443\u0440\u0430 \u043f\u043e\u0437\u0432\u043e\u043b\u044f\u0435\u0442 \u0441\u043e\u0437\u0434\u0430\u0442\u044c \u043c\u0430\u043a\u0438\u044f\u0436 \u00ab\u0431\u0435\u0437 \u043c\u0430\u043a\u0438\u044f\u0436\u0430\u00bb;<\/li>\n<li>\u0421\u0440\u0435\u0434\u043d\u044f\u044f \u043a\u0440\u043e\u044e\u0449\u0430\u044f \u0441\u043f\u043e\u0441\u043e\u0431\u043d\u043e\u0441\u0442\u044c \u0441 \u0432\u043e\u0437\u043c\u043e\u0436\u043d\u043e\u0441\u0442\u044c\u044e \u0440\u0435\u0433\u0443\u043b\u0438\u0440\u043e\u0432\u0430\u0442\u044c \u043f\u043b\u043e\u0442\u043d\u043e\u0441\u0442\u044c \u0434\u0430\u0440\u0438\u0442 \u043f\u0440\u0438\u044f\u0442\u043d\u0443\u044e \u043f\u0440\u043e\u0445\u043b\u0430\u0434\u0443 \u0438 \u0441 \u043b\u0435\u0433\u043a\u043e\u0441\u0442\u044c\u044e \u043d\u0430\u043d\u043e\u0441\u0438\u0442\u0441\u044f;<\/li>\n<li>\u0421\u043e\u0434\u0435\u0440\u0436\u0438\u0442 \u0441\u0440\u0435\u0434\u0441\u0442\u0432\u043e \u0437\u0430\u0449\u0438\u0442\u044b \u044d\u043f\u0438\u0434\u0435\u0440\u043c\u0438\u0441\u0430 \u043e\u0442 \u0441\u043e\u043b\u043d\u0435\u0447\u043d\u043e\u0433\u043e \u0432\u043e\u0437\u0434\u0435\u0439\u0441\u0442\u0432\u0438\u044f;<\/li>\n<li>\u041f\u043e\u0434\u0445\u043e\u0434\u0438\u0442 \u0434\u043b\u044f \u0432\u0441\u0435\u0445 \u0442\u0438\u043f\u043e\u0432 \u043a\u043e\u0436\u0438;<\/li>\n<li>\u041d\u0435 \u0432\u044b\u0437\u044b\u0432\u0430\u0435\u0442 \u0443\u0433\u0440\u0435\u0432\u043e\u0439 \u0441\u044b\u043f\u0438.<\/li>\n<\/ul>\n<p><strong>\u0421\u043e\u0432\u0435\u0442: <\/strong>\u041d\u0435\u043e\u0431\u0445\u043e\u0434\u0438\u043c\u043e \u0432\u0441\u0442\u0440\u044f\u0445\u043d\u0443\u0442\u044c \u043f\u0435\u0440\u0435\u0434 \u0438\u0441\u043f\u043e\u043b\u044c\u0437\u043e\u0432\u0430\u043d\u0438\u0435\u043c. \u0423\u0432\u043b\u0430\u0436\u043d\u0438\u0432 \u043a\u043e\u0436\u0443 \u043e\u0431\u044b\u0447\u043d\u044b\u043c \u0441\u0440\u0435\u0434\u0441\u0442\u0432\u043e\u043c \u0434\u043b\u044f \u0443\u0445\u043e\u0434\u0430 \u0437\u0430 \u043a\u043e\u0436\u0435\u0439 \u043e\u0442 KIKO, \u043d\u0430\u043d\u0435\u0441\u0442\u0438 \u043a\u0438\u0441\u0442\u044c\u044e Skin Foundation Brush, \u0440\u0430\u0441\u0442\u0443\u0448\u0435\u0432\u044b\u0432\u0430\u044f \u0442\u043e\u043d\u0430\u043b\u044c\u043d\u044b\u0439 \u043a\u0440\u0435\u043c \u043d\u0430 \u043b\u0438\u0446\u0435 \u0438 \u0448\u0435\u0435.<\/p>\n<\/details>\n","protected":false},"featured_media":12443,"template":"","meta":{"jetpack_publicize_message":"","jetpack_publicize_feature_enabled":true,"jetpack_social_post_already_shared":true,"jetpack_social_options":{"image_generator_settings":{"template":"highway","default_image_id":0,"font":"","enabled":false},"version":2}},"product_brand":[],"product_cat":[976,973,340,631,912,974],"product_tag":[],"class_list":{"0":"post-22417","1":"product","2":"type-product","3":"status-publish","4":"has-post-thumbnail","6":"product_cat-foundation-concealer","7":"product_cat-makeup","8":"product_cat-kiko-milano","9":"product_cat-sale","10":"product_cat-nahahooldus","11":"product_cat-face","12":"pa_varv-05-cool-rose","13":"pa_varv-05-warm-beige","14":"pa_varv-05-warm-rose","15":"pa_varv-10-neutral","16":"pa_varv-10-neutral-gold","17":"pa_varv-50-neutral-gold","19":"first","20":"outofstock","21":"sale","22":"shipping-taxable","23":"product-type-variable"},"jetpack_publicize_connections":[],"jetpack_sharing_enabled":true,"jetpack_likes_enabled":true,"_links":{"self":[{"href":"https:\/\/superstore.ee\/index.php\/wp-json\/wp\/v2\/product\/22417","targetHints":{"allow":["GET"]}}],"collection":[{"href":"https:\/\/superstore.ee\/index.php\/wp-json\/wp\/v2\/product"}],"about":[{"href":"https:\/\/superstore.ee\/index.php\/wp-json\/wp\/v2\/types\/product"}],"wp:featuredmedia":[{"embeddable":true,"href":"https:\/\/superstore.ee\/index.php\/wp-json\/wp\/v2\/media\/12443"}],"wp:attachment":[{"href":"https:\/\/superstore.ee\/index.php\/wp-json\/wp\/v2\/media?parent=22417"}],"wp:term":[{"taxonomy":"product_brand","embeddable":true,"href":"https:\/\/superstore.ee\/index.php\/wp-json\/wp\/v2\/product_brand?post=22417"},{"taxonomy":"product_cat","embeddable":true,"href":"https:\/\/superstore.ee\/index.php\/wp-json\/wp\/v2\/product_cat?post=22417"},{"taxonomy":"product_tag","embeddable":true,"href":"https:\/\/superstore.ee\/index.php\/wp-json\/wp\/v2\/product_tag?post=22417"}],"curies":[{"name":"wp","href":"https:\/\/api.w.org\/{rel}","templated":true}]}}