{"id":22424,"date":"2025-03-12T13:25:15","date_gmt":"2025-03-12T11:25:15","guid":{"rendered":"https:\/\/superstore.ee\/?post_type=product&#038;p=22424"},"modified":"2025-04-12T14:52:37","modified_gmt":"2025-04-12T11:52:37","slug":"lauvarvide-ja-posepuna-palett-kiko-milano-smart-eyes-and-cheeks-palette","status":"publish","type":"product","link":"https:\/\/superstore.ee\/index.php\/toode\/lauvarvide-ja-posepuna-palett-kiko-milano-smart-eyes-and-cheeks-palette\/","title":{"rendered":"KIKO Milano Smart Eyes And Cheeks Palette"},"content":{"rendered":"","protected":false},"excerpt":{"rendered":"<p>Lauv\u00e4rvide ja p\u00f5sepuna palett KIKO Milano<\/p>\n<p>Koosneb 1 p\u00f5sepunast ja 4 lauv\u00e4rvist.<\/p>\n<p>Selle paleti pehme ja hajutatav tekstuur on saadaval erinevate viimistlustega ning v\u00e4rvid on loodud n\u00e4onaha tooni elavdamiseks ja t\u00e4ielike v\u00e4limuste loomiseks.<\/p>\n<details>\n<summary>Details<\/summary>\n<div translate=\"no\">\nKIKO Milano Smart Eyes And Cheeks Palette<\/p>\n<p>Eyes and cheeks palette consisting of 1 blush and 4 eyeshadows.<\/p>\n<p>The soft and blendable texture of this palette is available with different finishes and the colours are designed to brighten the complexion of the face and create complete looks.\n<\/p><\/div>\n<p>KIKO Milano \u043f\u0430\u043b\u0435\u0442\u043a\u0430 \u0441 \u0442\u0435\u043d\u044f\u043c\u0438 \u0438 \u0440\u0443\u043c\u044f\u043d\u0430\u043c\u0438. \u0421\u043e\u0434\u0435\u0440\u0436\u0438\u0442 1 \u0440\u0443\u043c\u044f\u043d\u0430 \u0438 4 \u0442\u0435\u043d\u0438 \u0434\u043b\u044f \u0432\u0435\u043a.<br \/>\n<\/details>\n","protected":false},"featured_media":13215,"template":"","meta":{"jetpack_publicize_message":"","jetpack_publicize_feature_enabled":true,"jetpack_social_post_already_shared":true,"jetpack_social_options":{"image_generator_settings":{"template":"highway","default_image_id":0,"font":"","enabled":false},"version":2}},"product_brand":[],"product_cat":[973,340,984,631,912,974,979,982],"product_tag":[],"class_list":{"0":"post-22424","1":"product","2":"type-product","3":"status-publish","4":"has-post-thumbnail","6":"product_cat-makeup","7":"product_cat-kiko-milano","8":"product_cat-eyeshadow","9":"product_cat-sale","10":"product_cat-nahahooldus","11":"product_cat-face","12":"product_cat-blush","13":"product_cat-eyes","14":"pa_varv-01-blue-symphony","15":"pa_varv-02-green-garden","17":"first","18":"outofstock","19":"shipping-taxable","20":"product-type-variable"},"jetpack_publicize_connections":[],"jetpack_sharing_enabled":true,"jetpack_likes_enabled":true,"_links":{"self":[{"href":"https:\/\/superstore.ee\/index.php\/wp-json\/wp\/v2\/product\/22424","targetHints":{"allow":["GET"]}}],"collection":[{"href":"https:\/\/superstore.ee\/index.php\/wp-json\/wp\/v2\/product"}],"about":[{"href":"https:\/\/superstore.ee\/index.php\/wp-json\/wp\/v2\/types\/product"}],"wp:featuredmedia":[{"embeddable":true,"href":"https:\/\/superstore.ee\/index.php\/wp-json\/wp\/v2\/media\/13215"}],"wp:attachment":[{"href":"https:\/\/superstore.ee\/index.php\/wp-json\/wp\/v2\/media?parent=22424"}],"wp:term":[{"taxonomy":"product_brand","embeddable":true,"href":"https:\/\/superstore.ee\/index.php\/wp-json\/wp\/v2\/product_brand?post=22424"},{"taxonomy":"product_cat","embeddable":true,"href":"https:\/\/superstore.ee\/index.php\/wp-json\/wp\/v2\/product_cat?post=22424"},{"taxonomy":"product_tag","embeddable":true,"href":"https:\/\/superstore.ee\/index.php\/wp-json\/wp\/v2\/product_tag?post=22424"}],"curies":[{"name":"wp","href":"https:\/\/api.w.org\/{rel}","templated":true}]}}