{"id":22427,"date":"2025-03-12T13:28:43","date_gmt":"2025-03-12T11:28:43","guid":{"rendered":"https:\/\/superstore.ee\/?post_type=product&#038;p=22427"},"modified":"2026-02-01T13:42:55","modified_gmt":"2026-02-01T11:42:55","slug":"koolutav-ripsmetuss-kiko-milano-curling-top-coat-mascara","status":"publish","type":"product","link":"https:\/\/superstore.ee\/index.php\/toode\/koolutav-ripsmetuss-kiko-milano-curling-top-coat-mascara\/","title":{"rendered":"KIKO Milano Curling Top Coat Mascara"},"content":{"rendered":"","protected":false},"excerpt":{"rendered":"<p>Koolutav ripsmetu\u0161\u0161 KIKO Milano<\/p>\n<ul>\n<li>Kui kanda peale tavalist ripsmetu\u0161\u0161i, see suurendab koolutamise efekti 80%<\/li>\n<li>N\u00f5tke tekstuur on rikastatud spetsiaalse vaiguga, mis seab ja hoiab teie ripsmete kaarduvuse aja jooksul t\u00e4iuslikuna, ilma neid j\u00e4igastamata v\u00f5i koormamata<\/li>\n<li>Valem voolab kergesti l\u00e4bi teie juba meigitud ripsmete, r\u00f5hutades nende k\u00f5verust kohese &#8220;ripsmekoolutaja&#8221; efektiga<\/li>\n<\/ul>\n<details>\n<summary>Details<\/summary>\n<div translate=\"no\">KIKO Milano Curling Top Coat Mascara<br \/>\n&#8220;Top coat&#8221; curl intensifier mascara.When applied after your normal mascara, it increases the curling effect by 80%*.<\/p>\n<p>Its supple texture is enriched with a special resin that sets and keeps the curl of your lashes perfect over time, without stiffening or weighing them down. The formula flows easily through your already made-up lashes to emphasize their curl with an immediate &#8220;lash curler&#8221; effect.<\/p>\n<p>Waxes and filmogens make the texture even more elastic and flexible and, in synergy with the curved applicator brush, give your lashes that perfect curl.<\/p>\n<p>*Instrumental clinical test.<\/p>\n<p>Ophthalmologically tested.<\/p>\n<p>INGREDIENTS:<br \/>\nKIKO MILANO is dedicated to maintaining the accuracy of the ingredient lists on this website. However, because ingredients are subject to change, we cannot guarantee that these lists are complete and\/or up-to-date. For an accurate listing of ingredients in each product, please refer to your product packaging.<\/p>\n<p>AQUA (WATER\/EAU), GLYCERYL STEARATE, CERA MICROCRISTALLINA (MICROCRYSTALLINE WAX\/CIRE MICROCRISTALLINE),COPERNICIA CERIFERA CERA (COPERNICIA CERIFERA (CARNAUBA) WAX\/CIRE DE CARNAUBA), BUTYLENE GLYCOL, RICINUS COMMUNIS SEED OIL (RICINUS COMMUNIS (CASTOR) SEED OIL \/HUILE DE GRAINES DE RICIN), STEARIC ACID, ACRYLATES COPOLYMER, POLYVINYL ALCOHOL, PALMITIC ACID, CANDELILLA CERA (EUPHORBIA CERIFERA (CANDELILLA) WAX\/CIRE DE CANDELILLA), POLYIMIDE-1, AMINOMETHYL PROPANOL, SODIUM DEHYDROACETATE, 1,2-HEXANEDIOL, CAPRYLYL GLYCOL, LECITHIN, LAURETH-21, TOCOPHEROL, TROPOLONE, ASCORBYL PALMITATE, CITRIC ACID.+\/- (MAY CONTAIN): CI 77499 (IRON OXIDES).<\/p>\n<\/div>\n<p>\u0422\u0443\u0448\u044c \u0434\u043b\u044f \u0440\u0435\u0441\u043d\u0438\u0446 \u0441 \u044d\u0444\u0444\u0435\u043a\u0442\u043e\u043c \u043f\u043e\u0434\u043a\u0440\u0443\u0447\u0438\u0432\u0430\u043d\u0438\u044f KIKO Milano<\/p>\n<ul>\n<li>\u041f\u0440\u0438 \u043d\u0430\u043d\u0435\u0441\u0435\u043d\u0438\u0438 \u043f\u043e\u0441\u043b\u0435 \u043e\u0431\u044b\u0447\u043d\u043e\u0439 \u0442\u0443\u0448\u0438 \u044d\u0444\u0444\u0435\u043a\u0442 \u0437\u0430\u0432\u0438\u0432\u043a\u0438 \u0443\u0432\u0435\u043b\u0438\u0447\u0438\u0432\u0430\u0435\u0442\u0441\u044f \u043d\u0430 80%<\/li>\n<li>\u042d\u043b\u0430\u0441\u0442\u0438\u0447\u043d\u0430\u044f \u0442\u0435\u043a\u0441\u0442\u0443\u0440\u0430 \u043e\u0431\u043e\u0433\u0430\u0449\u0435\u043d\u0430 \u0441\u043f\u0435\u0446\u0438\u0430\u043b\u044c\u043d\u043e\u0439 \u0441\u043c\u043e\u043b\u043e\u0439, \u043a\u043e\u0442\u043e\u0440\u0430\u044f \u043d\u0430\u0434\u043e\u043b\u0433\u043e \u0444\u0438\u043a\u0441\u0438\u0440\u0443\u0435\u0442 \u0438 \u0441\u043e\u0445\u0440\u0430\u043d\u044f\u0435\u0442 \u0438\u0434\u0435\u0430\u043b\u044c\u043d\u044b\u0439 \u0438\u0437\u0433\u0438\u0431 \u0440\u0435\u0441\u043d\u0438\u0446, \u043d\u0435 \u0434\u0435\u043b\u0430\u044f \u0440\u0435\u0441\u043d\u0438\u0446\u044b \u0436\u0435\u0441\u0442\u043a\u0438\u043c\u0438 \u0438 \u043d\u0435 \u0443\u0442\u044f\u0436\u0435\u043b\u044f\u044f<\/li>\n<li>\u0424\u043e\u0440\u043c\u0443\u043b\u0430 \u043b\u0435\u0433\u043a\u043e \u0440\u0430\u0441\u0442\u0435\u043a\u0430\u0435\u0442\u0441\u044f \u043f\u043e \u0443\u0436\u0435 \u043d\u0430\u043a\u0440\u0430\u0448\u0435\u043d\u043d\u044b\u043c \u0440\u0435\u0441\u043d\u0438\u0446\u0430\u043c, \u043f\u043e\u0434\u0447\u0435\u0440\u043a\u0438\u0432\u0430\u044f \u0438\u0445 \u0438\u0437\u0433\u0438\u0431 \u0438 \u0441\u043e\u0437\u0434\u0430\u0432\u0430\u044f \u043d\u0435\u043c\u0435\u0434\u043b\u0435\u043d\u043d\u044b\u0439 \u044d\u0444\u0444\u0435\u043a\u0442 \u00ab\u0449\u0438\u043f\u0446\u043e\u0432 \u0434\u043b\u044f \u0437\u0430\u0432\u0438\u0432\u043a\u0438 \u0440\u0435\u0441\u043d\u0438\u0446\u00bb<\/li>\n<\/ul>\n<\/details>\n","protected":false},"featured_media":14359,"template":"","meta":{"jetpack_publicize_message":"","jetpack_publicize_feature_enabled":true,"jetpack_social_post_already_shared":true,"jetpack_social_options":{"image_generator_settings":{"template":"highway","default_image_id":0,"font":"","enabled":false},"version":2}},"product_brand":[],"product_cat":[973,340,631,983,982],"product_tag":[],"class_list":{"0":"post-22427","1":"product","2":"type-product","3":"status-publish","4":"has-post-thumbnail","6":"product_cat-makeup","7":"product_cat-kiko-milano","8":"product_cat-sale","9":"product_cat-mascara","10":"product_cat-eyes","11":"pa_varv-01-blonde","12":"pa_varv-02-chestnut","14":"first","15":"outofstock","16":"sale","17":"shipping-taxable","18":"purchasable","19":"product-type-simple"},"jetpack_publicize_connections":[],"jetpack_sharing_enabled":true,"jetpack_likes_enabled":true,"_links":{"self":[{"href":"https:\/\/superstore.ee\/index.php\/wp-json\/wp\/v2\/product\/22427","targetHints":{"allow":["GET"]}}],"collection":[{"href":"https:\/\/superstore.ee\/index.php\/wp-json\/wp\/v2\/product"}],"about":[{"href":"https:\/\/superstore.ee\/index.php\/wp-json\/wp\/v2\/types\/product"}],"wp:featuredmedia":[{"embeddable":true,"href":"https:\/\/superstore.ee\/index.php\/wp-json\/wp\/v2\/media\/14359"}],"wp:attachment":[{"href":"https:\/\/superstore.ee\/index.php\/wp-json\/wp\/v2\/media?parent=22427"}],"wp:term":[{"taxonomy":"product_brand","embeddable":true,"href":"https:\/\/superstore.ee\/index.php\/wp-json\/wp\/v2\/product_brand?post=22427"},{"taxonomy":"product_cat","embeddable":true,"href":"https:\/\/superstore.ee\/index.php\/wp-json\/wp\/v2\/product_cat?post=22427"},{"taxonomy":"product_tag","embeddable":true,"href":"https:\/\/superstore.ee\/index.php\/wp-json\/wp\/v2\/product_tag?post=22427"}],"curies":[{"name":"wp","href":"https:\/\/api.w.org\/{rel}","templated":true}]}}