{"id":22429,"date":"2025-03-12T13:45:18","date_gmt":"2025-03-12T11:45:18","guid":{"rendered":"https:\/\/superstore.ee\/?post_type=product&#038;p=22429"},"modified":"2025-08-13T18:29:34","modified_gmt":"2025-08-13T15:29:34","slug":"kauapusiv-kaheastmeline-vedel-huulepulk-kiko-milano-142-12h-unlimited-double-touch","status":"publish","type":"product","link":"https:\/\/superstore.ee\/index.php\/toode\/kauapusiv-kaheastmeline-vedel-huulepulk-kiko-milano-142-12h-unlimited-double-touch\/","title":{"rendered":"KIKO Milano Unlimited Double Touch (12h)  &#8211;  142"},"content":{"rendered":"","protected":false},"excerpt":{"rendered":"<p>KIKO Milano kauap\u00fcsiv kaheastmeline vedel huulepulk, mis p\u00fcsib kuni 12 tundi.<\/p>\n<p>Annab huultele maksimaalse mugavuse ja \u00fchtlase v\u00e4rvi. Plekikindel, v\u00e4ga kiire kuivamisajaga.<\/p>\n<ol>\n<li>Kanna v\u00e4rvip\u00f5hi puhastatud, niisutatud huultele. Oodake minut, et vedel huulepulk t\u00e4ielikult kuivaks.<\/li>\n<li>Eriti l\u00e4ikiva tulemuse saavutamiseks kanna huulel\u00e4ige v\u00e4rvip\u00f5hja peale.<\/li>\n<\/ol>\n<details>\n<summary>Details<\/summary>\n<div translate=\"no\">\nKIKO Milano New Happy Birthday Unlimited Double Touch. Liquid lipstick with a bright finish in a two-step application. Lasts up to 12 hours. No-transfer base colour.<\/p>\n<ol>\n<li>Apply the colour base to cleansed, moisturized lips. Wait a minute to allow the liquid lipstick to dry completely.<\/li>\n<li>Apply the lip gloss on top of the colour base for an extra-shiny result.<\/li>\n<\/ol>\n<p>INGREDIENTS:<br \/>\nKIKO MILANO is dedicated to maintaining the accuracy of the ingredient lists on this website. However, because ingredients are subject to change, we cannot guarantee that these lists are complete and\/or up-to-date. For an accurate listing of ingredients in each product, please refer to your product packaging.<\/p>\n<p>BASE COLOUR INGREDIENTS: ISODODECANE, BIS-HYDROXYETHOXYPROPYL DIMETHICONE\/IPDI COPOLYMER ETHYLCARBAMATE, DISTEARDIMONIUM HECTORITE, MICA, DIMETHICONE\/VINYL DIMETHICONE CROSSPOLYMER, DIMETHICONE, ALCOHOL, AQUA (WATER\/EAU), ETHYL VANILLIN, DICALCIUM PHOSPHATE, PENTAERYTHRITYL TETRA-DI-t-BUTYL HYDROXYHYDROCINNAMATE, LAURETH-4, TIN OXIDE. +\/- (MAY CONTAIN): CI 77891 (TITANIUM DIOXIDE), CI 77491 &#8211; CI 77492 &#8211; CI 77499 (IRON OXIDES), CI 15850 (RED 6, RED 7, RED 7 LAKE), CI 15985 (YELLOW 6 LAKE), CI 19140 (YELLOW 5 LAKE), CI 42090 (BLUE 1 LAKE), CI 45410 (RED 28 LAKE). TOP COAT INGREDIENTS: DIMETHICONE, CETYL PEG\/PPG-10\/1 DIMETHICONE, CERA MICROCRISTALLINA (MICROCRYSTALLINE WAX \/CIRE MICROCRISTALLINE), PARAFFIN, PENTAERYTHRITYL TETRA-DI-t-BUTYL HYDROXYHYDROCINNAMATE.\n<\/p><\/div>\n<p>KIKO Milano \u0441\u0442\u043e\u0439\u043a\u0430\u044f \u0434\u0432\u0443\u0445-\u044d\u0442\u0430\u043f\u043d\u0430\u044f \u0436\u0438\u0434\u043a\u0430\u044f \u043f\u043e\u043c\u0430\u0434\u0430 \u0441 \u044f\u0440\u043a\u0438\u043c \u0444\u0438\u043d\u0438\u0448\u0435\u043c. \u0421\u0442\u043e\u0439\u043a\u043e\u0441\u0442\u044c \u0434\u043e 12 \u0447\u0430\u0441\u043e\u0432.<\/p>\n<p>\u041e\u0431\u0435\u0441\u043f\u0435\u0447\u0438\u0432\u0430\u0435\u0442 \u043c\u0430\u043a\u0441\u0438\u043c\u0430\u043b\u044c\u043d\u044b\u0439 \u043a\u043e\u043c\u0444\u043e\u0440\u0442 \u043d\u0430 \u0433\u0443\u0431\u0430\u0445 \u0438 \u0440\u043e\u0432\u043d\u044b\u0439 \u0446\u0432\u0435\u0442. \u0423\u0434\u043e\u0431\u043d\u044b\u0439 \u0430\u043f\u043f\u043b\u0438\u043a\u0430\u0442\u043e\u0440 \u0434\u043b\u044f \u0440\u0430\u0432\u043d\u043e\u043c\u0435\u0440\u043d\u043e\u0433\u043e \u0438 \u043f\u043b\u0430\u0432\u043d\u043e\u0433\u043e \u043d\u0430\u043d\u0435\u0441\u0435\u043d\u0438\u044f. \u041d\u0435 \u0440\u0430\u0437\u043c\u0430\u0437\u044b\u0432\u0430\u0435\u0442\u0441\u044f, \u043e\u0447\u0435\u043d\u044c \u0431\u044b\u0441\u0442\u0440\u043e \u0441\u043e\u0445\u043d\u0435\u0442<\/p>\n<ol>\n<li>\u041d\u0430\u043d\u0435\u0441\u0438\u0442\u0435 \u0446\u0432\u0435\u0442\u043d\u0443\u044e \u043e\u0441\u043d\u043e\u0432\u0443 \u043d\u0430 \u043e\u0447\u0438\u0449\u0435\u043d\u043d\u044b\u0435, \u0443\u0432\u043b\u0430\u0436\u043d\u0435\u043d\u043d\u044b\u0435 \u0433\u0443\u0431\u044b. \u041f\u043e\u0434\u043e\u0436\u0434\u0438\u0442\u0435 \u043c\u0438\u043d\u0443\u0442\u0443, \u0447\u0442\u043e\u0431\u044b \u0436\u0438\u0434\u043a\u0430\u044f \u043f\u043e\u043c\u0430\u0434\u0430 \u043f\u043e\u043b\u043d\u043e\u0441\u0442\u044c\u044e \u0432\u044b\u0441\u043e\u0445\u043b\u0430.<\/li>\n<li>\u041d\u0430\u043d\u0435\u0441\u0438\u0442\u0435 \u0431\u043b\u0435\u0441\u043a \u0434\u043b\u044f \u0433\u0443\u0431 \u043f\u043e\u0432\u0435\u0440\u0445 \u0446\u0432\u0435\u0442\u043d\u043e\u0439 \u043e\u0441\u043d\u043e\u0432\u044b \u0434\u043b\u044f \u0434\u043e\u043f\u043e\u043b\u043d\u0438\u0442\u0435\u043b\u044c\u043d\u043e\u0433\u043e \u0441\u0438\u044f\u043d\u0438\u044f.<\/li>\n<\/ol>\n<\/details>\n","protected":false},"featured_media":17702,"template":"","meta":{"jetpack_publicize_message":"","jetpack_publicize_feature_enabled":true,"jetpack_social_post_already_shared":true,"jetpack_social_options":{"image_generator_settings":{"template":"highway","default_image_id":0,"font":"","enabled":false},"version":2}},"product_brand":[],"product_cat":[988,987,986,973,340,631],"product_tag":[],"class_list":{"0":"post-22429","1":"product","2":"type-product","3":"status-publish","4":"has-post-thumbnail","6":"product_cat-lip-gloss","7":"product_cat-lipstick","8":"product_cat-kiko-lips","9":"product_cat-makeup","10":"product_cat-kiko-milano","11":"product_cat-sale","12":"pa_varv-139-look-at-my-lips","13":"pa_varv-140-make-a-toast","14":"pa_varv-141-into-the-groove","15":"pa_varv-142-cheerful","16":"pa_varv-143-let-the-music-play","17":"pa_varv-144-surrender-to-me","18":"pa_varv-145-celebrate","19":"pa_varv-146-im-so-chich","20":"pa_varv-147-alluring","22":"first","23":"outofstock","24":"sale","25":"shipping-taxable","26":"purchasable","27":"product-type-simple"},"jetpack_publicize_connections":[],"jetpack_sharing_enabled":true,"jetpack_likes_enabled":true,"_links":{"self":[{"href":"https:\/\/superstore.ee\/index.php\/wp-json\/wp\/v2\/product\/22429","targetHints":{"allow":["GET"]}}],"collection":[{"href":"https:\/\/superstore.ee\/index.php\/wp-json\/wp\/v2\/product"}],"about":[{"href":"https:\/\/superstore.ee\/index.php\/wp-json\/wp\/v2\/types\/product"}],"wp:featuredmedia":[{"embeddable":true,"href":"https:\/\/superstore.ee\/index.php\/wp-json\/wp\/v2\/media\/17702"}],"wp:attachment":[{"href":"https:\/\/superstore.ee\/index.php\/wp-json\/wp\/v2\/media?parent=22429"}],"wp:term":[{"taxonomy":"product_brand","embeddable":true,"href":"https:\/\/superstore.ee\/index.php\/wp-json\/wp\/v2\/product_brand?post=22429"},{"taxonomy":"product_cat","embeddable":true,"href":"https:\/\/superstore.ee\/index.php\/wp-json\/wp\/v2\/product_cat?post=22429"},{"taxonomy":"product_tag","embeddable":true,"href":"https:\/\/superstore.ee\/index.php\/wp-json\/wp\/v2\/product_tag?post=22429"}],"curies":[{"name":"wp","href":"https:\/\/api.w.org\/{rel}","templated":true}]}}