{"id":22534,"date":"2025-03-16T15:52:12","date_gmt":"2025-03-16T13:52:12","guid":{"rendered":"https:\/\/superstore.ee\/?post_type=product&#038;p=22534"},"modified":"2025-06-04T13:58:58","modified_gmt":"2025-06-04T10:58:58","slug":"bath-body-works-getaway-soiree-fragrance-mist-236ml","status":"publish","type":"product","link":"https:\/\/superstore.ee\/index.php\/toode\/bath-body-works-getaway-soiree-fragrance-mist-236ml\/","title":{"rendered":"Bath &#038; Body Works Getaway Soiree Fragrance Mist (236ml)"},"content":{"rendered":"","protected":false},"excerpt":{"rendered":"<p data-start=\"939\" data-end=\"999\">Bath &amp; Body Works Getaway Soiree kehasprei<\/p>\n<p data-start=\"982\" data-end=\"1142\">Sukelduge ootamatu puhkusereisi atmosf\u00e4\u00e4ri eksklusiivsele kuurordile selle l\u00f5hnaga, mis \u00fchendab <strong data-start=\"1078\" data-end=\"1139\">p\u00e4ikeselise mandariini, tsubroosi ja sooja p\u00e4ikesemuskuse<\/strong>.<\/p>\n<p data-start=\"1122\" data-end=\"1325\">\u2714 <strong data-start=\"1124\" data-end=\"1155\">Kerge ja v\u00e4rskendav koostis<\/strong>, ideaalne igap\u00e4evaseks kasutamiseks<br data-start=\"1191\" data-end=\"1194\" \/>\u2714 <strong data-start=\"1196\" data-end=\"1220\">Ei sisalda parabeene<\/strong><br data-start=\"1220\" data-end=\"1223\" \/>\u2714 <strong data-start=\"1225\" data-end=\"1256\">Dermatoloogiliselt testitud<\/strong><br data-start=\"1256\" data-end=\"1259\" \/>\u2714 <strong data-start=\"1261\" data-end=\"1278\">Mugav pihusti<\/strong> tagab \u00fchtlase pealekandmise nahale ja riietele<\/p>\n<p data-start=\"1327\" data-end=\"1384\">Maht: 236 ml (8 fl oz)<br data-start=\"1353\" data-end=\"1356\" \/>Br\u00e4ndi p\u00e4ritoluriik: USA<\/p>\n<details>\n<summary>Details<\/summary>\n<div translate=\"no\">\n<p>Bath &amp; Body Works Getaway Soiree \u2013 Fine Fragrance Mist (Body Spray)Immerse yourself in the ambiance of an unexpected jaunt to an exclusive resort with this scent, blending golden mandarin, tuberose, and sunlit musk.<\/p>\n<p>\u2714 Light and refreshing formula, perfect for daily use<br \/>\n\u2714 Paraben-free<br \/>\n\u2714 Convenient spray nozzle ensures even application on skin and clothing<\/p>\n<p>Volume: 236 ml (8 fl oz)<br \/>\nBrand country: USA<\/p>\n<p>INGREDIENTS:<br \/>\nAlcohol Denat., Water (Aqua, Eau), Fragrance (Parfum), Benzyl Salicylate, Propylene Glycol, Linalool, Limonene, Coumarin, Citral, Hydroxycitronellal, Benzyl Benzoate, Benzyl Alcohol, Ethylhexyl Methoxycinnamate, Ext. Violet 2 (CI 60730), Ethylhexyl Salicylate, Butyl Methoxydibenzoylmethane<\/p>\n<\/div>\n<p>Bath &amp; Body Works Getaway Soiree \u2013 \u043c\u0438\u0441\u0442 \u0434\u043b\u044f \u0442\u0435\u043b\u0430 (\u0441\u043f\u0440\u0435\u0439 \u0434\u043b\u044f \u0442\u0435\u043b\u0430)<\/p>\n<p>\u041f\u043e\u0433\u0440\u0443\u0437\u0438\u0442\u0435\u0441\u044c \u0432 \u0430\u0442\u043c\u043e\u0441\u0444\u0435\u0440\u0443 \u0441\u043f\u043e\u043d\u0442\u0430\u043d\u043d\u043e\u0433\u043e \u043e\u0442\u0434\u044b\u0445\u0430 \u043d\u0430 \u044d\u043a\u0441\u043a\u043b\u044e\u0437\u0438\u0432\u043d\u043e\u043c \u043a\u0443\u0440\u043e\u0440\u0442\u0435 \u0441 \u044d\u0442\u0438\u043c \u0430\u0440\u043e\u043c\u0430\u0442\u043e\u043c, \u0441\u043e\u0447\u0435\u0442\u0430\u044e\u0449\u0438\u043c \u0441\u043e\u043b\u043d\u0435\u0447\u043d\u044b\u0439 \u043c\u0430\u043d\u0434\u0430\u0440\u0438\u043d, \u0442\u0443\u0431\u0435\u0440\u043e\u0437\u0443 \u0438 \u0441\u043e\u043b\u043d\u0435\u0447\u043d\u044b\u0439 \u043c\u0443\u0441\u043a\u0443\u0441.<\/p>\n<\/details>\n","protected":false},"featured_media":22599,"template":"","meta":{"jetpack_publicize_message":"","jetpack_publicize_feature_enabled":true,"jetpack_social_post_already_shared":true,"jetpack_social_options":{"image_generator_settings":{"template":"highway","default_image_id":0,"font":"","enabled":false},"version":2}},"product_brand":[],"product_cat":[919,910,935],"product_tag":[],"class_list":{"0":"post-22534","1":"product","2":"type-product","3":"status-publish","4":"has-post-thumbnail","6":"product_cat-bath-and-body-works","7":"product_cat-kehaspreid","8":"product_cat-bath-and-body-works-body-mists","10":"first","11":"instock","12":"sale","13":"shipping-taxable","14":"purchasable","15":"product-type-simple"},"jetpack_publicize_connections":[],"jetpack_sharing_enabled":true,"jetpack_likes_enabled":true,"_links":{"self":[{"href":"https:\/\/superstore.ee\/index.php\/wp-json\/wp\/v2\/product\/22534","targetHints":{"allow":["GET"]}}],"collection":[{"href":"https:\/\/superstore.ee\/index.php\/wp-json\/wp\/v2\/product"}],"about":[{"href":"https:\/\/superstore.ee\/index.php\/wp-json\/wp\/v2\/types\/product"}],"wp:featuredmedia":[{"embeddable":true,"href":"https:\/\/superstore.ee\/index.php\/wp-json\/wp\/v2\/media\/22599"}],"wp:attachment":[{"href":"https:\/\/superstore.ee\/index.php\/wp-json\/wp\/v2\/media?parent=22534"}],"wp:term":[{"taxonomy":"product_brand","embeddable":true,"href":"https:\/\/superstore.ee\/index.php\/wp-json\/wp\/v2\/product_brand?post=22534"},{"taxonomy":"product_cat","embeddable":true,"href":"https:\/\/superstore.ee\/index.php\/wp-json\/wp\/v2\/product_cat?post=22534"},{"taxonomy":"product_tag","embeddable":true,"href":"https:\/\/superstore.ee\/index.php\/wp-json\/wp\/v2\/product_tag?post=22534"}],"curies":[{"name":"wp","href":"https:\/\/api.w.org\/{rel}","templated":true}]}}