{"id":22546,"date":"2025-03-16T19:14:35","date_gmt":"2025-03-16T17:14:35","guid":{"rendered":"https:\/\/superstore.ee\/?post_type=product&#038;p=22546"},"modified":"2026-01-31T17:29:48","modified_gmt":"2026-01-31T15:29:48","slug":"bath-body-works-calypso-clementine-fragrance-mist-236ml","status":"publish","type":"product","link":"https:\/\/superstore.ee\/index.php\/toode\/bath-body-works-calypso-clementine-fragrance-mist-236ml\/","title":{"rendered":"Bath &#038; Body Works Calypso Clementine Fragrance Mist (236ml)"},"content":{"rendered":"","protected":false},"excerpt":{"rendered":"<p data-start=\"1575\" data-end=\"1627\">Bath &amp; Body Works Calypso Clementine kehasprei<\/p>\n<p data-start=\"1629\" data-end=\"1824\">Sukelduge kergesse, erksasse ja m\u00e4ngulisse tsitrusepeosse selle kehaspreiga, mis \u00fchendab <strong data-start=\"1718\" data-end=\"1785\">mahlase klementiini, neroli nektari ja rannikualade puidunoodid<\/strong>.<\/p>\n<p data-start=\"1826\" data-end=\"1838\"><strong data-start=\"1826\" data-end=\"1838\">Eelised:<\/strong><\/p>\n<ul data-start=\"1840\" data-end=\"2270\">\n<li data-start=\"1840\" data-end=\"1987\"><strong data-start=\"1842\" data-end=\"1862\">\u00d5huline tekstuur<\/strong>, mis tagab suurep\u00e4rase katvuse ja v\u00f5imaldab teil l\u00f5hna vastavalt soovile kihiti kanda.<\/li>\n<li data-start=\"1988\" data-end=\"2131\"><strong data-start=\"1990\" data-end=\"2007\">Parabeenivaba<\/strong> ja <strong data-start=\"2011\" data-end=\"2042\">dermatoloogiliselt testitud<\/strong>, muutes selle igap\u00e4evaseks kasutamiseks ohutuks.<\/li>\n<li data-start=\"2132\" data-end=\"2270\"><strong data-start=\"2134\" data-end=\"2168\">V\u00e4rskendav ja kauakestev aroom<\/strong>, mis p\u00fcsib mitu tundi, luues meeldiva ja peene v\u00e4rskuse aura.<\/li>\n<\/ul>\n<p data-start=\"2272\" data-end=\"2298\">Maht: 236 ml (8 fl oz)<\/p>\n<p data-start=\"2300\" data-end=\"2328\">Br\u00e4ndi p\u00e4ritoluriik: USA<\/p>\n<details>\n<summary>Details<\/summary>\n<div translate=\"no\">Bath &amp; Body Works Calypso Clementine \u2013 Fine Fragrance Mist (Body Spray)Immerse yourself in a light, bright, and playful citrus celebration with this body mist, blending juicy clementine, neroli nectar, and coastal woods.<\/p>\n<p>Light-as-air mist, providing excellent coverage and allowing you to layer the fragrance as desired.<br \/>\nParaben-free and dermatologist tested, making it safe for daily use.<br \/>\nRefreshing and long-lasting scent, lingering for several hours, creating a pleasant and subtle aura of freshness.<\/p>\n<p>Volume: 236 ml (8 fl oz)<br \/>\nBrand country: USA<\/p>\n<p>INGREDIENTS:<br \/>\nAlcohol Denat., Water (Aqua, Eau), Fragrance (Parfum), Limonene, Propylene Glycol, Benzyl Salicylate, Linalool, Hydroxycitronellal, Citral<\/p>\n<\/div>\n<p>Bath &amp; Body Works Calypso Clementine \u043c\u0438\u0441\u0442 \u0434\u043b\u044f \u0442\u0435\u043b\u0430 (\u0441\u043f\u0440\u0435\u0439 \u0434\u043b\u044f \u0442\u0435\u043b\u0430). \u041f\u043e\u0433\u0440\u0443\u0437\u0438\u0442\u0435\u0441\u044c \u0432 \u043b\u0451\u0433\u043a\u0438\u0439, \u044f\u0440\u043a\u0438\u0439 \u0438 \u0438\u0433\u0440\u0438\u0432\u044b\u0439 \u0446\u0438\u0442\u0440\u0443\u0441\u043e\u0432\u044b\u0439 \u043f\u0440\u0430\u0437\u0434\u043d\u0438\u043a \u0441 \u044d\u0442\u0438\u043c \u043c\u0438\u0441\u0442\u043e\u043c \u0434\u043b\u044f \u0442\u0435\u043b\u0430, \u0441\u043e\u0447\u0435\u0442\u0430\u044e\u0449\u0438\u043c \u0441\u043e\u0447\u043d\u044b\u0435 \u043d\u043e\u0442\u044b \u043a\u043b\u0435\u043c\u0435\u043d\u0442\u0438\u043d\u0430, \u043d\u0435\u043a\u0442\u0430\u0440 \u043d\u0435\u0440\u043e\u043b\u0438 \u0438 \u043f\u0440\u0438\u0431\u0440\u0435\u0436\u043d\u0443\u044e \u0434\u0440\u0435\u0432\u0435\u0441\u0438\u043d\u0443.<\/p>\n<\/details>\n","protected":false},"featured_media":22618,"template":"","meta":{"jetpack_publicize_message":"","jetpack_publicize_feature_enabled":true,"jetpack_social_post_already_shared":true,"jetpack_social_options":{"image_generator_settings":{"template":"highway","default_image_id":0,"font":"","enabled":false},"version":2}},"product_brand":[],"product_cat":[919,910,935],"product_tag":[],"class_list":{"0":"post-22546","1":"product","2":"type-product","3":"status-publish","4":"has-post-thumbnail","6":"product_cat-bath-and-body-works","7":"product_cat-kehaspreid","8":"product_cat-bath-and-body-works-body-mists","10":"first","11":"instock","12":"sale","13":"shipping-taxable","14":"purchasable","15":"product-type-simple"},"jetpack_publicize_connections":[],"jetpack_sharing_enabled":true,"jetpack_likes_enabled":true,"_links":{"self":[{"href":"https:\/\/superstore.ee\/index.php\/wp-json\/wp\/v2\/product\/22546","targetHints":{"allow":["GET"]}}],"collection":[{"href":"https:\/\/superstore.ee\/index.php\/wp-json\/wp\/v2\/product"}],"about":[{"href":"https:\/\/superstore.ee\/index.php\/wp-json\/wp\/v2\/types\/product"}],"wp:featuredmedia":[{"embeddable":true,"href":"https:\/\/superstore.ee\/index.php\/wp-json\/wp\/v2\/media\/22618"}],"wp:attachment":[{"href":"https:\/\/superstore.ee\/index.php\/wp-json\/wp\/v2\/media?parent=22546"}],"wp:term":[{"taxonomy":"product_brand","embeddable":true,"href":"https:\/\/superstore.ee\/index.php\/wp-json\/wp\/v2\/product_brand?post=22546"},{"taxonomy":"product_cat","embeddable":true,"href":"https:\/\/superstore.ee\/index.php\/wp-json\/wp\/v2\/product_cat?post=22546"},{"taxonomy":"product_tag","embeddable":true,"href":"https:\/\/superstore.ee\/index.php\/wp-json\/wp\/v2\/product_tag?post=22546"}],"curies":[{"name":"wp","href":"https:\/\/api.w.org\/{rel}","templated":true}]}}