{"id":22549,"date":"2025-03-16T19:23:06","date_gmt":"2025-03-16T17:23:06","guid":{"rendered":"https:\/\/superstore.ee\/?post_type=product&#038;p=22549"},"modified":"2026-03-08T17:52:17","modified_gmt":"2026-03-08T15:52:17","slug":"bath-body-works-floral-fantasy-fragrance-mist-236ml","status":"publish","type":"product","link":"https:\/\/superstore.ee\/index.php\/toode\/bath-body-works-floral-fantasy-fragrance-mist-236ml\/","title":{"rendered":"Bath &#038; Body Works Floral Fantasy Fragrance Mist (236ml)"},"content":{"rendered":"","protected":false},"excerpt":{"rendered":"<p data-start=\"793\" data-end=\"843\">Bath &amp; Body Works Floral Fantasy kehasprei<\/p>\n<p data-start=\"845\" data-end=\"966\">Sukelduge lilleliste unistuste maailma selle kehaspreiga, mis \u00fchendab <strong data-start=\"915\" data-end=\"963\">virsiku osmantuse, jasmiini ja sooja pat\u0161uli<\/strong>.<\/p>\n<p data-start=\"968\" data-end=\"1107\">\u2714 <strong data-start=\"970\" data-end=\"987\">Parabeenivaba<\/strong><br data-start=\"987\" data-end=\"990\" \/>\u2714 <strong data-start=\"992\" data-end=\"1023\">Dermatoloogiliselt testitud<\/strong><br data-start=\"1023\" data-end=\"1026\" \/>\u2714 <strong data-start=\"1028\" data-end=\"1046\">Kerge tekstuur<\/strong>, tagab suurep\u00e4rase katvuse ja v\u00f5imaldab l\u00f5hna kihiti kanda<\/p>\n<p data-start=\"1109\" data-end=\"1168\" data-is-last-node=\"\" data-is-only-node=\"\">Maht: 236 ml (8 fl oz)<br data-start=\"1135\" data-end=\"1138\" \/>Br\u00e4ndi p\u00e4ritoluriik: USA<\/p>\n<details>\n<summary>Details<\/summary>\n<div translate=\"no\">Bath &amp; Body Works Floral Fantasy \u2013 Fine Fragrance Mist (Body Spray)Immerse yourself in a world of floral dreams with this body mist, blending peach osmanthus, jasmine, and warm patchouli.<\/p>\n<p>\u2714 Paraben-free<br \/>\n\u2714 Dermatologist tested<br \/>\n\u2714 Light texture, providing excellent coverage and allowing you to layer the fragrance<\/p>\n<p>Volume: 236 ml (8 fl oz)<br \/>\nBrand country: USA<\/p>\n<p>INGREDIENTS:<br \/>\nAlcohol Denat., Water (Aqua, Eau), Fragrance (Parfum), Propylene Glycol, Linalool, Benzyl Salicylate, Coumarin, Limonene, Citral, Ethylhexyl Methoxycinnamate, Ethylhexyl Salicylate, Butyl Methoxydibenzoylmethane, Ext. Violet 2 (CI 60730)<\/p>\n<\/div>\n<p>Bath &amp; Body Works Floral Fantasy \u043c\u0438\u0441\u0442 \u0434\u043b\u044f \u0442\u0435\u043b\u0430 (\u0441\u043f\u0440\u0435\u0439 \u0434\u043b\u044f \u0442\u0435\u043b\u0430). \u041f\u043e\u0433\u0440\u0443\u0437\u0438\u0442\u0435\u0441\u044c \u0432 \u043c\u0438\u0440 \u0446\u0432\u0435\u0442\u043e\u0447\u043d\u044b\u0445 \u0433\u0440\u0451\u0437 \u0441 \u044d\u0442\u0438\u043c \u043c\u0438\u0441\u0442\u043e\u043c \u0434\u043b\u044f \u0442\u0435\u043b\u0430, \u0441\u043e\u0447\u0435\u0442\u0430\u044e\u0449\u0438\u043c \u043f\u0435\u0440\u0441\u0438\u043a \u043e\u0441\u043c\u0430\u043d\u0442\u0443\u0441, \u0436\u0430\u0441\u043c\u0438\u043d \u0438 \u0442\u0451\u043f\u043b\u044b\u0439 \u043f\u0430\u0447\u0443\u043b\u0438.<\/p>\n<\/details>\n","protected":false},"featured_media":22601,"template":"","meta":{"jetpack_publicize_message":"","jetpack_publicize_feature_enabled":true,"jetpack_social_post_already_shared":true,"jetpack_social_options":{"image_generator_settings":{"template":"highway","default_image_id":0,"font":"","enabled":false},"version":2}},"product_brand":[],"product_cat":[919,935,910],"product_tag":[],"class_list":{"0":"post-22549","1":"product","2":"type-product","3":"status-publish","4":"has-post-thumbnail","6":"product_cat-bath-and-body-works","7":"product_cat-bath-and-body-works-body-mists","8":"product_cat-kehaspreid","10":"first","11":"instock","12":"sale","13":"shipping-taxable","14":"purchasable","15":"product-type-simple"},"jetpack_publicize_connections":[],"jetpack_sharing_enabled":true,"jetpack_likes_enabled":true,"_links":{"self":[{"href":"https:\/\/superstore.ee\/index.php\/wp-json\/wp\/v2\/product\/22549","targetHints":{"allow":["GET"]}}],"collection":[{"href":"https:\/\/superstore.ee\/index.php\/wp-json\/wp\/v2\/product"}],"about":[{"href":"https:\/\/superstore.ee\/index.php\/wp-json\/wp\/v2\/types\/product"}],"wp:featuredmedia":[{"embeddable":true,"href":"https:\/\/superstore.ee\/index.php\/wp-json\/wp\/v2\/media\/22601"}],"wp:attachment":[{"href":"https:\/\/superstore.ee\/index.php\/wp-json\/wp\/v2\/media?parent=22549"}],"wp:term":[{"taxonomy":"product_brand","embeddable":true,"href":"https:\/\/superstore.ee\/index.php\/wp-json\/wp\/v2\/product_brand?post=22549"},{"taxonomy":"product_cat","embeddable":true,"href":"https:\/\/superstore.ee\/index.php\/wp-json\/wp\/v2\/product_cat?post=22549"},{"taxonomy":"product_tag","embeddable":true,"href":"https:\/\/superstore.ee\/index.php\/wp-json\/wp\/v2\/product_tag?post=22549"}],"curies":[{"name":"wp","href":"https:\/\/api.w.org\/{rel}","templated":true}]}}