{"id":22558,"date":"2025-03-16T21:02:06","date_gmt":"2025-03-16T19:02:06","guid":{"rendered":"https:\/\/superstore.ee\/?post_type=product&#038;p=22558"},"modified":"2026-03-23T11:23:52","modified_gmt":"2026-03-23T09:23:52","slug":"bath-body-works-if-you-musk-fragrance-mist-236ml","status":"publish","type":"product","link":"https:\/\/superstore.ee\/index.php\/toode\/bath-body-works-if-you-musk-fragrance-mist-236ml\/","title":{"rendered":"Bath &#038; Body Works If You Musk Fragrance Mist (236ml)"},"content":{"rendered":"","protected":false},"excerpt":{"rendered":"<p data-start=\"1287\" data-end=\"1332\">Bath &amp; Body Works If You Musk kehasprei<\/p>\n<p data-start=\"1334\" data-end=\"1459\"><span class=\"relative -mx-px my-[-0.2rem] rounded px-px py-[0.2rem]\">Sukelduge peenesse aroomi, mis \u00fchendab <strong data-start=\"39\" data-end=\"81\">iirise, roosa pipra ja \u00f5hulise muskuse<\/strong>, luues loomuliku s\u00e4ra tunde.<\/span> \u200b<\/p>\n<p data-start=\"1461\" data-end=\"1473\"><strong data-start=\"1461\" data-end=\"1473\">Eelised:<\/strong><\/p>\n<ul data-start=\"1475\" data-end=\"1880\">\n<li data-start=\"1475\" data-end=\"1630\">\n<p data-start=\"1477\" data-end=\"1630\"><strong data-start=\"1477\" data-end=\"1497\">\u00d5huline tekstuur<\/strong>, mis tagab v\u00e4rskendava pealekandmise ja v\u00f5imaldab teil l\u00f5hna vastavalt soovile kihiti kanda.<\/p>\n<\/li>\n<li data-start=\"1632\" data-end=\"1773\">\n<p data-start=\"1634\" data-end=\"1773\"><strong data-start=\"1634\" data-end=\"1684\">Ei sisalda parabeene ega kunstlikke v\u00e4rvaineid<\/strong>, muutes selle igap\u00e4evaseks kasutamiseks ohutuks.<\/p>\n<\/li>\n<li data-start=\"1775\" data-end=\"1880\">\n<p data-start=\"1777\" data-end=\"1880\"><strong data-start=\"1777\" data-end=\"1808\">Dermatoloogiliselt testitud<\/strong>, sobib k\u00f5ikidele nahat\u00fc\u00fcpidele.<\/p>\n<\/li>\n<\/ul>\n<p data-start=\"1882\" data-end=\"1908\">Maht: 236 ml (8 fl oz)<\/p>\n<p data-start=\"1910\" data-end=\"1938\">Br\u00e4ndi p\u00e4ritoluriik: USA<\/p>\n<details>\n<summary>Details<\/summary>\n<div translate=\"no\">\n<p>Bath &amp; Body Works If You Musk Fine Fragrance Mist<br \/>\nImmerse yourself in an exquisite fragrance, blending iris, pink pepper, and airy musk, creating a sense of natural radiance. \u200b<\/p>\n<p>Light-as-air mist, providing a refreshing application and allowing you to layer the fragrance as desired.<\/p>\n<p>Paraben-free and made without artificial dyes, making it safe for daily use.<\/p>\n<p>Dermatologist tested, suitable for all skin types.<\/p>\n<p>Volume: 236 ml (8 fl oz)<\/p>\n<p>Brand country: USA<\/p>\n<p>INGREDIENTS:<br \/>\nAlcohol Denat., Water (Aqua, Eau), Fragrance (Parfum), Propylene Glycol, Benzyl Salicylate, Linalool, Limonene, Coumarin, Citral, Hydroxycitronellal, Benzyl Benzoate, Benzyl Alcohol, Ethylhexyl Methoxycinnamate, Ext. Violet 2 (CI 60730), Ethylhexyl Salicylate, Butyl Methoxydibenzoylmethane<\/p>\n<\/div>\n<p>Bath &amp; Body Works If You Musk \u043c\u0438\u0441\u0442 \u0434\u043b\u044f \u0442\u0435\u043b\u0430(\u0441\u043f\u0440\u0435\u0439 \u0434\u043b\u044f \u0442\u0435\u043b\u0430). \u041f\u043e\u0433\u0440\u0443\u0437\u0438\u0442\u0435\u0441\u044c \u0432 \u0438\u0437\u044b\u0441\u043a\u0430\u043d\u043d\u044b\u0439 \u0430\u0440\u043e\u043c\u0430\u0442, \u0441\u043e\u0447\u0435\u0442\u0430\u044e\u0449\u0438\u0439 \u0438\u0440\u0438\u0441, \u0440\u043e\u0437\u043e\u0432\u044b\u0439 \u043f\u0435\u0440\u0435\u0446 \u0438 \u0432\u043e\u0437\u0434\u0443\u0448\u043d\u044b\u0439 \u043c\u0443\u0441\u043a\u0443\u0441, \u0441\u043e\u0437\u0434\u0430\u044e\u0449\u0438\u0439 \u043e\u0449\u0443\u0449\u0435\u043d\u0438\u0435 \u0435\u0441\u0442\u0435\u0441\u0442\u0432\u0435\u043d\u043d\u043e\u0433\u043e \u0441\u0438\u044f\u043d\u0438\u044f.<\/p>\n<\/details>\n","protected":false},"featured_media":22620,"template":"","meta":{"jetpack_publicize_message":"","jetpack_publicize_feature_enabled":true,"jetpack_social_post_already_shared":true,"jetpack_social_options":{"image_generator_settings":{"template":"highway","default_image_id":0,"font":"","enabled":false},"version":2}},"product_brand":[],"product_cat":[919,910,935],"product_tag":[],"class_list":{"0":"post-22558","1":"product","2":"type-product","3":"status-publish","4":"has-post-thumbnail","6":"product_cat-bath-and-body-works","7":"product_cat-kehaspreid","8":"product_cat-bath-and-body-works-body-mists","10":"first","11":"instock","12":"sale","13":"shipping-taxable","14":"purchasable","15":"product-type-simple"},"jetpack_publicize_connections":[],"jetpack_sharing_enabled":true,"jetpack_likes_enabled":true,"_links":{"self":[{"href":"https:\/\/superstore.ee\/index.php\/wp-json\/wp\/v2\/product\/22558","targetHints":{"allow":["GET"]}}],"collection":[{"href":"https:\/\/superstore.ee\/index.php\/wp-json\/wp\/v2\/product"}],"about":[{"href":"https:\/\/superstore.ee\/index.php\/wp-json\/wp\/v2\/types\/product"}],"wp:featuredmedia":[{"embeddable":true,"href":"https:\/\/superstore.ee\/index.php\/wp-json\/wp\/v2\/media\/22620"}],"wp:attachment":[{"href":"https:\/\/superstore.ee\/index.php\/wp-json\/wp\/v2\/media?parent=22558"}],"wp:term":[{"taxonomy":"product_brand","embeddable":true,"href":"https:\/\/superstore.ee\/index.php\/wp-json\/wp\/v2\/product_brand?post=22558"},{"taxonomy":"product_cat","embeddable":true,"href":"https:\/\/superstore.ee\/index.php\/wp-json\/wp\/v2\/product_cat?post=22558"},{"taxonomy":"product_tag","embeddable":true,"href":"https:\/\/superstore.ee\/index.php\/wp-json\/wp\/v2\/product_tag?post=22558"}],"curies":[{"name":"wp","href":"https:\/\/api.w.org\/{rel}","templated":true}]}}