{"id":22572,"date":"2025-03-17T17:43:28","date_gmt":"2025-03-17T15:43:28","guid":{"rendered":"https:\/\/superstore.ee\/?post_type=product&#038;p=22572"},"modified":"2025-12-28T17:34:57","modified_gmt":"2025-12-28T15:34:57","slug":"bath-body-works-champagne-in-paris-fragrance-mist-236ml","status":"publish","type":"product","link":"https:\/\/superstore.ee\/index.php\/toode\/bath-body-works-champagne-in-paris-fragrance-mist-236ml\/","title":{"rendered":"Bath &#038; Body Works Champagne In Paris Fragrance Mist (236ml)"},"content":{"rendered":"","protected":false},"excerpt":{"rendered":"<p data-start=\"1058\" data-end=\"1112\">Bath &amp; Body Works Champagne In Paris kehasprei<\/p>\n<p data-start=\"1114\" data-end=\"1277\">Sukelduge Pariisi \u0161iki atmosf\u00e4\u00e4ri selle kehaspreiga, mis \u00fchendab <strong data-start=\"1179\" data-end=\"1236\">\u0161ampanja spritzi, leedri fizz&#8217;i ja maikellukese noote<\/strong>.<\/p>\n<p data-start=\"1279\" data-end=\"1496\">\u2714 <strong data-start=\"1281\" data-end=\"1312\">Kerge ja v\u00e4rskendav koostis<\/strong>, ideaalne igap\u00e4evaseks kasutamiseks<br data-start=\"1348\" data-end=\"1351\" \/>\u2714 <strong data-start=\"1353\" data-end=\"1403\">Ei sisalda parabeene ega kunstlikke v\u00e4rvaineid<\/strong><br data-start=\"1403\" data-end=\"1406\" \/>\u2714 <strong data-start=\"1408\" data-end=\"1439\">Dermatoloogiliselt testitud<\/strong><br data-start=\"1439\" data-end=\"1442\" \/>\u2714 <strong data-start=\"1444\" data-end=\"1461\">Mugav pihusti<\/strong>, mis tagab \u00fchtlase pealekandmise<\/p>\n<p data-start=\"1417\" data-end=\"1469\" data-is-last-node=\"\" data-is-only-node=\"\">Maht: 236 ml (8 fl oz)<br data-start=\"1443\" data-end=\"1446\" \/>P\u00e4ritoluriik: USA<\/p>\n<details>\n<summary>Details<\/summary>\n<div translate=\"no\">\nBath &#038; Body Works Champagne In Paris Fine Fragrance Mist<\/p>\n<p>Immerse yourself in the ambiance of Parisian chic with this body mist, blending notes of champagne spritz, elderberry fizz, and lily of the valley.<\/p>\n<p>\u2714 Light and refreshing formula, perfect for daily use<br \/>\n\u2714 Paraben-free and made without artificial dyes<br \/>\n\u2714 Dermatologist tested<br \/>\n\u2714 Convenient spray nozzle for even application<\/p>\n<p>Volume: 236 ml (8 fl oz)<br \/>\nBrand country: USA<\/p>\n<p>INGREDIENTS:<br \/>\nAlcohol Denat., Water (Aqua, Eau), Fragrance (Parfum), Propylene Glycol, Ethylhexyl Methoxycinnamate, Ethylhexyl Salicylate, Butyl Methoxydibenzoylmethane, Limonene, Linalool, Citral, Benzyl Alcohol.<\/p>\n<\/div>\n<p>Bath &#038; Body Works Champagne In Paris \u043c\u0438\u0441\u0442 \u0434\u043b\u044f \u0442\u0435\u043b\u0430 (\u0441\u043f\u0440\u0435\u0439 \u0434\u043b\u044f \u0442\u0435\u043b\u0430). \u041f\u043e\u0433\u0440\u0443\u0437\u0438\u0442\u0435\u0441\u044c \u0432 \u0430\u0442\u043c\u043e\u0441\u0444\u0435\u0440\u0443 \u043f\u0430\u0440\u0438\u0436\u0441\u043a\u043e\u0433\u043e \u0448\u0438\u043a\u0430 \u0441 \u044d\u0442\u0438\u043c \u043c\u0438\u0441\u0442\u043e\u043c \u0434\u043b\u044f \u0442\u0435\u043b\u0430, \u0441\u043e\u0447\u0435\u0442\u0430\u044e\u0449\u0438\u043c \u043d\u043e\u0442\u043a\u0438 \u0448\u0430\u043c\u043f\u0430\u043d\u0441\u043a\u043e\u0433\u043e \u0441\u043f\u0440\u0438\u0442\u0446\u0430, \u0431\u0443\u0437\u0438\u043d\u043e\u0432\u043e\u0433\u043e \u0444\u0438\u0437\u0430 \u0438 \u043b\u0430\u043d\u0434\u044b\u0448\u0430.<br \/>\n<\/details>\n","protected":false},"featured_media":22609,"template":"","meta":{"jetpack_publicize_message":"","jetpack_publicize_feature_enabled":true,"jetpack_social_post_already_shared":true,"jetpack_social_options":{"image_generator_settings":{"template":"highway","default_image_id":0,"font":"","enabled":false},"version":2}},"product_brand":[],"product_cat":[919,910,935],"product_tag":[],"class_list":{"0":"post-22572","1":"product","2":"type-product","3":"status-publish","4":"has-post-thumbnail","6":"product_cat-bath-and-body-works","7":"product_cat-kehaspreid","8":"product_cat-bath-and-body-works-body-mists","10":"first","11":"instock","12":"sale","13":"shipping-taxable","14":"purchasable","15":"product-type-simple"},"jetpack_publicize_connections":[],"jetpack_sharing_enabled":true,"jetpack_likes_enabled":true,"_links":{"self":[{"href":"https:\/\/superstore.ee\/index.php\/wp-json\/wp\/v2\/product\/22572","targetHints":{"allow":["GET"]}}],"collection":[{"href":"https:\/\/superstore.ee\/index.php\/wp-json\/wp\/v2\/product"}],"about":[{"href":"https:\/\/superstore.ee\/index.php\/wp-json\/wp\/v2\/types\/product"}],"wp:featuredmedia":[{"embeddable":true,"href":"https:\/\/superstore.ee\/index.php\/wp-json\/wp\/v2\/media\/22609"}],"wp:attachment":[{"href":"https:\/\/superstore.ee\/index.php\/wp-json\/wp\/v2\/media?parent=22572"}],"wp:term":[{"taxonomy":"product_brand","embeddable":true,"href":"https:\/\/superstore.ee\/index.php\/wp-json\/wp\/v2\/product_brand?post=22572"},{"taxonomy":"product_cat","embeddable":true,"href":"https:\/\/superstore.ee\/index.php\/wp-json\/wp\/v2\/product_cat?post=22572"},{"taxonomy":"product_tag","embeddable":true,"href":"https:\/\/superstore.ee\/index.php\/wp-json\/wp\/v2\/product_tag?post=22572"}],"curies":[{"name":"wp","href":"https:\/\/api.w.org\/{rel}","templated":true}]}}