{"id":22574,"date":"2025-03-17T19:17:27","date_gmt":"2025-03-17T17:17:27","guid":{"rendered":"https:\/\/superstore.ee\/?post_type=product&#038;p=22574"},"modified":"2025-04-04T10:40:40","modified_gmt":"2025-04-04T07:40:40","slug":"bath-body-works-fiji-sunshine-guava-tini-fragrance-mist-236ml","status":"publish","type":"product","link":"https:\/\/superstore.ee\/index.php\/toode\/bath-body-works-fiji-sunshine-guava-tini-fragrance-mist-236ml\/","title":{"rendered":"Bath &#038; Body Works Fiji Sunshine Guava-Tini Fragrance Mist (236ml)"},"content":{"rendered":"","protected":false},"excerpt":{"rendered":"<p data-start=\"937\" data-end=\"995\">Bath &amp; Body Works Fiji Sunshine Guava-Tini kehasprei<\/p>\n<p data-start=\"997\" data-end=\"1126\">Naudi troopilise saare meeleolu s\u00e4rtsaka ja mahlase aroomiga, mis \u00fchendab <strong data-start=\"1071\" data-end=\"1125\">k\u00fcpset guajaavi, v\u00e4rsket apelsini ja \u00f5rna jasmiini<\/strong>.<\/p>\n<p data-start=\"1128\" data-end=\"1365\">\u2714 <strong data-start=\"1130\" data-end=\"1161\">Kerge ja v\u00e4rskendav koostis<\/strong>, sobib ideaalselt igap\u00e4evaseks kasutamiseks<br data-start=\"1205\" data-end=\"1208\" \/>\u2714 <strong data-start=\"1210\" data-end=\"1238\">Sisaldab aaloe ekstrakti<\/strong>, mis niisutab ja v\u00e4rskendab nahka<br data-start=\"1272\" data-end=\"1275\" \/>\u2714 <strong data-start=\"1277\" data-end=\"1327\">Ei sisalda parabeene ega kunstlikke v\u00e4rvaineid<\/strong><br data-start=\"1327\" data-end=\"1330\" \/>\u2714 <strong data-start=\"1332\" data-end=\"1363\">Dermatoloogiliselt testitud<\/strong><\/p>\n<p data-start=\"1417\" data-end=\"1469\" data-is-last-node=\"\" data-is-only-node=\"\">Maht: 236 ml (8 fl oz)<br data-start=\"1443\" data-end=\"1446\" \/>P\u00e4ritoluriik: USA<\/p>\n<details>\n<summary>Details<\/summary>\n<div translate=\"no\">\nBath &#038; Body Works Fiji Sunshine Guava-Tini Fine Fragrance Mist<\/p>\n<p>Escape to a tropical island paradise with a vibrant, juicy blend of ripe guava, fresh orange, and seaside jasmine.<\/p>\n<p>\u2714 Light, refreshing formula, perfect for everyday use<br \/>\n\u2714 Infused with aloe to moisturize and nourish skin<br \/>\n\u2714 Paraben-free and made without artificial dyes<br \/>\n\u2714 Dermatologist tested<\/p>\n<p>Volume: 236 ml (8 fl oz)<br \/>\nBrand country: USA<\/p>\n<p>INGREDIENTS:<br \/>\nAlcohol Denat., Water (Aqua, Eau), Fragrance (Parfum), Propylene Glycol, Ethylhexyl Methoxycinnamate, Ethylhexyl Salicylate, Butyl Methoxydibenzoylmethane, Limonene, Linalool, Citral, Benzyl Alcohol.<\/p>\n<\/div>\n<p>Bath &#038; Body Works Fiji Sunshine Guava-Tini \u043c\u0438\u0441\u0442 \u0434\u043b\u044f \u0442\u0435\u043b\u0430 (\u0441\u043f\u0440\u0435\u0439 \u0434\u043b\u044f \u0442\u0435\u043b\u0430). \u041e\u043a\u0443\u043d\u0438\u0442\u0435\u0441\u044c \u0432 \u0430\u0442\u043c\u043e\u0441\u0444\u0435\u0440\u0443 \u0442\u0440\u043e\u043f\u0438\u0447\u0435\u0441\u043a\u043e\u0433\u043e \u043e\u0441\u0442\u0440\u043e\u0432\u0430 \u0441 \u044f\u0440\u043a\u0438\u043c, \u0441\u043e\u0447\u043d\u044b\u043c \u0430\u0440\u043e\u043c\u0430\u0442\u043e\u043c \u0441\u043f\u0435\u043b\u043e\u0439 \u0433\u0443\u0430\u0432\u044b, \u0441\u0432\u0435\u0436\u0435\u0433\u043e \u0430\u043f\u0435\u043b\u044c\u0441\u0438\u043d\u0430 \u0438 \u043d\u0435\u0436\u043d\u043e\u0433\u043e \u0436\u0430\u0441\u043c\u0438\u043d\u0430.<br \/>\n<\/details>\n","protected":false},"featured_media":22595,"template":"","meta":{"jetpack_publicize_message":"","jetpack_publicize_feature_enabled":true,"jetpack_social_post_already_shared":true,"jetpack_social_options":{"image_generator_settings":{"template":"highway","default_image_id":0,"font":"","enabled":false},"version":2}},"product_brand":[],"product_cat":[919,910,935],"product_tag":[],"class_list":{"0":"post-22574","1":"product","2":"type-product","3":"status-publish","4":"has-post-thumbnail","6":"product_cat-bath-and-body-works","7":"product_cat-kehaspreid","8":"product_cat-bath-and-body-works-body-mists","10":"first","11":"instock","12":"sale","13":"shipping-taxable","14":"purchasable","15":"product-type-simple"},"jetpack_publicize_connections":[],"jetpack_sharing_enabled":true,"jetpack_likes_enabled":true,"_links":{"self":[{"href":"https:\/\/superstore.ee\/index.php\/wp-json\/wp\/v2\/product\/22574","targetHints":{"allow":["GET"]}}],"collection":[{"href":"https:\/\/superstore.ee\/index.php\/wp-json\/wp\/v2\/product"}],"about":[{"href":"https:\/\/superstore.ee\/index.php\/wp-json\/wp\/v2\/types\/product"}],"wp:featuredmedia":[{"embeddable":true,"href":"https:\/\/superstore.ee\/index.php\/wp-json\/wp\/v2\/media\/22595"}],"wp:attachment":[{"href":"https:\/\/superstore.ee\/index.php\/wp-json\/wp\/v2\/media?parent=22574"}],"wp:term":[{"taxonomy":"product_brand","embeddable":true,"href":"https:\/\/superstore.ee\/index.php\/wp-json\/wp\/v2\/product_brand?post=22574"},{"taxonomy":"product_cat","embeddable":true,"href":"https:\/\/superstore.ee\/index.php\/wp-json\/wp\/v2\/product_cat?post=22574"},{"taxonomy":"product_tag","embeddable":true,"href":"https:\/\/superstore.ee\/index.php\/wp-json\/wp\/v2\/product_tag?post=22574"}],"curies":[{"name":"wp","href":"https:\/\/api.w.org\/{rel}","templated":true}]}}