{"id":22587,"date":"2025-03-18T16:57:00","date_gmt":"2025-03-18T14:57:00","guid":{"rendered":"https:\/\/superstore.ee\/?post_type=product&#038;p=22587"},"modified":"2025-08-07T20:27:19","modified_gmt":"2025-08-07T17:27:19","slug":"bath-body-works-cucumber-melon-fragrance-mist-236ml","status":"publish","type":"product","link":"https:\/\/superstore.ee\/index.php\/toode\/bath-body-works-cucumber-melon-fragrance-mist-236ml\/","title":{"rendered":"Bath &#038; Body Works Cucumber Melon Fragrance Mist (236ml)"},"content":{"rendered":"","protected":false},"excerpt":{"rendered":"<p data-start=\"957\" data-end=\"1005\">Bath &amp; Body Works Cucumber Melon kehasprei<\/p>\n<p data-start=\"1007\" data-end=\"1218\">Naudi kerget ja v\u00e4rskendavat aroomi, mis \u00fchendab <strong data-start=\"1056\" data-end=\"1125\">kr\u00f5mpsuvat kurki, mahlast melonit, greipi ja \u00f5rnu puiduseid noote<\/strong>. \u00d5huline kehasprei annab nahale kohese v\u00e4rskuse ja j\u00e4tab sellele meeldiva, kauap\u00fcsiva l\u00f5hna.<\/p>\n<p data-start=\"1220\" data-end=\"1390\">\u2714 <strong data-start=\"1222\" data-end=\"1253\">Kerge ja v\u00e4rskendav koostis<\/strong> igap\u00e4evaseks kasutamiseks<br data-start=\"1279\" data-end=\"1282\" \/>\u2714 <strong data-start=\"1284\" data-end=\"1334\">Ei sisalda parabeene ega kunstlikke v\u00e4rvaineid<\/strong><br data-start=\"1334\" data-end=\"1337\" \/>\u2714 <strong data-start=\"1339\" data-end=\"1390\">Dermatoloogiliselt testitud ja sobib veganitele<\/strong><\/p>\n<p data-start=\"1344\" data-end=\"1401\">Maht: 236 ml (8 fl oz)<br data-start=\"1370\" data-end=\"1373\" \/>Br\u00e4ndi p\u00e4ritoluriik: USA<\/p>\n<details>\n<summary>Details<\/summary>\n<div translate=\"no\">\n<p>Bath &amp; Body Works Cucumber Melon Fine Fragrance Mist<\/p>\n<p>Enjoy a fresh and uplifting fragrance blending crisp cucumber, juicy cantaloupe, grapefruit, and soft woods. This airy mist instantly refreshes, leaving skin softly scented.<\/p>\n<p>\u2714 Light and refreshing formula, perfect for daily use<br \/>\n\u2714 Paraben-free and made without artificial dyes<br \/>\n\u2714 Dermatologist tested and vegan-friendly<\/p>\n<p>Volume: 236 ml (8 fl oz)<br \/>\nBrand country: USA<\/p>\n<p>INGREDIENTS: Alcohol Denat., Water (Aqua, Eau), Fragrance (Parfum), Propylene Glycol, Amyl Cinnamal, Linalool, Hydroxycitronellal, Geraniol, Benzyl Alcohol, Limonene, Citronellol, Hexyl Cinnamal, Benzyl Salicylate, Ethylhexyl Methoxycinnamate, Ethylhexyl Salicylate, Butyl Methoxydibenzoylmethane, Ext. Violet 2 (CI 60730).<\/p>\n<\/div>\n<p>Bath &amp; Body Works Cucumber Melon \u043c\u0438\u0441\u0442 \u0434\u043b\u044f \u0442\u0435\u043b\u0430 (\u0441\u043f\u0440\u0435\u0439 \u0434\u043b\u044f \u0442\u0435\u043b\u0430). \u041f\u043e\u0433\u0440\u0443\u0437\u0438\u0442\u0435\u0441\u044c \u0432 \u043b\u0451\u0433\u043a\u0438\u0439 \u0438 \u043e\u0441\u0432\u0435\u0436\u0430\u044e\u0449\u0438\u0439 \u0430\u0440\u043e\u043c\u0430\u0442, \u0441\u043e\u0447\u0435\u0442\u0430\u044e\u0449\u0438\u0439 \u0445\u0440\u0443\u0441\u0442\u044f\u0449\u0438\u0439 \u043e\u0433\u0443\u0440\u0435\u0446, \u0441\u043e\u0447\u043d\u0443\u044e \u0434\u044b\u043d\u044e, \u0433\u0440\u0435\u0439\u043f\u0444\u0440\u0443\u0442 \u0438 \u043d\u0435\u0436\u043d\u044b\u0435 \u0434\u0440\u0435\u0432\u0435\u0441\u043d\u044b\u0435 \u043d\u043e\u0442\u044b. \u042d\u0442\u043e\u0442 \u0432\u043e\u0437\u0434\u0443\u0448\u043d\u044b\u0439 \u043c\u0438\u0441\u0442 \u0438\u0434\u0435\u0430\u043b\u044c\u043d\u043e \u043e\u0441\u0432\u0435\u0436\u0430\u0435\u0442 \u0438 \u043f\u0440\u0438\u0434\u0430\u0451\u0442 \u043a\u043e\u0436\u0435 \u043f\u0440\u0438\u044f\u0442\u043d\u044b\u0439, \u0441\u0442\u043e\u0439\u043a\u0438\u0439 \u0430\u0440\u043e\u043c\u0430\u0442.<\/p>\n<\/details>\n","protected":false},"featured_media":22590,"template":"","meta":{"jetpack_publicize_message":"","jetpack_publicize_feature_enabled":true,"jetpack_social_post_already_shared":true,"jetpack_social_options":{"image_generator_settings":{"template":"highway","default_image_id":0,"font":"","enabled":false},"version":2}},"product_brand":[],"product_cat":[919,935,910],"product_tag":[],"class_list":{"0":"post-22587","1":"product","2":"type-product","3":"status-publish","4":"has-post-thumbnail","6":"product_cat-bath-and-body-works","7":"product_cat-bath-and-body-works-body-mists","8":"product_cat-kehaspreid","10":"first","11":"instock","12":"sale","13":"shipping-taxable","14":"purchasable","15":"product-type-simple"},"jetpack_publicize_connections":[],"jetpack_sharing_enabled":true,"jetpack_likes_enabled":true,"_links":{"self":[{"href":"https:\/\/superstore.ee\/index.php\/wp-json\/wp\/v2\/product\/22587","targetHints":{"allow":["GET"]}}],"collection":[{"href":"https:\/\/superstore.ee\/index.php\/wp-json\/wp\/v2\/product"}],"about":[{"href":"https:\/\/superstore.ee\/index.php\/wp-json\/wp\/v2\/types\/product"}],"wp:featuredmedia":[{"embeddable":true,"href":"https:\/\/superstore.ee\/index.php\/wp-json\/wp\/v2\/media\/22590"}],"wp:attachment":[{"href":"https:\/\/superstore.ee\/index.php\/wp-json\/wp\/v2\/media?parent=22587"}],"wp:term":[{"taxonomy":"product_brand","embeddable":true,"href":"https:\/\/superstore.ee\/index.php\/wp-json\/wp\/v2\/product_brand?post=22587"},{"taxonomy":"product_cat","embeddable":true,"href":"https:\/\/superstore.ee\/index.php\/wp-json\/wp\/v2\/product_cat?post=22587"},{"taxonomy":"product_tag","embeddable":true,"href":"https:\/\/superstore.ee\/index.php\/wp-json\/wp\/v2\/product_tag?post=22587"}],"curies":[{"name":"wp","href":"https:\/\/api.w.org\/{rel}","templated":true}]}}