{"id":22654,"date":"2025-03-20T21:12:43","date_gmt":"2025-03-20T19:12:43","guid":{"rendered":"https:\/\/superstore.ee\/?post_type=product&#038;p=22654"},"modified":"2025-12-23T17:24:00","modified_gmt":"2025-12-23T15:24:00","slug":"bath-body-works-gingham-legend-mens-deodorant","status":"publish","type":"product","link":"https:\/\/superstore.ee\/index.php\/toode\/bath-body-works-gingham-legend-mens-deodorant\/","title":{"rendered":"Bath &#038; Body Works Gingham Legend Men&#8217;s Deodorant"},"content":{"rendered":"","protected":false},"excerpt":{"rendered":"<p data-start=\"1600\" data-end=\"1670\">Bath &amp; Body Works Gingham Legend meeste antiperspirant-deodorant<\/p>\n<p data-start=\"1672\" data-end=\"1958\">Antiperspirant v\u00e4ljendusrikka aroomiga, milles segunevad <strong data-start=\"1729\" data-end=\"1778\">bergamoti, rikkaliku tamme ja sooja sandlipuu<\/strong> noodid. Pakub t\u00f5husat kaitset higistamise ja ebameeldiva l\u00f5hna vastu kuni 24 tunniks. T\u00e4nu erilisele koostisele hoolitseb see naha eest, j\u00e4ttes meeldiva v\u00e4rskustunde kogu p\u00e4evaks.<\/p>\n<p data-start=\"1960\" data-end=\"2179\">\u2714 <strong data-start=\"1962\" data-end=\"2008\">T\u00f5hus 24-tunnine kaitse higi ja l\u00f5hna eest<\/strong><\/p>\n<p data-start=\"1960\" data-end=\"2179\">\u2714 <strong data-start=\"2011\" data-end=\"2056\">Sisaldab E-vitamiini ja hooldavaid \u00f5lisid<\/strong>, mis niisutavad ja rahustavad nahka<\/p>\n<p data-start=\"1960\" data-end=\"2179\">\u2714 <strong data-start=\"2095\" data-end=\"2145\">Ei sisalda parabeene ega kunstlikke v\u00e4rvaineid<\/strong> \u2714 <strong data-start=\"2148\" data-end=\"2179\">Dermatoloogiliselt testitud<\/strong><\/p>\n<p data-start=\"2181\" data-end=\"2207\"><strong data-start=\"2181\" data-end=\"2207\">Kasulikud koostisosad:<\/strong><\/p>\n<ul data-start=\"2208\" data-end=\"2331\">\n<li data-start=\"2208\" data-end=\"2252\"><strong data-start=\"2210\" data-end=\"2224\">Kastoor\u00f5li<\/strong> \u2013 niisutab ja kaitseb nahka<\/li>\n<li data-start=\"2253\" data-end=\"2331\"><strong data-start=\"2255\" data-end=\"2269\">E-vitamiin<\/strong> \u2013 antioks\u00fcdantse toimega, rahustab nahka ja v\u00e4hendab \u00e4rritust<\/li>\n<\/ul>\n<p data-start=\"2333\" data-end=\"2387\" data-is-last-node=\"\" data-is-only-node=\"\">Maht: 104 g (2.7 oz)<br data-start=\"2356\" data-end=\"2359\" \/>Br\u00e4ndi p\u00e4ritoluriik: USA<\/p>\n<details>\n<summary>Details<\/summary>\n<div translate=\"no\">\n<p>Bath &amp; Body Works Gingham Legend \u2013 Men&#8217;s Antiperspirant Deodorant Antiperspirant with an expressive fragrance blending notes of bergamot, rich oak, and warm sandalwood. Provides effective protection against sweat and odor for 24 hours. Its special formula gently cares for the skin, maintaining freshness throughout the day.<\/p>\n<p>\u2714 24-hour sweat and odor protection<br \/>\n\u2714 Infused with Vitamin E and nourishing oils to moisturize and soothe skin<br \/>\n\u2714 Paraben-free and made without artificial dyes<br \/>\n\u2714 Dermatologist tested<\/p>\n<p>Beneficial Ingredients: Hydrogenated castor oil \u2013 hydrates and protects the skin, Vitamin E \u2013 antioxidant protection, soothing the skin and reducing irritation<\/p>\n<p>Volume: 104 g<br \/>\nBrand country: USA<\/p>\n<p>INGREDIENTS:<br \/>\nAluminum Zirconium Trichlorohydrex GLY. INACTIVE INGREDIENT(S): Dimethicone, Stearyl Alcohol, C15-19 Alkane, Diheptyl Succinate, C12-15 Alkyl Benzoate, Hydrogenated Castor Oil, Cetyl Alcohol, Water (Aqua, Eau), Silica, Aluminum Starch Octenylsuccinate, Fragrance (Parfum), Capryloyl Glycerin\/Sebacic Acid Copolymer, Tocopheryl Acetate, Benzyl Benzoate, Limonene, Benzyl Salicylate, Hexyl Cinnamal, Citral, Linalool, Eugenol.<\/p>\n<\/div>\n<p>Bath &amp; Body Works Gingham Legend \u0430\u043d\u0442\u0438\u043f\u0435\u0440\u0441\u043f\u0438\u0440\u0430\u043d\u0442-\u0434\u0435\u0437\u043e\u0434\u043e\u0440\u0430\u043d\u0442 \u0434\u043b\u044f \u043c\u0443\u0436\u0447\u0438\u043d. \u0410\u043d\u0442\u0438\u043f\u0435\u0440\u0441\u043f\u0438\u0440\u0430\u043d\u0442 \u0441 \u0432\u044b\u0440\u0430\u0437\u0438\u0442\u0435\u043b\u044c\u043d\u044b\u043c \u0430\u0440\u043e\u043c\u0430\u0442\u043e\u043c, \u0432 \u043a\u043e\u0442\u043e\u0440\u043e\u043c \u0433\u0430\u0440\u043c\u043e\u043d\u0438\u0447\u043d\u043e \u043f\u0435\u0440\u0435\u043f\u043b\u0435\u0442\u0430\u044e\u0442\u0441\u044f \u043d\u043e\u0442\u044b \u0431\u0435\u0440\u0433\u0430\u043c\u043e\u0442\u0430, \u043d\u0430\u0441\u044b\u0449\u0435\u043d\u043d\u043e\u0433\u043e \u0434\u0443\u0431\u0430 \u0438 \u0442\u0451\u043f\u043b\u043e\u0433\u043e \u0441\u0430\u043d\u0434\u0430\u043b\u043e\u0432\u043e\u0433\u043e \u0434\u0435\u0440\u0435\u0432\u0430. \u041e\u0431\u0435\u0441\u043f\u0435\u0447\u0438\u0432\u0430\u0435\u0442 \u044d\u0444\u0444\u0435\u043a\u0442\u0438\u0432\u043d\u0443\u044e \u0437\u0430\u0449\u0438\u0442\u0443 \u043e\u0442 \u043f\u043e\u0442\u0430 \u0438 \u043d\u0435\u043f\u0440\u0438\u044f\u0442\u043d\u043e\u0433\u043e \u0437\u0430\u043f\u0430\u0445\u0430 \u0432 \u0442\u0435\u0447\u0435\u043d\u0438\u0435 24 \u0447\u0430\u0441\u043e\u0432. \u0411\u043b\u0430\u0433\u043e\u0434\u0430\u0440\u044f \u0441\u043f\u0435\u0446\u0438\u0430\u043b\u044c\u043d\u043e\u043c\u0443 \u0441\u043e\u0441\u0442\u0430\u0432\u0443, \u0431\u0435\u0440\u0435\u0436\u043d\u043e \u0443\u0445\u0430\u0436\u0438\u0432\u0430\u0435\u0442 \u0437\u0430 \u043a\u043e\u0436\u0435\u0439 \u0438 \u0441\u043e\u0445\u0440\u0430\u043d\u044f\u0435\u0442 \u043e\u0449\u0443\u0449\u0435\u043d\u0438\u0435 \u0441\u0432\u0435\u0436\u0435\u0441\u0442\u0438 \u0432\u0435\u0441\u044c \u0434\u0435\u043d\u044c. 24 \u0447\u0430\u0441\u0430 \u0437\u0430\u0449\u0438\u0442\u044b \u043e\u0442 \u043f\u043e\u0442\u0430 \u0438 \u0437\u0430\u043f\u0430\u0445\u0430. \u0424\u043e\u0440\u043c\u0443\u043b\u0430 \u0441 \u0432\u0438\u0442\u0430\u043c\u0438\u043d\u043e\u043c \u0415 \u0438 \u043c\u0430\u0441\u043b\u0430\u043c\u0438, \u043a\u043e\u0442\u043e\u0440\u0430\u044f \u0443\u0432\u043b\u0430\u0436\u043d\u044f\u0435\u0442 \u0438 \u0443\u0441\u043f\u043e\u043a\u0430\u0438\u0432\u0430\u0435\u0442 \u043a\u043e\u0436\u0443. \u0411\u0435\u0437 \u043f\u0430\u0440\u0430\u0431\u0435\u043d\u043e\u0432 \u0438 \u0438\u0441\u043a\u0443\u0441\u0441\u0442\u0432\u0435\u043d\u043d\u044b\u0445 \u043a\u0440\u0430\u0441\u0438\u0442\u0435\u043b\u0435\u0439.<\/p>\n<\/details>\n","protected":false},"featured_media":22656,"template":"","meta":{"jetpack_publicize_message":"","jetpack_publicize_feature_enabled":true,"jetpack_social_post_already_shared":true,"jetpack_social_options":{"image_generator_settings":{"template":"highway","default_image_id":0,"font":"","enabled":false},"version":2}},"product_brand":[],"product_cat":[919,937,940,912],"product_tag":[],"class_list":{"0":"post-22654","1":"product","2":"type-product","3":"status-publish","4":"has-post-thumbnail","6":"product_cat-bath-and-body-works","7":"product_cat-bath-and-body-works-deodorants","8":"product_cat-for-men","9":"product_cat-nahahooldus","11":"first","12":"outofstock","13":"sale","14":"shipping-taxable","15":"purchasable","16":"product-type-simple"},"jetpack_publicize_connections":[],"jetpack_sharing_enabled":true,"jetpack_likes_enabled":true,"_links":{"self":[{"href":"https:\/\/superstore.ee\/index.php\/wp-json\/wp\/v2\/product\/22654","targetHints":{"allow":["GET"]}}],"collection":[{"href":"https:\/\/superstore.ee\/index.php\/wp-json\/wp\/v2\/product"}],"about":[{"href":"https:\/\/superstore.ee\/index.php\/wp-json\/wp\/v2\/types\/product"}],"wp:featuredmedia":[{"embeddable":true,"href":"https:\/\/superstore.ee\/index.php\/wp-json\/wp\/v2\/media\/22656"}],"wp:attachment":[{"href":"https:\/\/superstore.ee\/index.php\/wp-json\/wp\/v2\/media?parent=22654"}],"wp:term":[{"taxonomy":"product_brand","embeddable":true,"href":"https:\/\/superstore.ee\/index.php\/wp-json\/wp\/v2\/product_brand?post=22654"},{"taxonomy":"product_cat","embeddable":true,"href":"https:\/\/superstore.ee\/index.php\/wp-json\/wp\/v2\/product_cat?post=22654"},{"taxonomy":"product_tag","embeddable":true,"href":"https:\/\/superstore.ee\/index.php\/wp-json\/wp\/v2\/product_tag?post=22654"}],"curies":[{"name":"wp","href":"https:\/\/api.w.org\/{rel}","templated":true}]}}