{"id":22660,"date":"2025-03-21T11:35:51","date_gmt":"2025-03-21T09:35:51","guid":{"rendered":"https:\/\/superstore.ee\/?post_type=product&#038;p=22660"},"modified":"2025-06-11T21:15:54","modified_gmt":"2025-06-11T18:15:54","slug":"bath-body-works-gingham-legend-mens-set-antiperspirant-body-wash","status":"publish","type":"product","link":"https:\/\/superstore.ee\/index.php\/toode\/bath-body-works-gingham-legend-mens-set-antiperspirant-body-wash\/","title":{"rendered":"Bath &#038; Body Works Gingham Legend Men&#8217;s Set (Antiperspirant + Body Wash)"},"content":{"rendered":"","protected":false},"excerpt":{"rendered":"<p data-start=\"1628\" data-end=\"1729\">Bath &amp; Body Works Gingham Legend meeste komplekt (3-in-1 du\u0161igeel + antiperspirant-deodorant)<\/p>\n<p data-start=\"1731\" data-end=\"2016\">Stiilne komplekt rikkaliku ja v\u00e4ljendusrikka aroomiga, milles kohtuvad <strong data-start=\"1802\" data-end=\"1852\">ergas bergamot, rikkalik tamm ja soe sandlipuu<\/strong>. Ideaalne igap\u00e4evaseks hoolduseks: du\u0161igeel sobib keha, n\u00e4o ja juuste pesemiseks, antiperspirant-deodorant tagab t\u00f5husa kaitse higi ja l\u00f5hna vastu terveks p\u00e4evaks.<\/p>\n<p data-start=\"2018\" data-end=\"2326\">\u2714 <strong data-start=\"2020\" data-end=\"2070\">3-in-1 du\u0161igeel sisaldab aaloed ja E-vitamiini<\/strong>, mis hooldavad ja niisutavad nahka ning juukseid<br data-start=\"2119\" data-end=\"2122\" \/>\u2714 <strong data-start=\"2124\" data-end=\"2167\">Antiperspirant pakub 24-tunnist kaitset<\/strong>, sisaldab E-vitamiini ja \u00f5lisid, mis niisutavad ja rahustavad nahka<br data-start=\"2235\" data-end=\"2238\" \/>\u2714 <strong data-start=\"2240\" data-end=\"2290\">Ei sisalda parabeene ega kunstlikke v\u00e4rvaineid<\/strong><br data-start=\"2290\" data-end=\"2293\" \/>\u2714 <strong data-start=\"2295\" data-end=\"2326\">Dermatoloogiliselt testitud<\/strong><\/p>\n<p data-start=\"2328\" data-end=\"2433\" data-is-last-node=\"\" data-is-only-node=\"\">Du\u0161igeeli maht: 295 ml (10 fl oz)<br data-start=\"2365\" data-end=\"2368\" \/>Deodorandi maht: 77 g (2.7 oz)<br data-start=\"2402\" data-end=\"2405\" \/>Br\u00e4ndi p\u00e4ritoluriik: USA<\/p>\n<details>\n<summary>Details<\/summary>\n<div translate=\"no\">\n<p>Bath &#038; Body Works Gingham Legend Men&#8217;s set (3-in-1 Hair, Face &#038; Body Wash + Antiperspirant Deodorant)<\/p>\n<p>A sophisticated set featuring a rich, expressive fragrance that blends bright bergamot, rich oak, and warm sandalwood. Perfect for daily grooming: the wash conveniently cleanses hair, face, and body, while the antiperspirant deodorant ensures reliable sweat and odor protection throughout the day.<\/p>\n<p>\u2714 3-in-1 wash infused with aloe and vitamin E, gently moisturizes skin and hair<br \/>\n\u2714 Antiperspirant provides 24-hour protection against sweat and odor, enriched with Vitamin E and nourishing oils to soothe skin<br \/>\n\u2714 Paraben-free and made without artificial dyes<br \/>\n\u2714 Dermatologist tested<\/p>\n<p>Wash volume: 295 ml (10 fl oz)<br \/>\nDeodorant volume: 77 g (2.7 oz)<br \/>\nBrand country: USA<\/p>\n<p>INGREDIENTS:<br \/>\nDeodorant: Aluminum Zirconium Trichlorohydrex GLY. INACTIVE INGREDIENT(S): Dimethicone, Stearyl Alcohol, C15-19 Alkane, Diheptyl Succinate, C12-15 Alkyl Benzoate, Hydrogenated Castor Oil, Cetyl Alcohol, Water (Aqua, Eau), Silica, Aluminum Starch Octenylsuccinate, Fragrance (Parfum), Capryloyl Glycerin\/Sebacic Acid Copolymer, Tocopheryl Acetate, Benzyl Benzoate, Limonene, Benzyl Salicylate, Hexyl Cinnamal, Citral, Linalool, Eugenol.<\/p>\n<p>Body Wash:<br \/>\nWater (Aqua, Eau), Cocamidopropyl Betaine, Sodium Methyl Cocoyl Taurate, Fragrance (Parfum), Sodium Lauroyl Methyl Isethionate, Sodium Lauroyl Sarcosinate, Glycerin, Aloe Barbadensis Leaf Juice, Tocopheryl Acetate, Sodium Chloride, Citric Acid, Sodium Benzoate, Disodium EDTA, Benzyl Alcohol, Coumarin, Limonene, Linalool, Blue 1 (CI 42090).<\/p>\n<\/div>\n<p>Bath &#038; Body Works Gingham Legend \u043d\u0430\u0431\u043e\u0440 \u0434\u043b\u044f \u043c\u0443\u0436\u0447\u0438\u043d (\u0433\u0435\u043b\u044c \u0434\u043b\u044f \u0434\u0443\u0448\u0430 3-\u0432-1 + \u0430\u043d\u0442\u0438\u043f\u0435\u0440\u0441\u043f\u0438\u0440\u0430\u043d\u0442-\u0434\u0435\u0437\u043e\u0434\u043e\u0440\u0430\u043d\u0442). \u0421\u0442\u0438\u043b\u044c\u043d\u044b\u0439 \u043a\u043e\u043c\u043f\u043b\u0435\u043a\u0442 \u0441 \u043d\u0430\u0441\u044b\u0449\u0435\u043d\u043d\u044b\u043c \u0438 \u0432\u044b\u0440\u0430\u0437\u0438\u0442\u0435\u043b\u044c\u043d\u044b\u043c \u0430\u0440\u043e\u043c\u0430\u0442\u043e\u043c, \u0441\u043e\u0447\u0435\u0442\u0430\u044e\u0449\u0438\u043c \u044f\u0440\u043a\u0438\u0439 \u0431\u0435\u0440\u0433\u0430\u043c\u043e\u0442, \u0431\u043e\u0433\u0430\u0442\u044b\u0439 \u0434\u0443\u0431 \u0438 \u0442\u0451\u043f\u043b\u044b\u0439 \u0441\u0430\u043d\u0434\u0430\u043b. \u0418\u0434\u0435\u0430\u043b\u0435\u043d \u0434\u043b\u044f \u0435\u0436\u0435\u0434\u043d\u0435\u0432\u043d\u043e\u0433\u043e \u0443\u0445\u043e\u0434\u0430: \u0433\u0435\u043b\u044c \u0443\u043d\u0438\u0432\u0435\u0440\u0441\u0430\u043b\u0435\u043d \u0434\u043b\u044f \u043c\u044b\u0442\u044c\u044f \u0432\u043e\u043b\u043e\u0441, \u043b\u0438\u0446\u0430 \u0438 \u0442\u0435\u043b\u0430, \u0430 \u0430\u043d\u0442\u0438\u043f\u0435\u0440\u0441\u043f\u0438\u0440\u0430\u043d\u0442-\u0434\u0435\u0437\u043e\u0434\u043e\u0440\u0430\u043d\u0442 \u043e\u0431\u0435\u0441\u043f\u0435\u0447\u0438\u0432\u0430\u0435\u0442 \u043d\u0430\u0434\u0451\u0436\u043d\u0443\u044e \u0437\u0430\u0449\u0438\u0442\u0443 \u043e\u0442 \u043f\u043e\u0442\u0430 \u0438 \u0437\u0430\u043f\u0430\u0445\u0430 \u043d\u0430 \u0432\u0435\u0441\u044c \u0434\u0435\u043d\u044c. \u0413\u0435\u043b\u044c 3-\u0432-1 \u0441\u043e\u0434\u0435\u0440\u0436\u0438\u0442 \u0430\u043b\u043e\u044d \u0438 \u0432\u0438\u0442\u0430\u043c\u0438\u043d \u0415 \u0434\u043b\u044f \u0431\u0435\u0440\u0435\u0436\u043d\u043e\u0433\u043e \u0443\u0445\u043e\u0434\u0430 \u0438 \u0443\u0432\u043b\u0430\u0436\u043d\u0435\u043d\u0438\u044f \u043a\u043e\u0436\u0438 \u0438 \u0432\u043e\u043b\u043e\u0441. \u0410\u043d\u0442\u0438\u043f\u0435\u0440\u0441\u043f\u0438\u0440\u0430\u043d\u0442 \u043e\u0431\u0435\u0441\u043f\u0435\u0447\u0438\u0432\u0430\u0435\u0442 24 \u0447\u0430\u0441\u0430 \u0437\u0430\u0449\u0438\u0442\u044b \u043e\u0442 \u043f\u043e\u0442\u0430 \u0438 \u0437\u0430\u043f\u0430\u0445\u0430, \u0443\u0432\u043b\u0430\u0436\u043d\u044f\u0435\u0442 \u0438 \u0443\u0441\u043f\u043e\u043a\u0430\u0438\u0432\u0430\u0435\u0442 \u043a\u043e\u0436\u0443 \u0431\u043b\u0430\u0433\u043e\u0434\u0430\u0440\u044f \u0432\u0438\u0442\u0430\u043c\u0438\u043d\u0443 E \u0438 \u043c\u0430\u0441\u043b\u0430\u043c.<br \/>\n<\/details>\n","protected":false},"featured_media":22673,"template":"","meta":{"jetpack_publicize_message":"","jetpack_publicize_feature_enabled":true,"jetpack_social_post_already_shared":true,"jetpack_social_options":{"image_generator_settings":{"template":"highway","default_image_id":0,"font":"","enabled":false},"version":2}},"product_brand":[],"product_cat":[919,937,938,940,912],"product_tag":[],"class_list":{"0":"post-22660","1":"product","2":"type-product","3":"status-publish","4":"has-post-thumbnail","6":"product_cat-bath-and-body-works","7":"product_cat-bath-and-body-works-deodorants","8":"product_cat-bath-and-body-works-sets","9":"product_cat-for-men","10":"product_cat-nahahooldus","12":"first","13":"outofstock","14":"sale","15":"shipping-taxable","16":"purchasable","17":"product-type-simple"},"jetpack_publicize_connections":[],"jetpack_sharing_enabled":true,"jetpack_likes_enabled":true,"_links":{"self":[{"href":"https:\/\/superstore.ee\/index.php\/wp-json\/wp\/v2\/product\/22660","targetHints":{"allow":["GET"]}}],"collection":[{"href":"https:\/\/superstore.ee\/index.php\/wp-json\/wp\/v2\/product"}],"about":[{"href":"https:\/\/superstore.ee\/index.php\/wp-json\/wp\/v2\/types\/product"}],"wp:featuredmedia":[{"embeddable":true,"href":"https:\/\/superstore.ee\/index.php\/wp-json\/wp\/v2\/media\/22673"}],"wp:attachment":[{"href":"https:\/\/superstore.ee\/index.php\/wp-json\/wp\/v2\/media?parent=22660"}],"wp:term":[{"taxonomy":"product_brand","embeddable":true,"href":"https:\/\/superstore.ee\/index.php\/wp-json\/wp\/v2\/product_brand?post=22660"},{"taxonomy":"product_cat","embeddable":true,"href":"https:\/\/superstore.ee\/index.php\/wp-json\/wp\/v2\/product_cat?post=22660"},{"taxonomy":"product_tag","embeddable":true,"href":"https:\/\/superstore.ee\/index.php\/wp-json\/wp\/v2\/product_tag?post=22660"}],"curies":[{"name":"wp","href":"https:\/\/api.w.org\/{rel}","templated":true}]}}