{"id":22674,"date":"2025-03-21T15:24:57","date_gmt":"2025-03-21T13:24:57","guid":{"rendered":"https:\/\/superstore.ee\/?post_type=product&#038;p=22674"},"modified":"2026-02-06T07:21:25","modified_gmt":"2026-02-06T05:21:25","slug":"bath-body-works-whipped-coconut-milkshake-fragrance-mist-236ml","status":"publish","type":"product","link":"https:\/\/superstore.ee\/index.php\/toode\/bath-body-works-whipped-coconut-milkshake-fragrance-mist-236ml\/","title":{"rendered":"Bath &#038; Body Works Whipped Coconut Milkshake Fragrance Mist (236ml)"},"content":{"rendered":"","protected":false},"excerpt":{"rendered":"<p data-start=\"1201\" data-end=\"1260\">Bath &amp; Body Works Whipped Coconut Milkshake kehasprei<\/p>\n<p data-start=\"1262\" data-end=\"1445\">Naudi sooja suvep\u00e4eva atmosf\u00e4\u00e4ri selle imelise l\u00f5hnaga, mis \u00fchendab <strong data-start=\"1330\" data-end=\"1368\">r\u00f6stitud kookose ja vanillij\u00e4\u00e4tise<\/strong> noote. See sprei j\u00e4tab nahale magusa ja hubase aroomi, mis p\u00fcsib kogu p\u00e4eva.<\/p>\n<p data-start=\"1447\" data-end=\"1468\"><strong data-start=\"1447\" data-end=\"1468\">Peamised eelised:<\/strong><\/p>\n<ul data-start=\"1470\" data-end=\"1680\">\n<li data-start=\"1470\" data-end=\"1539\"><strong data-start=\"1472\" data-end=\"1503\">Kerge ja v\u00e4rskendav koostis<\/strong>, ideaalne igap\u00e4evaseks kasutamiseks<\/li>\n<li data-start=\"1540\" data-end=\"1593\"><strong data-start=\"1542\" data-end=\"1561\">Sisaldab aaloed<\/strong>, mis niisutab ja rahustab nahka<\/li>\n<li data-start=\"1594\" data-end=\"1646\"><strong data-start=\"1596\" data-end=\"1646\">Ei sisalda parabeene ega kunstlikke v\u00e4rvaineid<\/strong><\/li>\n<li data-start=\"1647\" data-end=\"1680\"><strong data-start=\"1649\" data-end=\"1680\">Dermatoloogiliselt testitud<\/strong><\/li>\n<\/ul>\n<p data-start=\"1344\" data-end=\"1401\">Maht: 236 ml (8 fl oz)<br data-start=\"1370\" data-end=\"1373\" \/>Br\u00e4ndi p\u00e4ritoluriik: USA<\/p>\n<details>\n<summary>Details<\/summary>\n<div translate=\"no\">\n<p>Bath &#038; Body Works Whipped Coconut Milkshake Fine Fragrance Mist<\/p>\n<p>Immerse yourself in the ambiance of a warm summer day with this delightful scent, blending notes of toasted coconut and vanilla ice cream. This mist leaves your skin with a sweet and cozy fragrance that lasts throughout the day.<\/p>\n<p>Key Benefits:<\/p>\n<p>Light and refreshing formula, perfect for daily use<br \/>\nInfused with aloe, which moisturizes and soothes the skin<br \/>\nParaben-free and made without artificial dyes<br \/>\nDermatologist tested<\/p>\n<p>Volume: 236 ml (8 fl oz)<br \/>\nBrand country: USA<\/p>\n<p>INGREDIENTS:<br \/>\nWater (Aqua, Eau), Alcohol Denat., Fragrance (Parfum), Propylene Glycol, Aloe Barbadensis Leaf Juice, Glycerin, PEG-40 Hydrogenated Castor Oil, Disodium EDTA, BHT, Benzyl Alcohol, Coumarin, Limonene, Linalool, Red 33 (CI 17200), Yellow 5 (CI 19140).<\/p>\n<\/div>\n<p>Bath &#038; Body Works Whipped Coconut Milkshake \u043c\u0438\u0441\u0442 \u0434\u043b\u044f \u0442\u0435\u043b\u0430 (\u0441\u043f\u0440\u0435\u0439 \u0434\u043b\u044f \u0442\u0435\u043b\u0430). \u041f\u043e\u0433\u0440\u0443\u0437\u0438\u0442\u0435\u0441\u044c \u0432 \u0430\u0442\u043c\u043e\u0441\u0444\u0435\u0440\u0443 \u0442\u0451\u043f\u043b\u043e\u0433\u043e \u043b\u0435\u0442\u043d\u0435\u0433\u043e \u0434\u043d\u044f \u0441 \u044d\u0442\u0438\u043c \u0432\u043e\u0441\u0445\u0438\u0442\u0438\u0442\u0435\u043b\u044c\u043d\u044b\u043c \u0430\u0440\u043e\u043c\u0430\u0442\u043e\u043c, \u0441\u043e\u0447\u0435\u0442\u0430\u044e\u0449\u0438\u043c \u043d\u043e\u0442\u043a\u0438 \u0442\u043e\u0441\u0442\u0438\u0440\u043e\u0432\u0430\u043d\u043d\u043e\u0433\u043e \u043a\u043e\u043a\u043e\u0441\u0430 \u0438 \u0432\u0430\u043d\u0438\u043b\u044c\u043d\u043e\u0433\u043e \u043c\u043e\u0440\u043e\u0436\u0435\u043d\u043e\u0433\u043e. \u042d\u0442\u043e\u0442 \u043c\u0438\u0441\u0442 \u0434\u0430\u0440\u0438\u0442 \u043a\u043e\u0436\u0435 \u0441\u043b\u0430\u0434\u043a\u0438\u0439 \u0438 \u0443\u044e\u0442\u043d\u044b\u0439 \u0430\u0440\u043e\u043c\u0430\u0442, \u043a\u043e\u0442\u043e\u0440\u044b\u0439 \u0441\u043e\u0445\u0440\u0430\u043d\u044f\u0435\u0442\u0441\u044f \u043d\u0430 \u043f\u0440\u043e\u0442\u044f\u0436\u0435\u043d\u0438\u0438 \u0432\u0441\u0435\u0433\u043e \u0434\u043d\u044f. \u041b\u0451\u0433\u043a\u0430\u044f \u0438 \u043e\u0441\u0432\u0435\u0436\u0430\u044e\u0449\u0430\u044f \u0444\u043e\u0440\u043c\u0443\u043b\u0430, \u0438\u0434\u0435\u0430\u043b\u044c\u043d\u043e \u043f\u043e\u0434\u0445\u043e\u0434\u044f\u0449\u0430\u044f \u0434\u043b\u044f \u0435\u0436\u0435\u0434\u043d\u0435\u0432\u043d\u043e\u0433\u043e \u0438\u0441\u043f\u043e\u043b\u044c\u0437\u043e\u0432\u0430\u043d\u0438\u044f. \u0421\u043e\u0434\u0435\u0440\u0436\u0438\u0442 \u0430\u043b\u043e\u044d, \u043a\u043e\u0442\u043e\u0440\u043e\u0435 \u0443\u0432\u043b\u0430\u0436\u043d\u044f\u0435\u0442 \u0438 \u0443\u0441\u043f\u043e\u043a\u0430\u0438\u0432\u0430\u0435\u0442 \u043a\u043e\u0436\u0443.<br \/>\n<\/details>\n","protected":false},"featured_media":22677,"template":"","meta":{"jetpack_publicize_message":"","jetpack_publicize_feature_enabled":true,"jetpack_social_post_already_shared":true,"jetpack_social_options":{"image_generator_settings":{"template":"highway","default_image_id":0,"font":"","enabled":false},"version":2}},"product_brand":[],"product_cat":[919,910,935],"product_tag":[],"class_list":{"0":"post-22674","1":"product","2":"type-product","3":"status-publish","4":"has-post-thumbnail","6":"product_cat-bath-and-body-works","7":"product_cat-kehaspreid","8":"product_cat-bath-and-body-works-body-mists","10":"first","11":"outofstock","12":"sale","13":"shipping-taxable","14":"purchasable","15":"product-type-simple"},"jetpack_publicize_connections":[],"jetpack_sharing_enabled":true,"jetpack_likes_enabled":true,"_links":{"self":[{"href":"https:\/\/superstore.ee\/index.php\/wp-json\/wp\/v2\/product\/22674","targetHints":{"allow":["GET"]}}],"collection":[{"href":"https:\/\/superstore.ee\/index.php\/wp-json\/wp\/v2\/product"}],"about":[{"href":"https:\/\/superstore.ee\/index.php\/wp-json\/wp\/v2\/types\/product"}],"wp:featuredmedia":[{"embeddable":true,"href":"https:\/\/superstore.ee\/index.php\/wp-json\/wp\/v2\/media\/22677"}],"wp:attachment":[{"href":"https:\/\/superstore.ee\/index.php\/wp-json\/wp\/v2\/media?parent=22674"}],"wp:term":[{"taxonomy":"product_brand","embeddable":true,"href":"https:\/\/superstore.ee\/index.php\/wp-json\/wp\/v2\/product_brand?post=22674"},{"taxonomy":"product_cat","embeddable":true,"href":"https:\/\/superstore.ee\/index.php\/wp-json\/wp\/v2\/product_cat?post=22674"},{"taxonomy":"product_tag","embeddable":true,"href":"https:\/\/superstore.ee\/index.php\/wp-json\/wp\/v2\/product_tag?post=22674"}],"curies":[{"name":"wp","href":"https:\/\/api.w.org\/{rel}","templated":true}]}}