{"id":22679,"date":"2025-03-21T16:29:48","date_gmt":"2025-03-21T14:29:48","guid":{"rendered":"https:\/\/superstore.ee\/?post_type=product&#038;p=22679"},"modified":"2025-12-23T17:24:00","modified_gmt":"2025-12-23T15:24:00","slug":"bath-body-works-pink-tie-dye-body-lotion-236ml","status":"publish","type":"product","link":"https:\/\/superstore.ee\/index.php\/toode\/bath-body-works-pink-tie-dye-body-lotion-236ml\/","title":{"rendered":"Bath &#038; Body Works Pink Tie Dye Body Lotion (236ml)"},"content":{"rendered":"","protected":false},"excerpt":{"rendered":"<p data-start=\"1726\" data-end=\"1797\">Bath &amp; Body Works Pink Tie Dye igap\u00e4evane toitainerikas kehakreem<\/p>\n<p data-start=\"1201\" data-end=\"1403\">V\u00e4rske ja elav aroom, milles on <strong data-start=\"1233\" data-end=\"1280\">roosa \u00f5un, mahlane melon ja \u00f5rn nelgin\u00fcanss<\/strong>, annab positiivse laengu kogu p\u00e4evaks. Kehakreem niisutab nahka s\u00fcgavuti ja j\u00e4tab selle pehmeks ning meeldivalt l\u00f5hnavaks.<\/p>\n<p data-start=\"1405\" data-end=\"1638\">\u2714 <strong data-start=\"1407\" data-end=\"1433\">Niisutab kuni 24 tundi<\/strong><br data-start=\"1433\" data-end=\"1436\" \/>\u2714 <strong data-start=\"1438\" data-end=\"1496\">Sisaldab sheav\u00f5id, kakaov\u00f5id, kookos\u00f5li ja E-vitamiini<\/strong><br data-start=\"1496\" data-end=\"1499\" \/>\u2714 <strong data-start=\"1501\" data-end=\"1547\">Imendub kiiresti ega j\u00e4ta kleepuvat tunnet<\/strong><br data-start=\"1547\" data-end=\"1550\" \/>\u2714 <strong data-start=\"1552\" data-end=\"1602\">Ei sisalda parabeene ega kunstlikke v\u00e4rvaineid<\/strong><br data-start=\"1602\" data-end=\"1605\" \/>\u2714 <strong data-start=\"1607\" data-end=\"1638\">Dermatoloogiliselt testitud<\/strong><\/p>\n<p data-start=\"1853\" data-end=\"1879\">Maht: 236 ml (8 fl oz)<\/p>\n<p data-start=\"1881\" data-end=\"1909\">Br\u00e4ndi p\u00e4ritoluriik: USA<\/p>\n<details>\n<summary>Details<\/summary>\n<div translate=\"no\">Bath &amp; Body Works Pink Tie Dye Daily Nourishing Body Lotion<\/p>\n<p>A fresh, bright fragrance with pink apple, juicy melon, and a hint of clove that uplifts your mood and energizes your day. This lotion deeply hydrates and nourishes, leaving your skin smooth and beautifully scented.<\/p>\n<p>Provides up to 24 hours of hydration<br \/>\nContains shea butter, cocoa butter, coconut oil, and vitamin E<br \/>\nLightweight and fast-absorbing texture, leaving no greasy residue.\u200b<br \/>\nEnriched with natural oils and vitamins, nourishing and protecting the skin.\u200b<br \/>\nParaben-free and without artificial dyes.\u200b<br \/>\nDermatologist tested.<\/p>\n<p>Volume: 236 ml (8 fl oz)<\/p>\n<p>Brand country: USA<\/p>\n<p>INGREDIENTS: Water (Aqua, Eau), Dimethicone, Glycerin, Cetyl Alcohol, Fragrance (Parfum), C12-15 Alkyl Benzoate, Butyrospermum Parkii (Shea) Butter, Cocos Nucifera (Coconut) Oil, Cetearyl Alcohol, Ceteareth-20, Phenoxyethanol, Isododecane, Palmitic Acid, Glyceryl Stearate SE, Stearic Acid, Chlorphenesin, Dimethiconol, Dimethicone Crosspolymer, Carbomer, Disodium EDTA, Sodium Hydroxide, Tocopheryl Acetate, Ethylhexylglycerin, Hexyl Cinnamal, Limonene, Hydroxycitronellal, Linalool, Benzyl Salicylate.<\/p>\n<\/div>\n<p>Bath &amp; Body Works Pink Tie Dye \u0435\u0436\u0435\u0434\u043d\u0435\u0432\u043d\u044b\u0439 \u043f\u0438\u0442\u0430\u0442\u0435\u043b\u044c\u043d\u044b\u0439 \u043b\u043e\u0441\u044c\u043e\u043d \u0434\u043b\u044f \u0442\u0435\u043b\u0430 (\u043a\u0440\u0435\u043c \u0434\u043b\u044f \u0442\u0435\u043b\u0430). \u0421\u0432\u0435\u0436\u0438\u0439 \u0438 \u044f\u0440\u043a\u0438\u0439 \u0430\u0440\u043e\u043c\u0430\u0442 \u0441 \u043d\u043e\u0442\u0430\u043c\u0438 \u0440\u043e\u0437\u043e\u0432\u043e\u0433\u043e \u044f\u0431\u043b\u043e\u043a\u0430, \u0441\u043e\u0447\u043d\u043e\u0439 \u0434\u044b\u043d\u0438 \u0438 \u043b\u0451\u0433\u043a\u043e\u0439 \u0433\u0432\u043e\u0437\u0434\u0438\u043a\u0438 \u043f\u043e\u0434\u043d\u0438\u043c\u0430\u0435\u0442 \u043d\u0430\u0441\u0442\u0440\u043e\u0435\u043d\u0438\u0435 \u0438 \u043d\u0430\u043f\u043e\u043b\u043d\u044f\u0435\u0442 \u044d\u043d\u0435\u0440\u0433\u0438\u0435\u0439. \u041b\u043e\u0441\u044c\u043e\u043d \u0433\u043b\u0443\u0431\u043e\u043a\u043e \u0443\u0432\u043b\u0430\u0436\u043d\u044f\u0435\u0442 \u0438 \u043f\u0438\u0442\u0430\u0435\u0442 \u043a\u043e\u0436\u0443, \u043e\u0441\u0442\u0430\u0432\u043b\u044f\u044f \u0435\u0451 \u0433\u043b\u0430\u0434\u043a\u043e\u0439 \u0438 \u043f\u0440\u0438\u044f\u0442\u043d\u043e \u0430\u0440\u043e\u043c\u0430\u0442\u043d\u043e\u0439. \u0421\u043e\u0434\u0435\u0440\u0436\u0438\u0442 \u043c\u0430\u0441\u043b\u043e \u0448\u0438, \u043c\u0430\u0441\u043b\u043e \u043a\u0430\u043a\u0430\u043e, \u043a\u043e\u043a\u043e\u0441\u043e\u0432\u043e\u0435 \u043c\u0430\u0441\u043b\u043e \u0438 \u0432\u0438\u0442\u0430\u043c\u0438\u043d \u0415<\/p>\n<\/details>\n","protected":false},"featured_media":22682,"template":"","meta":{"jetpack_publicize_message":"","jetpack_publicize_feature_enabled":true,"jetpack_social_post_already_shared":true,"jetpack_social_options":{"image_generator_settings":{"template":"highway","default_image_id":0,"font":"","enabled":false},"version":2}},"product_brand":[],"product_cat":[919,936,912],"product_tag":[],"class_list":{"0":"post-22679","1":"product","2":"type-product","3":"status-publish","4":"has-post-thumbnail","6":"product_cat-bath-and-body-works","7":"product_cat-bath-and-body-works-body-lotions","8":"product_cat-nahahooldus","10":"first","11":"instock","12":"sale","13":"shipping-taxable","14":"purchasable","15":"product-type-simple"},"jetpack_publicize_connections":[],"jetpack_sharing_enabled":true,"jetpack_likes_enabled":true,"_links":{"self":[{"href":"https:\/\/superstore.ee\/index.php\/wp-json\/wp\/v2\/product\/22679","targetHints":{"allow":["GET"]}}],"collection":[{"href":"https:\/\/superstore.ee\/index.php\/wp-json\/wp\/v2\/product"}],"about":[{"href":"https:\/\/superstore.ee\/index.php\/wp-json\/wp\/v2\/types\/product"}],"wp:featuredmedia":[{"embeddable":true,"href":"https:\/\/superstore.ee\/index.php\/wp-json\/wp\/v2\/media\/22682"}],"wp:attachment":[{"href":"https:\/\/superstore.ee\/index.php\/wp-json\/wp\/v2\/media?parent=22679"}],"wp:term":[{"taxonomy":"product_brand","embeddable":true,"href":"https:\/\/superstore.ee\/index.php\/wp-json\/wp\/v2\/product_brand?post=22679"},{"taxonomy":"product_cat","embeddable":true,"href":"https:\/\/superstore.ee\/index.php\/wp-json\/wp\/v2\/product_cat?post=22679"},{"taxonomy":"product_tag","embeddable":true,"href":"https:\/\/superstore.ee\/index.php\/wp-json\/wp\/v2\/product_tag?post=22679"}],"curies":[{"name":"wp","href":"https:\/\/api.w.org\/{rel}","templated":true}]}}