{"id":22680,"date":"2025-03-21T16:29:54","date_gmt":"2025-03-21T14:29:54","guid":{"rendered":"https:\/\/superstore.ee\/?post_type=product&#038;p=22680"},"modified":"2025-12-23T17:24:00","modified_gmt":"2025-12-23T15:24:00","slug":"bath-body-works-whipped-pink-tie-dye-fragrance-mist-236ml","status":"publish","type":"product","link":"https:\/\/superstore.ee\/index.php\/toode\/bath-body-works-whipped-pink-tie-dye-fragrance-mist-236ml\/","title":{"rendered":"Bath &#038; Body Works Whipped Pink Tie Dye Fragrance Mist (236ml)"},"content":{"rendered":"","protected":false},"excerpt":{"rendered":"<p data-start=\"1420\" data-end=\"1466\">Bath &amp; Body Works Pink Tie Dye kehasprei<\/p>\n<p data-start=\"1468\" data-end=\"1633\"><span class=\"relative -mx-px my-[-0.2rem] rounded px-px py-[0.2rem]\">Naudi s\u00e4ravat ja \u00f5nnelikku p\u00e4eva selle v\u00e4rskendava l\u00f5hnaga, mis \u00fchendab <strong data-start=\"72\" data-end=\"117\">mahlased \u00f5unad, vesilotuse ja puuvilla\u00f5ie<\/strong>.<\/span> <span class=\"relative -mx-px my-[-0.2rem] rounded px-px py-[0.2rem]\">See sprei v\u00e4rskendab ja j\u00e4tab nahale kerge, kauap\u00fcsiva l\u00f5hna.<\/span><\/p>\n<p data-start=\"1635\" data-end=\"1656\"><strong data-start=\"1635\" data-end=\"1656\">Peamised eelised:<\/strong><\/p>\n<ul data-start=\"1658\" data-end=\"1921\">\n<li data-start=\"1658\" data-end=\"1745\"><span class=\"relative -mx-px my-[-0.2rem] rounded px-px py-[0.2rem]\"><strong data-start=\"0\" data-end=\"31\" data-is-only-node=\"\">Kerge ja v\u00e4rskendav koostis<\/strong>, ideaalne igap\u00e4evaseks kasutamiseks<\/span>\u200b<\/li>\n<li data-start=\"1746\" data-end=\"1833\"><span class=\"relative -mx-px my-[-0.2rem] rounded px-px py-[0.2rem]\"><strong data-start=\"0\" data-end=\"50\" data-is-last-node=\"\" data-is-only-node=\"\">Ei sisalda parabeene ega kunstlikke v\u00e4rvaineid<\/strong><\/span>\u200b<\/li>\n<li data-start=\"1834\" data-end=\"1921\"><span class=\"relative -mx-px my-[-0.2rem] rounded px-px py-[0.2rem]\"><strong data-start=\"0\" data-end=\"31\" data-is-last-node=\"\" data-is-only-node=\"\">Dermatoloogiliselt testitud<\/strong><\/span><\/li>\n<\/ul>\n<p data-start=\"1344\" data-end=\"1401\">Maht: 236 ml (8 fl oz)<br data-start=\"1370\" data-end=\"1373\" \/>Br\u00e4ndi p\u00e4ritoluriik: USA<\/p>\n<details>\n<summary>Details<\/summary>\n<div translate=\"no\">\n<p>Bath &#038; Body Works Pink Tie Dye \u2013 Fine Fragrance Mist<\/p>\n<p>Immerse yourself in a bright, happy day with this refreshing scent, blending juicy apples, water lotus, and cotton blossom. This mist refreshes and adds a subtle, lasting fragrance to your skin.\u200b<\/p>\n<p>Light and refreshing formula, perfect for daily use\u200b<br \/>\nParaben-free and made without artificial dyes\u200b<br \/>\nDermatologist tested\u200b<br \/>\nVolume: 236 ml (8 fl oz)<br \/>\nBrand country: USA<\/p>\n<p>INGREDIENTS:<br \/>\nAlcohol Denat., Water (Aqua, Eau), Fragrance (Parfum), Propylene Glycol, Hydroxycitronellal, Limonene, Benzyl Salicylate, Linalool, Citronellol, Ethylhexyl Methoxycinnamate, Red 33 (CI 17200), Ethylhexyl Salicylate, Butyl Methoxydibenzoylmethane, Yellow 5 (CI 19140), Ext. Violet 2 (CI 60730).<\/p>\n<\/div>\n<p>Bath &#038; Body Works Pink Tie Dye \u043c\u0438\u0441\u0442 \u0434\u043b\u044f \u0442\u0435\u043b\u0430 (\u0441\u043f\u0440\u0435\u0439 \u0434\u043b\u044f \u0442\u0435\u043b\u0430). \u041f\u043e\u0433\u0440\u0443\u0437\u0438\u0442\u0435\u0441\u044c \u0432 \u044f\u0440\u043a\u0438\u0439 \u0438 \u0441\u0447\u0430\u0441\u0442\u043b\u0438\u0432\u044b\u0439 \u0434\u0435\u043d\u044c \u0441 \u044d\u0442\u0438\u043c \u043e\u0441\u0432\u0435\u0436\u0430\u044e\u0449\u0438\u043c \u0430\u0440\u043e\u043c\u0430\u0442\u043e\u043c, \u0441\u043e\u0447\u0435\u0442\u0430\u044e\u0449\u0438\u043c \u0441\u043e\u0447\u043d\u044b\u0435 \u044f\u0431\u043b\u043e\u043a\u0438, \u0432\u043e\u0434\u044f\u043d\u0443\u044e \u043b\u0438\u043b\u0438\u044e \u0438 \u0445\u043b\u043e\u043f\u043a\u043e\u0432\u044b\u0439 \u0446\u0432\u0435\u0442\u043e\u043a. \u042d\u0442\u043e\u0442 \u043c\u0438\u0441\u0442 \u043e\u0441\u0432\u0435\u0436\u0430\u0435\u0442 \u0438 \u043f\u0440\u0438\u0434\u0430\u0451\u0442 \u043a\u043e\u0436\u0435 \u043b\u0451\u0433\u043a\u0438\u0439, \u0441\u0442\u043e\u0439\u043a\u0438\u0439 \u0430\u0440\u043e\u043c\u0430\u0442.\u200b \u041b\u0451\u0433\u043a\u0430\u044f \u0438 \u043e\u0441\u0432\u0435\u0436\u0430\u044e\u0449\u0430\u044f \u0444\u043e\u0440\u043c\u0443\u043b\u0430, \u0438\u0434\u0435\u0430\u043b\u044c\u043d\u043e \u043f\u043e\u0434\u0445\u043e\u0434\u044f\u0449\u0430\u044f \u0434\u043b\u044f \u0435\u0436\u0435\u0434\u043d\u0435\u0432\u043d\u043e\u0433\u043e \u0438\u0441\u043f\u043e\u043b\u044c\u0437\u043e\u0432\u0430\u043d\u0438\u044f<br \/>\n<\/details>\n","protected":false},"featured_media":22685,"template":"","meta":{"jetpack_publicize_message":"","jetpack_publicize_feature_enabled":true,"jetpack_social_post_already_shared":true,"jetpack_social_options":{"image_generator_settings":{"template":"highway","default_image_id":0,"font":"","enabled":false},"version":2}},"product_brand":[],"product_cat":[919,935,910],"product_tag":[],"class_list":{"0":"post-22680","1":"product","2":"type-product","3":"status-publish","4":"has-post-thumbnail","6":"product_cat-bath-and-body-works","7":"product_cat-bath-and-body-works-body-mists","8":"product_cat-kehaspreid","10":"first","11":"instock","12":"sale","13":"shipping-taxable","14":"purchasable","15":"product-type-simple"},"jetpack_publicize_connections":[],"jetpack_sharing_enabled":true,"jetpack_likes_enabled":true,"_links":{"self":[{"href":"https:\/\/superstore.ee\/index.php\/wp-json\/wp\/v2\/product\/22680","targetHints":{"allow":["GET"]}}],"collection":[{"href":"https:\/\/superstore.ee\/index.php\/wp-json\/wp\/v2\/product"}],"about":[{"href":"https:\/\/superstore.ee\/index.php\/wp-json\/wp\/v2\/types\/product"}],"wp:featuredmedia":[{"embeddable":true,"href":"https:\/\/superstore.ee\/index.php\/wp-json\/wp\/v2\/media\/22685"}],"wp:attachment":[{"href":"https:\/\/superstore.ee\/index.php\/wp-json\/wp\/v2\/media?parent=22680"}],"wp:term":[{"taxonomy":"product_brand","embeddable":true,"href":"https:\/\/superstore.ee\/index.php\/wp-json\/wp\/v2\/product_brand?post=22680"},{"taxonomy":"product_cat","embeddable":true,"href":"https:\/\/superstore.ee\/index.php\/wp-json\/wp\/v2\/product_cat?post=22680"},{"taxonomy":"product_tag","embeddable":true,"href":"https:\/\/superstore.ee\/index.php\/wp-json\/wp\/v2\/product_tag?post=22680"}],"curies":[{"name":"wp","href":"https:\/\/api.w.org\/{rel}","templated":true}]}}