{"id":22691,"date":"2025-03-22T11:37:08","date_gmt":"2025-03-22T09:37:08","guid":{"rendered":"https:\/\/superstore.ee\/?post_type=product&#038;p=22691"},"modified":"2026-04-25T18:10:39","modified_gmt":"2026-04-25T15:10:39","slug":"kiko-milano-kreemjas-huulelaige-creamy-lipgloss","status":"publish","type":"product","link":"https:\/\/superstore.ee\/index.php\/toode\/kiko-milano-kreemjas-huulelaige-creamy-lipgloss\/","title":{"rendered":"KIKO Milano Creamy Lipgloss"},"content":{"rendered":"","protected":false},"excerpt":{"rendered":"<div class=\"woocommerce-product-details__short-description\">\n<p data-start=\"869\" data-end=\"1164\">Kreemjas huulel\u00e4ige intensiivse l\u00e4ike ja vol\u00fc\u00fcmiefektiga, mis toob esile huulte loomuliku ilu. Koostis sisaldab E-vitamiini ja riitsinus\u00f5li, mis toidavad ja kaitsevad huuli kuivamise eest. Pehme ja kerge tekstuur tagab mugava kandmise ning ei j\u00e4\u00e4 kleepuvaks. Ideaalne valik igap\u00e4evaseks meigiks.<\/p>\n<p data-start=\"1166\" data-end=\"1180\"><strong data-start=\"1166\" data-end=\"1178\">Eelised:<\/strong><\/p>\n<ul data-start=\"1181\" data-end=\"1421\">\n<li data-start=\"1181\" data-end=\"1221\">Sisaldab E-vitamiini ja riitsinus\u00f5li<\/li>\n<li data-start=\"1222\" data-end=\"1249\">Toidab ja kaitseb huuli<\/li>\n<li data-start=\"1250\" data-end=\"1270\">Niisutav koostis<\/li>\n<li data-start=\"1271\" data-end=\"1314\">L\u00e4ikiv viimistlus ja t\u00e4idlasemad huuled<\/li>\n<li data-start=\"1315\" data-end=\"1333\">Ei ole kleepuv<\/li>\n<li data-start=\"1334\" data-end=\"1365\">Dermatoloogiliselt testitud<\/li>\n<li data-start=\"1366\" data-end=\"1421\">Parabeenide- ja l\u00f5hnavaba \u2013 sobib tundlikele huultele<\/li>\n<\/ul>\n<p data-start=\"1423\" data-end=\"1473\">Kaal: 2,8 g<br data-start=\"1438\" data-end=\"1441\" \/>Br\u00e4ndi p\u00e4ritoluriik: Itaalia<\/p>\n<\/div>\n<details>\n<summary>Details<\/summary>\n<div translate=\"no\">\nWet Look Lip Gloss Pencil with intense colour and ultra shiny finish.Pure concentrated shine in a soft, creamy pencil for finished lips in just a few steps, with an ultra glossy look that is both simple and leaves an impression. The texture envelops the lips with a velvety consistency that blends to glide on like a pastel. Lips feel smooth, hydrated and comfortable. The formula has been enriched with active replenishing agents and a special combination of the latest generation natural materials. The rounded tip allows for easy application, guaranteeing instant colour release.<\/p>\n<p>Thanks to its innovative packaging, Creamy Lipgloss is always ready for use. By rotating the base, the pencil extends upwards without needing to be sharpened. The shape of the pencil makes the product practical to use and easy to carry around for regular retouching.<\/p>\n<p>Available in 13 innovative shades, from the most natural and delicate to the brightest and most vivid.<\/p>\n<p>Dermatologically tested = formulated for minimum instance of allergic reactions.<\/p>\n<p>Made in Italy<br \/>\n2.8 gr \/ 0.099 oz<\/p>\n<p>INGREDIENTS:<br \/>\nHYDROGENATED POLYISOBUTENE, OCTYLDODECYL STEAROYL STEARATE, VP\/HEXADECENE COPOLYMER, SYNTHETIC WAX, POLYETHYLENE, CERA MICROCRISTALLINA (MICROCRYSTALLINE WAX\/ CIRE MICROCRISTALLINE), CAPRYLIC\/CAPRIC TRIGLYCERIDE, DIISOSTEARYL MALATE, HYDROGENATED STYR ENE\/METHYL STYRENE\/INDENE COPOLYMER, MICA, ETHYLENE\/PROPYLENE\/STYRENE COPOLYMER, STEARALKONIUM BENTONITE, DICALCIUM PHOSPHATE, HYDRO GENATED STYRENE\/BUTADIENE COPOLYMER, PROPYLENE CARBONATE, DIPALMITOYL HYDROXYPROLINE, LAURYL PCA, BUTYLENE\/ETHYLENE\/STYRENE COPOLYME R, PENTAERYTHRITYL TETRA-DI-t-BUTYL HYDROXYHYDROCINNAMATE, COMMIPHORA MUKUL RESIN EXTRACT, TIN OXIDE. +\/- (MAY CONTAIN): CI 77891 (T ITANIUM DIOXIDE), CI 77499 &#8211; CI 77491 (IRON OXIDES), CI 15850 (RED 7 LAKE), CI 45410 (RED 28 LAKE).<\/p>\n<\/div>\n<p>\u0411\u043b\u0435\u0441\u043a \u0434\u043b\u044f \u0433\u0443\u0431 Creamy Lipgloss. \u041a\u0440\u0435\u043c\u043e\u0432\u044b\u0439 \u0431\u043b\u0435\u0441\u043a \u0441 \u043d\u0430\u0441\u044b\u0449\u0435\u043d\u043d\u044b\u043c \u0433\u043b\u044f\u043d\u0446\u0435\u0432\u044b\u043c \u0444\u0438\u043d\u0438\u0448\u0435\u043c, \u043a\u043e\u0442\u043e\u0440\u044b\u0439 \u043f\u043e\u0434\u0447\u0451\u0440\u043a\u0438\u0432\u0430\u0435\u0442 \u043a\u0440\u0430\u0441\u043e\u0442\u0443 \u0433\u0443\u0431 \u0438 \u0434\u0435\u043b\u0430\u0435\u0442 \u0438\u0445 \u0432\u0438\u0437\u0443\u0430\u043b\u044c\u043d\u043e \u0431\u043e\u043b\u0435\u0435 \u043e\u0431\u044a\u0451\u043c\u043d\u044b\u043c\u0438. \u0424\u043e\u0440\u043c\u0443\u043b\u0430 \u043e\u0431\u043e\u0433\u0430\u0449\u0435\u043d\u0430 \u0432\u0438\u0442\u0430\u043c\u0438\u043d\u043e\u043c \u0415 \u0438 \u043a\u0430\u0441\u0442\u043e\u0440\u043e\u0432\u044b\u043c \u043c\u0430\u0441\u043b\u043e\u043c, \u043a\u043e\u0442\u043e\u0440\u044b\u0435 \u0441\u043c\u044f\u0433\u0447\u0430\u044e\u0442, \u043f\u0438\u0442\u0430\u044e\u0442 \u0438 \u0437\u0430\u0449\u0438\u0449\u0430\u044e\u0442 \u0433\u0443\u0431\u044b \u043e\u0442 \u043f\u0435\u0440\u0435\u0441\u044b\u0445\u0430\u043d\u0438\u044f. \u0422\u0435\u043a\u0441\u0442\u0443\u0440\u0430 \u043d\u0435\u0436\u043d\u0430\u044f \u0438 \u043a\u043e\u043c\u0444\u043e\u0440\u0442\u043d\u0430\u044f \u2014 \u043b\u0435\u0433\u043a\u043e \u043d\u0430\u043d\u043e\u0441\u0438\u0442\u0441\u044f \u0438 \u043d\u0435 \u043b\u0438\u043f\u043d\u0435\u0442. \u041e\u0442\u043b\u0438\u0447\u043d\u044b\u0439 \u0432\u044b\u0431\u043e\u0440 \u0434\u043b\u044f \u0435\u0441\u0442\u0435\u0441\u0442\u0432\u0435\u043d\u043d\u043e\u0433\u043e, \u043d\u043e \u0432\u044b\u0440\u0430\u0437\u0438\u0442\u0435\u043b\u044c\u043d\u043e\u0433\u043e \u043c\u0430\u043a\u0438\u044f\u0436\u0430. \u0421\u043e\u0434\u0435\u0440\u0436\u0438\u0442 \u0432\u0438\u0442\u0430\u043c\u0438\u043d E \u0438 \u043a\u0430\u0441\u0442\u043e\u0440\u043e\u0432\u043e\u0435 \u043c\u0430\u0441\u043b\u043e. \u041f\u0438\u0442\u0430\u0435\u0442 \u0438 \u0437\u0430\u0449\u0438\u0449\u0430\u0435\u0442 \u0433\u0443\u0431\u044b<br \/>\n<\/details>\n","protected":false},"featured_media":17754,"template":"","meta":{"jetpack_publicize_message":"","jetpack_publicize_feature_enabled":true,"jetpack_social_post_already_shared":true,"jetpack_social_options":{"image_generator_settings":{"template":"highway","default_image_id":0,"font":"","enabled":false},"version":2}},"product_brand":[],"product_cat":[911,988,987,986,973,340,631],"product_tag":[],"class_list":{"0":"post-22691","1":"product","2":"type-product","3":"status-publish","4":"has-post-thumbnail","6":"product_cat-huuled","7":"product_cat-lip-gloss","8":"product_cat-lipstick","9":"product_cat-kiko-lips","10":"product_cat-makeup","11":"product_cat-kiko-milano","12":"product_cat-sale","13":"pa_varv-101-pearly-shell-rose","14":"pa_varv-102-pearly-strawberry-pink","15":"pa_varv-104-pearly-golden-papaya","16":"pa_varv-105-fire-red","17":"pa_varv-107-magenta","18":"pa_varv-109-pearly-fuchsia","19":"pa_varv-112-vintage-rose","21":"first","22":"instock","23":"sale","24":"shipping-taxable","25":"purchasable","26":"product-type-variable"},"jetpack_publicize_connections":[],"jetpack_sharing_enabled":true,"jetpack_likes_enabled":true,"_links":{"self":[{"href":"https:\/\/superstore.ee\/index.php\/wp-json\/wp\/v2\/product\/22691","targetHints":{"allow":["GET"]}}],"collection":[{"href":"https:\/\/superstore.ee\/index.php\/wp-json\/wp\/v2\/product"}],"about":[{"href":"https:\/\/superstore.ee\/index.php\/wp-json\/wp\/v2\/types\/product"}],"wp:featuredmedia":[{"embeddable":true,"href":"https:\/\/superstore.ee\/index.php\/wp-json\/wp\/v2\/media\/17754"}],"wp:attachment":[{"href":"https:\/\/superstore.ee\/index.php\/wp-json\/wp\/v2\/media?parent=22691"}],"wp:term":[{"taxonomy":"product_brand","embeddable":true,"href":"https:\/\/superstore.ee\/index.php\/wp-json\/wp\/v2\/product_brand?post=22691"},{"taxonomy":"product_cat","embeddable":true,"href":"https:\/\/superstore.ee\/index.php\/wp-json\/wp\/v2\/product_cat?post=22691"},{"taxonomy":"product_tag","embeddable":true,"href":"https:\/\/superstore.ee\/index.php\/wp-json\/wp\/v2\/product_tag?post=22691"}],"curies":[{"name":"wp","href":"https:\/\/api.w.org\/{rel}","templated":true}]}}