{"id":22709,"date":"2025-03-22T14:59:27","date_gmt":"2025-03-22T12:59:27","guid":{"rendered":"https:\/\/superstore.ee\/?post_type=product&#038;p=22709"},"modified":"2025-08-18T15:09:15","modified_gmt":"2025-08-18T12:09:15","slug":"kiko-milano-glossy-dream-sheer-lipstick-205-wine","status":"publish","type":"product","link":"https:\/\/superstore.ee\/index.php\/toode\/kiko-milano-glossy-dream-sheer-lipstick-205-wine\/","title":{"rendered":"KIKO Milano Glossy Dream Sheer Lipstick (205 Wine)"},"content":{"rendered":"","protected":false},"excerpt":{"rendered":"<p data-start=\"978\" data-end=\"1060\">Pooll\u00e4bipaistev huulepulk Glossy Dream Sheer Lipstick KIKO Milano (205 Wine)<\/p>\n<p data-start=\"1062\" data-end=\"1436\">Kerge huulepulk l\u00e4ikiva pooll\u00e4bipaistva viimistlusega toonis <em data-start=\"1123\" data-end=\"1129\">Wine<\/em>. R\u00f5hutab huulte kuju ja j\u00e4tab need visuaalselt t\u00e4idlasemaks ja hoolitsetuks. Koostises olev h\u00fcaluroonhape ja orhideeekstrakt niisutavad ja pehmendavad. Mugav kreemjas tekstuur ei kuivata huuli ja tagab meeldiva kandmise terve p\u00e4eva jooksul. Metallikviimistlusega h\u00fclss nupuga \u2014 stiilne ja praktiline valik.<\/p>\n<p data-start=\"1438\" data-end=\"1452\"><strong data-start=\"1438\" data-end=\"1450\">Eelised:<\/strong><\/p>\n<ul data-start=\"1453\" data-end=\"1706\">\n<li data-start=\"1453\" data-end=\"1519\">Niisutav ja pehmendav koostis (h\u00fcaluroonhape, orhideeekstrakt)<\/li>\n<li data-start=\"1520\" data-end=\"1545\">Pooll\u00e4bipaistev l\u00e4ige<\/li>\n<li data-start=\"1546\" data-end=\"1573\">Kerge ja mugav tekstuur<\/li>\n<li data-start=\"1574\" data-end=\"1621\">Visuaalselt t\u00e4idlasemad ja siledamad huuled<\/li>\n<li data-start=\"1622\" data-end=\"1652\">Parabeeni- ja alkoholivaba<\/li>\n<li data-start=\"1653\" data-end=\"1674\">Mittekomedogeenne<\/li>\n<li data-start=\"1675\" data-end=\"1706\">Dermatoloogiliselt testitud<\/li>\n<\/ul>\n<p data-start=\"1708\" data-end=\"1779\">Toon: 205 Wine<br data-start=\"1726\" data-end=\"1729\" \/>Kaal: 3,5 g<br data-start=\"1744\" data-end=\"1747\" \/>Br\u00e4ndi p\u00e4ritoluriik: Itaalia<\/p>\n<details>\n<summary>Details<\/summary>\n<div translate=\"no\">\n<p>Semi-sheer lipstick that naturally reflects the light. The formula contains orchid extracts and hyaluronic filling spheres.The creamy texture softens the lips, leaving them supple and radiant. The application awakens your senses; your lips will feel wonderful. The easy-to-apply lipstick glides on perfectly.<\/p>\n<p>Glossy Dream Sheer Lipstick comes in a new, modern tube with a metallic finish. This lipstick&#8217;s distinguishing characteristic is the unique button at the top of the cap.<\/p>\n<p>Dermatologically tested.<\/p>\n<p>Non-comedogenic.<\/p>\n<p>Made in Italy<br \/>\n3.5 gr \/ 0.123 oz<\/p>\n<p>INGREDIENTS:<br \/>\nPENTAERYTHRITYL TETRAISOSTEARATE , POLYBUTENE, OCTYLDODECANOL, CERA MICROCRISTALLINA (MICROCRYSTALLINE WAX\/ CIRE MICROCRISTALLINE), POLYGLYCERYL-3 DIISOSTEARATE, PARAFFIN, BIS-DIGLYCERYL POLYACYLADIPATE-2, OCTYLDODECYL STEAROYL STEARATE, CANDELILLA CERA ( EUPHORBIA CERIFERA (CANDELILLA) WAX\/ CIRE DE CANDELILLA), OZOKERITE, BEHENOXY DIMETHICONE, HDI\/TRIMETHYLOL HEXYLLACTONE CROSSPOLYMER, CAPRYLIC\/CAPRIC TRIGLYCERIDE , DIETHYLHEXYL SYRINGYLIDENEMALONATE, ETHYL VANILLIN, TOCOPHERYL ACETATE, ETHYLHEXYL PALMITATE, ISOPROPYL MYRISTATE, ALARIA ESCULENTA EXTRACT, CYMBIDIUM GREAT FLOWER EXTRACT, TRIHYDROXYSTEARIN, SODIUM HYALURONATE, AMORPHOPHALLUS KONJAC ROOT POWDER, SILICA, MICA, SYNTHETIC FLUORPHLOGOPITE, CALCIUM ALUMINUM BOROSILICATE, TIN OXIDE. +\/- (MAY CONTAIN): CI 77891 (TITANIUM DIOXIDE), CI 77491 (IRON OXIDES), CI 19140 (YELLOW 5 LAKE), CI 45410 (RED 28 LAKE), CI 15850 (RED 6), CI 15850 (RED 7), CI 42090 (BLUE 1 LAKE).<\/p>\n<\/div>\n<p>\u041f\u043e\u043b\u0443\u043f\u0440\u043e\u0437\u0440\u0430\u0447\u043d\u0430\u044f \u0433\u0443\u0431\u043d\u0430\u044f \u043f\u043e\u043c\u0430\u0434\u0430 Glossy Dream Sheer Lipstick 205 Wine KIKO Milano. \u0421\u0442\u0438\u043b\u044c\u043d\u0430\u044f \u0433\u0443\u0431\u043d\u0430\u044f \u043f\u043e\u043c\u0430\u0434\u0430 \u0441 \u043f\u043e\u043b\u0443\u043f\u0440\u043e\u0437\u0440\u0430\u0447\u043d\u044b\u043c \u0441\u0438\u044f\u044e\u0449\u0438\u043c \u0444\u0438\u043d\u0438\u0448\u0435\u043c \u0432 \u043d\u0430\u0441\u044b\u0449\u0435\u043d\u043d\u043e\u043c \u044f\u0433\u043e\u0434\u043d\u043e\u043c \u043e\u0442\u0442\u0435\u043d\u043a\u0435 Wine. \u041f\u043e\u0434\u0447\u0451\u0440\u043a\u0438\u0432\u0430\u0435\u0442 \u0433\u0443\u0431\u044b, \u043f\u0440\u0438\u0434\u0430\u0451\u0442 \u0438\u043c \u0432\u044b\u0440\u0430\u0437\u0438\u0442\u0435\u043b\u044c\u043d\u043e\u0441\u0442\u044c, \u0432\u0438\u0437\u0443\u0430\u043b\u044c\u043d\u044b\u0439 \u043e\u0431\u044a\u0451\u043c \u0438 \u0443\u0445\u043e\u0436\u0435\u043d\u043d\u044b\u0439 \u0432\u0438\u0434. \u0424\u043e\u0440\u043c\u0443\u043b\u0430 \u043e\u0431\u043e\u0433\u0430\u0449\u0435\u043d\u0430 \u0433\u0438\u0430\u043b\u0443\u0440\u043e\u043d\u043e\u0432\u044b\u043c\u0438 \u0441\u0444\u0435\u0440\u0430\u043c\u0438 \u0438 \u044d\u043a\u0441\u0442\u0440\u0430\u043a\u0442\u043e\u043c \u043e\u0440\u0445\u0438\u0434\u0435\u0438 \u2014 \u0433\u0443\u0431\u044b \u0441\u0442\u0430\u043d\u043e\u0432\u044f\u0442\u0441\u044f \u043c\u044f\u0433\u043a\u0438\u043c\u0438, \u0433\u043b\u0430\u0434\u043a\u0438\u043c\u0438 \u0438 \u0443\u0432\u043b\u0430\u0436\u043d\u0451\u043d\u043d\u044b\u043c\u0438. \u041a\u0440\u0435\u043c\u043e\u0432\u0430\u044f \u0442\u0435\u043a\u0441\u0442\u0443\u0440\u0430 \u0434\u0430\u0440\u0438\u0442 \u043a\u043e\u043c\u0444\u043e\u0440\u0442, \u0430 \u043c\u0435\u0442\u0430\u043b\u043b\u0438\u0447\u0435\u0441\u043a\u0438\u0439 \u0444\u0443\u0442\u043b\u044f\u0440 \u0441 \u043a\u043d\u043e\u043f\u043a\u043e\u0439 \u0434\u0435\u043b\u0430\u0435\u0442 \u043f\u0440\u043e\u0434\u0443\u043a\u0442 \u0435\u0449\u0451 \u0436\u0435\u043b\u0430\u043d\u043d\u0435\u0435. \u0423\u0432\u043b\u0430\u0436\u043d\u0435\u043d\u0438\u0435 \u0438 \u0443\u0445\u043e\u0434: \u0433\u0438\u0430\u043b\u0443\u0440\u043e\u043d\u043e\u0432\u0430\u044f \u043a\u0438\u0441\u043b\u043e\u0442\u0430 \u0438 \u044d\u043a\u0441\u0442\u0440\u0430\u043a\u0442 \u043e\u0440\u0445\u0438\u0434\u0435\u0438. \u042f\u0440\u043a\u0438\u0439, \u043d\u043e \u043f\u043e\u043b\u0443\u043f\u0440\u043e\u0437\u0440\u0430\u0447\u043d\u044b\u0439 \u0444\u0438\u043d\u0438\u0448<\/p>\n<\/details>\n","protected":false},"featured_media":22715,"template":"","meta":{"jetpack_publicize_message":"","jetpack_publicize_feature_enabled":true,"jetpack_social_post_already_shared":true,"jetpack_social_options":{"image_generator_settings":{"template":"highway","default_image_id":0,"font":"","enabled":false},"version":2}},"product_brand":[],"product_cat":[911,987,986,973,340],"product_tag":[],"class_list":{"0":"post-22709","1":"product","2":"type-product","3":"status-publish","4":"has-post-thumbnail","6":"product_cat-huuled","7":"product_cat-lipstick","8":"product_cat-kiko-lips","9":"product_cat-makeup","10":"product_cat-kiko-milano","11":"pa_varv-101-pearly-shell-rose","12":"pa_varv-102-pearly-strawberry-pink","13":"pa_varv-104-pearly-golden-papaya","14":"pa_varv-105-fire-red","15":"pa_varv-107-magenta","16":"pa_varv-109-pearly-fuchsia","17":"pa_varv-112-vintage-rose","19":"first","20":"outofstock","21":"shipping-taxable","22":"purchasable","23":"product-type-simple"},"jetpack_publicize_connections":[],"jetpack_sharing_enabled":true,"jetpack_likes_enabled":true,"_links":{"self":[{"href":"https:\/\/superstore.ee\/index.php\/wp-json\/wp\/v2\/product\/22709","targetHints":{"allow":["GET"]}}],"collection":[{"href":"https:\/\/superstore.ee\/index.php\/wp-json\/wp\/v2\/product"}],"about":[{"href":"https:\/\/superstore.ee\/index.php\/wp-json\/wp\/v2\/types\/product"}],"wp:featuredmedia":[{"embeddable":true,"href":"https:\/\/superstore.ee\/index.php\/wp-json\/wp\/v2\/media\/22715"}],"wp:attachment":[{"href":"https:\/\/superstore.ee\/index.php\/wp-json\/wp\/v2\/media?parent=22709"}],"wp:term":[{"taxonomy":"product_brand","embeddable":true,"href":"https:\/\/superstore.ee\/index.php\/wp-json\/wp\/v2\/product_brand?post=22709"},{"taxonomy":"product_cat","embeddable":true,"href":"https:\/\/superstore.ee\/index.php\/wp-json\/wp\/v2\/product_cat?post=22709"},{"taxonomy":"product_tag","embeddable":true,"href":"https:\/\/superstore.ee\/index.php\/wp-json\/wp\/v2\/product_tag?post=22709"}],"curies":[{"name":"wp","href":"https:\/\/api.w.org\/{rel}","templated":true}]}}