{"id":22838,"date":"2025-03-24T13:44:49","date_gmt":"2025-03-24T11:44:49","guid":{"rendered":"https:\/\/superstore.ee\/?post_type=product&#038;p=22838"},"modified":"2025-11-06T16:24:38","modified_gmt":"2025-11-06T14:24:38","slug":"matt-meigipohi-kiko-milano-matte-face-base","status":"publish","type":"product","link":"https:\/\/superstore.ee\/index.php\/toode\/matt-meigipohi-kiko-milano-matte-face-base\/","title":{"rendered":"KIKO Milano Matte Face Base"},"content":{"rendered":"","protected":false},"excerpt":{"rendered":"<p data-start=\"193\" data-end=\"254\">Matistav meigialuskreem kombineeritud ja rasusele nahale.<\/p>\n<p data-start=\"256\" data-end=\"563\">Kerge ja v\u00e4rvitu meigialuskreem, mis \u00fchtlustab naha tekstuuri ja kontrollib liigset rasueritust. Sobib ideaalselt kombineeritud ja rasusele nahale, andes nahale mati tulemuse kuni meigi eemaldamiseni. Sisaldab imavaid koostisosi, mis loovad pehme fookuse efekti ja aitavad siluda nahapinda.<\/p>\n<p data-start=\"565\" data-end=\"580\"><strong data-start=\"565\" data-end=\"578\">Omadused:<\/strong><\/p>\n<ul data-start=\"581\" data-end=\"827\">\n<li data-start=\"581\" data-end=\"624\">Matistav efekt ja pehme fookuse tulemus<\/li>\n<li data-start=\"625\" data-end=\"671\">\u00dchtlustab nahapinda, muudab selle siledaks<\/li>\n<li data-start=\"672\" data-end=\"710\">Kerge ja kiiresti imenduv tekstuur<\/li>\n<li data-start=\"711\" data-end=\"742\">Parandab jumestuse p\u00fcsivust<\/li>\n<li data-start=\"743\" data-end=\"782\">Ei j\u00e4ta raskustunnet ega kleepuvust<\/li>\n<li data-start=\"783\" data-end=\"827\">Sobib meigialusena igap\u00e4evasesse rutiini<\/li>\n<\/ul>\n<p data-start=\"829\" data-end=\"857\"><strong data-start=\"829\" data-end=\"855\">Kasulikud koostisosad:<\/strong><\/p>\n<ul data-start=\"858\" data-end=\"1016\">\n<li data-start=\"858\" data-end=\"920\"><strong data-start=\"860\" data-end=\"886\">R\u00e4nidioksiid (Silica):<\/strong> aitab matistada ja siluda nahka<\/li>\n<li data-start=\"921\" data-end=\"1016\"><strong data-start=\"923\" data-end=\"959\">E-vitamiin (Tocopheryl Acetate):<\/strong> antioks\u00fcdant, mis kaitseb nahka v\u00e4liste m\u00f5jutuste eest<\/li>\n<\/ul>\n<p data-start=\"1301\" data-end=\"1444\"><strong data-start=\"1301\" data-end=\"1316\">Kasutamine:<\/strong><br data-start=\"1316\" data-end=\"1319\" \/>P\u00e4rast niisutava kreemi kasutamist kanna v\u00e4ike kogus toodet \u00fchtlaselt n\u00e4ole. Lase m\u00f5ni hetk imenduda, seej\u00e4rel j\u00e4tka meigiga.<\/p>\n<p data-start=\"1301\" data-end=\"1444\">Maht: 30 ml<br data-start=\"1273\" data-end=\"1276\" \/>Tootjariik: Itaalia<\/p>\n<details>\n<summary>Details<\/summary>\n<div translate=\"no\">\n<p>Matte Face Base. Mattifying, complexion-evening face base that conceals skin imperfections. Mattifying and complexion-evening face base, ideal for combination to oily skin, which tends to get shiny during the day.The formula contains absorbent powders that create a soft-focus effect which conceals skin imperfections and shiny areas. The product improves the application and hold of your foundation.<\/p>\n<p>The colourless base is easily absorbed, giving the complexion a long-lasting smooth and matte appearance.<\/p>\n<p>The product is easy to apply, thanks to its handy tube with its eye drop-style tip. The packaging stands out with the elegant gunmetal-coloured cap with the KK logo embossed on the top. After moisturizing your skin with your favorite KIKO skin care products, apply a small amount of base to your face.<br \/>\nAllow it to dry before applying your make-up.<\/p>\n<p>Dermatologically tested.<\/p>\n<p>Non-comedogenic.<br \/>\n30 ml \/ 1.014 fl.oz<br \/>\nMade in Italy<\/p>\n<p>INGREDIENTS:<br \/>\nAQUA (WATER\/EAU), PENTYLENE GLYCOL, BUTYLENE GLYCOL, SODIUM POLYACRYLATE, ALCOHOL DENAT., SILICA, POLYSORBATE 20, PPG-26-BUTETH-26, ETHYLHEXYLGLYCERIN, PEG-40 HYDROGENATED CASTOR OIL, TOCOPHERYL ACETATE, SODIUM PHYTATE, PARFUM (FRAGRANCE).<\/p>\n<\/div>\n<p>KIKO Milano \u041c\u0430\u0442\u0438\u0440\u0443\u044e\u0449\u0430\u044f \u043e\u0441\u043d\u043e\u0432\u0430 \u0434\u043b\u044f \u043b\u0438\u0446\u0430 Matte Face Base.<\/p>\n<ul>\n<li>\u0412\u044b\u0440\u0430\u0432\u043d\u0438\u0432\u0430\u0435\u0442 \u0442\u043e\u043d \u043a\u043e\u0436\u0438 \u0438 \u0441\u043a\u0440\u044b\u0432\u0430\u0435\u0442 \u043d\u0435\u0441\u043e\u0432\u0435\u0440\u0448\u0435\u043d\u0441\u0442\u0432\u0430 \u043a\u043e\u0436\u0438.<\/li>\n<li>\u0418\u0434\u0435\u0430\u043b\u044c\u043d\u043e \u043f\u043e\u0434\u0445\u043e\u0434\u0438\u0442 \u0434\u043b\u044f \u043a\u043e\u043c\u0431\u0438\u043d\u0438\u0440\u043e\u0432\u0430\u043d\u043d\u043e\u0439 \u0438 \u0436\u0438\u0440\u043d\u043e\u0439 \u043a\u043e\u0436\u0438, \u0441\u043a\u043b\u043e\u043d\u043d\u043e\u0439 \u043a \u0431\u043b\u0435\u0441\u043a\u0443 \u0432 \u0442\u0435\u0447\u0435\u043d\u0438\u0435 \u0434\u043d\u044f.<\/li>\n<li>\u0424\u043e\u0440\u043c\u0443\u043b\u0430 \u0441\u043e\u0434\u0435\u0440\u0436\u0438\u0442 \u0430\u0431\u0441\u043e\u0440\u0431\u0438\u0440\u0443\u044e\u0449\u0438\u0435 \u043f\u043e\u0440\u043e\u0448\u043a\u0438, \u0441\u043e\u0437\u0434\u0430\u044e\u0449\u0438\u0435 \u044d\u0444\u0444\u0435\u043a\u0442 \u043c\u044f\u0433\u043a\u043e\u0433\u043e \u0444\u043e\u043a\u0443\u0441\u0430, \u043a\u043e\u0442\u043e\u0440\u044b\u0439 \u0441\u043a\u0440\u044b\u0432\u0430\u0435\u0442 \u043d\u0435\u0441\u043e\u0432\u0435\u0440\u0448\u0435\u043d\u0441\u0442\u0432\u0430 \u043a\u043e\u0436\u0438 \u0438 \u0431\u043b\u0435\u0441\u0442\u044f\u0449\u0438\u0435 \u0443\u0447\u0430\u0441\u0442\u043a\u0438.<\/li>\n<li>\u041f\u0440\u043e\u0434\u0443\u043a\u0442 \u0443\u043b\u0443\u0447\u0448\u0430\u0435\u0442 \u043d\u0430\u043d\u0435\u0441\u0435\u043d\u0438\u0435 \u0438 \u0441\u0442\u043e\u0439\u043a\u043e\u0441\u0442\u044c \u0432\u0430\u0448\u0435\u0433\u043e \u0442\u043e\u043d\u0430\u043b\u044c\u043d\u043e\u0433\u043e \u043a\u0440\u0435\u043c\u0430.<\/li>\n<li>\u0411\u0435\u0441\u0446\u0432\u0435\u0442\u043d\u0430\u044f \u043e\u0441\u043d\u043e\u0432\u0430 \u043b\u0435\u0433\u043a\u043e \u0432\u043f\u0438\u0442\u044b\u0432\u0430\u0435\u0442\u0441\u044f, \u043f\u0440\u0438\u0434\u0430\u0432\u0430\u044f \u043a\u043e\u0436\u0435 \u0434\u043b\u0438\u0442\u0435\u043b\u044c\u043d\u044b\u0439 \u0433\u043b\u0430\u0434\u043a\u0438\u0439 \u0438 \u043c\u0430\u0442\u043e\u0432\u044b\u0439 \u0432\u0438\u0434.<\/li>\n<li>\u041f\u0440\u043e\u0434\u0443\u043a\u0442 \u043b\u0435\u0433\u043a\u043e \u043d\u0430\u043d\u043e\u0441\u0438\u0442\u044c \u0431\u043b\u0430\u0433\u043e\u0434\u0430\u0440\u044f \u0443\u0434\u043e\u0431\u043d\u043e\u043c\u0443 \u0442\u044e\u0431\u0438\u043a\u0443 \u0441 \u0437\u0430\u043e\u0441\u0442\u0440\u0435\u043d\u043d\u044b\u043c \u043d\u0430\u043a\u043e\u043d\u0435\u0447\u043d\u0438\u043a\u043e\u043c.<\/li>\n<\/ul>\n<\/details>\n","protected":false},"featured_media":18635,"template":"","meta":{"jetpack_publicize_message":"","jetpack_publicize_feature_enabled":true,"jetpack_social_post_already_shared":true,"jetpack_social_options":{"image_generator_settings":{"template":"highway","default_image_id":0,"font":"","enabled":false},"version":2}},"product_brand":[],"product_cat":[973,340,631,975,912,974],"product_tag":[],"class_list":{"0":"post-22838","1":"product","2":"type-product","3":"status-publish","4":"has-post-thumbnail","6":"product_cat-makeup","7":"product_cat-kiko-milano","8":"product_cat-sale","9":"product_cat-primer","10":"product_cat-nahahooldus","11":"product_cat-face","13":"first","14":"outofstock","15":"sale","16":"shipping-taxable","17":"purchasable","18":"product-type-simple"},"jetpack_publicize_connections":[],"jetpack_sharing_enabled":true,"jetpack_likes_enabled":true,"_links":{"self":[{"href":"https:\/\/superstore.ee\/index.php\/wp-json\/wp\/v2\/product\/22838","targetHints":{"allow":["GET"]}}],"collection":[{"href":"https:\/\/superstore.ee\/index.php\/wp-json\/wp\/v2\/product"}],"about":[{"href":"https:\/\/superstore.ee\/index.php\/wp-json\/wp\/v2\/types\/product"}],"wp:featuredmedia":[{"embeddable":true,"href":"https:\/\/superstore.ee\/index.php\/wp-json\/wp\/v2\/media\/18635"}],"wp:attachment":[{"href":"https:\/\/superstore.ee\/index.php\/wp-json\/wp\/v2\/media?parent=22838"}],"wp:term":[{"taxonomy":"product_brand","embeddable":true,"href":"https:\/\/superstore.ee\/index.php\/wp-json\/wp\/v2\/product_brand?post=22838"},{"taxonomy":"product_cat","embeddable":true,"href":"https:\/\/superstore.ee\/index.php\/wp-json\/wp\/v2\/product_cat?post=22838"},{"taxonomy":"product_tag","embeddable":true,"href":"https:\/\/superstore.ee\/index.php\/wp-json\/wp\/v2\/product_tag?post=22838"}],"curies":[{"name":"wp","href":"https:\/\/api.w.org\/{rel}","templated":true}]}}