{"id":22840,"date":"2025-03-24T13:57:49","date_gmt":"2025-03-24T11:57:49","guid":{"rendered":"https:\/\/superstore.ee\/?post_type=product&#038;p=22840"},"modified":"2026-03-19T16:19:04","modified_gmt":"2026-03-19T14:19:04","slug":"niisutav-huulelaige-kiko-milano-3d-hydra-lipgloss-limited-edition","status":"publish","type":"product","link":"https:\/\/superstore.ee\/index.php\/toode\/niisutav-huulelaige-kiko-milano-3d-hydra-lipgloss-limited-edition\/","title":{"rendered":"KIKO Milano 3D Hydra Lip Gloss &#8211; Limited Edition"},"content":{"rendered":"","protected":false},"excerpt":{"rendered":"<p data-start=\"826\" data-end=\"888\"><strong data-start=\"835\" data-end=\"888\">Niisutav huulel\u00e4ige 3D Hydra Lipgloss KIKO Milano<\/strong><\/p>\n<p data-start=\"890\" data-end=\"1054\">Sisaldab <em><strong>h\u00fcaluroonhapet, E-vitamiini, sheav\u00f5id ja p\u00e4evalille\u00f5li<\/strong> <\/em>\u2014 intensiivselt niisutab, toidab ja muudab huuled siledaks ja pehmeks juba esimesel kasutuskorral.<\/p>\n<p data-start=\"1056\" data-end=\"1203\">3D-efektiga l\u00e4ige annab huultele t\u00e4idlasema v\u00e4limuse ja peegelja s\u00e4rava viimistluse. Geeljas tekstuur libiseb kergelt peale ega muutu kleepuvaks.<\/p>\n<p data-start=\"1205\" data-end=\"1219\"><strong data-start=\"1205\" data-end=\"1217\">Eelised:<\/strong><\/p>\n<ul data-start=\"1220\" data-end=\"1449\">\n<li data-start=\"1220\" data-end=\"1255\">Intensiivne niisutus ja hooldus<\/li>\n<li data-start=\"1256\" data-end=\"1313\">Siledamad, pehmemad ja visuaalselt t\u00e4idlasemad huuled<\/li>\n<li data-start=\"1314\" data-end=\"1350\">Peegeljas l\u00e4ige ja s\u00e4rav tulemus<\/li>\n<li data-start=\"1351\" data-end=\"1384\">Mugav ja mittekleepuv koostis<\/li>\n<li data-start=\"1385\" data-end=\"1417\">Sobib ka tundlikele huultele<\/li>\n<li data-start=\"1418\" data-end=\"1449\">Dermatoloogiliselt testitud<\/li>\n<\/ul>\n<p data-start=\"1451\" data-end=\"1493\">Maht: 6,5 ml<br data-start=\"1467\" data-end=\"1470\" \/>Tootjariik: Itaalia<\/p>\n<details>\n<summary>Details<\/summary>\n<div translate=\"no\">\n<p>3d hydra lipgloss &#8211; Limited Edition. 3D-effect moisturising lip gloss. Ideal for: moisturising the lips and giving them extraordinary shine with a single product in just one step.It&#8217;s special because:<\/p>\n<p>-its moisturising formula* is enriched with passion fruit oil;<\/p>\n<p>-the comfortable texture adds incredible volume to the lips and leaves them soft and shiny;<\/p>\n<p>-the limited-edition bottle, with its elegant design and rose gold details, makes it iconic and precious;<\/p>\n<p>-it\u2019s easy to use thanks to the handy flocked applicator, perfect for touch-ups on the go.<\/p>\n<p>6.5 ml \/ 0.220 fl.oz<br \/>\nMade in Italy<\/p>\n<p>INGREDIENTS:<br \/>\nPOLYBUTENE, OCTYLDODECANOL, SILICA DIMETHYL SILYLATE, OCTYLDODECYL STEAROYL STEARATE, TRIETHYLHEXANOIN, TRIISODECYL TRI MELLITATE, ISOCETYL STEARATE, SYNTHETIC FLUORPHLOGOPITE, DIISOSTEARYL MALATE, MICA, PHENYLPROPYLDIMETHYLSILOXYSILICATE, GLYCERYL BE HENATE\/EICOSADIOATE, CALCIUM SODIUM BOROSILICATE, ELAEIS GUINEENSIS OIL (ELAEIS GUINEENSIS (PALM) OIL), GOSSYPIUM HERBACEUM SEED OIL (GOSSYPIUM HERBACEUM (COTTON) SEED OIL), DIETHYLHEXYL SYRINGYLIDENEMALONATE, BIDENS PILOSA EXTRACT, LINUM USITATISSIMUM SEED OIL (L INUM USITATISSIMUM (LINSEED) SEED OIL), TOCOPHERYL ACETATE, CALCIUM ALUMINUM BOROSILICATE, PENTAERYTHRITYL TETRAISOSTEARATE, PASSIFL ORA EDULIS SEED OIL, ETHYL VANILLIN, CAPRYLIC\/CAPRIC TRIGLYCERIDE, SILICA, TIN OXIDE, TOCOPHEROL. +\/- (MAY CONTAIN): CI 77891 (TITAN IUM DIOXIDE), CI 77491 &#8211; CI 77499 (IRON OXIDES), CI 15850 (RED 6), CI 19140 (YELLOW 5 LAKE), CI 42090 (BLUE 1 LAKE), CI 45410 (RED 2 8 LAKE).<\/p>\n<\/div>\n<p>\u0411\u043b\u0435\u0441\u043a \u0434\u043b\u044f \u0433\u0443\u0431 \u0441 3D-\u044d\u0444\u0444\u0435\u043a\u0442\u043e\u043c \u0438 \u0443\u0432\u043b\u0430\u0436\u043d\u044f\u044e\u0449\u0435\u0439 \u0444\u043e\u0440\u043c\u0443\u043b\u043e\u0439 \u043b\u0438\u043c\u0438\u0442\u0438\u0440\u043e\u0432\u0430\u043d\u043d\u043e\u0439 \u0441\u0435\u0440\u0438\u0438 KIKO Milano 3d Hydra Lipgloss. \u0418\u0434\u0435\u0430\u043b\u0435\u043d \u0434\u043b\u044f \u0443\u0432\u043b\u0430\u0436\u043d\u0435\u043d\u0438\u044f \u0433\u0443\u0431 \u0438 \u043f\u0440\u0438\u0434\u0430\u043d\u0438\u044f \u0438\u043c \u043d\u0435\u0432\u0435\u0440\u043e\u044f\u0442\u043d\u043e\u0433\u043e \u0431\u043b\u0435\u0441\u043a\u0430.<\/p>\n<p>\u041e\u0441\u043e\u0431\u0435\u043d\u043d\u043e\u0441\u0442\u0438:<\/p>\n<ul>\n<li>\u0423\u0432\u043b\u0430\u0436\u043d\u044f\u044e\u0449\u0430\u044f \u0444\u043e\u0440\u043c\u0443\u043b\u0430, \u043e\u0431\u043e\u0433\u0430\u0449\u0435\u043d\u043d\u0430\u044f \u043c\u0430\u0441\u043b\u043e\u043c \u043c\u0430\u0440\u0430\u043a\u0443\u0439\u0438, \u043f\u0438\u0442\u0430\u0435\u0442 \u0438 \u0443\u0432\u043b\u0430\u0436\u043d\u044f\u0435\u0442 \u0433\u0443\u0431\u044b.<\/li>\n<li>\u041a\u043e\u043c\u0444\u043e\u0440\u0442\u043d\u0430\u044f \u0442\u0435\u043a\u0441\u0442\u0443\u0440\u0430 \u043f\u0440\u0438\u0434\u0430\u0435\u0442 \u0433\u0443\u0431\u0430\u043c \u043e\u0431\u044a\u0435\u043c, \u043e\u0441\u0442\u0430\u0432\u043b\u044f\u044f \u0438\u0445 \u043c\u044f\u0433\u043a\u0438\u043c\u0438 \u0438 \u0441\u0438\u044f\u044e\u0449\u0438\u043c\u0438.<\/li>\n<li>\u041d\u0435\u043b\u0438\u043f\u043a\u0430\u044f \u0442\u0435\u043a\u0441\u0442\u0443\u0440\u0430.<\/li>\n<li>\u042d\u043a\u0441\u043a\u043b\u044e\u0437\u0438\u0432\u043d\u044b\u0439 \u0444\u043b\u0430\u043a\u043e\u043d \u0441 \u044d\u043b\u0435\u0433\u0430\u043d\u0442\u043d\u044b\u043c \u0434\u0438\u0437\u0430\u0439\u043d\u043e\u043c \u0438 \u044d\u043b\u0435\u043c\u0435\u043d\u0442\u0430\u043c\u0438 \u0440\u043e\u0437\u043e\u0432\u043e\u0433\u043e \u0437\u043e\u043b\u043e\u0442\u0430.<\/li>\n<li>\u0423\u0434\u043e\u0431\u043d\u044b\u0439 \u0430\u043f\u043f\u043b\u0438\u043a\u0430\u0442\u043e\u0440 \u0434\u043b\u044f\u043d\u0430\u043d\u0435\u0441\u0435\u043d\u0438\u044f<\/li>\n<li>\u00a0\u0414\u0435\u043b\u0430\u0435\u0442 \u0433\u0443\u0431\u044b \u0441\u0438\u044f\u044e\u0449\u0438\u043c\u0438, \u043c\u044f\u0433\u043a\u0438\u043c\u0438 \u0438 \u0431\u043e\u043b\u0435\u0435 \u043f\u0443\u0445\u043b\u044b\u043c\u0438.<\/li>\n<\/ul>\n<\/details>\n","protected":false},"featured_media":14336,"template":"","meta":{"jetpack_publicize_message":"","jetpack_publicize_feature_enabled":true,"jetpack_social_post_already_shared":true,"jetpack_social_options":{"image_generator_settings":{"template":"highway","default_image_id":0,"font":"","enabled":false},"version":2}},"product_brand":[],"product_cat":[911,988,986,973,340],"product_tag":[],"class_list":{"0":"post-22840","1":"product","2":"type-product","3":"status-publish","4":"has-post-thumbnail","6":"product_cat-huuled","7":"product_cat-lip-gloss","8":"product_cat-kiko-lips","9":"product_cat-makeup","10":"product_cat-kiko-milano","11":"pa_varv-41-rosy-glares","12":"pa_varv-42-charming-copper","13":"pa_varv-43-timeless-rose","14":"pa_varv-44-disruptive-brown","15":"pa_varv-45-enchanting-rosewood","16":"pa_varv-46-marvellous-mauve","18":"first","19":"instock","20":"shipping-taxable","21":"purchasable","22":"product-type-variable"},"jetpack_publicize_connections":[],"jetpack_sharing_enabled":true,"jetpack_likes_enabled":true,"_links":{"self":[{"href":"https:\/\/superstore.ee\/index.php\/wp-json\/wp\/v2\/product\/22840","targetHints":{"allow":["GET"]}}],"collection":[{"href":"https:\/\/superstore.ee\/index.php\/wp-json\/wp\/v2\/product"}],"about":[{"href":"https:\/\/superstore.ee\/index.php\/wp-json\/wp\/v2\/types\/product"}],"wp:featuredmedia":[{"embeddable":true,"href":"https:\/\/superstore.ee\/index.php\/wp-json\/wp\/v2\/media\/14336"}],"wp:attachment":[{"href":"https:\/\/superstore.ee\/index.php\/wp-json\/wp\/v2\/media?parent=22840"}],"wp:term":[{"taxonomy":"product_brand","embeddable":true,"href":"https:\/\/superstore.ee\/index.php\/wp-json\/wp\/v2\/product_brand?post=22840"},{"taxonomy":"product_cat","embeddable":true,"href":"https:\/\/superstore.ee\/index.php\/wp-json\/wp\/v2\/product_cat?post=22840"},{"taxonomy":"product_tag","embeddable":true,"href":"https:\/\/superstore.ee\/index.php\/wp-json\/wp\/v2\/product_tag?post=22840"}],"curies":[{"name":"wp","href":"https:\/\/api.w.org\/{rel}","templated":true}]}}