{"id":22848,"date":"2025-03-24T14:15:46","date_gmt":"2025-03-24T12:15:46","guid":{"rendered":"https:\/\/superstore.ee\/?post_type=product&#038;p=22848"},"modified":"2026-03-13T22:11:10","modified_gmt":"2026-03-13T20:11:10","slug":"kiko-milano-3d-hydra-lip-oil-niisutav-huuleoli","status":"publish","type":"product","link":"https:\/\/superstore.ee\/index.php\/toode\/kiko-milano-3d-hydra-lip-oil-niisutav-huuleoli\/","title":{"rendered":"KIKO Milano 3D Hydra Lip Oil"},"content":{"rendered":"","protected":false},"excerpt":{"rendered":"<p data-start=\"176\" data-end=\"230\"><strong data-start=\"180\" data-end=\"230\">Niisutav huule\u00f5li 3D Hydra Lip Oil KIKO Milano<\/strong><\/p>\n<p data-start=\"232\" data-end=\"396\">Sisaldab <em><strong>h\u00fcaluroonhapet, E-vitamiini, vaarikaseemne\u00f5li ja p\u00e4evalille\u00f5li<\/strong><\/em> \u2014 niisutab s\u00fcgavalt, pehmendab ja silub huuli, andes neile hoolitsetud ja s\u00e4rava v\u00e4limuse.<\/p>\n<p data-start=\"398\" data-end=\"592\">\u00d5lil on kerge ja mitte-kleepuv tekstuur, mis libiseb huultele \u00fchtlaselt ning j\u00e4tab loomuliku l\u00e4ike ja t\u00e4idlasema ilme. Sobib suurep\u00e4raselt nii igap\u00e4evaseks kandmiseks kui ka huulepalsami asemel.<\/p>\n<p data-start=\"594\" data-end=\"608\"><strong data-start=\"594\" data-end=\"606\">Eelised:<\/strong><\/p>\n<ul data-start=\"609\" data-end=\"854\">\n<li data-start=\"609\" data-end=\"644\">S\u00fcgavniisutav ja toitva toimega<\/li>\n<li data-start=\"645\" data-end=\"673\">Pehmendab ja silub huuli<\/li>\n<li data-start=\"674\" data-end=\"734\">J\u00e4tab loomuliku l\u00e4ike ja visuaalselt t\u00e4idlasema tulemuse<\/li>\n<li data-start=\"735\" data-end=\"766\">Ei kleepu ega kuivata huuli<\/li>\n<li data-start=\"767\" data-end=\"822\">Sobib kasutamiseks nii \u00fcksi kui ka huulepulga peale<\/li>\n<li data-start=\"823\" data-end=\"854\">Dermatoloogiliselt testitud<\/li>\n<\/ul>\n<p data-start=\"856\" data-end=\"898\">Maht: 6,5 ml<br data-start=\"872\" data-end=\"875\" \/>Tootjariik: Itaalia<\/p>\n<details>\n<summary>Details<\/summary>\n<div translate=\"no\">\n<p>KIKO MILANO 3D Hydra Lip Oil &#8211; Hydrating lip oil. Lip oil that provides hydration for up to 10h*.A smoothing and enveloping texture with a luminous finish to nourish the lips and coat them in shine and a touch of colour. An essential and unmissable indulgence.<\/p>\n<p>You\u2019ll love it because:<br \/>\n-Its formula is enriched with raspberry seed oil<br \/>\n-It is super pleasant to apply and leaves lips soft, shiny and moisturised for up to 10 hours*.<br \/>\n-It is gorgeous on its own to enhance the lips while indulging in a little beauty ritual and it becomes the perfect radiant accent when applied over lipstick to add soft highlights to your make-up<br \/>\n-It is easy to apply, even on-the-go, thanks to the practical applicator with a flocked tip<br \/>\nDermatologically tested *Clinical and instrumental test<\/p>\n<p>6.5 ml \/ 0.220 fl.oz<br \/>\nMade in Italy<\/p>\n<p>INGREDIENTS:<br \/>\nCOCOGLYCERIDES, ETHYLCELLULOSE, CALCIUM SODIUM BOROSILICATE, SILICA, RUBUS IDAEUS SEED OIL (RUBUS IDAEUS (RASPBERRY) SE ED OIL), MICA, TIN OXIDE, PROPYL GALLATE, CALCIUM ALUMINUM BOROSILICATE, CALCIUM TITANIUM BOROSILICATE, ALUMINA, SYNTHETIC FLUORPHLO GOPITE, CI 77891 (TITANIUM DIOXIDE), CI 77491 (IRON OXIDES).<\/p>\n<\/div>\n<p>KIKO Milano \u0423\u0432\u043b\u0430\u0436\u043d\u044f\u044e\u0449\u0435\u0435 \u043c\u0430\u0441\u043b\u043e \u0434\u043b\u044f \u0433\u0443\u0431 \u0441 3D-\u044d\u0444\u0444\u0435\u043a\u0442\u043e\u043c. 3D Hydra Lip Oil &#8211; \u044d\u0442\u043e \u0443\u0445\u043e\u0434, \u0443\u0432\u043b\u0430\u0436\u043d\u0435\u043d\u0438\u0435 \u0438 \u0441\u0438\u044f\u043d\u0438\u0435 \u0434\u043b\u044f \u0433\u0443\u0431! \u041e\u0441\u043d\u043e\u0432\u043d\u044b\u0435 \u043f\u0440\u0435\u0438\u043c\u0443\u0449\u0435\u0441\u0442\u0432\u0430:<\/p>\n<ul>\n<li>\u0423\u0432\u043b\u0430\u0436\u043d\u0435\u043d\u0438\u0435 \u0434\u043e 10 \u0447\u0430\u0441\u043e\u0432: \u0424\u043e\u0440\u043c\u0443\u043b\u0430 \u0441 \u043c\u0430\u0441\u043b\u043e\u043c \u0441\u0435\u043c\u044f\u043d \u043c\u0430\u043b\u0438\u043d\u044b \u0433\u043b\u0443\u0431\u043e\u043a\u043e \u043f\u0438\u0442\u0430\u0435\u0442, \u0441\u043c\u044f\u0433\u0447\u0430\u0435\u0442 \u0438 \u0443\u0432\u043b\u0430\u0436\u043d\u044f\u0435\u0442 \u0431\u043b\u0430\u0433\u043e\u0434\u0430\u0440\u044f \u0430\u043d\u0442\u0438\u043e\u043a\u0441\u0438\u0434\u0430\u043d\u0442\u0430\u043c.<\/li>\n<li>\u041b\u0435\u0433\u043a\u0430\u044f \u0442\u0435\u043a\u0441\u0442\u0443\u0440\u0430 \u0438 \u0441\u0438\u044f\u044e\u0449\u0438\u0439 \u0444\u0438\u043d\u0438\u0448: \u041f\u0440\u0438\u0434\u0430\u0435\u0442 \u0433\u0443\u0431\u0430\u043c \u043c\u044f\u0433\u043a\u043e\u0441\u0442\u044c, \u043d\u0430\u0442\u0443\u0440\u0430\u043b\u044c\u043d\u043e\u0435 \u0441\u0438\u044f\u043d\u0438\u0435 \u0438 \u043b\u0435\u0433\u043a\u0438\u0439 \u043e\u0442\u0442\u0435\u043d\u043e\u043a.<\/li>\n<li>\u0423\u043d\u0438\u0432\u0435\u0440\u0441\u0430\u043b\u044c\u043d\u043e\u0441\u0442\u044c: \u041c\u043e\u0436\u043d\u043e \u0438\u0441\u043f\u043e\u043b\u044c\u0437\u043e\u0432\u0430\u0442\u044c \u043a\u0430\u043a \u0441\u0430\u043c\u043e\u0441\u0442\u043e\u044f\u0442\u0435\u043b\u044c\u043d\u044b\u0439 \u043f\u0440\u043e\u0434\u0443\u043a\u0442 \u0438\u043b\u0438 \u043f\u043e\u0432\u0435\u0440\u0445 \u043f\u043e\u043c\u0430\u0434\u044b \u0434\u043b\u044f \u0430\u043a\u0446\u0435\u043d\u0442\u0430.<\/li>\n<li>\u0423\u0434\u043e\u0431\u043d\u043e\u0435 \u043d\u0430\u043d\u0435\u0441\u0435\u043d\u0438\u0435: \u0410\u043f\u043f\u043b\u0438\u043a\u0430\u0442\u043e\u0440 \u0441 \u043c\u044f\u0433\u043a\u0438\u043c \u043d\u0430\u043a\u043e\u043d\u0435\u0447\u043d\u0438\u043a\u043e\u043c \u043e\u0431\u0435\u0441\u043f\u0435\u0447\u0438\u0432\u0430\u0435\u0442 \u0442\u043e\u0447\u043d\u043e\u0435 \u0438 \u043b\u0435\u0433\u043a\u043e\u0435 \u043d\u0430\u043d\u0435\u0441\u0435\u043d\u0438\u0435.<\/li>\n<\/ul>\n<\/details>\n","protected":false},"featured_media":20726,"template":"","meta":{"jetpack_publicize_message":"","jetpack_publicize_feature_enabled":true,"jetpack_social_post_already_shared":true,"jetpack_social_options":{"image_generator_settings":{"template":"highway","default_image_id":0,"font":"","enabled":false},"version":2}},"product_brand":[],"product_cat":[911,969,989,986,973,340,964],"product_tag":[],"class_list":{"0":"post-22848","1":"product","2":"type-product","3":"status-publish","4":"has-post-thumbnail","6":"product_cat-huuled","7":"product_cat-lip-care","8":"product_cat-lip-oil","9":"product_cat-kiko-lips","10":"product_cat-makeup","11":"product_cat-kiko-milano","12":"product_cat-face-care","13":"pa_varv-01-milky-way","14":"pa_varv-02-atomic-orange","15":"pa_varv-03-glossed-glass","16":"pa_varv-04-cherry-cherry","18":"first","19":"instock","20":"shipping-taxable","21":"purchasable","22":"product-type-variable"},"jetpack_publicize_connections":[],"jetpack_sharing_enabled":true,"jetpack_likes_enabled":true,"_links":{"self":[{"href":"https:\/\/superstore.ee\/index.php\/wp-json\/wp\/v2\/product\/22848","targetHints":{"allow":["GET"]}}],"collection":[{"href":"https:\/\/superstore.ee\/index.php\/wp-json\/wp\/v2\/product"}],"about":[{"href":"https:\/\/superstore.ee\/index.php\/wp-json\/wp\/v2\/types\/product"}],"wp:featuredmedia":[{"embeddable":true,"href":"https:\/\/superstore.ee\/index.php\/wp-json\/wp\/v2\/media\/20726"}],"wp:attachment":[{"href":"https:\/\/superstore.ee\/index.php\/wp-json\/wp\/v2\/media?parent=22848"}],"wp:term":[{"taxonomy":"product_brand","embeddable":true,"href":"https:\/\/superstore.ee\/index.php\/wp-json\/wp\/v2\/product_brand?post=22848"},{"taxonomy":"product_cat","embeddable":true,"href":"https:\/\/superstore.ee\/index.php\/wp-json\/wp\/v2\/product_cat?post=22848"},{"taxonomy":"product_tag","embeddable":true,"href":"https:\/\/superstore.ee\/index.php\/wp-json\/wp\/v2\/product_tag?post=22848"}],"curies":[{"name":"wp","href":"https:\/\/api.w.org\/{rel}","templated":true}]}}