{"id":22861,"date":"2025-03-24T14:36:58","date_gmt":"2025-03-24T12:36:58","guid":{"rendered":"https:\/\/superstore.ee\/?post_type=product&#038;p=22861"},"modified":"2026-03-18T19:00:50","modified_gmt":"2026-03-18T17:00:50","slug":"kiko-milano-3d-hydra-lipgloss-limited-edition-niisutav-huulelaige-2","status":"publish","type":"product","link":"https:\/\/superstore.ee\/index.php\/toode\/kiko-milano-3d-hydra-lipgloss-limited-edition-niisutav-huulelaige-2\/","title":{"rendered":"KIKO Milano 3D Hydra Lipgloss &#8211; Limited Edition"},"content":{"rendered":"","protected":false},"excerpt":{"rendered":"<p data-start=\"220\" data-end=\"311\"><strong data-start=\"224\" data-end=\"311\">3D Hydra Lipgloss Limited Edition KIKO Milano \u2013 niisutav huulel\u00e4ige t\u00e4idlusefektiga<\/strong><\/p>\n<p data-start=\"313\" data-end=\"472\">Sisaldab <em><strong>mentooli, E-vitamiini, soja\u00f5li, ingverijuure- ja cayenne\u2019i pipra ekstrakti<\/strong><\/em> \u2013 stimuleerib huuli kergelt, andes neile t\u00e4idlasema ja siledama v\u00e4limuse.<\/p>\n<p data-start=\"474\" data-end=\"672\">L\u00e4ikiv ja kergelt jahutava efektiga koostis loob 3D-efekti, peegelja s\u00e4ra ning tagab mugava kandmise ilma kleepuvuseta. Ideaalne neile, kes soovivad huultele turgutust, s\u00e4ra ja hooldust \u00fches tootes.<\/p>\n<p data-start=\"674\" data-end=\"688\"><strong data-start=\"674\" data-end=\"686\">Eelised:<\/strong><\/p>\n<ul data-start=\"689\" data-end=\"968\">\n<li data-start=\"689\" data-end=\"723\">Visuaalselt t\u00e4idlasemad huuled<\/li>\n<li data-start=\"724\" data-end=\"795\">\u00d5rn jahutav ja stimuleeriv efekt (mentool, ingver, cayenne\u2019i pipar)<\/li>\n<li data-start=\"796\" data-end=\"832\">E-vitamiin \u2013 niisutav ja kaitsev<\/li>\n<li data-start=\"833\" data-end=\"866\">Soja\u00f5li \u2013 toitev ja pehmendav<\/li>\n<li data-start=\"867\" data-end=\"901\">L\u00e4ikiv ja peegeljas viimistlus<\/li>\n<li data-start=\"902\" data-end=\"936\">Kerge ja mittekleepuv tekstuur<\/li>\n<li data-start=\"937\" data-end=\"968\">Dermatoloogiliselt testitud<\/li>\n<\/ul>\n<p data-start=\"970\" data-end=\"1012\"><strong data-start=\"970\" data-end=\"979\">Maht:<\/strong> 6,5 ml<br data-start=\"986\" data-end=\"989\" \/><strong data-start=\"989\" data-end=\"1004\">Tootjariik:<\/strong> Itaalia<\/p>\n<details>\n<summary>Details<\/summary>\n<div translate=\"no\">3D Hydra Lip Gloss &#8211; Limited Edition. 3D-effect moisturising lip gloss. 3D-effect moisturising* lip gloss.A new frontier of radiance and comfort for your lips. A simply iconic and beautiful product that hydrates lips for up to 8h*, enveloping them in pure shine.You\u2019ll love it because:<br \/>\n&#8211; It boasts a hydrating formula*, unprecedented sensoriality and a hot-cold effect<br \/>\n&#8211; Its creamy and ultra-radiant formula glides beautifully on the lips<br \/>\n&#8211; It has a memorable 3D effect<br \/>\n&#8211; It comes with a practical flocked-tip applicator, ideal for easily adding a touch of radiance on-the-go<br \/>\n&#8211; It comes in a special, limited-edition packagingDermatologically tested *Clinical and instrumental test6.5 ml \/ 0.220 fl.oz<br \/>\nMade in ItalyINGREDIENTS:<br \/>\nPOLYBUTENE, OCTYLDODECANOL, SILICA DIMETHYL SILYLATE, OCTYLDODECYL STEAROYL STEARATE, TRIETHYLHEXANOIN, TRIISODECYL TRIMELLITATE, ISOCETYL STEARATE, DIISOSTEARYL MALATE, CALCIUM SODIUM BOROSILICATE, MENTHOL, PHENYLPROPYLDIMETHYLSILOXYSILICATE, GLYC ERYL BEHENATE\/EICOSADIOATE, HYDROGENATED POLYISOBUTENE, DIETHYLHEXYL SYRINGYLIDENEMALONATE, TOCOPHERYL ACETATE, ETHYL VANILLIN, CAPR YLIC\/CAPRIC TRIGLYCERIDE, TIN OXIDE, METHYL NICOTINATE, CAPSICUM FRUTESCENS FRUIT EXTRACT, GLYCINE SOJA OIL (GLYCINE SOJA (SOYBEAN) OIL), ZINGIBER OFFICINALE ROOT OIL (ZINGIBER OFFICINALE(GINGER) ROOT OIL). +\/- (MAY CONTAIN): CI 77891 (TITANIUM DIOXIDE), CI 77491 (IRON OXIDES).<\/div>\n<p>\u0411\u043b\u0435\u0441\u043a \u0434\u043b\u044f \u0433\u0443\u0431 \u0441 3D-\u044d\u0444\u0444\u0435\u043a\u0442\u043e\u043c \u0438 \u0443\u0432\u043b\u0430\u0436\u043d\u044f\u044e\u0449\u0435\u0439 \u0444\u043e\u0440\u043c\u0443\u043b\u043e\u0439 \u043b\u0438\u043c\u0438\u0442\u0438\u0440\u043e\u0432\u0430\u043d\u043d\u043e\u0439 \u0441\u0435\u0440\u0438\u0438 KIKO Milano 3d Hydra Lipgloss. \u0421\u043e\u0447\u0435\u0442\u0430\u043d\u0438\u0435 \u0441\u0438\u044f\u043d\u0438\u044f \u0438 \u0443\u0442\u043e\u043d\u0447\u0451\u043d\u043d\u043e\u0439 \u0440\u043e\u0441\u043a\u043e\u0448\u0438! \u042d\u0442\u043e\u0442 \u0431\u043b\u0435\u0441\u043a \u043f\u0440\u0438\u0434\u0430\u0451\u0442 \u0433\u0443\u0431\u0430\u043c \u043c\u044f\u0433\u043a\u043e\u0441\u0442\u044c, \u0443\u0432\u043b\u0430\u0436\u043d\u0435\u043d\u0438\u0435 \u0434\u043e 8 \u0447\u0430\u0441\u043e\u0432 \u0438 \u043d\u0435\u0432\u0435\u0440\u043e\u044f\u0442\u043d\u043e\u0435 \u0441\u0438\u044f\u043d\u0438\u0435. \u041e\u0441\u043d\u043e\u0432\u043d\u044b\u0435 \u043f\u0440\u0435\u0438\u043c\u0443\u0449\u0435\u0441\u0442\u0432\u0430:<\/p>\n<p>\u0423\u0432\u043b\u0430\u0436\u043d\u0435\u043d\u0438\u0435 \u0438 \u0443\u0445\u043e\u0434: \u0424\u043e\u0440\u043c\u0443\u043b\u0430 \u0441 \u0432\u0438\u0442\u0430\u043c\u0438\u043d\u043e\u043c \u0415, \u043c\u0430\u0441\u043b\u043e\u043c \u0441\u043e\u0435\u0432\u044b\u0445 \u0431\u043e\u0431\u043e\u0432 \u0438 \u043a\u043e\u0440\u043d\u044f \u0438\u043c\u0431\u0438\u0440\u044f \u043f\u0438\u0442\u0430\u0435\u0442 \u0438 \u0441\u043c\u044f\u0433\u0447\u0430\u0435\u0442 \u0433\u0443\u0431\u044b, \u0434\u0435\u043b\u0430\u044f \u0438\u0445 \u0433\u043b\u0430\u0434\u043a\u0438\u043c\u0438 \u0438 \u0443\u0445\u043e\u0436\u0435\u043d\u043d\u044b\u043c\u0438.<br \/>\n\u0415\u0441\u0442\u0435\u0441\u0442\u0432\u0435\u043d\u043d\u044b\u0439 \u043e\u0431\u044a\u0435\u043c: \u042d\u043a\u0441\u0442\u0440\u0430\u043a\u0442 \u043f\u0435\u0440\u0446\u0430 \u0447\u0438\u043b\u0438 \u0441\u0442\u0438\u043c\u0443\u043b\u0438\u0440\u0443\u0435\u0442 \u043c\u0438\u043a\u0440\u043e\u0446\u0438\u0440\u043a\u0443\u043b\u044f\u0446\u0438\u044e, \u0441\u043e\u0437\u0434\u0430\u0432\u0430\u044f \u044d\u0444\u0444\u0435\u043a\u0442 \u0441\u043b\u0435\u0433\u043a\u0430 \u0443\u0432\u0435\u043b\u0438\u0447\u0435\u043d\u043d\u044b\u0445 \u0433\u0443\u0431.<br \/>\n\u041a\u043e\u043c\u0444\u043e\u0440\u0442\u043d\u0430\u044f \u0442\u0435\u043a\u0441\u0442\u0443\u0440\u0430: \u041a\u0440\u0435\u043c\u043e\u0432\u0430\u044f \u0444\u043e\u0440\u043c\u0443\u043b\u0430 \u0441 \u043e\u0441\u0432\u0435\u0436\u0430\u044e\u0449\u0438\u043c \u043c\u0435\u043d\u0442\u043e\u043b\u043e\u0432\u044b\u043c \u044d\u0444\u0444\u0435\u043a\u0442\u043e\u043c \u043d\u0435\u0436\u043d\u043e \u043b\u043e\u0436\u0438\u0442\u0441\u044f \u043d\u0430 \u0433\u0443\u0431\u044b \u0431\u0435\u0437 \u043b\u0438\u043f\u043a\u043e\u0441\u0442\u0438.<br \/>\n\u041f\u0440\u043e\u0441\u0442\u043e\u0435 \u043d\u0430\u043d\u0435\u0441\u0435\u043d\u0438\u0435: \u0423\u0434\u043e\u0431\u043d\u044b\u0439 \u0430\u043f\u043f\u043b\u0438\u043a\u0430\u0442\u043e\u0440 \u043f\u043e\u0437\u0432\u043e\u043b\u044f\u0435\u0442 \u043b\u0435\u0433\u043a\u043e \u0434\u043e\u0431\u0430\u0432\u0438\u0442\u044c \u0441\u0438\u044f\u043d\u0438\u044f \u0432 \u043b\u044e\u0431\u043e\u043c \u043c\u0435\u0441\u0442\u0435.<\/p>\n<\/details>\n","protected":false},"featured_media":23297,"template":"","meta":{"jetpack_publicize_message":"","jetpack_publicize_feature_enabled":true,"jetpack_social_post_already_shared":true,"jetpack_social_options":{"image_generator_settings":{"template":"highway","default_image_id":0,"font":"","enabled":false},"version":2}},"product_brand":[],"product_cat":[911,988,986,973,340],"product_tag":[],"class_list":{"0":"post-22861","1":"product","2":"type-product","3":"status-publish","4":"has-post-thumbnail","6":"product_cat-huuled","7":"product_cat-lip-gloss","8":"product_cat-kiko-lips","9":"product_cat-makeup","10":"product_cat-kiko-milano","11":"pa_varv-47-white-unicorn","12":"pa_varv-48-pink-metaverse","13":"pa_varv-49-rose-in-the-house","14":"pa_varv-50-sparkling-mauv","15":"pa_varv-51-frozen-light-blue","17":"first","18":"instock","19":"shipping-taxable","20":"purchasable","21":"product-type-variable"},"jetpack_publicize_connections":[],"jetpack_sharing_enabled":true,"jetpack_likes_enabled":true,"_links":{"self":[{"href":"https:\/\/superstore.ee\/index.php\/wp-json\/wp\/v2\/product\/22861","targetHints":{"allow":["GET"]}}],"collection":[{"href":"https:\/\/superstore.ee\/index.php\/wp-json\/wp\/v2\/product"}],"about":[{"href":"https:\/\/superstore.ee\/index.php\/wp-json\/wp\/v2\/types\/product"}],"wp:featuredmedia":[{"embeddable":true,"href":"https:\/\/superstore.ee\/index.php\/wp-json\/wp\/v2\/media\/23297"}],"wp:attachment":[{"href":"https:\/\/superstore.ee\/index.php\/wp-json\/wp\/v2\/media?parent=22861"}],"wp:term":[{"taxonomy":"product_brand","embeddable":true,"href":"https:\/\/superstore.ee\/index.php\/wp-json\/wp\/v2\/product_brand?post=22861"},{"taxonomy":"product_cat","embeddable":true,"href":"https:\/\/superstore.ee\/index.php\/wp-json\/wp\/v2\/product_cat?post=22861"},{"taxonomy":"product_tag","embeddable":true,"href":"https:\/\/superstore.ee\/index.php\/wp-json\/wp\/v2\/product_tag?post=22861"}],"curies":[{"name":"wp","href":"https:\/\/api.w.org\/{rel}","templated":true}]}}