{"id":22914,"date":"2025-03-24T16:54:39","date_gmt":"2025-03-24T14:54:39","guid":{"rendered":"https:\/\/superstore.ee\/?post_type=product&#038;p=22914"},"modified":"2026-02-01T17:56:31","modified_gmt":"2026-02-01T15:56:31","slug":"kiko-milano-gold-reflections-3d-hydra-lip-gloss-limited-edition-niisutav-huulelaige-passioniviljaoliga","status":"publish","type":"product","link":"https:\/\/superstore.ee\/index.php\/toode\/kiko-milano-gold-reflections-3d-hydra-lip-gloss-limited-edition-niisutav-huulelaige-passioniviljaoliga\/","title":{"rendered":"KIKO Milano Gold Reflections 3D Hydra Lip Gloss Limited Edition"},"content":{"rendered":"","protected":false},"excerpt":{"rendered":"<p class=\"\" data-start=\"295\" data-end=\"515\">Luksuslik huulel\u00e4ige 3D-efekti ja kuldse helgiga, mis niisutab, silub ja muudab huuled visuaalselt t\u00e4idlasemaks. Geeljas tekstuur libiseb kergelt huultele, andes neile s\u00e4rava ja hoolitsetud viimistluse ilma kleepuvuseta.<\/p>\n<p class=\"\" data-start=\"517\" data-end=\"545\"><strong data-start=\"517\" data-end=\"543\">Aktiivsed koostisosad:<\/strong><\/p>\n<ul>\n<li data-start=\"548\" data-end=\"621\"><strong data-start=\"548\" data-end=\"592\">Puuvillaseemne-, linaseemne- ja palmi\u00f5li<\/strong> \u2013 pehmendavad ja kaitsevad<\/li>\n<li data-start=\"624\" data-end=\"674\"><strong data-start=\"624\" data-end=\"644\">Passioonvilja\u00f5li<\/strong> \u2013 toidab ja lisab elastsust<\/li>\n<li data-start=\"677\" data-end=\"734\"><strong data-start=\"677\" data-end=\"703\">Bidens Pilosa ekstrakt<\/strong> \u2013 rahustav ja tugevdav toime<\/li>\n<li data-start=\"737\" data-end=\"777\"><strong data-start=\"737\" data-end=\"751\">E-vitamiin<\/strong> \u2013 antioks\u00fcdantne niisutus<\/li>\n<\/ul>\n<p class=\"\" data-start=\"779\" data-end=\"853\"><strong data-start=\"779\" data-end=\"791\">Tulemus:<\/strong> L\u00e4ikivad, siledad ja t\u00e4idlasemad huuled kuldse viimistlusega.<\/p>\n<p class=\"\" data-start=\"855\" data-end=\"869\"><strong data-start=\"855\" data-end=\"867\">Eelised:<\/strong><\/p>\n<ul>\n<li data-start=\"872\" data-end=\"900\">Niisutav ja toitev koostis<\/li>\n<li data-start=\"903\" data-end=\"927\">Kuldne s\u00e4ra ja 3D-maht<\/li>\n<li data-start=\"930\" data-end=\"960\">Kerge, mittekleepuv tekstuur<\/li>\n<li data-start=\"963\" data-end=\"992\">Dermatoloogiliselt testitud<\/li>\n<li data-start=\"995\" data-end=\"1012\">Mittekomedogeenne<\/li>\n<\/ul>\n<p class=\"\" data-start=\"1014\" data-end=\"1056\"><strong data-start=\"1014\" data-end=\"1023\">Maht:<\/strong> 6,5 ml<br data-start=\"1030\" data-end=\"1033\" \/><strong data-start=\"1033\" data-end=\"1048\">Tootjariik:<\/strong> Itaalia<\/p>\n<details>\n<summary>Details<\/summary>\n<div translate=\"no\">KIKO Milano Gold Reflections 3D Hydra Lip Gloss. 3D-effect moisturising lip gloss with passion fruit oil. 3D-effect moisturising* lip gloss with passion fruit oil. A new frontier of radiance and comfort for your lips. An exquisite and iconic product that hydrates* your lips, enveloping them in pure shine.Why you&#8217;ll love it:<br \/>\n-Hydrating* formula enriched with passion fruit oil<br \/>\n-Creamy comfortable texture with extreme shine<br \/>\n-Amazing 3D effect for fuller looking lips<br \/>\n-A selection of vibrant, trendy shades for a summer with endless beauty<br \/>\n-Extremely easy to use thanks to its flocked applicator, ideal for adding a pop of radiance to your make-up, even on the go6.5 ml \/ 0.220 fl.oz<br \/>\nMade in ItalyINGREDIENTS:<br \/>\nPOLYBUTENE, OCTYLDODECANOL, TRIETHYLHEXANOIN, SILICA DIMETHYL SILYLATE, OCTYLDODECYL STEAROYL STEARATE, TRIDECYL TRIMEL LITATE, DIISOSTEARYL MALATE, SYNTHETIC FLUORPHLOGOPITE, GLYCERYL BEHENATE\/EICOSADIOATE, ELAEIS GUINEENSIS OIL (ELAEIS GUINEENSIS (PA LM) OIL), GOSSYPIUM HERBACEUM SEED OIL (GOSSYPIUM HERBACEUM (COTTON) SEED OIL), BIDENS PILOSA EXTRACT, DIETHYLHEXYL SYRINGYLIDENEMAL ONATE, TOCOPHERYL ACETATE, LINUM USITATISSIMUM SEED OIL (LINUM USITATISSIMUM (LINSEED) SEED OIL), PASSIFLORA EDULIS SEED OIL, CAPRYL IC\/CAPRIC TRIGLYCERIDE, PENTAERYTHRITYL TETRAISOSTEARATE, TIN OXIDE, TOCOPHEROL. +\/- (MAY CONTAIN): CI 15850 (RED 7\/red 6 ), CI 4209 0 (BLUE 1 LAKE), CI 77891 (TITANIUM DIOXIDE), CI 19140 (YELLOW 5 LAKE), CI 77491 (IRON OXIDES).<\/div>\n<p>\u0423\u0432\u043b\u0430\u0436\u043d\u044f\u044e\u0449\u0438\u0439 \u0431\u043b\u0435\u0441\u043a \u0434\u043b\u044f \u0433\u0443\u0431 Gold Reflections 3D Hydra Lip Gloss Limited Edition KIKO Milano. \u0420\u043e\u0441\u043a\u043e\u0448\u043d\u044b\u0439 \u0431\u043b\u0435\u0441\u043a \u0441 3D-\u044d\u0444\u0444\u0435\u043a\u0442\u043e\u043c \u0438 \u0437\u043e\u043b\u043e\u0442\u0438\u0441\u0442\u044b\u043c \u0441\u0438\u044f\u043d\u0438\u0435\u043c. \u041c\u0433\u043d\u043e\u0432\u0435\u043d\u043d\u043e \u043f\u0440\u0438\u0434\u0430\u0451\u0442 \u0433\u0443\u0431\u0430\u043c \u0432\u0438\u0437\u0443\u0430\u043b\u044c\u043d\u044b\u0439 \u043e\u0431\u044a\u0451\u043c, \u043c\u044f\u0433\u043a\u043e\u0441\u0442\u044c \u0438 \u0433\u043b\u0430\u0434\u043a\u043e\u0441\u0442\u044c, \u043f\u043e\u0434\u0447\u0451\u0440\u043a\u0438\u0432\u0430\u044f \u0435\u0441\u0442\u0435\u0441\u0442\u0432\u0435\u043d\u043d\u0443\u044e \u043a\u0440\u0430\u0441\u043e\u0442\u0443 \u0443\u043b\u044b\u0431\u043a\u0438. \u0413\u0435\u043b\u0435\u0432\u0430\u044f \u0442\u0435\u043a\u0441\u0442\u0443\u0440\u0430 \u043b\u0435\u0433\u043a\u043e \u043d\u0430\u043d\u043e\u0441\u0438\u0442\u0441\u044f, \u043d\u0435 \u043b\u0438\u043f\u043d\u0435\u0442 \u0438 \u043a\u043e\u043c\u0444\u043e\u0440\u0442\u043d\u0430 \u0432 \u0442\u0435\u0447\u0435\u043d\u0438\u0435 \u0434\u043d\u044f.<\/p>\n<\/details>\n","protected":false},"featured_media":24812,"template":"","meta":{"jetpack_publicize_message":"","jetpack_publicize_feature_enabled":true,"jetpack_social_post_already_shared":true,"jetpack_social_options":{"image_generator_settings":{"template":"highway","default_image_id":0,"font":"","enabled":false},"version":2}},"product_brand":[],"product_cat":[911,988,986,973,340],"product_tag":[],"class_list":{"0":"post-22914","1":"product","2":"type-product","3":"status-publish","4":"has-post-thumbnail","6":"product_cat-huuled","7":"product_cat-lip-gloss","8":"product_cat-kiko-lips","9":"product_cat-makeup","10":"product_cat-kiko-milano","11":"pa_varv-47-white-unicorn","12":"pa_varv-48-pink-metaverse","13":"pa_varv-49-rose-in-the-house","14":"pa_varv-50-sparkling-mauv","15":"pa_varv-51-frozen-light-blue","17":"first","18":"outofstock","19":"sale","20":"shipping-taxable","21":"purchasable","22":"product-type-simple"},"jetpack_publicize_connections":[],"jetpack_sharing_enabled":true,"jetpack_likes_enabled":true,"_links":{"self":[{"href":"https:\/\/superstore.ee\/index.php\/wp-json\/wp\/v2\/product\/22914","targetHints":{"allow":["GET"]}}],"collection":[{"href":"https:\/\/superstore.ee\/index.php\/wp-json\/wp\/v2\/product"}],"about":[{"href":"https:\/\/superstore.ee\/index.php\/wp-json\/wp\/v2\/types\/product"}],"wp:featuredmedia":[{"embeddable":true,"href":"https:\/\/superstore.ee\/index.php\/wp-json\/wp\/v2\/media\/24812"}],"wp:attachment":[{"href":"https:\/\/superstore.ee\/index.php\/wp-json\/wp\/v2\/media?parent=22914"}],"wp:term":[{"taxonomy":"product_brand","embeddable":true,"href":"https:\/\/superstore.ee\/index.php\/wp-json\/wp\/v2\/product_brand?post=22914"},{"taxonomy":"product_cat","embeddable":true,"href":"https:\/\/superstore.ee\/index.php\/wp-json\/wp\/v2\/product_cat?post=22914"},{"taxonomy":"product_tag","embeddable":true,"href":"https:\/\/superstore.ee\/index.php\/wp-json\/wp\/v2\/product_tag?post=22914"}],"curies":[{"name":"wp","href":"https:\/\/api.w.org\/{rel}","templated":true}]}}