{"id":22964,"date":"2025-04-01T21:14:24","date_gmt":"2025-04-01T18:14:24","guid":{"rendered":"https:\/\/superstore.ee\/?post_type=product&#038;p=22964"},"modified":"2026-02-01T17:23:27","modified_gmt":"2026-02-01T15:23:27","slug":"kiko-milano-dreamphoria-color-reveal-ph-blush","status":"publish","type":"product","link":"https:\/\/superstore.ee\/index.php\/toode\/kiko-milano-dreamphoria-color-reveal-ph-blush\/","title":{"rendered":"KIKO Milano Dreamphoria Color Reveal pH Blush"},"content":{"rendered":"","protected":false},"excerpt":{"rendered":"<p>pH-reaktsiooniga p\u00f5sepuna, mis kohandub naha loomuliku tasemega ja loob iga\u00fchel unikaalse tooni. Siidine tekstuur sulandub nahale, andes v\u00e4rske ja s\u00e4rava tulemuse.<\/p>\n<p>Eelised:<\/p>\n<ul>\n<li>Iga nahatooniga isikup\u00e4rane v\u00e4rviefekt<\/li>\n<li>Magusmandli\u00f5li ja murumuru seemnev\u00f5i toidavad ja pehmendavad nahka<\/li>\n<li>E-vitamiin ja antioks\u00fcdandid kaitsevad keskkonnam\u00f5jude eest<\/li>\n<li>Universaalne toon sobib igale nahale<\/li>\n<li>Dermatoloogiliselt testitud<\/li>\n<\/ul>\n<p>Kaal: 7 g<br \/>\nBr\u00e4nd: Itaalia<\/p>\n<details>\n<summary>Details<\/summary>\n<div translate=\"no\">Blush Stick With pH-reactive ingredients. Blush stick with pH-reactive ingredients.Blush stick with ingredients that adapt to the pH of your skin<\/p>\n<p>A marvel of a product. The formula transforms and comes alive upon contact with the skin, adding a personalised touch of colour to the cheeks.<\/p>\n<p>A product you&#8217;ll dream about:<br \/>\n-It\u2019s enriched with almond oil and murumuru butter<br \/>\n-The amazing texture is beyond innovative, changing from mint green to pinkish from the first use when applied to the cheeks and cheekbones<br \/>\n-It glides pleasantly across the skin<br \/>\n-Its super practical format is great for warming the features, even on-the-go<\/p>\n<p>Dermatologically tested Non-comedogenic<\/p>\n<p>7 gr \/ 0.247 oz<br \/>\nMade in Italy<\/p>\n<p>INGREDIENTS:<br \/>\nDIMETHICONE, ISONONYL ISONONANOATE, DIMETHICONE\/VINYL DIMETHICONE CROSSPOLYMER, SYNTHETIC WAX, SUCROSE TETRASTEARATE TR IACETATE, MICA, LAUROYL LYSINE, PENTAERYTHRITYL TETRA-DI-T-BUTYL HYDROXYHYDROCINNAMATE, CITRIC ACID, AROMA (FLAVOR), ETHYL VANILLIN, PRUNUS AMYGDALUS DULCIS OIL (PRUNUS AMYGDALUS DULCIS (SWEET ALMOND) OIL), ASTROCARYUM MURUMURU SEED BUTTER, TOCOPHEROL, CI 42090 (B LUE 1 LAKE), CI 45410 (RED 27).<\/p>\n<\/div>\n<p>\u0420\u0443\u043c\u044f\u043d\u0430-\u0445\u0430\u043c\u0435\u043b\u0435\u043e\u043d \u0441 \u0430\u0434\u0430\u043f\u0442\u0430\u0446\u0438\u0435\u0439 \u043f\u043e\u0434 pH \u043a\u043e\u0436\u0438, \u0441\u043e\u0437\u0434\u0430\u044e\u0449\u0438\u0435 \u0443\u043d\u0438\u043a\u0430\u043b\u044c\u043d\u044b\u0439 \u043e\u0442\u0442\u0435\u043d\u043e\u043a, \u043f\u043e\u0434\u0447\u0451\u0440\u043a\u0438\u0432\u0430\u044e\u0449\u0438\u0439 \u0435\u0441\u0442\u0435\u0441\u0442\u0432\u0435\u043d\u043d\u044b\u0439 \u0440\u0443\u043c\u044f\u043d\u0435\u0446. \u041d\u0435\u0436\u043d\u0430\u044f \u0442\u0435\u043a\u0441\u0442\u0443\u0440\u0430 \u0442\u0430\u0435\u0442 \u043d\u0430 \u043a\u043e\u0436\u0435, \u043f\u0440\u0438\u0434\u0430\u0432\u0430\u044f \u0441\u0432\u0435\u0436\u0438\u0439, \u0441\u0438\u044f\u044e\u0449\u0438\u0439 \u0444\u0438\u043d\u0438\u0448. \u041f\u0440\u0435\u0438\u043c\u0443\u0449\u0435\u0441\u0442\u0432\u0430: \u0418\u043d\u0434\u0438\u0432\u0438\u0434\u0443\u0430\u043b\u044c\u043d\u044b\u0439 \u043e\u0442\u0442\u0435\u043d\u043e\u043a \u043d\u0430 \u043a\u0430\u0436\u0434\u043e\u0439 \u043a\u043e\u0436\u0435<\/p>\n<p>\u041c\u0430\u0441\u043b\u043e \u0441\u043b\u0430\u0434\u043a\u043e\u0433\u043e \u043c\u0438\u043d\u0434\u0430\u043b\u044f \u0438 \u043c\u0430\u0441\u043b\u043e \u0441\u0435\u043c\u044f\u043d \u043c\u0443\u0440\u0443\u043c\u0443\u0440\u0443 \u043f\u0438\u0442\u0430\u044e\u0442 \u0438 \u0441\u043c\u044f\u0433\u0447\u0430\u044e\u0442 \u043a\u043e\u0436\u0443<\/p>\n<p>\u0412\u0438\u0442\u0430\u043c\u0438\u043d E \u0438 \u0430\u043d\u0442\u0438\u043e\u043a\u0441\u0438\u0434\u0430\u043d\u0442\u044b \u0437\u0430\u0449\u0438\u0449\u0430\u044e\u0442 \u043e\u0442 \u043d\u0435\u0433\u0430\u0442\u0438\u0432\u043d\u043e\u0433\u043e \u0432\u043e\u0437\u0434\u0435\u0439\u0441\u0442\u0432\u0438\u044f \u043e\u043a\u0440\u0443\u0436\u0430\u044e\u0449\u0435\u0439 \u0441\u0440\u0435\u0434\u044b<\/p>\n<p>\u0423\u043d\u0438\u0432\u0435\u0440\u0441\u0430\u043b\u044c\u043d\u044b\u0439 \u043e\u0442\u0442\u0435\u043d\u043e\u043a, \u043f\u043e\u0434\u0445\u043e\u0434\u044f\u0449\u0438\u0439 \u0434\u043b\u044f \u043b\u044e\u0431\u043e\u0433\u043e \u0442\u043e\u043d\u0430 \u043a\u043e\u0436\u0438<\/p>\n<\/details>\n","protected":false},"featured_media":22972,"template":"","meta":{"jetpack_publicize_message":"","jetpack_publicize_feature_enabled":true,"jetpack_social_post_already_shared":true,"jetpack_social_options":{"image_generator_settings":{"template":"highway","default_image_id":0,"font":"","enabled":false},"version":2}},"product_brand":[],"product_cat":[973,340,912,979],"product_tag":[],"class_list":{"0":"post-22964","1":"product","2":"type-product","3":"status-publish","4":"has-post-thumbnail","6":"product_cat-makeup","7":"product_cat-kiko-milano","8":"product_cat-nahahooldus","9":"product_cat-blush","11":"first","12":"instock","13":"shipping-taxable","14":"purchasable","15":"product-type-simple"},"jetpack_publicize_connections":[],"jetpack_sharing_enabled":true,"jetpack_likes_enabled":true,"_links":{"self":[{"href":"https:\/\/superstore.ee\/index.php\/wp-json\/wp\/v2\/product\/22964","targetHints":{"allow":["GET"]}}],"collection":[{"href":"https:\/\/superstore.ee\/index.php\/wp-json\/wp\/v2\/product"}],"about":[{"href":"https:\/\/superstore.ee\/index.php\/wp-json\/wp\/v2\/types\/product"}],"wp:featuredmedia":[{"embeddable":true,"href":"https:\/\/superstore.ee\/index.php\/wp-json\/wp\/v2\/media\/22972"}],"wp:attachment":[{"href":"https:\/\/superstore.ee\/index.php\/wp-json\/wp\/v2\/media?parent=22964"}],"wp:term":[{"taxonomy":"product_brand","embeddable":true,"href":"https:\/\/superstore.ee\/index.php\/wp-json\/wp\/v2\/product_brand?post=22964"},{"taxonomy":"product_cat","embeddable":true,"href":"https:\/\/superstore.ee\/index.php\/wp-json\/wp\/v2\/product_cat?post=22964"},{"taxonomy":"product_tag","embeddable":true,"href":"https:\/\/superstore.ee\/index.php\/wp-json\/wp\/v2\/product_tag?post=22964"}],"curies":[{"name":"wp","href":"https:\/\/api.w.org\/{rel}","templated":true}]}}