{"id":22976,"date":"2025-04-02T13:10:38","date_gmt":"2025-04-02T10:10:38","guid":{"rendered":"https:\/\/superstore.ee\/?post_type=product&#038;p=22976"},"modified":"2026-03-09T16:23:29","modified_gmt":"2026-03-09T14:23:29","slug":"laikiv-huulepulk-kiko-milano-jelly-stylo","status":"publish","type":"product","link":"https:\/\/superstore.ee\/index.php\/toode\/laikiv-huulepulk-kiko-milano-jelly-stylo\/","title":{"rendered":"KIKO Milano Jelly Stylo"},"content":{"rendered":"","protected":false},"excerpt":{"rendered":"<p><strong data-start=\"1041\" data-end=\"1095\">Niisutav geeljas huulepulk Jelly Stylo KIKO Milano &#8211; <\/strong>Kerge geelja tekstuuriga huulepulk, mis \u00fchendab huulel\u00e4ike s\u00e4ra, palsami niisutuse ja huulepulga mugavuse. \u00d5rnalt sulav koostis libiseb kergelt huultele, j\u00e4ttes need siledaks, niisutatuks ja visuaalselt t\u00e4idlasemaks.<\/p>\n<p><strong data-start=\"1315\" data-end=\"1341\">Aktiivsed koostisosad:<\/strong><\/p>\n<ul>\n<li data-start=\"1346\" data-end=\"1420\"><strong data-start=\"1346\" data-end=\"1376\">Dipalmitoyl Hydroxyproline<\/strong> \u2013 silub huuli ja parandab nende elastsust<\/li>\n<li data-start=\"1423\" data-end=\"1470\"><strong data-start=\"1423\" data-end=\"1437\">Lauryl PCA<\/strong> \u2013 s\u00e4ilitab niiskust ja pehmust<\/li>\n<li data-start=\"1473\" data-end=\"1529\"><strong data-start=\"1473\" data-end=\"1500\">E-vitamiin (Tokoferool)<\/strong> \u2013 hooldab ja kaitseb huuli<\/li>\n<\/ul>\n<p><strong data-start=\"1531\" data-end=\"1543\">Eelised:<\/strong><\/p>\n<ul>\n<li data-start=\"1548\" data-end=\"1576\">Niisutab ja silub koheselt<\/li>\n<li data-start=\"1579\" data-end=\"1608\">L\u00e4ikiv ja niiske viimistlus<\/li>\n<li data-start=\"1611\" data-end=\"1660\">Kerge, pooll\u00e4bipaistev v\u00e4rv, mida saab kihitada<\/li>\n<li data-start=\"1663\" data-end=\"1700\">Mugav ja mittekleepuv tunne huultel<\/li>\n<li data-start=\"1703\" data-end=\"1730\">Dermatoloogiliselt testitud<\/li>\n<\/ul>\n<p><strong data-start=\"1732\" data-end=\"1741\">Kaal:<\/strong> 2 g<br data-start=\"1745\" data-end=\"1748\" \/><strong data-start=\"1748\" data-end=\"1763\">Tootjariik:<\/strong> Itaalia<\/p>\n<details>\n<summary>Details<\/summary>\n<div translate=\"no\">\n<p>KIKO MILANO Jelly Stylo &#8211; Wet look finish glossy lipstick. Glossy lipstick pen with wet look finish.The innovative gel texture glides onto the lips and ensures maximum performance and extreme hold. Upon application, it provides a feeling of great softness that lasts over time.<\/p>\n<p>The extra-shiny finish guarantees a glossy wet look result with medium-low coverage.<\/p>\n<p>The gel base and the enveloping polymer create an innovative soft and smooth texture, that gives unprecedented sensations. This new technology guarantees maximum performance.<\/p>\n<p>The combination of humectants and plant-based amino acids softens the lips for absolute comfort.<br \/>\n2 gr \/ 0.071 oz<br \/>\nMade in Italy<\/p>\n<p>INGREDIENTS:<br \/>\nHYDROGENATED POLYISOBUTENE, OCTYLDODECYL STEAROYL STEARATE, VP\/HEXADECENE COPOLYMER, SYNTHETIC WAX, POLYETHYLENE, MICRO CRYSTALLINE WAX (CERA MICROCRISTALLINA\/ CIRE MICROCRISTALLINE), CAPRYLIC\/CAPRIC TRIGLYCERIDE, DIISOSTEARYL MALATE, MICA, HYDROGENATE D STYRENE\/METHYLSTYRENE\/INDENE COPOLYMER, ETHYLENE\/PROPYLENE\/STYRENE COPOLYMER, STEARALKONIUM BENTONITE, HYDROGENATED STYRENE\/BUTADI ENE COPOLYMER, PROPYLENE CARBONATE, BUTYLENE\/ETHYLENE\/STYRENE COPOLYMER, DIPALMITOYL HYDROXYPROLINE, LAURYL PCA, PENTAERYTHRITYL TET RA-DI-T-BUTYL HYDROXYHYDROCINNAMATE, DICALCIUM PHOSPHATE, CALCIUM ALUMINUM BOROSILICATE, TOCOPHEROL, TIN OXIDE. +\/- (MAY CONTAIN): C I 15850 (RED 6), CI 15850 (RED 7), CI 77891 (TITANIUM DIOXIDE), CI 77491 (IRON OXIDES), CI 42090 (BLUE 1 LAKE), CI 19140 (YELLOW 5 L AKE), CI 15850 (RED 7 LAKE), CI 45410 (RED 28 LAKE), CI 15850 (RED 7 LAKE).<\/p>\n<\/div>\n<p>\u0411\u043b\u0435\u0441\u0442\u044f\u0449\u0430\u044f \u043f\u043e\u043c\u0430\u0434\u0430-\u0441\u0442\u0438\u043a KIKO Milano \u0441 \u00ab\u043c\u043e\u043a\u0440\u044b\u043c\u00bb \u0444\u0438\u043d\u0438\u0448\u0435\u043c &#8211; \u0438\u043d\u043d\u043e\u0432\u0430\u0446\u0438\u043e\u043d\u043d\u0430\u044f \u0433\u0435\u043b\u0435\u0432\u0430\u044f \u0442\u0435\u043a\u0441\u0442\u0443\u0440\u0430 \u0441\u043a\u043e\u043b\u044c\u0437\u0438\u0442 \u043f\u043e \u0433\u0443\u0431\u0430\u043c \u0438 \u043e\u0431\u0435\u0441\u043f\u0435\u0447\u0438\u0432\u0430\u0435\u0442 \u043e\u0442\u043b\u0438\u0447\u043d\u044b\u0439 \u0440\u0435\u0437\u0443\u043b\u044c\u0442\u0430\u0442 \u0438 \u0438\u0441\u043a\u043b\u044e\u0447\u0438\u0442\u0435\u043b\u044c\u043d\u0443\u044e \u0441\u0442\u043e\u0439\u043a\u043e\u0441\u0442\u044c; \u044d\u043a\u0441\u0442\u0440\u0430-\u0431\u043b\u0435\u0441\u0442\u044f\u0449\u0438\u0439 \u0444\u0438\u043d\u0438\u0448 \u0433\u0430\u0440\u0430\u043d\u0442\u0438\u0440\u0443\u0435\u0442 \u0433\u043b\u044f\u043d\u0446\u0435\u0432\u044b\u0439 \u0432\u043b\u0430\u0436\u043d\u044b\u0439 \u044d\u0444\u0444\u0435\u043a\u0442 \u0438 \u0441\u0442\u0435\u043f\u0435\u043d\u044c \u043f\u043e\u043a\u0440\u044b\u0442\u0438\u044f \u043e\u0442 \u043d\u0438\u0437\u043a\u043e\u0439 \u0434\u043e \u0441\u0440\u0435\u0434\u043d\u0435\u0439; \u0441\u043e\u0447\u0435\u0442\u0430\u043d\u0438\u0435 \u0443\u0432\u043b\u0430\u0436\u043d\u044f\u044e\u0449\u0438\u0445 \u0432\u0435\u0449\u0435\u0441\u0442\u0432 \u0438 \u0430\u043c\u0438\u043d\u043e\u043a\u0438\u0441\u043b\u043e\u0442 \u0440\u0430\u0441\u0442\u0438\u0442\u0435\u043b\u044c\u043d\u043e\u0433\u043e \u043f\u0440\u043e\u0438\u0441\u0445\u043e\u0436\u0434\u0435\u043d\u0438\u044f \u0434\u0430\u0440\u0438\u0442 \u0433\u0443\u0431\u0430\u043c \u043c\u044f\u0433\u043a\u043e\u0441\u0442\u044c.<\/p>\n<\/details>\n","protected":false},"featured_media":24310,"template":"","meta":{"jetpack_publicize_message":"","jetpack_publicize_feature_enabled":true,"jetpack_social_post_already_shared":true,"jetpack_social_options":{"image_generator_settings":{"template":"highway","default_image_id":0,"font":"","enabled":false},"version":2}},"product_brand":[],"product_cat":[911,987,986,973,340],"product_tag":[],"class_list":{"0":"post-22976","1":"product","2":"type-product","3":"status-publish","4":"has-post-thumbnail","6":"product_cat-huuled","7":"product_cat-lipstick","8":"product_cat-kiko-lips","9":"product_cat-makeup","10":"product_cat-kiko-milano","11":"pa_varv-501-starry-rose","12":"pa_varv-502-natural-rose","13":"pa_varv-503-coral","14":"pa_varv-504-bright-red","15":"pa_varv-506-cherry-red","16":"pa_varv-508-rosy-mauve","17":"pa_varv-509-persian-red","18":"pa_varv-511-fuchsia","19":"pa_varv-512-magenta","21":"first","22":"instock","23":"shipping-taxable","24":"purchasable","25":"product-type-variable"},"jetpack_publicize_connections":[],"jetpack_sharing_enabled":true,"jetpack_likes_enabled":true,"_links":{"self":[{"href":"https:\/\/superstore.ee\/index.php\/wp-json\/wp\/v2\/product\/22976","targetHints":{"allow":["GET"]}}],"collection":[{"href":"https:\/\/superstore.ee\/index.php\/wp-json\/wp\/v2\/product"}],"about":[{"href":"https:\/\/superstore.ee\/index.php\/wp-json\/wp\/v2\/types\/product"}],"wp:featuredmedia":[{"embeddable":true,"href":"https:\/\/superstore.ee\/index.php\/wp-json\/wp\/v2\/media\/24310"}],"wp:attachment":[{"href":"https:\/\/superstore.ee\/index.php\/wp-json\/wp\/v2\/media?parent=22976"}],"wp:term":[{"taxonomy":"product_brand","embeddable":true,"href":"https:\/\/superstore.ee\/index.php\/wp-json\/wp\/v2\/product_brand?post=22976"},{"taxonomy":"product_cat","embeddable":true,"href":"https:\/\/superstore.ee\/index.php\/wp-json\/wp\/v2\/product_cat?post=22976"},{"taxonomy":"product_tag","embeddable":true,"href":"https:\/\/superstore.ee\/index.php\/wp-json\/wp\/v2\/product_tag?post=22976"}],"curies":[{"name":"wp","href":"https:\/\/api.w.org\/{rel}","templated":true}]}}