{"id":23002,"date":"2025-04-02T14:38:08","date_gmt":"2025-04-02T11:38:08","guid":{"rendered":"https:\/\/superstore.ee\/?post_type=product&#038;p=23002"},"modified":"2026-03-24T16:06:14","modified_gmt":"2026-03-24T14:06:14","slug":"kauapusiv-huulemarker-kiko-milano-long-lasting-colour-lip-marker-10h","status":"publish","type":"product","link":"https:\/\/superstore.ee\/index.php\/toode\/kauapusiv-huulemarker-kiko-milano-long-lasting-colour-lip-marker-10h\/","title":{"rendered":"KIKO Milano Long Lasting Colour Lip Marker (10h)"},"content":{"rendered":"","protected":false},"excerpt":{"rendered":"<div class=\"ProductDetails__Sub hidden-md\">\n<p><strong data-start=\"896\" data-end=\"964\">Kauap\u00fcsiv huulemarker Long Lasting Colour Lip Marker KIKO Milano<\/strong> &#8211; Veep\u00f5hine huulemarker koos spetsiaalsete kiletaoliste pol\u00fcmeeridega annab huultele loomuliku t\u00e4toveeringu-efekti ja m\u00f5nusalt kerge tunde. Toon imendub kiiresti, ei m\u00e4\u00e4rdu ega kulu, p\u00fcsides t\u00e4iuslikuna kogu p\u00e4eva.<\/p>\n<p><strong data-start=\"1131\" data-end=\"1155\">Aktiivne koostisosa: <\/strong>Naatriumh\u00fcaluronaat (h\u00fcaluroonhape) \u2013 tagab huulte niisutuse ja sileduse ning hoiab neid pehmena kogu p\u00e4eva jooksul<\/p>\n<p><strong data-start=\"1283\" data-end=\"1295\">Eelised:<\/strong><\/p>\n<ul>\n<li data-start=\"1300\" data-end=\"1337\">Erksav\u00e4rviline ja kauap\u00fcsiv tulemus<\/li>\n<li data-start=\"1340\" data-end=\"1387\">Kerge, mugav koostis, mida pole huultel tunda<\/li>\n<li data-start=\"1390\" data-end=\"1419\">Kauakestev matt l\u00f5pptulemus<\/li>\n<li data-start=\"1422\" data-end=\"1465\">H\u00fcaluroonhape tagab niisutuse ja hoolduse<\/li>\n<li data-start=\"1468\" data-end=\"1497\">Dermatoloogiliselt testitud<\/li>\n<\/ul>\n<p><strong data-start=\"1499\" data-end=\"1508\">Kaal:<\/strong> 2,5 g<br data-start=\"1514\" data-end=\"1517\" \/><strong data-start=\"1517\" data-end=\"1532\">Tootjariik:<\/strong> Itaalia<\/p>\n<\/div>\n<details>\n<summary>Details<\/summary>\n<div translate=\"no\">KIKO MILANO long lasting colour lip marker. No transfer lip marker with a natural tattoo effect and extremely long-lasting wear (10 hours*).<br \/>\nInnovative no-transfer lip marker, lasting up to 10 hours*.The water-based formula combined with special film-like polymers guarantees a natural tattoo finish and a pleasant \u201cweightless\u201d sensation on the lips. Thanks to the complex of active ingredients, it is able to offer maximum comfort during application, instant adherence and a release of colour with buildable intensity.Its fluid texture dries in a few moments, leaving a light and imperceptible film on the lips.The slightly rounded precision tip enables the lip contour to be outlined and the lips to be filled with the desired intensity of colour, for a semi-sheer intense coverage effect.Enriched with active moisturising ingredients, Long Lasting Colour Lip Marker leaves the lips smooth and soft. The sweet fruit fragrance makes application even more pleasant.Available in different matte shades with extraordinary hold.Clinically tested = formulated to ensure minimum instance of allergic reactions.<\/p>\n<p>* Clinical and instrumental test<br \/>\n2.5 gr \/ 0.088 oz<br \/>\nMade in Italy<\/p>\n<p>INGREDIENTS:<br \/>\nAQUA (WATER\/EAU), BUTYLENE GLYCOL, VP\/METHACRYLAMIDE\/VINYL IMIDAZOLE COPOLYMER, PHENOXYETHANOL, ALCOHOL DENAT., POTASSIUM SORBATE, SODIUM DEHYDROACETATE, AROMA (FLAVOR), SODIUM SACCHARIN, SODIUM HYALURONATE. +\/- (MAY CONTAIN): CI 15985 (YELLOW 6), CI 19140 (YELLOW 5), CI 17200 (RED 33), CI 45410 (RED 28), CI 42090 (BLUE 1), CI 16035 (RED 40).<\/p>\n<\/div>\n<p>\u0421\u0442\u043e\u0439\u043a\u0438\u0439 \u043c\u0430\u0440\u043a\u0435\u0440 \u0434\u043b\u044f \u0433\u0443\u0431 KIKO Milano \u044d\u0444\u0444\u0435\u043a\u0442 \u0442\u0430\u0442\u0443\u0430\u0436\u0430 (\u0421\u0442\u043e\u0439\u043a\u0438\u0439 \u0442\u0438\u043d\u0442-\u0444\u043b\u043e\u043c\u0430\u0441\u0442\u0435\u0440 \u0434\u043b\u044f \u0433\u0443\u0431). \u041d\u0435\u0441\u043c\u044b\u0432\u0430\u0435\u043c\u044b\u0439 \u043c\u0430\u0440\u043a\u0435\u0440 \u0434\u043b\u044f \u0433\u0443\u0431 \u0441 \u044d\u0444\u0444\u0435\u043a\u0442\u043e\u043c \u0435\u0441\u0442\u0435\u0441\u0442\u0432\u0435\u043d\u043d\u043e\u0433\u043e \u0442\u0430\u0442\u0443\u0430\u0436\u0430 \u0438 \u0441\u0442\u043e\u0439\u043a\u043e\u0441\u0442\u044c\u044e\u00a0 \u0434\u043e 10 \u0447\u0430\u0441\u043e\u0432.<\/p>\n<\/details>\n","protected":false},"featured_media":18533,"template":"","meta":{"jetpack_publicize_message":"","jetpack_publicize_feature_enabled":true,"jetpack_social_post_already_shared":true,"jetpack_social_options":{"image_generator_settings":{"template":"highway","default_image_id":0,"font":"","enabled":false},"version":2}},"product_brand":[],"product_cat":[911,990,987,986,973,340],"product_tag":[],"class_list":{"0":"post-23002","1":"product","2":"type-product","3":"status-publish","4":"has-post-thumbnail","6":"product_cat-huuled","7":"product_cat-lip-pencil","8":"product_cat-lipstick","9":"product_cat-kiko-lips","10":"product_cat-makeup","11":"product_cat-kiko-milano","12":"pa_varv-103-peach-red","13":"pa_varv-104-deep-pink","14":"pa_varv-105-true-red","15":"pa_varv-106-apple-red","16":"pa_varv-107-plum","17":"pa_varv-109-natural-rose","18":"pa_varv-110-magenta-pink","19":"pa_varv-111-brick-red","21":"first","22":"instock","23":"shipping-taxable","24":"purchasable","25":"product-type-variable"},"jetpack_publicize_connections":[],"jetpack_sharing_enabled":true,"jetpack_likes_enabled":true,"_links":{"self":[{"href":"https:\/\/superstore.ee\/index.php\/wp-json\/wp\/v2\/product\/23002","targetHints":{"allow":["GET"]}}],"collection":[{"href":"https:\/\/superstore.ee\/index.php\/wp-json\/wp\/v2\/product"}],"about":[{"href":"https:\/\/superstore.ee\/index.php\/wp-json\/wp\/v2\/types\/product"}],"wp:featuredmedia":[{"embeddable":true,"href":"https:\/\/superstore.ee\/index.php\/wp-json\/wp\/v2\/media\/18533"}],"wp:attachment":[{"href":"https:\/\/superstore.ee\/index.php\/wp-json\/wp\/v2\/media?parent=23002"}],"wp:term":[{"taxonomy":"product_brand","embeddable":true,"href":"https:\/\/superstore.ee\/index.php\/wp-json\/wp\/v2\/product_brand?post=23002"},{"taxonomy":"product_cat","embeddable":true,"href":"https:\/\/superstore.ee\/index.php\/wp-json\/wp\/v2\/product_cat?post=23002"},{"taxonomy":"product_tag","embeddable":true,"href":"https:\/\/superstore.ee\/index.php\/wp-json\/wp\/v2\/product_tag?post=23002"}],"curies":[{"name":"wp","href":"https:\/\/api.w.org\/{rel}","templated":true}]}}