{"id":23015,"date":"2025-04-02T14:59:56","date_gmt":"2025-04-02T11:59:56","guid":{"rendered":"https:\/\/superstore.ee\/?post_type=product&#038;p=23015"},"modified":"2026-03-15T13:10:42","modified_gmt":"2026-03-15T11:10:42","slug":"huulepliiats-kiko-milano-smart-fusion-lip-pencil-1tk","status":"publish","type":"product","link":"https:\/\/superstore.ee\/index.php\/toode\/huulepliiats-kiko-milano-smart-fusion-lip-pencil-1tk\/","title":{"rendered":"KIKO Milano Smart Fusion Lip Pencil"},"content":{"rendered":"","protected":false},"excerpt":{"rendered":"<p class=\"\" data-start=\"803\" data-end=\"999\">Huulepliiats, mille rikkalik ja kreemjas tekstuur libiseb huultele pehmelt ning tagab koheselt s\u00fcgava ja k\u00fcllusliku v\u00e4rvi. Joonistab t\u00e4pse kontuuri ja pikendab huulepulga p\u00fcsivust. Annab \u00fchtlase ja t\u00e4iusliku katvuse.<\/p>\n<p class=\"\" data-start=\"1078\" data-end=\"1092\"><strong data-start=\"1078\" data-end=\"1090\">Eelised:<\/strong><\/p>\n<ul>\n<li data-start=\"1095\" data-end=\"1129\">V\u00e4ga t\u00e4pne ja lihtne peale kanda<\/li>\n<li data-start=\"1132\" data-end=\"1158\">Pehme, kreemjas tekstuur<\/li>\n<li data-start=\"1161\" data-end=\"1191\">Pikendab huulepulga p\u00fcsivust<\/li>\n<li data-start=\"1194\" data-end=\"1221\">Intensiivne ja s\u00fcgav v\u00e4rv<\/li>\n<li data-start=\"1224\" data-end=\"1251\">Dermatoloogiliselt testitud<\/li>\n<\/ul>\n<p class=\"\" data-start=\"1253\" data-end=\"1294\"><strong data-start=\"1253\" data-end=\"1262\">Kaal:<\/strong> 0,9 g<br data-start=\"1268\" data-end=\"1271\" \/><strong data-start=\"1271\" data-end=\"1286\">Tootjariik:<\/strong> Itaalia<\/p>\n<details>\n<summary>Details<\/summary>\n<div translate=\"no\">\n<p>KIKO MILANO Smart Fusion Lip Pencil &#8211; Precise lip pencil. Highly precise lip pencil. Rich, creamy texture; deep colour revealed instantly. Product glides on easily and gently.Its formula improves the lipstick\u2019s hold.<\/p>\n<p>Available in 36 striking colours. Full coverage.<\/p>\n<p>Dermatologically tested.<\/p>\n<p>0.9 gr \/ 0.032 oz<br \/>\nMade in Italy<\/p>\n<p>INGREDIENTS:<br \/>\nLAURYL DIMETHICONE, CETEARYL ETHYLHEXANOATE, SYNTHETIC WAX, POLYBUTENE, POLYMETHYL METHACRYLATE, CERA ALBA (BEESWAX\/CIR E D\u2019ABEILLE), C20-24 ALKYL DIMETHICONE, COPERNICIA CERIFERA CERA (COPERNICIA CERIFERA (CARNAUBA) WAX\/CIRE DE CARNAUBA), CERA MICROCR ISTALLINA (MICROCRYSTALLINE WAX\/CIRE MICROCRISTALLINE), POLYETHYLENE, MICA, DICALCIUM PHOSPHATE, TRIMETHYLSILOXYSILICATE, SYNTHETIC FLUORPHLOGOPITE, LECITHIN, TOCOPHEROL, ASCORBYL PALMITATE, CITRIC ACID, BHT, TIN OXIDE. +\/- (MAY CONTAIN): CI 77891 (TITANIUM DIOXID E), CI 77491 &#8211; CI 77492 &#8211; CI 77499 (IRON OXIDES), CI 77742 (MANGANESE VIOLET), CI 42090 (BLUE 1 LAKE), CI 19140 (YELLOW 5 LAKE), CI 15850 (RED 6\/RED 7 LAKE), CI 73360 (RED 30 LAKE), CI 45410 (RED 28 LAKE).<\/p>\n<\/div>\n<p>\u041a\u043e\u043d\u0442\u0443\u0440\u043d\u044b\u0439 \u043a\u0430\u0440\u0430\u043d\u0434\u0430\u0448 \u0434\u043b\u044f \u0433\u0443\u0431 Smart Fusion Lip Pencil KIKO Milano. \u0412\u044b\u0441\u043e\u043a\u043e\u0442\u043e\u0447\u043d\u044b\u0439 \u043a\u0430\u0440\u0430\u043d\u0434\u0430\u0448 \u0441 \u043c\u044f\u0433\u043a\u043e\u0439 \u043a\u0440\u0435\u043c\u043e\u0432\u043e\u0439 \u0442\u0435\u043a\u0441\u0442\u0443\u0440\u043e\u0439 \u043b\u0435\u0433\u043a\u043e \u0441\u043a\u043e\u043b\u044c\u0437\u0438\u0442 \u043f\u043e \u0433\u0443\u0431\u0430\u043c, \u043c\u0433\u043d\u043e\u0432\u0435\u043d\u043d\u043e \u043e\u0431\u0435\u0441\u043f\u0435\u0447\u0438\u0432\u0430\u044f \u043d\u0430\u0441\u044b\u0449\u0435\u043d\u043d\u044b\u0439 \u0438 \u0433\u043b\u0443\u0431\u043e\u043a\u0438\u0439 \u0446\u0432\u0435\u0442. \u0418\u0434\u0435\u0430\u043b\u044c\u043d\u043e \u043e\u0447\u0435\u0440\u0447\u0438\u0432\u0430\u0435\u0442 \u043a\u043e\u043d\u0442\u0443\u0440 \u0433\u0443\u0431, \u043f\u0440\u0435\u0434\u043e\u0442\u0432\u0440\u0430\u0449\u0430\u044f \u0440\u0430\u0441\u0442\u0435\u043a\u0430\u043d\u0438\u0435 \u043f\u043e\u043c\u0430\u0434\u044b \u0438 \u043f\u0440\u043e\u0434\u043b\u0435\u0432\u0430\u044f \u0435\u0451 \u0441\u0442\u043e\u0439\u043a\u043e\u0441\u0442\u044c.<\/p>\n<\/details>\n","protected":false},"featured_media":21305,"template":"","meta":{"jetpack_publicize_message":"","jetpack_publicize_feature_enabled":true,"jetpack_social_post_already_shared":true,"jetpack_social_options":{"image_generator_settings":{"template":"highway","default_image_id":0,"font":"","enabled":false},"version":2}},"product_brand":[],"product_cat":[911,990,986,973,340],"product_tag":[],"class_list":{"0":"post-23015","1":"product","2":"type-product","3":"status-publish","4":"has-post-thumbnail","6":"product_cat-huuled","7":"product_cat-lip-pencil","8":"product_cat-kiko-lips","9":"product_cat-makeup","10":"product_cat-kiko-milano","11":"pa_varv-02-peachy-nude","12":"pa_varv-03-soft-rose","13":"pa_varv-04-rosy-biscuit","14":"pa_varv-05-vintage-rose","15":"pa_varv-06-warm-rose","16":"pa_varv-07-rosewood","17":"pa_varv-08-candy-rose","18":"pa_varv-09-peach","19":"pa_varv-11-coral","20":"pa_varv-12-strawberry-pink","21":"pa_varv-14-poppy-red","22":"pa_varv-15-raspberry","23":"pa_varv-16-cherry-red","24":"pa_varv-19-baby-pink","25":"pa_varv-20-light-rosy-mauve","26":"pa_varv-22-crimson-red","27":"pa_varv-24-peony-violet","28":"pa_varv-29-pearly-mauve","29":"pa_varv-30-amaranth","30":"pa_varv-31-chocolate","31":"pa_varv-32-hazelnut","32":"pa_varv-33-light-rosy-brown","33":"pa_varv-34-chestnut","34":"pa_varv-36-cold-brown","36":"first","37":"instock","38":"sale","39":"shipping-taxable","40":"purchasable","41":"product-type-variable"},"jetpack_publicize_connections":[],"jetpack_sharing_enabled":true,"jetpack_likes_enabled":true,"_links":{"self":[{"href":"https:\/\/superstore.ee\/index.php\/wp-json\/wp\/v2\/product\/23015","targetHints":{"allow":["GET"]}}],"collection":[{"href":"https:\/\/superstore.ee\/index.php\/wp-json\/wp\/v2\/product"}],"about":[{"href":"https:\/\/superstore.ee\/index.php\/wp-json\/wp\/v2\/types\/product"}],"wp:featuredmedia":[{"embeddable":true,"href":"https:\/\/superstore.ee\/index.php\/wp-json\/wp\/v2\/media\/21305"}],"wp:attachment":[{"href":"https:\/\/superstore.ee\/index.php\/wp-json\/wp\/v2\/media?parent=23015"}],"wp:term":[{"taxonomy":"product_brand","embeddable":true,"href":"https:\/\/superstore.ee\/index.php\/wp-json\/wp\/v2\/product_brand?post=23015"},{"taxonomy":"product_cat","embeddable":true,"href":"https:\/\/superstore.ee\/index.php\/wp-json\/wp\/v2\/product_cat?post=23015"},{"taxonomy":"product_tag","embeddable":true,"href":"https:\/\/superstore.ee\/index.php\/wp-json\/wp\/v2\/product_tag?post=23015"}],"curies":[{"name":"wp","href":"https:\/\/api.w.org\/{rel}","templated":true}]}}