{"id":23033,"date":"2025-04-02T15:00:03","date_gmt":"2025-04-02T12:00:03","guid":{"rendered":"https:\/\/superstore.ee\/?post_type=product&#038;p=23033"},"modified":"2026-04-01T13:04:27","modified_gmt":"2026-04-01T10:04:27","slug":"kiko-milano-smart-fusion-lipstick","status":"publish","type":"product","link":"https:\/\/superstore.ee\/index.php\/toode\/kiko-milano-smart-fusion-lipstick\/","title":{"rendered":"KIKO Milano Smart Fusion Lipstick"},"content":{"rendered":"","protected":false},"excerpt":{"rendered":"<p data-start=\"948\" data-end=\"1020\">Toitev kreemjas huulepulk Smart Fusion Lipstick KIKO Milano. Rikkalik ja hooldav huulepulk, mille kreemjas tekstuur sulab huultel, j\u00e4ttes need uskumatult pehmeks ja niisutatuks kogu p\u00e4evaks. Lihtne peale kanda, annab koheselt intensiivse v\u00e4rvi. Keskmisest kuni t\u00e4ieliku katvuseni.<\/p>\n<p class=\"\" data-start=\"1243\" data-end=\"1271\"><strong data-start=\"1243\" data-end=\"1269\">Aktiivsed koostisosad:<\/strong><\/p>\n<ul>\n<li data-start=\"1274\" data-end=\"1326\"><strong data-start=\"1274\" data-end=\"1289\">Argaania\u00f5li<\/strong> \u2013 toidab s\u00fcgavuti ja taastab huuli<\/li>\n<li data-start=\"1329\" data-end=\"1372\"><strong data-start=\"1329\" data-end=\"1346\">P\u00e4evalille\u00f5li<\/strong> \u2013 pehmendab ja niisutab<\/li>\n<li data-start=\"1375\" data-end=\"1444\"><strong data-start=\"1375\" data-end=\"1393\">Lit\u0161i ekstrakt<\/strong> \u2013 antioks\u00fcdant, kaitseb huuli keskkonnam\u00f5jude eest<\/li>\n<\/ul>\n<p class=\"\" data-start=\"1446\" data-end=\"1460\"><strong data-start=\"1446\" data-end=\"1458\">Eelised:<\/strong><\/p>\n<ul>\n<li data-start=\"1463\" data-end=\"1489\">Pehme, kreemjas tekstuur<\/li>\n<li data-start=\"1492\" data-end=\"1519\">Hooldab ja niisutab huuli<\/li>\n<li data-start=\"1522\" data-end=\"1557\">Lihtne peale kanda, rikkalik v\u00e4rv<\/li>\n<li data-start=\"1560\" data-end=\"1587\">Dermatoloogiliselt testitud<\/li>\n<\/ul>\n<p class=\"\" data-start=\"1622\" data-end=\"1661\"><strong data-start=\"1622\" data-end=\"1631\">Kaal:<\/strong> 3 g<br data-start=\"1635\" data-end=\"1638\" \/><strong data-start=\"1638\" data-end=\"1653\">Tootjariik:<\/strong> Itaalia<\/p>\n<details>\n<summary>Details<\/summary>\n<div>\n<p>KIKO MILANO Smart Fusion Lipstick \u2013 Rich and nourishing lipstick with a bright finish. Rich and nourishing lipstick.The creamy, enveloping texture leaves the lips feeling wonderful and incredibly soft for a long time.<\/p>\n<p>The lipstick glides on easily and the colour is revealed immediately.<\/p>\n<p>Available in 36 striking colours. Medium to full coverage.<\/p>\n<p>Dermatologically tested.<\/p>\n<p>3 gr \/ 0.106 oz<br \/>\nMade in Italy<\/p>\n<p>INGREDIENTS: POLYBUTENE, CAPRYLIC\/CAPRIC TRIGLYCERIDE, POLYETHYLENE, CERA MICROCRISTALLINA (MICROCRYSTALLINE WAX \/ CIRE MICROCRISTAL LINE), MICA, STEARALKONIUM HECTORITE, PROPYLENE CARBONATE, ARGANIA SPINOSA KERNEL OIL, ETHYL VANILLIN, HELIANTHUS ANNUUS SEED OIL (H ELIANTHUS ANNUUS (SUNFLOWER) SEED OIL), ALUMINUM HYDROXIDE, PENTAERYTHRITYL TETRA-DI-T-BUTYL HYDROXYHYDROCINNAMATE, DICALCIUM PHOSPH ATE, LITCHI CHINENSIS FRUIT EXTRACT, TIN OXIDE, CALCIUM ALUMINUM BOROSILICATE. +\/- (MAY CONTAIN): CI 77891 (TITANIUM DIOXIDE), CI 77 491 \u2013 CI 77492 \u2013 CI 77499 (IRON OXIDES) , CI 15850 (RED 6 \/RED 7) ,CI 19140 (YELLOW 5 LAKE) , CI 15985 (YELLOW 6 LAKE), CI 42090 (B LUE 1 LAKE), CI 75470 (CARMINE), CI 45410 ( RED 28 LAKE). CONTAIN CARMINE AS COLOUR ADDITIVE<\/p>\n<\/div>\n<p>\u041f\u0438\u0442\u0430\u0442\u0435\u043b\u044c\u043d\u0430\u044f \u043a\u0440\u0435\u043c\u043e\u0432\u0430\u044f \u043f\u043e\u043c\u0430\u0434\u0430 Smart Fusion Lipstick KIKO Milano. \u041d\u0430\u0441\u044b\u0449\u0435\u043d\u043d\u0430\u044f \u043a\u0440\u0435\u043c\u043e\u0432\u0430\u044f \u043f\u043e\u043c\u0430\u0434\u0430 \u0441 \u043d\u0435\u0436\u043d\u043e\u0439, \u0442\u0430\u044e\u0449\u0435\u0439 \u0442\u0435\u043a\u0441\u0442\u0443\u0440\u043e\u0439 \u043e\u0431\u0435\u0441\u043f\u0435\u0447\u0438\u0432\u0430\u0435\u0442 \u0433\u0443\u0431\u0430\u043c \u043d\u0435\u0432\u0435\u0440\u043e\u044f\u0442\u043d\u0443\u044e \u043c\u044f\u0433\u043a\u043e\u0441\u0442\u044c \u0438 \u043a\u043e\u043c\u0444\u043e\u0440\u0442 \u043d\u0430 \u0432\u0435\u0441\u044c \u0434\u0435\u043d\u044c. \u041b\u0435\u0433\u043a\u043e \u043d\u0430\u043d\u043e\u0441\u0438\u0442\u0441\u044f, \u043c\u0433\u043d\u043e\u0432\u0435\u043d\u043d\u043e \u0440\u0430\u0441\u043a\u0440\u044b\u0432\u0430\u044f \u044f\u0440\u043a\u043e\u0441\u0442\u044c \u043e\u0442\u0442\u0435\u043d\u043a\u0430. \u041e\u0442 \u0441\u0440\u0435\u0434\u043d\u0435\u0433\u043e \u0434\u043e \u043f\u043b\u043e\u0442\u043d\u043e\u0433\u043e \u043f\u043e\u043a\u0440\u044b\u0442\u0438\u044f.<\/p>\n<\/details>\n","protected":false},"featured_media":21272,"template":"","meta":{"jetpack_publicize_message":"","jetpack_publicize_feature_enabled":true,"jetpack_social_post_already_shared":true,"jetpack_social_options":{"image_generator_settings":{"template":"highway","default_image_id":0,"font":"","enabled":false},"version":2}},"product_brand":[],"product_cat":[911,987,986,973,340,631],"product_tag":[],"class_list":{"0":"post-23033","1":"product","2":"type-product","3":"status-publish","4":"has-post-thumbnail","6":"product_cat-huuled","7":"product_cat-lipstick","8":"product_cat-kiko-lips","9":"product_cat-makeup","10":"product_cat-kiko-milano","11":"product_cat-sale","12":"pa_varv-401-cashemire-beige","13":"pa_varv-402-peachy-nude","14":"pa_varv-403-soft-rose","15":"pa_varv-404-rosy-biscuit","16":"pa_varv-405-vintage-rose","17":"pa_varv-406-warm-rose","18":"pa_varv-407-rosewood","19":"pa_varv-408-candy-rose","20":"pa_varv-409-peach","21":"pa_varv-411-coral","22":"pa_varv-414-poppy-red","23":"pa_varv-416-cherry-red","24":"pa_varv-419-baby-pink","25":"pa_varv-420-light-rosy-mauve","26":"pa_varv-421-fucshia","27":"pa_varv-422-crimson-red","28":"pa_varv-424-peony-violet","29":"pa_varv-427-lively-pink","30":"pa_varv-428-grape","31":"pa_varv-429-pearly-mauve","32":"pa_varv-430-amaranth","33":"pa_varv-431-chocolate","34":"pa_varv-432-hazelnut","35":"pa_varv-434-chestnut","36":"pa_varv-436-cold-brown","37":"pa_varv-442-universal-nude","38":"pa_varv-443-golden-coral","39":"pa_varv-448-hollywood-red","40":"pa_varv-457-light-mauve","41":"pa_varv-458-classic-mauve","43":"first","44":"instock","45":"sale","46":"shipping-taxable","47":"purchasable","48":"product-type-variable"},"jetpack_publicize_connections":[],"jetpack_sharing_enabled":true,"jetpack_likes_enabled":true,"_links":{"self":[{"href":"https:\/\/superstore.ee\/index.php\/wp-json\/wp\/v2\/product\/23033","targetHints":{"allow":["GET"]}}],"collection":[{"href":"https:\/\/superstore.ee\/index.php\/wp-json\/wp\/v2\/product"}],"about":[{"href":"https:\/\/superstore.ee\/index.php\/wp-json\/wp\/v2\/types\/product"}],"wp:featuredmedia":[{"embeddable":true,"href":"https:\/\/superstore.ee\/index.php\/wp-json\/wp\/v2\/media\/21272"}],"wp:attachment":[{"href":"https:\/\/superstore.ee\/index.php\/wp-json\/wp\/v2\/media?parent=23033"}],"wp:term":[{"taxonomy":"product_brand","embeddable":true,"href":"https:\/\/superstore.ee\/index.php\/wp-json\/wp\/v2\/product_brand?post=23033"},{"taxonomy":"product_cat","embeddable":true,"href":"https:\/\/superstore.ee\/index.php\/wp-json\/wp\/v2\/product_cat?post=23033"},{"taxonomy":"product_tag","embeddable":true,"href":"https:\/\/superstore.ee\/index.php\/wp-json\/wp\/v2\/product_tag?post=23033"}],"curies":[{"name":"wp","href":"https:\/\/api.w.org\/{rel}","templated":true}]}}