{"id":23109,"date":"2025-04-02T17:18:17","date_gmt":"2025-04-02T14:18:17","guid":{"rendered":"https:\/\/superstore.ee\/?post_type=product&#038;p=23109"},"modified":"2026-03-16T20:18:40","modified_gmt":"2026-03-16T18:18:40","slug":"huulepalsam-kiko-milano-lip-balm","status":"publish","type":"product","link":"https:\/\/superstore.ee\/index.php\/toode\/huulepalsam-kiko-milano-lip-balm\/","title":{"rendered":"KIKO Milano Lip Balm"},"content":{"rendered":"","protected":false},"excerpt":{"rendered":"<div class=\"woocommerce-product-details__short-description\">\n<p data-start=\"1053\" data-end=\"1105\"><strong data-start=\"1062\" data-end=\"1105\">Toitev huulepalsam Lip Balm KIKO Milano &#8211; <\/strong>S\u00fcgavniisutav ja hooldav huulepalsam, mis pehmendab, silub ja toidab huuli, j\u00e4ttes need pehmeks ja mugavalt niisutatuks kogu p\u00e4evaks.<\/p>\n<p class=\"\" data-start=\"1242\" data-end=\"1438\">Koostis on rikastatud metsiku mangov\u00f5iga, millel on tugevad pehmendavad ja kaitsvad omadused. Palsami \u00f5rn ja sulav tekstuur imendub kiiresti, muutes huuled koheselt siledaks ja meeldivalt pehmeks.<\/p>\n<p class=\"\" data-start=\"1440\" data-end=\"1468\"><strong data-start=\"1440\" data-end=\"1466\">Aktiivsed koostisosad:<\/strong><\/p>\n<ul>\n<li data-start=\"1471\" data-end=\"1531\"><strong data-start=\"1471\" data-end=\"1491\">Metsiku mangov\u00f5i<\/strong> \u2013 s\u00fcgavniisutav, kaitsev ja pehmendav<\/li>\n<li data-start=\"1534\" data-end=\"1583\"><strong data-start=\"1534\" data-end=\"1549\">Mesilasvaha<\/strong> \u2013 taastab ja silub huulte pinda<\/li>\n<li data-start=\"1586\" data-end=\"1648\"><strong data-start=\"1586\" data-end=\"1600\">E-vitamiin<\/strong> \u2013 antioks\u00fcdantne kaitse ja lisatoide huultele<\/li>\n<\/ul>\n<p class=\"\" data-start=\"1650\" data-end=\"1664\"><strong data-start=\"1650\" data-end=\"1662\">Eelised:<\/strong><\/p>\n<ul>\n<li data-start=\"1667\" data-end=\"1699\">S\u00fcgav niisutus ja toitev toime<\/li>\n<li data-start=\"1702\" data-end=\"1737\">Muudab huuled siledaks ja pehmeks<\/li>\n<li data-start=\"1740\" data-end=\"1774\">Kerge, kiiresti imenduv tekstuur<\/li>\n<li data-start=\"1777\" data-end=\"1791\">Meeldiv l\u00f5hn<\/li>\n<li data-start=\"1794\" data-end=\"1821\">Dermatoloogiliselt testitud<\/li>\n<\/ul>\n<p class=\"\" data-start=\"1823\" data-end=\"1865\"><strong data-start=\"1823\" data-end=\"1832\">Kaal:<\/strong> 4,18 g<br data-start=\"1839\" data-end=\"1842\" \/><strong data-start=\"1842\" data-end=\"1857\">Tootjariik:<\/strong> Itaalia<\/p>\n<\/div>\n<div class=\"woocommerce-product-details__short-description\">\n<details>\n<summary>Details<\/summary>\n<div translate=\"no\">KIKO MILANO Lip Balm &#8211; Deeply nourishing lip balm<br \/>\nDeeply nourishing balm: moisturizes and smoothes the lips.Formula enriched with wild mango butter with its softening, protective properties.Soft, enveloping texture that easily blends in, deeply nourishes and leaves the lips feeling pleasantly moist*.Dermatologically tested.4.18 gr \/ 0.147 oz<br \/>\nMade in ItalyINGREDIENTS:<br \/>\nPENTAERYTHRITYL TETRAISOSTEARATE, ISOSTEARYL ISOSTEARATE, DIISOSTEARYL MALATE, CERA ALBA (BEESWAX\/CIRE D&#8217;ABEILLE), CERA MICROCRISTALLINA (MICROCRYSTALLINE WAX\/CIRE MICROCRISTALLINE), CANDELILLA CERA (EUPHORBIA CERIFERA (CANDELILLA) WAX\/ CIRE DE CANDELILLA), OCTYLDODECANOL, AROMA (FLAVOR), IRVINGIA GABONENSIS KERNEL BUTTER, TOCOPHERYL ACETATE, HYDROGENATED COCO-GLYCERIDES, PARFUM (FRAGRANCE).<\/div>\n<p>\u041f\u0438\u0442\u0430\u0442\u0435\u043b\u044c\u043d\u044b\u0439 \u0431\u0430\u043b\u044c\u0437\u0430\u043c \u0434\u043b\u044f \u0433\u0443\u0431 Lip Balm KIKO Milano. \u0413\u043b\u0443\u0431\u043e\u043a\u043e \u043f\u0438\u0442\u0430\u0442\u0435\u043b\u044c\u043d\u044b\u0439 \u0431\u0430\u043b\u044c\u0437\u0430\u043c \u0434\u043b\u044f \u0433\u0443\u0431, \u043a\u043e\u0442\u043e\u0440\u044b\u0439 \u0438\u043d\u0442\u0435\u043d\u0441\u0438\u0432\u043d\u043e \u0443\u0432\u043b\u0430\u0436\u043d\u044f\u0435\u0442, \u0441\u043c\u044f\u0433\u0447\u0430\u0435\u0442 \u0438 \u0440\u0430\u0437\u0433\u043b\u0430\u0436\u0438\u0432\u0430\u0435\u0442 \u0433\u0443\u0431\u044b, \u043f\u0440\u0438\u0434\u0430\u0432\u0430\u044f \u0438\u043c \u043d\u0435\u0436\u043d\u043e\u0441\u0442\u044c \u0438 \u043a\u043e\u043c\u0444\u043e\u0440\u0442 \u043d\u0430 \u0432\u0435\u0441\u044c \u0434\u0435\u043d\u044c. \u0424\u043e\u0440\u043c\u0443\u043b\u0430 \u043e\u0431\u043e\u0433\u0430\u0449\u0435\u043d\u0430 \u043c\u0430\u0441\u043b\u043e\u043c \u0434\u0438\u043a\u043e\u0433\u043e \u043c\u0430\u043d\u0433\u043e, \u043a\u043e\u0442\u043e\u0440\u043e\u0435 \u043e\u0431\u043b\u0430\u0434\u0430\u0435\u0442 \u0432\u044b\u0440\u0430\u0436\u0435\u043d\u043d\u044b\u043c\u0438 \u0437\u0430\u0449\u0438\u0442\u043d\u044b\u043c\u0438 \u0438 \u0441\u043c\u044f\u0433\u0447\u0430\u044e\u0449\u0438\u043c\u0438 \u0441\u0432\u043e\u0439\u0441\u0442\u0432\u0430\u043c\u0438. \u041d\u0435\u0436\u043d\u0430\u044f \u0438 \u0442\u0430\u044e\u0449\u0430\u044f \u0442\u0435\u043a\u0441\u0442\u0443\u0440\u0430 \u043c\u0433\u043d\u043e\u0432\u0435\u043d\u043d\u043e \u0432\u043f\u0438\u0442\u044b\u0432\u0430\u0435\u0442\u0441\u044f, \u0434\u0435\u043b\u0430\u044f \u0433\u0443\u0431\u044b \u0433\u043b\u0430\u0434\u043a\u0438\u043c\u0438, \u043c\u044f\u0433\u043a\u0438\u043c\u0438 \u0438 \u043f\u0440\u0438\u044f\u0442\u043d\u044b\u043c\u0438 \u043d\u0430 \u043e\u0449\u0443\u043f\u044c.<\/p>\n<\/details>\n<\/div>\n","protected":false},"featured_media":13509,"template":"","meta":{"jetpack_publicize_message":"","jetpack_publicize_feature_enabled":true,"jetpack_social_post_already_shared":true,"jetpack_social_options":{"image_generator_settings":{"template":"highway","default_image_id":0,"font":"","enabled":false},"version":2}},"product_brand":[],"product_cat":[911,969,987,986,973,340,964],"product_tag":[],"class_list":{"0":"post-23109","1":"product","2":"type-product","3":"status-publish","4":"has-post-thumbnail","6":"product_cat-huuled","7":"product_cat-lip-care","8":"product_cat-lipstick","9":"product_cat-kiko-lips","10":"product_cat-makeup","11":"product_cat-kiko-milano","12":"product_cat-face-care","14":"first","15":"instock","16":"shipping-taxable","17":"purchasable","18":"product-type-simple"},"jetpack_publicize_connections":[],"jetpack_sharing_enabled":true,"jetpack_likes_enabled":true,"_links":{"self":[{"href":"https:\/\/superstore.ee\/index.php\/wp-json\/wp\/v2\/product\/23109","targetHints":{"allow":["GET"]}}],"collection":[{"href":"https:\/\/superstore.ee\/index.php\/wp-json\/wp\/v2\/product"}],"about":[{"href":"https:\/\/superstore.ee\/index.php\/wp-json\/wp\/v2\/types\/product"}],"wp:featuredmedia":[{"embeddable":true,"href":"https:\/\/superstore.ee\/index.php\/wp-json\/wp\/v2\/media\/13509"}],"wp:attachment":[{"href":"https:\/\/superstore.ee\/index.php\/wp-json\/wp\/v2\/media?parent=23109"}],"wp:term":[{"taxonomy":"product_brand","embeddable":true,"href":"https:\/\/superstore.ee\/index.php\/wp-json\/wp\/v2\/product_brand?post=23109"},{"taxonomy":"product_cat","embeddable":true,"href":"https:\/\/superstore.ee\/index.php\/wp-json\/wp\/v2\/product_cat?post=23109"},{"taxonomy":"product_tag","embeddable":true,"href":"https:\/\/superstore.ee\/index.php\/wp-json\/wp\/v2\/product_tag?post=23109"}],"curies":[{"name":"wp","href":"https:\/\/api.w.org\/{rel}","templated":true}]}}