{"id":23110,"date":"2025-04-02T17:18:34","date_gmt":"2025-04-02T14:18:34","guid":{"rendered":"https:\/\/superstore.ee\/?post_type=product&#038;p=23110"},"modified":"2026-03-16T20:18:40","modified_gmt":"2026-03-16T18:18:40","slug":"kiko-milano-lip-scrub","status":"publish","type":"product","link":"https:\/\/superstore.ee\/index.php\/toode\/kiko-milano-lip-scrub\/","title":{"rendered":"KIKO Milano Lip Scrub"},"content":{"rendered":"","protected":false},"excerpt":{"rendered":"<div class=\"woocommerce-product-details__short-description\">\n<p data-start=\"815\" data-end=\"862\"><strong data-start=\"824\" data-end=\"862\">Huulekoorija Lip Scrub KIKO Milano<\/strong><\/p>\n<p class=\"\" data-start=\"864\" data-end=\"1016\">\u00d5rn pulgakujuline koorija eemaldab huultelt mustuse ja surnud naharakud, ennetab kuivust ja l\u00f5henemist. Annab huultele sileda, pehme ja s\u00e4rava tulemuse.<\/p>\n<p class=\"\" data-start=\"1194\" data-end=\"1210\"><strong data-start=\"1194\" data-end=\"1208\">Koostises:<\/strong><\/p>\n<ul>\n<li data-start=\"1213\" data-end=\"1248\"><strong data-start=\"1213\" data-end=\"1224\">Sheav\u00f5i<\/strong> \u2013 toitev ja pehmendav<\/li>\n<li data-start=\"1251\" data-end=\"1299\"><strong data-start=\"1251\" data-end=\"1279\">Mesilas- ja karnaubavaha<\/strong> \u2013 kaitsevad huuli<\/li>\n<li data-start=\"1302\" data-end=\"1339\"><strong data-start=\"1302\" data-end=\"1318\">Pol\u00fcpiimhape<\/strong> \u2013 \u00f5rn kooriv toime<\/li>\n<li data-start=\"1342\" data-end=\"1371\"><strong data-start=\"1342\" data-end=\"1356\">E-vitamiin<\/strong> \u2013 antioks\u00fcdant<\/li>\n<\/ul>\n<p><em>Kasutamine: Kanna huultele v\u00e4ikeste ringjate liigutustega, eemalda \u00fclej\u00e4\u00e4k salvr\u00e4tiga. Seej\u00e4rel kasuta niisutavat palsamit ja soovi korral huulemeiki. Mitte alla neelata.<\/em><\/p>\n<p class=\"\" data-start=\"1373\" data-end=\"1464\"><strong data-start=\"1373\" data-end=\"1382\">Kaal:<\/strong> 4,2 g<br data-start=\"1388\" data-end=\"1391\" \/><strong data-start=\"1391\" data-end=\"1406\">Tootjariik:<\/strong> Itaalia<br data-start=\"1414\" data-end=\"1417\" \/>Dermatoloogiliselt testitud. Mittekomedogeenne.<\/p>\n<\/div>\n<div class=\"woocommerce-product-details__short-description\">\n<details>\n<summary>Details<\/summary>\n<div translate=\"no\">\n<p>KIKO MILANO lip scrub &#8211; Gentle lip scrub. Gentle lip scrub. The formula&#8217;s special crystals gently exfoliate and soften the lips.The supple, innovative texture leaves the lips feeling wonderful.<\/p>\n<p>The scrub comes in a convenient stick format that permits the perfect application. The result is smooth lips that are meticulously exfoliated and ready for subsequent treatments.<\/p>\n<p>Dermatologically tested = formulated to ensure minimum instance of allergic reactions.<\/p>\n<p>Non comedogenic.<\/p>\n<p>4.2 gr \/ 0.148 oz<br \/>\nMade in Italy<\/p>\n<p>INGREDIENTS:<br \/>\nOCTYLDODECYL STEAROYL STEARATE, BUTYROSPERMUM PARKII BUTTER (BUTYROSPERMUM PARKII (SHEA) BUTTER), POLYLACTIC ACID, CERA ALBA (BEESWAX\/CIRE D&#8217;ABEILLE), HYDROGENATED POLYISOBUTENE, POLYBUTENE, POLYETHYLENE, OZOKERITE, COPERNICIA CERIFERA CERA (COPERNICIA CERIFERA (CARNAUBA) WAX\/ CIRE DE CARNAUBA), GLYCERYL DIBEHENATE, AROMA (FLAVOR), TRIBEHENIN, GLYCERYL BEHENATE, SODIUM SACCHARIN, DIETHYLHEXYL SYRINGYLIDENEMALONATE, TOCOPHERYL ACETATE, CAPRYLIC\/CAPRIC TRIGLYCERIDE, PENTAERYTHRITYL TETRAISOSTEARATE, CI 15850 (RED 7).<\/p>\n<\/div>\n<p>\u0421\u043a\u0440\u0430\u0431 \u0434\u043b\u044f \u0433\u0443\u0431 Lip Scrub KIKO Milano. \u041d\u0435\u0436\u043d\u044b\u0439 \u0441\u043a\u0440\u0430\u0431-\u0441\u0442\u0438\u043a \u0441 \u043c\u0438\u043a\u0440\u043e\u043a\u0440\u0438\u0441\u0442\u0430\u043b\u043b\u0430\u043c\u0438 \u0431\u0435\u0440\u0435\u0436\u043d\u043e \u043e\u0447\u0438\u0449\u0430\u0435\u0442 \u0433\u0443\u0431\u044b \u043e\u0442 \u0437\u0430\u0433\u0440\u044f\u0437\u043d\u0435\u043d\u0438\u0439 \u0438 \u043e\u0442\u043c\u0435\u0440\u0448\u0438\u0445 \u043a\u043b\u0435\u0442\u043e\u043a, \u043f\u0440\u0435\u0434\u043e\u0442\u0432\u0440\u0430\u0449\u0430\u044f \u0441\u0443\u0445\u043e\u0441\u0442\u044c \u0438 \u0442\u0440\u0435\u0449\u0438\u043d\u044b. \u0414\u0435\u043b\u0430\u0435\u0442 \u0433\u0443\u0431\u044b \u0433\u043b\u0430\u0434\u043a\u0438\u043c\u0438, \u043c\u044f\u0433\u043a\u0438\u043c\u0438 \u0438 \u0441\u0438\u044f\u044e\u0449\u0438\u043c\u0438.<\/p>\n<\/details>\n<\/div>\n","protected":false},"featured_media":13306,"template":"","meta":{"jetpack_publicize_message":"","jetpack_publicize_feature_enabled":true,"jetpack_social_post_already_shared":true,"jetpack_social_options":{"image_generator_settings":{"template":"highway","default_image_id":0,"font":"","enabled":false},"version":2}},"product_brand":[],"product_cat":[969,987,986,340,964],"product_tag":[],"class_list":{"0":"post-23110","1":"product","2":"type-product","3":"status-publish","4":"has-post-thumbnail","6":"product_cat-lip-care","7":"product_cat-lipstick","8":"product_cat-kiko-lips","9":"product_cat-kiko-milano","10":"product_cat-face-care","12":"first","13":"instock","14":"shipping-taxable","15":"purchasable","16":"product-type-simple"},"jetpack_publicize_connections":[],"jetpack_sharing_enabled":true,"jetpack_likes_enabled":true,"_links":{"self":[{"href":"https:\/\/superstore.ee\/index.php\/wp-json\/wp\/v2\/product\/23110","targetHints":{"allow":["GET"]}}],"collection":[{"href":"https:\/\/superstore.ee\/index.php\/wp-json\/wp\/v2\/product"}],"about":[{"href":"https:\/\/superstore.ee\/index.php\/wp-json\/wp\/v2\/types\/product"}],"wp:featuredmedia":[{"embeddable":true,"href":"https:\/\/superstore.ee\/index.php\/wp-json\/wp\/v2\/media\/13306"}],"wp:attachment":[{"href":"https:\/\/superstore.ee\/index.php\/wp-json\/wp\/v2\/media?parent=23110"}],"wp:term":[{"taxonomy":"product_brand","embeddable":true,"href":"https:\/\/superstore.ee\/index.php\/wp-json\/wp\/v2\/product_brand?post=23110"},{"taxonomy":"product_cat","embeddable":true,"href":"https:\/\/superstore.ee\/index.php\/wp-json\/wp\/v2\/product_cat?post=23110"},{"taxonomy":"product_tag","embeddable":true,"href":"https:\/\/superstore.ee\/index.php\/wp-json\/wp\/v2\/product_tag?post=23110"}],"curies":[{"name":"wp","href":"https:\/\/api.w.org\/{rel}","templated":true}]}}