{"id":23114,"date":"2025-04-02T19:29:51","date_gmt":"2025-04-02T16:29:51","guid":{"rendered":"https:\/\/superstore.ee\/?post_type=product&#038;p=23114"},"modified":"2026-02-01T18:51:47","modified_gmt":"2026-02-01T16:51:47","slug":"kiko-milano-matistav-ja-niisutav-fluid-hydra-pro-matte","status":"publish","type":"product","link":"https:\/\/superstore.ee\/index.php\/toode\/kiko-milano-matistav-ja-niisutav-fluid-hydra-pro-matte\/","title":{"rendered":"KIKO Milano Hydra Pro Matte Mattifying Mosturizing Fluid"},"content":{"rendered":"","protected":false},"excerpt":{"rendered":"<div class=\"ProductDetails__Name visible-md\">\n<div role=\"heading\" data-size=\"medium\">\n<div class=\"woocommerce-product-details__short-description\">\n<p data-start=\"1028\" data-end=\"1095\"><strong data-start=\"1037\" data-end=\"1095\">Matistav niisutav n\u00e4ofluid Hydra Pro Matte KIKO Milano<\/strong><\/p>\n<p class=\"\" data-start=\"1097\" data-end=\"1341\">Kerge niisutav fluid h\u00fcaluroonhappega imendub kiiresti, annab nahale kauni mati tulemuse terveks p\u00e4evaks ja aitab meigil kauem p\u00fcsida. Erilised koostisosad kaitsevad nahka oks\u00fcdatiivse stressi eest ning annavad sellele terve ja s\u00e4rava v\u00e4limuse.<\/p>\n<p class=\"\" data-start=\"1343\" data-end=\"1368\"><strong data-start=\"1343\" data-end=\"1368\">Peamised koostisosad:<\/strong><\/p>\n<ul>\n<li data-start=\"1371\" data-end=\"1420\"><strong data-start=\"1371\" data-end=\"1388\">H\u00fcaluroonhape<\/strong> \u2013 s\u00fcgavniisutav ja siluv toime.<\/li>\n<li data-start=\"1423\" data-end=\"1500\"><strong data-start=\"1423\" data-end=\"1463\">Hobukastani ekstrakt ja riisit\u00e4rklis<\/strong> \u2013 v\u00e4hendavad liigset rasu ja l\u00e4iget.<\/li>\n<li data-start=\"1503\" data-end=\"1615\"><strong data-start=\"1503\" data-end=\"1555\">ActiGlow kompleks ja niatsiinamiid (vitamiin B3)<\/strong> \u2013 parandavad nahatooni ja suurendavad naha loomulikku s\u00e4ra.<\/li>\n<\/ul>\n<p class=\"\" data-start=\"1617\" data-end=\"1715\">Kerge tekstuur \u00f5rna muskuse ja roosi l\u00f5hnaga sobib ideaalselt normaalsele ja kombineeritud nahale.<\/p>\n<p class=\"\" data-start=\"1717\" data-end=\"1764\">Dermatoloogiliselt testitud. Mittekomedogeenne.<\/p>\n<p class=\"\" data-start=\"1766\" data-end=\"1807\"><strong data-start=\"1766\" data-end=\"1775\">Maht:<\/strong> 50 ml<br data-start=\"1781\" data-end=\"1784\" \/><strong data-start=\"1784\" data-end=\"1799\">Tootjariik:<\/strong> Itaalia<\/p>\n<details>\n<summary>Details<\/summary>\n<div translate=\"no\">KIKO MILANO hydra pro matte &#8211; Mattifying mosturizing fluid. Mattifying mosturizing fluid. The long-lasting moisturizing fluid leaves the skin with a matte finish that lasts all day* while perfecting make-up performance**. Specific ingredients protect the skin from oxidative stress and give it a healthy glow.The matte effect is the result of a special biotechnological complex in the formula that helps to reduce excess sebum, or oil, and minimizes shine. The formula also contains hyaluronic acid and ActiGlow, a revolutionary cosmetic advancement that enhances the skin\u2019s beauty.The lightweight texture is quickly absorbed and feels wonderful. The skin has an even look and a matte finish. Hydra Pro Matte moisturizing fluid comes in a sleek bottle with a handy dispenser that releases just the right amount of product.<\/p>\n<p>Delicately scented with musk and rose.<\/p>\n<p>Ideal for normal to combination skin. Dermatologically tested. Non-comedogenic.<\/p>\n<p>*Results of clinical and instrumental tests conducted on 20 women who used Hydra Pro Matte for 28 days<\/p>\n<p>**In vivo test conducted on 20 women who used Hydra Pro Day for 28 days.<br \/>\n50 ml \/ 1.691 fl.oz<br \/>\nMade in Italy<\/p>\n<p>INGREDIENTS: AQUA (WATER\/EAU), BUTYLENE GLYCOL, NYLON-12, ORYZA SATIVA STARCH (ORYZA SATIVA (RICE) STARCH), DIMETHICONE, GLYCERIN, N IACINAMIDE, GLYCERYL STEARATE, CETEARYL ALCOHOL, ISONONYL ISONONANOATE, PEG-100 STEARATE, STEARIC ACID, PHENOXYETHANOL, SORBITAN SES QUIOLEATE, ETHYLHEXYLGLYCERIN, CAPRYLYL GLYCOL, AESCULUS HIPPOCASTANUM EXTRACT (AESCULUS HIPPOCASTANUM (HORSE CHESTNUT) SEED EXTRACT ), CARBOMER, FAEX EXTRACT (YEAST EXTRACT), ALLANTOIN, TOCOPHERYL ACETATE, PARFUM (FRAGRANCE), DISODIUM EDTA, AMMONIUM GLYCYRRHIZATE, PENTADECALACTONE, SODIUM HYALURONATE, SODIUM HYDROXIDE, PANTHENOL, PROPYLENE GLYCOL, ZINC GLUCONATE, SODIUM CITRATE, CAFFEINE, TOCO PHEROL, CITRIC ACID, LECITHIN, ASCORBYL PALMITATE, PORTULACA OLERACEA EXTRACT, GLYCERYL OLEATE, BIOTIN, NICOTIANA SYLVESTRIS LEAF CE LL CULTURE, LIMONENE, CITRONELLOL.<\/p>\n<\/div>\n<p>\u041c\u0430\u0442\u0438\u0440\u0443\u044e\u0449\u0438\u0439 \u0443\u0432\u043b\u0430\u0436\u043d\u044f\u044e\u0449\u0438\u0439 \u0444\u043b\u044e\u0438\u0434 Hydra Pro Matte KIKO Milano &#8211; \u041b\u0451\u0433\u043a\u0438\u0439 \u0443\u0432\u043b\u0430\u0436\u043d\u044f\u044e\u0449\u0438\u0439 \u0444\u043b\u044e\u0438\u0434 \u0441 \u0433\u0438\u0430\u043b\u0443\u0440\u043e\u043d\u043e\u0432\u043e\u0439 \u043a\u0438\u0441\u043b\u043e\u0442\u043e\u0439 \u043c\u043e\u043c\u0435\u043d\u0442\u0430\u043b\u044c\u043d\u043e \u0432\u043f\u0438\u0442\u044b\u0432\u0430\u0435\u0442\u0441\u044f, \u0443\u0441\u0442\u0440\u0430\u043d\u044f\u0435\u0442 \u0436\u0438\u0440\u043d\u044b\u0439 \u0431\u043b\u0435\u0441\u043a \u0438 \u043e\u0431\u0435\u0441\u043f\u0435\u0447\u0438\u0432\u0430\u0435\u0442 \u043a\u043e\u0436\u0435 \u043c\u0430\u0442\u043e\u0432\u044b\u0439 \u044d\u0444\u0444\u0435\u043a\u0442 \u043d\u0430 \u0432\u0435\u0441\u044c \u0434\u0435\u043d\u044c. \u041a\u0440\u0435\u043c \u0443\u043b\u0443\u0447\u0448\u0430\u0435\u0442 \u0441\u0442\u043e\u0439\u043a\u043e\u0441\u0442\u044c \u043c\u0430\u043a\u0438\u044f\u0436\u0430, \u0437\u0430\u0449\u0438\u0449\u0430\u0435\u0442 \u043a\u043e\u0436\u0443 \u043e\u0442 \u043e\u043a\u0438\u0441\u043b\u0438\u0442\u0435\u043b\u044c\u043d\u043e\u0433\u043e \u0441\u0442\u0440\u0435\u0441\u0441\u0430 \u0438 \u0434\u0430\u0440\u0438\u0442 \u0435\u0439 \u0441\u0432\u0435\u0436\u0438\u0439, \u0437\u0434\u043e\u0440\u043e\u0432\u044b\u0439 \u0432\u0438\u0434.<\/p>\n<\/details>\n<\/div>\n<\/div>\n<\/div>\n","protected":false},"featured_media":19447,"template":"","meta":{"jetpack_publicize_message":"","jetpack_publicize_feature_enabled":true,"jetpack_social_post_already_shared":true,"jetpack_social_options":{"image_generator_settings":{"template":"highway","default_image_id":0,"font":"","enabled":false},"version":2}},"product_brand":[],"product_cat":[973,340,967,975,912,964,974],"product_tag":[],"class_list":{"0":"post-23114","1":"product","2":"type-product","3":"status-publish","4":"has-post-thumbnail","6":"product_cat-makeup","7":"product_cat-kiko-milano","8":"product_cat-creams-and-serums","9":"product_cat-primer","10":"product_cat-nahahooldus","11":"product_cat-face-care","12":"product_cat-face","14":"first","15":"outofstock","16":"sale","17":"shipping-taxable","18":"purchasable","19":"product-type-simple"},"jetpack_publicize_connections":[],"jetpack_sharing_enabled":true,"jetpack_likes_enabled":true,"_links":{"self":[{"href":"https:\/\/superstore.ee\/index.php\/wp-json\/wp\/v2\/product\/23114","targetHints":{"allow":["GET"]}}],"collection":[{"href":"https:\/\/superstore.ee\/index.php\/wp-json\/wp\/v2\/product"}],"about":[{"href":"https:\/\/superstore.ee\/index.php\/wp-json\/wp\/v2\/types\/product"}],"wp:featuredmedia":[{"embeddable":true,"href":"https:\/\/superstore.ee\/index.php\/wp-json\/wp\/v2\/media\/19447"}],"wp:attachment":[{"href":"https:\/\/superstore.ee\/index.php\/wp-json\/wp\/v2\/media?parent=23114"}],"wp:term":[{"taxonomy":"product_brand","embeddable":true,"href":"https:\/\/superstore.ee\/index.php\/wp-json\/wp\/v2\/product_brand?post=23114"},{"taxonomy":"product_cat","embeddable":true,"href":"https:\/\/superstore.ee\/index.php\/wp-json\/wp\/v2\/product_cat?post=23114"},{"taxonomy":"product_tag","embeddable":true,"href":"https:\/\/superstore.ee\/index.php\/wp-json\/wp\/v2\/product_tag?post=23114"}],"curies":[{"name":"wp","href":"https:\/\/api.w.org\/{rel}","templated":true}]}}