{"id":23115,"date":"2025-04-02T19:29:56","date_gmt":"2025-04-02T16:29:56","guid":{"rendered":"https:\/\/superstore.ee\/?post_type=product&#038;p=23115"},"modified":"2026-02-08T17:53:42","modified_gmt":"2026-02-08T15:53:42","slug":"kirgastav-niisutav-kreem-kiko-milano-brightening-moisturizing-cream-hydra-pro-glow","status":"publish","type":"product","link":"https:\/\/superstore.ee\/index.php\/toode\/kirgastav-niisutav-kreem-kiko-milano-brightening-moisturizing-cream-hydra-pro-glow\/","title":{"rendered":"KIKO Milano Hydra Pro Glow Brightening Moisturizing Cream SPF 10"},"content":{"rendered":"","protected":false},"excerpt":{"rendered":"<div class=\"ProductDetails__Name visible-md\">\n<div role=\"heading\" data-size=\"medium\">\n<div class=\"woocommerce-product-details__short-description\">\n<p data-start=\"965\" data-end=\"1042\"><strong data-start=\"974\" data-end=\"1042\">Niisutav ja s\u00e4raandev n\u00e4okreem Hydra Pro Glow SPF 10 KIKO Milano<\/strong><\/p>\n<p class=\"\" data-start=\"1044\" data-end=\"1318\">Anna oma nahale igap\u00e4evane hoolitsus ja kaitse! N\u00e4okreem h\u00fcaluroonhappe ja SPF 10-ga niisutab s\u00fcgavuti, v\u00e4rskendab nahka ja annab sellele kauni, terve jume. Siidine, \u00f5rnalt jahutav tekstuur koos kerge roosi ja muskuse aroomiga muudab kreemi kasutamise t\u00f5eliselt nauditavaks.<\/p>\n<p class=\"\" data-start=\"1320\" data-end=\"1345\"><strong data-start=\"1320\" data-end=\"1345\">Olulised koostisosad:<\/strong><\/p>\n<ul>\n<li data-start=\"1348\" data-end=\"1401\"><strong data-start=\"1348\" data-end=\"1365\">H\u00fcaluroonhape<\/strong> \u2013 niisutab s\u00fcgavalt ja silub nahka.<\/li>\n<li data-start=\"1404\" data-end=\"1500\"><strong data-start=\"1404\" data-end=\"1442\">Odraseemne-ekstrakt ja vitamiin B3<\/strong> \u2013 \u00fchtlustavad nahatooni ja annavad nahale loomuliku s\u00e4ra.<\/li>\n<li data-start=\"1503\" data-end=\"1596\"><strong data-start=\"1503\" data-end=\"1546\">ActiGlow-kompleks ja portulaki ekstrakt<\/strong> \u2013 kaitsevad nahka v\u00e4liste m\u00f5jude ja stressi eest.<\/li>\n<\/ul>\n<p class=\"\" data-start=\"1598\" data-end=\"1675\">Sobib ideaalselt k\u00f5ikidele nahat\u00fc\u00fcpidele, imendub kiiresti ega ummista poore.<\/p>\n<p class=\"\" data-start=\"1677\" data-end=\"1724\">Dermatoloogiliselt testitud, mittekomedogeenne.<\/p>\n<p class=\"\" data-start=\"1726\" data-end=\"1767\"><strong data-start=\"1726\" data-end=\"1735\">Maht:<\/strong> 50 ml<br data-start=\"1741\" data-end=\"1744\" \/><strong data-start=\"1744\" data-end=\"1759\">Tootjariik:<\/strong> Itaalia<\/p>\n<details>\n<summary>Details<\/summary>\n<div translate=\"no\">KIKO MILANO Hydra Pro Glow &#8211; Brightening moisturizing cream with hyaluronic acid &#8211; SPF 10<br \/>\nBrightening moisturizing cream with hyaluronic acid. A long-lasting moisturizer* for a rejuvenated and radiant complexion. The active ingredients protect the skin from oxidative stress and give it a healthy glow.The formula contains barley seed extract which helps brighten the complexion, hyaluronic acid and ActiGlow, a revolutionary cosmetic advancement that enhances the skin\u2019s beauty.The product has a silky texture and comes in a light shade of pink. When applied, the product feels delightfully cool. The skin is moisturized and radiant. Hydra Pro Glow cream has a handy dispenser that releases just the right amount of product. Contains sunscreen which helps protect the epidermis.Delicately scented with musk and rose.Ideal for all skin types.Dermatologically tested. Non-comedogenic.*Results of clinical and instrumental tests conducted on 20 women who used Hydra Pro Glow for 28 days50 ml \/ 1.691 fl.oz<br \/>\nMade in ItalyINGREDIENTS: AQUA (WATER\/EAU), DIMETHICONE, PROPANEDIOL, ETHYLHEXYL METHOXYCINNAMATE, C12-15 ALKYL BENZOATE, SUCROSE DISTEARATE, BUT YL METHOXYDIBENZOYLMETHANE, NIACINAMIDE, GLYCERIN, MICA, OCTOCRYLENE, PHENOXYETHANOL, CAPRYLYL GLYCOL, CARBOMER, AMMONIUM ACRYLOYLDI METHYLTAURATE\/VP COPOLYMER, HYDROGENATED POLYISOBUTENE, SODIUM STEAROYL GLUTAMATE, POTASSIUM CETYL PHOSPHATE, TOCOPHERYL ACETATE, HE XYLENE GLYCOL, PARFUM (FRAGRANCE), SODIUM HYALURONATE, SODIUM HYDROXIDE, DISODIUM EDTA, DIMETHICONOL, HORDEUM VULGARE EXTRACT, LIMON ENE, TIN OXIDE, CITRONELLOL, PORTULACA OLERACEA EXTRACT, HYDROLYZED VEGETABLE PROTEIN, CI 77891 (TITANIUM DIOXIDE), CI 77492 &#8211; CI 77 491 (IRON OXIDES).<\/div>\n<p>\u0423\u0432\u043b\u0430\u0436\u043d\u044f\u044e\u0449\u0438\u0439 \u043a\u0440\u0435\u043c \u0434\u043b\u044f \u0441\u0438\u044f\u043d\u0438\u044f \u043a\u043e\u0436\u0438 Hydra Pro Glow KIKO Milano SPF 10 \u0441 \u0433\u0438\u0430\u043b\u0443\u0440\u043e\u043d\u043e\u0432\u043e\u0439 \u043a\u0438\u0441\u043b\u043e\u0442\u043e\u0439 \u0438 \u043e\u0431\u0435\u0441\u043f\u0435\u0447\u0438\u0432\u0430\u0435\u0442 \u043a\u043e\u0436\u0435 \u0434\u043b\u0438\u0442\u0435\u043b\u044c\u043d\u043e\u0435 \u0443\u0432\u043b\u0430\u0436\u043d\u0435\u043d\u0438\u0435, \u0437\u0434\u043e\u0440\u043e\u0432\u043e\u0435 \u0441\u0438\u044f\u043d\u0438\u0435 \u0438 \u0437\u0430\u0449\u0438\u0442\u0443 \u043e\u0442 \u0441\u043e\u043b\u043d\u0435\u0447\u043d\u044b\u0445 \u043b\u0443\u0447\u0435\u0439. \u041a\u0440\u0435\u043c \u043c\u0433\u043d\u043e\u0432\u0435\u043d\u043d\u043e \u043e\u0441\u0432\u0435\u0436\u0430\u0435\u0442, \u043f\u0440\u0438\u0434\u0430\u0451\u0442 \u043b\u0438\u0446\u0443 \u0443\u0445\u043e\u0436\u0435\u043d\u043d\u044b\u0439, \u043e\u0442\u0434\u043e\u0445\u043d\u0443\u0432\u0448\u0438\u0439 \u0438 \u0441\u0438\u044f\u044e\u0449\u0438\u0439 \u0432\u0438\u0434. \u0424\u043e\u0440\u043c\u0443\u043b\u0430 \u0441\u043e\u0434\u0435\u0440\u0436\u0438\u0442 \u044d\u043a\u0441\u0442\u0440\u0430\u043a\u0442 \u0441\u0435\u043c\u044f\u043d \u044f\u0447\u043c\u0435\u043d\u044f, \u0433\u0438\u0430\u043b\u0443\u0440\u043e\u043d\u043e\u0432\u0443\u044e \u043a\u0438\u0441\u043b\u043e\u0442\u0443, \u043d\u0438\u0430\u0446\u0438\u043d\u0430\u043c\u0438\u0434 (\u0432\u0438\u0442\u0430\u043c\u0438\u043d B3) \u0438 \u0438\u043d\u043d\u043e\u0432\u0430\u0446\u0438\u043e\u043d\u043d\u044b\u0439 \u043a\u043e\u043c\u043f\u043b\u0435\u043a\u0441 ActiGlow, \u043a\u043e\u0442\u043e\u0440\u044b\u0439 \u0443\u0441\u0438\u043b\u0438\u0432\u0430\u0435\u0442 \u0435\u0441\u0442\u0435\u0441\u0442\u0432\u0435\u043d\u043d\u043e\u0435 \u0441\u0438\u044f\u043d\u0438\u0435 \u0438 \u0437\u0430\u0449\u0438\u0449\u0430\u0435\u0442 \u043a\u043e\u0436\u0443 \u043e\u0442 \u0432\u043d\u0435\u0448\u043d\u0438\u0445 \u0432\u043e\u0437\u0434\u0435\u0439\u0441\u0442\u0432\u0438\u0439.<\/p>\n<\/details>\n<\/div>\n<\/div>\n<\/div>\n","protected":false},"featured_media":17174,"template":"","meta":{"jetpack_publicize_message":"","jetpack_publicize_feature_enabled":true,"jetpack_social_post_already_shared":true,"jetpack_social_options":{"image_generator_settings":{"template":"highway","default_image_id":0,"font":"","enabled":false},"version":2}},"product_brand":[],"product_cat":[973,340,967,975,912,964,974,970],"product_tag":[],"class_list":{"0":"post-23115","1":"product","2":"type-product","3":"status-publish","4":"has-post-thumbnail","6":"product_cat-makeup","7":"product_cat-kiko-milano","8":"product_cat-creams-and-serums","9":"product_cat-primer","10":"product_cat-nahahooldus","11":"product_cat-face-care","12":"product_cat-face","13":"product_cat-sun-protection","15":"first","16":"outofstock","17":"sale","18":"shipping-taxable","19":"purchasable","20":"product-type-simple"},"jetpack_publicize_connections":[],"jetpack_sharing_enabled":true,"jetpack_likes_enabled":true,"_links":{"self":[{"href":"https:\/\/superstore.ee\/index.php\/wp-json\/wp\/v2\/product\/23115","targetHints":{"allow":["GET"]}}],"collection":[{"href":"https:\/\/superstore.ee\/index.php\/wp-json\/wp\/v2\/product"}],"about":[{"href":"https:\/\/superstore.ee\/index.php\/wp-json\/wp\/v2\/types\/product"}],"wp:featuredmedia":[{"embeddable":true,"href":"https:\/\/superstore.ee\/index.php\/wp-json\/wp\/v2\/media\/17174"}],"wp:attachment":[{"href":"https:\/\/superstore.ee\/index.php\/wp-json\/wp\/v2\/media?parent=23115"}],"wp:term":[{"taxonomy":"product_brand","embeddable":true,"href":"https:\/\/superstore.ee\/index.php\/wp-json\/wp\/v2\/product_brand?post=23115"},{"taxonomy":"product_cat","embeddable":true,"href":"https:\/\/superstore.ee\/index.php\/wp-json\/wp\/v2\/product_cat?post=23115"},{"taxonomy":"product_tag","embeddable":true,"href":"https:\/\/superstore.ee\/index.php\/wp-json\/wp\/v2\/product_tag?post=23115"}],"curies":[{"name":"wp","href":"https:\/\/api.w.org\/{rel}","templated":true}]}}