{"id":23120,"date":"2025-04-03T10:14:56","date_gmt":"2025-04-03T07:14:56","guid":{"rendered":"https:\/\/superstore.ee\/?post_type=product&#038;p=23120"},"modified":"2026-03-27T14:10:34","modified_gmt":"2026-03-27T12:10:34","slug":"voluumi-andev-ja-niisutav-huulepalsam-kiko-milano-lip-volume-stylo","status":"publish","type":"product","link":"https:\/\/superstore.ee\/index.php\/toode\/voluumi-andev-ja-niisutav-huulepalsam-kiko-milano-lip-volume-stylo\/","title":{"rendered":"KIKO Milano Lip Volume Stylo"},"content":{"rendered":"","protected":false},"excerpt":{"rendered":"<p data-pm-slice=\"1 1 []\"><strong>Niisutav huulepalsam vol\u00fc\u00fcmi efektiga KIKO Milano Lip Volume Stylo<\/strong><\/p>\n<p>Kerge huulepalsam, mis niisutab ja loob visuaalse vol\u00fc\u00fcmi efekti. Koostis sisaldab huulte toonust parandavaid peptiide ning v\u00e4rskendavat mentoolikompleksi. Muudab huuled siledamaks ja t\u00e4idlasemaks.<\/p>\n<p><strong>Eelised:<\/strong><\/p>\n<ul>\n<li>Peptiidid ja piimhape \u2013 siledam ja pehmem tulemus<\/li>\n<li>V\u00e4rskendav mentoolikompleks \u2013 kerge jahutav tunne<\/li>\n<li>Niisutav ja mittekleepuv tekstuur<\/li>\n<li>T\u00e4pne ja lihtne peale kanda t\u00e4nu pliiatsiformaadile<\/li>\n<\/ul>\n<p>Saadaval kahes toonis:<\/p>\n<ul>\n<li><strong>Tutu Rose<\/strong> \u2013 \u00f5rn roosakas toon<\/li>\n<li><strong>Transparent<\/strong> \u2013 l\u00e4bipaistev palsam loomuliku s\u00e4ra ja mugavuse jaoks<\/li>\n<\/ul>\n<p><strong>Kaal:<\/strong> 2 g<\/p>\n<p><strong>Br\u00e4ndi p\u00e4ritoluriik:<\/strong> Itaalia<\/p>\n<details>\n<summary>Details<\/summary>\n<div translate=\"no\">KIKO MILANO Lip Volume Stylo &#8211; Hydrating plumping lip balm.<br \/>\nHydrating* lip balm with a plumping* effect. Ideal for: pampering and hydrating your lips with an added plumping effect.It&#8217;s special because:-it has a formula enriched with plumping biomimetic peptides plus refreshing menthol and menthone;-its soft and indulgent texture gives lips a fuller and smoother appearance, prepping them for make-up;-it comes in Tutu Rose, for a delicate touch of pink, and Transparent, for a super natural look;<\/p>\n<p>-its slim pointed format allows you to follow your lip shape to perfection, for flawless application.<\/p>\n<p>2 gr \/ 0.071 oz<br \/>\nMade in Italy<\/p>\n<p>INGREDIENTS: POLYBUTENE, PENTAERYTHRITYL TETRAISOSTEARATE, POLYGLYCERYL-2 TRIISOSTEARATE, OCTYLDODECANOL, BIS-DIGLYCERYL POLYACYLADI PATE-2, POLYETHYLENE, CERA MICROCRISTALLINA (MICROCRYSTALLINE WAX\/CIRE MICROCRISTALLINE), SYNTHETIC BEESWAX, ETHYLHEXYL PALMITATE, M ENTHONE GLYCERIN ACETAL, MENTHOL, PENTAERYTHRITYL TETRA-DI-T-BUTYL HYDROXYHYDROCINNAMATE, TRIBEHENIN, ETHYL VANILLIN, SORBITAN ISOST EARATE, LACTIC ACID, PALMITOYL TRIPEPTIDE-1.+\/- (MAY CONTAIN): CI 77891 (TITANIUM DIOXIDE), CI 77491 &#8211; CI 77492 &#8211; CI 77499 (IRON OXI DES), CI 45410 (RED 28 LAKE).<\/p>\n<\/div>\n<p>\u0423\u0432\u043b\u0430\u0436\u043d\u044f\u044e\u0449\u0438\u0439 \u0431\u0430\u043b\u044c\u0437\u0430\u043c \u0434\u043b\u044f \u0433\u0443\u0431 \u0441 \u044d\u0444\u0444\u0435\u043a\u0442\u043e\u043c \u043e\u0431\u044a\u0435\u043c\u0430 KIKO Milano Lip Volume Stylo (\u0434\u043b\u044f \u0443\u0432\u0435\u043b\u0438\u0447\u0435\u043d\u0438 \u0433\u0443\u0431). \u041b\u0435\u0433\u043a\u0438\u0439 \u0431\u0430\u043b\u044c\u0437\u0430\u043c \u0434\u043b\u044f \u0433\u0443\u0431 \u0441 \u0432\u0438\u0437\u0443\u0430\u043b\u044c\u043d\u044b\u043c \u044d\u0444\u0444\u0435\u043a\u0442\u043e\u043c \u0443\u0432\u0435\u043b\u0438\u0447\u0435\u043d\u0438\u044f \u043e\u0431\u044a\u0435\u043c\u0430. \u0424\u043e\u0440\u043c\u0443\u043b\u0430 \u043e\u0431\u043e\u0433\u0430\u0449\u0435\u043d\u0430 \u043f\u0435\u043f\u0442\u0438\u0434\u0430\u043c\u0438, \u0441\u0442\u0438\u043c\u0443\u043b\u0438\u0440\u0443\u044e\u0449\u0438\u043c\u0438 \u0443\u043f\u0440\u0443\u0433\u043e\u0441\u0442\u044c \u0433\u0443\u0431, \u0430 \u0442\u0430\u043a\u0436\u0435 \u043e\u0441\u0432\u0435\u0436\u0430\u044e\u0449\u0438\u043c \u043a\u043e\u043c\u043f\u043b\u0435\u043a\u0441\u043e\u043c \u043d\u0430 \u043e\u0441\u043d\u043e\u0432\u0435 \u043c\u0435\u043d\u0442\u043e\u043b\u0430. \u0414\u0435\u043b\u0438\u043a\u0430\u0442\u043d\u043e \u0443\u0445\u0430\u0436\u0438\u0432\u0430\u0435\u0442, \u0434\u0435\u043b\u0430\u0435\u0442 \u0433\u0443\u0431\u044b \u0431\u043e\u043b\u0435\u0435 \u0433\u043b\u0430\u0434\u043a\u0438\u043c\u0438 \u0438 \u0432\u0438\u0437\u0443\u0430\u043b\u044c\u043d\u043e \u043e\u0431\u044a\u0435\u043c\u043d\u044b\u043c\u0438.<\/p>\n<\/details>\n","protected":false},"featured_media":18509,"template":"","meta":{"jetpack_publicize_message":"","jetpack_publicize_feature_enabled":true,"jetpack_social_post_already_shared":true,"jetpack_social_options":{"image_generator_settings":{"template":"highway","default_image_id":0,"font":"","enabled":false},"version":2}},"product_brand":[],"product_cat":[969,987,986,973,340,964],"product_tag":[],"class_list":{"0":"post-23120","1":"product","2":"type-product","3":"status-publish","4":"has-post-thumbnail","6":"product_cat-lip-care","7":"product_cat-lipstick","8":"product_cat-kiko-lips","9":"product_cat-makeup","10":"product_cat-kiko-milano","11":"product_cat-face-care","12":"pa_varv-01-tutu-rose","13":"pa_varv-02-transparent","15":"first","16":"instock","17":"sale","18":"shipping-taxable","19":"purchasable","20":"product-type-variable"},"jetpack_publicize_connections":[],"jetpack_sharing_enabled":true,"jetpack_likes_enabled":true,"_links":{"self":[{"href":"https:\/\/superstore.ee\/index.php\/wp-json\/wp\/v2\/product\/23120","targetHints":{"allow":["GET"]}}],"collection":[{"href":"https:\/\/superstore.ee\/index.php\/wp-json\/wp\/v2\/product"}],"about":[{"href":"https:\/\/superstore.ee\/index.php\/wp-json\/wp\/v2\/types\/product"}],"wp:featuredmedia":[{"embeddable":true,"href":"https:\/\/superstore.ee\/index.php\/wp-json\/wp\/v2\/media\/18509"}],"wp:attachment":[{"href":"https:\/\/superstore.ee\/index.php\/wp-json\/wp\/v2\/media?parent=23120"}],"wp:term":[{"taxonomy":"product_brand","embeddable":true,"href":"https:\/\/superstore.ee\/index.php\/wp-json\/wp\/v2\/product_brand?post=23120"},{"taxonomy":"product_cat","embeddable":true,"href":"https:\/\/superstore.ee\/index.php\/wp-json\/wp\/v2\/product_cat?post=23120"},{"taxonomy":"product_tag","embeddable":true,"href":"https:\/\/superstore.ee\/index.php\/wp-json\/wp\/v2\/product_tag?post=23120"}],"curies":[{"name":"wp","href":"https:\/\/api.w.org\/{rel}","templated":true}]}}